{"id":9992,"date":"2018-05-14T09:59:23","date_gmt":"2018-05-14T13:59:23","guid":{"rendered":"http:\/\/www.acusticauach.cl\/?page_id=9992"},"modified":"2019-10-23T16:25:57","modified_gmt":"2019-10-23T19:25:57","slug":"jesus-alba-3-2","status":"publish","type":"page","link":"https:\/\/www.acusticauach.cl\/?page_id=9992","title":{"rendered":"Guillermo Rey Gozalo"},"content":{"rendered":"<h2><strong>Profesor titular de la Universidad Aut\u00f3noma de Chile y por la Agencia Nacional de Evaluaci\u00f3n de la Calidad y Acreditaci\u00f3n Espa\u00f1ola.<\/strong><img decoding=\"async\" class=\"alignright wp-image-9993 size-full\" title=\"Guillermo Rey Gozalo\" src=\"https:\/\/www.acusticauach.cl\/wp-content\/uploads\/2018\/05\/Guillermo_Rey_01_200x300.jpg\" alt=\"\" width=\"200\" height=\"300\" \/><\/h2>\n<p>Guillermo Rey Gozalo es Licenciado en Ciencias Ambientales, M\u00e1ster en Evaluaci\u00f3n y Gesti\u00f3n del Ruido Ambiental y Doctor en F\u00edsicas y Matem\u00e1ticas por la Universidad de Extremadura, Espa\u00f1a. Profesor titular de la Universidad Aut\u00f3noma de Chile y por la Agencia Nacional de Evaluaci\u00f3n de la Calidad y Acreditaci\u00f3n Espa\u00f1ola. Ha impartido docencia y dirigido tesis de grado y doctorales en diferentes titulaciones en \u00e1reas de la Salud y de la Ingenier\u00eda.<\/p>\n<p>Sus l\u00edneas de investigaci\u00f3n se centran en la Ac\u00fastica Ambiental, principalmente, en el desarrollo y evaluaci\u00f3n de metodolog\u00edas espacio-temporales en el an\u00e1lisis del ruido urbano. Ha publicado numerosos trabajos en revistas y congresos de reconocido prestigio a nivel internacional y ha participado en diferentes proyectos de investigaci\u00f3n nacionales e internacionales. Esta productividad cient\u00edfica le ha llevado a recibir diferentes premios y becas en su etapa predoctoral y postdoctoral.<\/p>\n<p>En Chile, en el a\u00f1o 2010, durante su etapa predoctoral colabor\u00f3 con la Universidad Austral de Chile y con el Ministerio de Medio Ambiente en la elaboraci\u00f3n del mapa de ruido de la comuna de Santiago (1588-67-LE10). Esta participaci\u00f3n le llev\u00f3 a un conocimiento de este contaminante ambiental en Chile y de la preocupaci\u00f3n de las autoridades al respecto. Estos fueron algunos de los motivos por el cual el investigador, una vez finalizada su tesis doctoral, en el a\u00f1o 2014, comienza a realizar investigaciones de ruido ambiental en diferentes ciudades de Chile a trav\u00e9s de la concesi\u00f3n de CONICYT de un Proyecto FONDECYT de Iniciaci\u00f3n (N\u00ba 11140043). En estos estudios se evaluaron diferentes metodolog\u00edas en la elaboraci\u00f3n de mapas de ruido. Actualmente, con los investigadores de la Universidad Austral: Enrique Su\u00e1rez y Jorge Arenas, participa en un Proyecto FONDECYT Regular (N\u00ba 1180547) cuyo t\u00edtulo es: \u201cDevelopment of low-cost models for urban noise assessment\u201d.<\/p>\n<p><strong>Actualizado 14.05.2018.<\/strong><\/p>\n<h2><strong>Contacto<\/strong><\/h2>\n<ul>\n<li>Instituto de Ac\u00fastica<\/li>\n<li>Facultad de Ciencias de la Ingenier\u00eda<\/li>\n<li>Universidad Austral de Chile<\/li>\n<li>Edificio 6000, Campus Miraflores, Casilla 567, Valdivia, Chile<\/li>\n<\/ul>\n<p><a href=\"https:\/\/www.acusticauach.cl\/?page_id=139\">Profesores de Ac\u00fastica<\/a><\/p>\n","protected":false},"excerpt":{"rendered":"<p>Profesor titular de la Universidad Aut\u00f3noma de Chile y por la Agencia Nacional de Evaluaci\u00f3n de la Calidad y Acreditaci\u00f3n Espa\u00f1ola. Guillermo Rey Gozalo es Licenciado en Ciencias Ambientales, M\u00e1ster en Evaluaci\u00f3n y Gesti\u00f3n del Ruido Ambiental y Doctor en F\u00edsicas y Matem\u00e1ticas por la Universidad de Extremadura, Espa\u00f1a. Profesor titular de la Universidad Aut\u00f3noma [&hellip;]<\/p>\n","protected":false},"author":2,"featured_media":0,"parent":139,"menu_order":0,"comment_status":"closed","ping_status":"closed","template":"","meta":{"footnotes":""},"class_list":["post-9992","page","type-page","status-publish","hentry"],"_links":{"self":[{"href":"https:\/\/www.acusticauach.cl\/index.php?rest_route=\/wp\/v2\/pages\/9992","targetHints":{"allow":["GET"]}}],"collection":[{"href":"https:\/\/www.acusticauach.cl\/index.php?rest_route=\/wp\/v2\/pages"}],"about":[{"href":"https:\/\/www.acusticauach.cl\/index.php?rest_route=\/wp\/v2\/types\/page"}],"author":[{"embeddable":true,"href":"https:\/\/www.acusticauach.cl\/index.php?rest_route=\/wp\/v2\/users\/2"}],"replies":[{"embeddable":true,"href":"https:\/\/www.acusticauach.cl\/index.php?rest_route=%2Fwp%2Fv2%2Fcomments&post=9992"}],"version-history":[{"count":0,"href":"https:\/\/www.acusticauach.cl\/index.php?rest_route=\/wp\/v2\/pages\/9992\/revisions"}],"up":[{"embeddable":true,"href":"https:\/\/www.acusticauach.cl\/index.php?rest_route=\/wp\/v2\/pages\/139"}],"wp:attachment":[{"href":"https:\/\/www.acusticauach.cl\/index.php?rest_route=%2Fwp%2Fv2%2Fmedia&parent=9992"}],"curies":[{"name":"wp","href":"https:\/\/api.w.org\/{rel}","templated":true}]}}