{"id":9879,"date":"2018-05-09T23:49:57","date_gmt":"2018-05-10T02:49:57","guid":{"rendered":"http:\/\/www.acusticauach.cl\/?page_id=9879"},"modified":"2019-11-05T14:59:14","modified_gmt":"2019-11-05T17:59:14","slug":"paisaje-sonoro-por-vr-presentacion-2-3-2-2-2-2-2","status":"publish","type":"page","link":"https:\/\/www.acusticauach.cl\/?page_id=9879","title":{"rendered":"Sector Escenario (Punto 5)"},"content":{"rendered":"<p style=\"text-align: center;\"><a href=\"https:\/\/www.acusticauach.cl\/?page_id=9795\"><img decoding=\"async\" class=\"aligncenter wp-image-10020 size-full\" src=\"https:\/\/www.acusticauach.cl\/wp-content\/uploads\/2018\/05\/Plantilla-Encabezados-SectorEscenario02.jpg\" alt=\"\" width=\"1000\" height=\"250\" srcset=\"https:\/\/www.acusticauach.cl\/wp-content\/uploads\/2018\/05\/Plantilla-Encabezados-SectorEscenario02.jpg 1000w, https:\/\/www.acusticauach.cl\/wp-content\/uploads\/2018\/05\/Plantilla-Encabezados-SectorEscenario02-300x75.jpg 300w, https:\/\/www.acusticauach.cl\/wp-content\/uploads\/2018\/05\/Plantilla-Encabezados-SectorEscenario02-768x192.jpg 768w, https:\/\/www.acusticauach.cl\/wp-content\/uploads\/2018\/05\/Plantilla-Encabezados-SectorEscenario02-700x175.jpg 700w, https:\/\/www.acusticauach.cl\/wp-content\/uploads\/2018\/05\/Plantilla-Encabezados-SectorEscenario02-500x125.jpg 500w\" sizes=\"(max-width: 1000px) 100vw, 1000px\" \/><\/a><\/p>\n<p style=\"text-align: center;\"><a href=\"https:\/\/www.acusticauach.cl\/?page_id=9795\">Inicio<\/a>\u00a0<b>|\u00a0<\/b><a href=\"https:\/\/www.acusticauach.cl\/?page_id=9806\">Parque Urbano El Bosque<\/a>\u00a0|\u00a0<a href=\"https:\/\/www.acusticauach.cl\/?page_id=9820\">Paisaje Sonoro<\/a>\u00a0<b>|\u00a0<\/b><a href=\"https:\/\/www.acusticauach.cl\/?page_id=9830\">Estudio Realizado<\/a>\u00a0<b>|\u00a0<\/b><a href=\"https:\/\/www.acusticauach.cl\/?page_id=9835\">Entrada PUEB (Punto 1)<\/a>\u00a0<b>|\u00a0<\/b><a href=\"https:\/\/www.acusticauach.cl\/?page_id=9868\">Sendero Enredaderas (Punto 2)<\/a>\u00a0<b>|\u00a0<\/b><a href=\"https:\/\/www.acusticauach.cl\/?page_id=9873\">Sector Humedal (Punto 3)<\/a>\u00a0<b>|\u00a0<\/b><a href=\"https:\/\/www.acusticauach.cl\/?page_id=9876\">Sector Mirador (Punto 4)<\/a>\u00a0<b>|\u00a0<\/b><a href=\"https:\/\/www.acusticauach.cl\/?page_id=9879\">Sector Escenario (Punto 5)<\/a>\u00a0<b>|\u00a0<\/b><a href=\"https:\/\/www.acusticauach.cl\/?page_id=9959\">Resultados<\/a>\u00a0<b>|<\/b><a href=\"https:\/\/www.acusticauach.cl\/?page_id=10040\">\u00a0Acerca de<\/a><\/p>\n<p style=\"text-align: right;\">Fotograf\u00edas: <a href=\"https:\/\/www.flickr.com\/people\/parque_urbano_el_bosque\/\" target=\"_blank\" rel=\"noopener noreferrer\">Ver Flickr<\/a><\/p>\n<h5><strong>Evaluaci\u00f3n del Paisaje Sonoro por VR: Sector Escenario PUEB (Punto 5)<\/strong><\/h5>\n<p>Te invitamos a realizar una Evaluaci\u00f3n del Paisaje Sonoro por VR: Sector Mirador PUEB (Punto 4). Para realizarlo.<\/p>\n<ol>\n<li>Debes ver el video, de tres minutos (aprox.).<\/li>\n<li>Es necesario utilizar aud\u00edfonos, e idealmente el uso de lentes de VR.<\/li>\n<li>Observar el entorno, y poner atenci\u00f3n al ambiente sonoro y sus componentes.<\/li>\n<li>Contestar el siguiente cuestionario.<\/li>\n<\/ol>\n<p><iframe title=\"Paisaje Sonoro VR - Sector Escenario (Punto 5) Parque Urbano El Bosque - Valdivia\" width=\"1200\" height=\"675\" src=\"https:\/\/www.youtube.com\/embed\/JJ3aOW7Kvu0?feature=oembed\" frameborder=\"0\" allow=\"accelerometer; autoplay; encrypted-media; gyroscope; picture-in-picture\" allowfullscreen><\/iframe><\/p>\n<p style=\"text-align: right;\">Video en:\u00a0<a href=\"https:\/\/youtu.be\/JJ3aOW7Kvu0\" target=\"_blank\" rel=\"noopener noreferrer\">https:\/\/youtu.be\/JJ3aOW7Kvu0<\/a><\/p>\n<h5><strong>Cuestionario para evaluar Paisaje Sonoro Sector Escenario<\/strong><strong>\u00a0PUEB (Punto 5)<\/strong><\/h5>\n<p>Puedes seguir este enlace, si no ves bien la encuesta siguiente:\u00a0<a href=\"https:\/\/www.encuestafacil.com\/RespWeb\/Qn.aspx?EID=2414130\">Pulsa aqu\u00ed para contestar una encuesta<\/a> .<\/p>\n<p><iframe src=\"https:\/\/www.encuestafacil.com\/RespWeb\/Qn.aspx?EID=2414130\" width=\"100%\" height=\"800\" frameborder=\"1\" scrolling=\"auto\">Si ves este mensaje, significa que tu navegador no soporta esta caracter\u00edstica o est\u00e1 deshabilitada. Pero puedes acceder a esta informaci\u00f3n aqu\u00ed <a href=\"https:\/\/www.encuestafacil.com\/RespWeb\/Qn.aspx?EID=2414130\">Link a la encuesta<\/a><\/iframe><\/p>\n<hr \/>\n<p style=\"text-align: center;\"><b>Paisaje Sonoro &#8211; Parque Urbano El Bosque<\/b><\/p>\n<p style=\"text-align: center;\"><a href=\"https:\/\/www.acusticauach.cl\/?page_id=9795\">Inicio<\/a>\u00a0<b>|\u00a0<\/b><a href=\"https:\/\/www.acusticauach.cl\/?page_id=9806\">Parque Urbano El Bosque<\/a>\u00a0|\u00a0<a href=\"https:\/\/www.acusticauach.cl\/?page_id=9820\">Paisaje Sonoro<\/a>\u00a0<b>|\u00a0<\/b><a href=\"https:\/\/www.acusticauach.cl\/?page_id=9830\">Estudio Realizado<\/a>\u00a0<b>|\u00a0<\/b><a href=\"https:\/\/www.acusticauach.cl\/?page_id=9835\">Entrada PUEB (Punto 1)<\/a>\u00a0<b>|\u00a0<\/b><a href=\"https:\/\/www.acusticauach.cl\/?page_id=9868\">Sendero Enredaderas (Punto 2)<\/a>\u00a0<b>|\u00a0<\/b><a href=\"https:\/\/www.acusticauach.cl\/?page_id=9873\">Sector Humedal (Punto 3)<\/a>\u00a0<b>|\u00a0<\/b><a href=\"https:\/\/www.acusticauach.cl\/?page_id=9876\">Sector Mirador (Punto 4)<\/a>\u00a0<b>|\u00a0<\/b><a href=\"https:\/\/www.acusticauach.cl\/?page_id=9879\">Sector Escenario (Punto 5)<\/a>\u00a0<b>|\u00a0<\/b><a href=\"https:\/\/www.acusticauach.cl\/?page_id=9959\">Resultados<\/a>\u00a0<b>|<\/b><a href=\"https:\/\/www.acusticauach.cl\/?page_id=10040\">\u00a0Acerca de<\/a><\/p>\n","protected":false},"excerpt":{"rendered":"<p>Inicio\u00a0|\u00a0Parque Urbano El Bosque\u00a0|\u00a0Paisaje Sonoro\u00a0|\u00a0Estudio Realizado\u00a0|\u00a0Entrada PUEB (Punto 1)\u00a0|\u00a0Sendero Enredaderas (Punto 2)\u00a0|\u00a0Sector Humedal (Punto 3)\u00a0|\u00a0Sector Mirador (Punto 4)\u00a0|\u00a0Sector Escenario (Punto 5)\u00a0|\u00a0Resultados\u00a0|\u00a0Acerca de Fotograf\u00edas: Ver Flickr Evaluaci\u00f3n del Paisaje Sonoro por VR: Sector Escenario PUEB (Punto 5) Te invitamos a realizar una Evaluaci\u00f3n del Paisaje Sonoro por VR: Sector Mirador PUEB (Punto 4). Para realizarlo. Debes [&hellip;]<\/p>\n","protected":false},"author":2,"featured_media":0,"parent":0,"menu_order":0,"comment_status":"closed","ping_status":"closed","template":"","meta":{"footnotes":""},"class_list":["post-9879","page","type-page","status-publish","hentry"],"_links":{"self":[{"href":"https:\/\/www.acusticauach.cl\/index.php?rest_route=\/wp\/v2\/pages\/9879","targetHints":{"allow":["GET"]}}],"collection":[{"href":"https:\/\/www.acusticauach.cl\/index.php?rest_route=\/wp\/v2\/pages"}],"about":[{"href":"https:\/\/www.acusticauach.cl\/index.php?rest_route=\/wp\/v2\/types\/page"}],"author":[{"embeddable":true,"href":"https:\/\/www.acusticauach.cl\/index.php?rest_route=\/wp\/v2\/users\/2"}],"replies":[{"embeddable":true,"href":"https:\/\/www.acusticauach.cl\/index.php?rest_route=%2Fwp%2Fv2%2Fcomments&post=9879"}],"version-history":[{"count":0,"href":"https:\/\/www.acusticauach.cl\/index.php?rest_route=\/wp\/v2\/pages\/9879\/revisions"}],"wp:attachment":[{"href":"https:\/\/www.acusticauach.cl\/index.php?rest_route=%2Fwp%2Fv2%2Fmedia&parent=9879"}],"curies":[{"name":"wp","href":"https:\/\/api.w.org\/{rel}","templated":true}]}}