{"id":987,"date":"2012-09-28T17:00:19","date_gmt":"2012-09-28T20:00:19","guid":{"rendered":"http:\/\/190.114.255.83\/~acustic1\/?page_id=987"},"modified":"2017-08-03T18:33:27","modified_gmt":"2017-08-03T22:33:27","slug":"documentos-2","status":"publish","type":"page","link":"https:\/\/www.acusticauach.cl\/?page_id=987","title":{"rendered":"Documentos"},"content":{"rendered":"<h2>[special_font size=\u00bb24&#8243; unit=\u00bbpx\u00bb]Visite Directamente la Biblioteca en ISSUU[\/special_font]<\/h2>\n<p>&nbsp;<\/p>\n<p><a href=\"https:\/\/issuu.com\/acusticauach\" target=\"_blank\" rel=\"noopener noreferrer\"><img decoding=\"async\" class=\"aligncenter wp-image-7837 size-medium\" title=\"Libreria en Issuu\" src=\"https:\/\/www.acusticauach.cl\/wp-content\/uploads\/2012\/09\/Issuu-300x77.png\" alt=\"\" width=\"300\" height=\"77\" srcset=\"https:\/\/www.acusticauach.cl\/wp-content\/uploads\/2012\/09\/Issuu-300x77.png 300w, https:\/\/www.acusticauach.cl\/wp-content\/uploads\/2012\/09\/Issuu-700x179.png 700w, https:\/\/www.acusticauach.cl\/wp-content\/uploads\/2012\/09\/Issuu-500x128.png 500w, https:\/\/www.acusticauach.cl\/wp-content\/uploads\/2012\/09\/Issuu.png 800w\" sizes=\"(max-width: 300px) 100vw, 300px\" \/><\/a><\/p>\n<p>Revistas, publicaciones, libros, noticias, etc. (<a href=\"http:\/\/issuu.com\/acusticauach\" target=\"_blank\" rel=\"noopener noreferrer\">http:\/\/issuu.com\/acusticauach<\/a>)<\/p>\n<h2>[special_font size=\u00bb24&#8243; unit=\u00bbpx\u00bb]1. Documentos para pregrado, Ingenier\u00eda Civil Ac\u00fastica[\/special_font]<\/h2>\n<ol>\n<li><a href=\"https:\/\/issuu.com\/acusticauach\/docs\/3.8_catalogo_icacustica_2016\/1\" target=\"_blank\" rel=\"noopener noreferrer\"><strong>Cat\u00e1logo de Asignaturas 2016. Carrera Ingenier\u00eda Civil Ac\u00fastica. <\/strong>Incluye plan de estudios y reglamentos.<\/a><\/li>\n<li><a href=\"https:\/\/www.acusticauach.cl\/wp-content\/uploads\/2012\/10\/Reglamento-Carrera-ICA.pdf\" target=\"_blank\" rel=\"noopener noreferrer\"><strong>Reglamento de la Carrera de Ing. Civil Ac\u00fastica<\/strong>, elaborado considerando los comentarios del Consejo de Escuela, Consejo de Facultad, y seg\u00fan lo discutido con con los estudiantes. El documento est\u00e1 tramitado y est\u00e1 vigente desde 30 de junio de 2010.<\/a><\/li>\n<li><a href=\"https:\/\/www.acusticauach.cl\/wp-content\/uploads\/2012\/10\/Recomendaciones-Tesis.pdf\" target=\"_blank\" rel=\"noopener noreferrer\"><strong>Recomendaciones para la realizaci\u00f3n del Trabajo o de la Tesis de Titulaci\u00f3n<\/strong>\u00a0para estudiantes de Ingenier\u00eda Civil Ac\u00fastica.<\/a><\/li>\n<li><a href=\"https:\/\/www.acusticauach.cl\/wp-content\/uploads\/2015\/09\/Acuerdo_Vinculacion_ICA-MAV_UACh_.pdf\" target=\"_blank\" rel=\"noopener noreferrer\"><strong>Acuerdo_Vinculaci\u00f3n_Ingenier\u00eda Civil Ac\u00fastica y Mag\u00edster en Ac\u00fastica y Vibraciones_- UACh<\/strong><\/a><\/li>\n<\/ol>\n<h2>[special_font size=\u00bb24&#8243; unit=\u00bbpx\u00bb]2. Documentos para postgrado, Mag\u00edster en Ac\u00fastica y Vibraciones[\/special_font]<\/h2>\n<ol>\n<li><a href=\"https:\/\/www.acusticauach.cl\/wp-content\/uploads\/2012\/09\/Decreto_022_2014_REGLAMENTO_PROGRAMAS_MAGISTER_UACh.pdf\">Decreto_022_2014_REGLAMENTO_PROGRAMAS_MAGISTER_UACh<\/a><\/li>\n<li><strong><a href=\"https:\/\/www.acusticauach.cl\/wp-content\/uploads\/2015\/09\/Acuerdo_Vinculacion_ICA-MAV_UACh_.pdf\" target=\"_blank\" rel=\"noopener noreferrer\">Acuerdo_Vinculaci\u00f3n_Ingenier\u00eda Civil Ac\u00fastica y Mag\u00edster en Ac\u00fastica y Vibraciones_- UACh<\/a><\/strong><\/li>\n<\/ol>\n<h2>[special_font size=\u00bb24&#8243; unit=\u00bbpx\u00bb]3. Anuarios de Noticias de AcusticaUACh[\/special_font]<\/h2>\n<ol>\n<li><a href=\"https:\/\/issuu.com\/acusticauach\/docs\/noticias_ac__stica_2016_vf\" target=\"_blank\" rel=\"noopener noreferrer\"><strong>Anuario Noticias<\/strong>\u00a0AcusticaUACh 2016<\/a><\/li>\n<li><a href=\"https:\/\/issuu.com\/acusticauach\/docs\/noticias_ac__stica_2015\/1\" target=\"_blank\" rel=\"noopener noreferrer\"><strong>Anuario Noticias<\/strong> AcusticaUACh 2015<\/a><\/li>\n<li><a href=\"https:\/\/issuu.com\/acusticauach\/docs\/noticias_ac__stica_2014\/1\" target=\"_blank\" rel=\"noopener noreferrer\"><strong>Anuario Noticias<\/strong> AcusticaUACh 2014<\/a><\/li>\n<li><a href=\"https:\/\/issuu.com\/acusticauach\/docs\/noticias_ac__stica_uach_2013_vf\/1\" target=\"_blank\" rel=\"noopener noreferrer\"><strong>Anuario Noticias<\/strong> AcusticaUACh 2013<\/a><\/li>\n<li><a href=\"https:\/\/issuu.com\/acusticauach\/docs\/noticias_ac__stica_2012__enero_-_ma\/1\" target=\"_blank\" rel=\"noopener noreferrer\"><strong>Anuario Noticias<\/strong> AcusticaUACh 2012 (Enero-Marzo)<\/a><\/li>\n<li><a href=\"https:\/\/issuu.com\/acusticauach\/docs\/noticias_ac__stica_uach_2012_vf\/1\" target=\"_blank\" rel=\"noopener noreferrer\"><strong>Anuario Noticias<\/strong> AcusticaUACh 2012 (Abril-Diciembre)<\/a><\/li>\n<li><a href=\"https:\/\/issuu.com\/acusticauach\/docs\/noticias_ac__stica_2011\/1\" target=\"_blank\" rel=\"noopener noreferrer\"><strong>Anuario Noticias<\/strong> AcusticaUACh 2011<\/a><\/li>\n<li><a href=\"https:\/\/issuu.com\/acusticauach\/docs\/noticias_ac__stica_2010\/1\" target=\"_blank\" rel=\"noopener noreferrer\"><strong>Anuario Noticias<\/strong> AcusticaUACh 2010<\/a><\/li>\n<li><a href=\"https:\/\/issuu.com\/acusticauach\/docs\/noticias_ac__stica_2009\/1\" target=\"_blank\" rel=\"noopener noreferrer\"><strong>Anuario Noticias<\/strong> AcusticaUACh 2009<\/a><\/li>\n<li><a href=\"https:\/\/issuu.com\/acusticauach\/docs\/noticias_ac__stica_2008\/1\" target=\"_blank\" rel=\"noopener noreferrer\"><strong>Anuario Noticias<\/strong> AcusticaUACh 2008<\/a><\/li>\n<li><a href=\"https:\/\/issuu.com\/acusticauach\/docs\/noticias_ac__stica_2007\/1\" target=\"_blank\" rel=\"noopener noreferrer\"><strong>Anuario Noticias<\/strong> AcusticaUACh 2007<\/a><\/li>\n<\/ol>\n<h2>[special_font size=\u00bb24&#8243; unit=\u00bbpx\u00bb]4. Anuarios de AcusticaUACh en los medios[\/special_font]<\/h2>\n<ol>\n<li><a href=\"https:\/\/issuu.com\/acusticauach\/docs\/ac__stica_uach_en_medios_2016_vf\" target=\"_blank\" rel=\"noopener noreferrer\"><strong>Anuario AcusticaUACh<\/strong>\u00a0en los Medios 2016<\/a><\/li>\n<li><a href=\"https:\/\/issuu.com\/acusticauach\/docs\/noticias_ac__stica_2015\/1\" target=\"_blank\" rel=\"noopener noreferrer\"><strong>Anuario AcusticaUACh<\/strong> en los Medios 2015<\/a><\/li>\n<li><a href=\"https:\/\/issuu.com\/acusticauach\/docs\/ac__stica_uach_en_medios_2014\/1\" target=\"_blank\" rel=\"noopener noreferrer\"><strong>Anuario AcusticaUACh<\/strong> en los Medios 2014<\/a><\/li>\n<li><a href=\"https:\/\/issuu.com\/acusticauach\/docs\/ac__stica_uach_en_medios_2013_vf\/1\" target=\"_blank\" rel=\"noopener noreferrer\"><strong>Anuario AcusticaUACh<\/strong> en los Medios 2013<\/a><\/li>\n<li><a href=\"https:\/\/issuu.com\/acusticauach\/docs\/ac__stica_uach_en_medios_2012_vf\/1\" target=\"_blank\" rel=\"noopener noreferrer\"><strong>Anuario AcusticaUACh<\/strong> en los Medios 2012<\/a><\/li>\n<\/ol>\n<h2>[special_font size=\u00bb24&#8243; unit=\u00bbpx\u00bb]5. Seminarios y Congresos[\/special_font]<\/h2>\n<ol>\n<li><a href=\"https:\/\/issuu.com\/acusticauach\/docs\/actas_fia_valdivia_2014_part_1-4\/1\" target=\"_blank\" rel=\"noopener noreferrer\"><strong>Actas FIA Valdivia 2014 part 1 de 4.<\/strong>\u00a0Libro de Actas del IX Congreso Iberoamericano de Ac\u00fastica FIA2014 (Valdivia). Parte 1, p\u00e1ginas 01 a 372.<\/a><\/li>\n<li><a href=\"https:\/\/issuu.com\/acusticauach\/docs\/actas_fia_valdivia_2014_part_2-4\/1\" target=\"_blank\" rel=\"noopener noreferrer\"><strong>Actas FIA Valdivia 2014 part 2 de 4.\u00a0<\/strong>Libro de Actas del IX Congreso Iberoamericano de Ac\u00fastica FIA2014 (Valdivia). Parte 2, p\u00e1ginas 373 a 800.<\/a><\/li>\n<li><a href=\"https:\/\/issuu.com\/acusticauach\/docs\/actas_fia_valdivia_2014_part_3-4\/1\" target=\"_blank\" rel=\"noopener noreferrer\"><strong>Actas FIA Valdivia 2014 part 3 de 4.<\/strong>\u00a0Libro de Actas del IX Congreso Iberoamericano de Ac\u00fastica FIA2014 (Valdivia). Parte 3 de 4, p\u00e1ginas 801 a 1181.<\/a><\/li>\n<li><a href=\"https:\/\/issuu.com\/acusticauach\/docs\/actas_fia_valdivia_2014_part_4-4\/1\" target=\"_blank\" rel=\"noopener noreferrer\"><strong>Actas FIA Valdivia 2014 part 4 de 4.\u00a0<\/strong>Libro de Actas del IX Congreso Iberoamericano de Ac\u00fastica FIA2014 (Valdivia). Parte 4 de 4, p\u00e1ginas 1182 a 1528.<\/a><\/li>\n<li><a href=\"https:\/\/issuu.com\/acusticauach\/docs\/inserto_acustica_uach_7e1140fa140c19\/1\" target=\"_blank\" rel=\"noopener noreferrer\"><strong>IX Congreso Iberoamericano de Ac\u00fastica (Diario Austral).\u00a0<\/strong>Publicaci\u00f3n del Diario Austral de Valdivia (01.12.2014) motivo del IX Congreso Iberoamericano de Ac\u00fastica y la especialidad de Ac\u00fastica de la Universidad Austral de Chile.<\/a><\/li>\n<li><a href=\"http:\/\/issuu.com\/acusticauach\/docs\/ingeacus2011\" target=\"_blank\" rel=\"noopener noreferrer\"><strong>INGEACUS 2011<\/strong> Res\u00famenes de sesiones t\u00e9cnicas y charlas plenarias.\u00a0Compilaci\u00f3n recoge los res\u00famenes de todas las sesiones t\u00e9cnicas y charlas plenarias del Congreso Internacional de Ac\u00fastica y Audio Profesional, realizado el 9, 10 y 11 de Noviembre de 2011<\/a>.<\/li>\n<li><a href=\"http:\/\/issuu.com\/acusticauach\/docs\/ingeacus2004\/1\" target=\"_blank\" rel=\"noopener noreferrer\"><strong>INGEACUS 2004<\/strong> Res\u00famenes de sesiones t\u00e9cnicas y charlas plenarias.\u00a0Compilaci\u00f3n recoge los trabajos de todas las sesiones t\u00e9cnicas y charlas plenarias de las 6as Jornadas de Estudiantes de Ingenier\u00eda Ac\u00fastica, 3er Encuentro Internacional de Ac\u00fastica en Chile y I Congreso de Ac\u00fastica-Arquitect\u00f3nica.\u00a0 INGEACUS2004, realizado el 1 y hasta el viernes 3 de diciembre\u00a0de 2004<\/a>.<\/li>\n<li><a href=\"http:\/\/issuu.com\/acusticauach\/docs\/ingeacus1995\" target=\"_blank\" rel=\"noopener noreferrer\"><strong>INGEACUS 1995<\/strong> Res\u00famenes de sesiones t\u00e9cnicas y charlas plenarias.\u00a0Compilaci\u00f3n recoge los trabajos de todas las sesiones t\u00e9cnicas y charlas plenarias de las 4as Jornadas de Estudiantes de Ingenier\u00eda Ac\u00fastica y 2o Encuentro Internacional de Ac\u00fastica en Chile INGEACUS 1995, realizado el 20 al 22 de Octubre de 1995.<\/a><\/li>\n<li><a href=\"http:\/\/issuu.com\/acusticauach\/docs\/ingeacus1994\" target=\"_blank\" rel=\"noopener noreferrer\"><strong>INGEACUS 1994<\/strong> Res\u00famenes de sesiones t\u00e9cnicas y charlas plenarias.\u00a0Compilaci\u00f3n recoge los trabajos de todas las sesiones t\u00e9cnicas y charlas plenarias de las 3as Jornadas de Estudiantes de Ingenier\u00eda Ac\u00fastica y 1er Encuentro Internacional de Ac\u00fastica en Chile INGEACUS 1994, realizado el 07 al 10 de Diciembre de 1994.<\/a><\/li>\n<\/ol>\n<h2>[special_font size=\u00bb24&#8243; unit=\u00bbpx\u00bb]6. Hist\u00f3rica Revista Ecos[\/special_font]<\/h2>\n<ol>\n<li><a href=\"https:\/\/issuu.com\/acusticauach\/docs\/revista_ecos_n1_1986\/1\" target=\"_blank\" rel=\"noopener noreferrer\"><strong>Revista ECOS N1 &#8211; 1986.<\/strong> Revista de los estudiantes de la carrera de Ing. Ac\u00fastica de la UACh<\/a><\/li>\n<li><a href=\"https:\/\/issuu.com\/acusticauach\/docs\/revista_ecos_n3_1986\/1\" target=\"_blank\" rel=\"noopener noreferrer\"><strong>Revista ECOS N3 &#8211; 1987.\u00a0<\/strong>Revista de los estudiantes de la carrera de Ing. Ac\u00fastica de la UACh<\/a><\/li>\n<li><a href=\"https:\/\/issuu.com\/acusticauach\/docs\/revista_ecos_n4_1986\/1\" target=\"_blank\" rel=\"noopener noreferrer\"><strong>Revista ECOS N4 &#8211; 1987.<\/strong> Revista de los estudiantes de la carrera de Ing. Ac\u00fastica de la UACh<\/a><\/li>\n<li><a href=\"https:\/\/issuu.com\/acusticauach\/docs\/acos2011\/1\" target=\"_blank\" rel=\"noopener noreferrer\"><strong>ECOS 2011.\u00a0<\/strong>Revista ECOS numero especial, Encuentro SonoAcustico<\/a><\/li>\n<\/ol>\n<h2>[special_font size=\u00bb24&#8243; unit=\u00bbpx\u00bb]7. Otros Documentos de inter\u00e9s[\/special_font]<\/h2>\n<ol>\n<li><a href=\"https:\/\/www.acusticauach.cl\/wp-content\/uploads\/2012\/10\/Decreto-608-1966.pdf\" target=\"_blank\" rel=\"noopener noreferrer\"><strong>Decreto 608 de 19 de diciembre de 1966<\/strong> que crea la Carrera de T\u00e9cnicos en Sonido.\u00a0Decreto 608 de 19 de diciembre de 1966 que crea la Carrera de \u00abT\u00e9cnicos en Sonido\u00bb para abrirse el a\u00f1o 1967, por primera vez en Chile.<\/a><\/li>\n<li><a href=\"https:\/\/issuu.com\/acusticauach\/docs\/uach_funcion_publica_2014\/1\" target=\"_blank\" rel=\"noopener noreferrer\"><strong>Uach 60 a\u00f1os de funci\u00f3n publica (2014)<\/strong>.\u00a060 a\u00f1os de la Universidad Austral de Chile. Una descripci\u00f3n desde la Misi\u00f3n de la UACh hasta su impacto social. Un breve recorrido por sus actividades<\/a>.<\/li>\n<li><a href=\"https:\/\/issuu.com\/acusticauach\/docs\/revista25anos-hq\/1\" target=\"_blank\" rel=\"noopener noreferrer\"><strong>Revista 25 a\u00f1os FCI &#8211; UACh (2014).<\/strong>\u00a0Revista de los 25 a\u00f1os de la Facultad de Ciencias de la Ingenier\u00eda de la Universidad Austral de Chile, que naci\u00f3 a partir de la Escuela Industrial en 1934.<\/a><\/li>\n<li><a href=\"https:\/\/issuu.com\/acusticauach\/docs\/libro_para_issuu_ok\/1\" target=\"_blank\" rel=\"noopener noreferrer\"><strong>Libro Mapa Sonoro de Valdivia(2015).<\/strong>\u00a0Libro que\u00a0ofrece una descripci\u00f3n del entorno sonoro de la ciudad, y relaciona conceptos f\u00edsicos del sonido con aquellos vinculados con la percepci\u00f3n del ambiente y sus expresiones sonoras.<\/a><\/li>\n<\/ol>\n","protected":false},"excerpt":{"rendered":"<p>[special_font size=\u00bb24&#8243; unit=\u00bbpx\u00bb]Visite Directamente la Biblioteca en ISSUU[\/special_font] &nbsp; Revistas, publicaciones, libros, noticias, etc. (http:\/\/issuu.com\/acusticauach) [special_font size=\u00bb24&#8243; unit=\u00bbpx\u00bb]1. Documentos para pregrado, Ingenier\u00eda Civil Ac\u00fastica[\/special_font] Cat\u00e1logo de Asignaturas 2016. Carrera Ingenier\u00eda Civil Ac\u00fastica. Incluye plan de estudios y reglamentos. Reglamento de la Carrera de Ing. Civil Ac\u00fastica, elaborado considerando los comentarios del Consejo de Escuela, Consejo [&hellip;]<\/p>\n","protected":false},"author":1,"featured_media":0,"parent":0,"menu_order":0,"comment_status":"closed","ping_status":"closed","template":"","meta":{"footnotes":""},"class_list":["post-987","page","type-page","status-publish","hentry"],"_links":{"self":[{"href":"https:\/\/www.acusticauach.cl\/index.php?rest_route=\/wp\/v2\/pages\/987","targetHints":{"allow":["GET"]}}],"collection":[{"href":"https:\/\/www.acusticauach.cl\/index.php?rest_route=\/wp\/v2\/pages"}],"about":[{"href":"https:\/\/www.acusticauach.cl\/index.php?rest_route=\/wp\/v2\/types\/page"}],"author":[{"embeddable":true,"href":"https:\/\/www.acusticauach.cl\/index.php?rest_route=\/wp\/v2\/users\/1"}],"replies":[{"embeddable":true,"href":"https:\/\/www.acusticauach.cl\/index.php?rest_route=%2Fwp%2Fv2%2Fcomments&post=987"}],"version-history":[{"count":0,"href":"https:\/\/www.acusticauach.cl\/index.php?rest_route=\/wp\/v2\/pages\/987\/revisions"}],"wp:attachment":[{"href":"https:\/\/www.acusticauach.cl\/index.php?rest_route=%2Fwp%2Fv2%2Fmedia&parent=987"}],"curies":[{"name":"wp","href":"https:\/\/api.w.org\/{rel}","templated":true}]}}