{"id":9795,"date":"2018-05-01T14:27:47","date_gmt":"2018-05-01T17:27:47","guid":{"rendered":"http:\/\/www.acusticauach.cl\/?page_id=9795"},"modified":"2023-10-28T22:01:28","modified_gmt":"2023-10-29T01:01:28","slug":"paisaje-sonoro-por-vr-presentacion","status":"publish","type":"page","link":"https:\/\/www.acusticauach.cl\/?page_id=9795","title":{"rendered":"Paisaje Sonoro por Realidad Virtual"},"content":{"rendered":"<p style=\"text-align: center;\"><a href=\"https:\/\/www.acusticauach.cl\/?page_id=9795\">Inicio<\/a>\u00a0<b>|\u00a0<\/b><a href=\"https:\/\/www.acusticauach.cl\/?page_id=9806\">Parque Urbano El Bosque<\/a>\u00a0|\u00a0<a href=\"https:\/\/www.acusticauach.cl\/?page_id=9820\">Paisaje Sonoro<\/a>\u00a0<b>|\u00a0<\/b><a href=\"https:\/\/www.acusticauach.cl\/?page_id=9830\">Estudio Realizado<\/a>\u00a0<b>|\u00a0<\/b><a href=\"https:\/\/www.acusticauach.cl\/?page_id=9835\">Entrada PUEB (Punto 1)<\/a>\u00a0<b>|\u00a0<\/b><a href=\"https:\/\/www.acusticauach.cl\/?page_id=9868\">Sendero Enredaderas (Punto 2)<\/a>\u00a0<b>|\u00a0<\/b><a href=\"https:\/\/www.acusticauach.cl\/?page_id=9873\">Sector Humedal (Punto 3)<\/a>\u00a0<b>|\u00a0<\/b><a href=\"https:\/\/www.acusticauach.cl\/?page_id=9876\">Sector Mirador (Punto 4)<\/a>\u00a0<b>|\u00a0<\/b><a href=\"https:\/\/www.acusticauach.cl\/?page_id=9879\">Sector Escenario (Punto 5)<\/a>\u00a0<b>|\u00a0<\/b><a href=\"https:\/\/www.acusticauach.cl\/?page_id=9959\">Resultados<\/a>\u00a0<b>|<\/b><a href=\"https:\/\/www.acusticauach.cl\/?page_id=10040\">\u00a0Acerca de<\/a><\/p>\n<hr \/>\n<h5><strong>Ac\u00fastica Ambiental<\/strong><\/h5>\n<p>La ac\u00fastica es una rama de la f\u00edsica que estudia la propagaci\u00f3n del sonido. Dentro de esta ciencia, existen distintas \u00e1reas de estudios, como la vibroac\u00fastica, ac\u00fastica arquitect\u00f3nica, control de ruido, audio profesional y tambi\u00e9n la ac\u00fastica ambiental, que es en donde se enmarca este trabajo experimental.<\/p>\n<p>La ac\u00fastica ambiental se preocupa de estudiar el ambiente sonoro de distintos lugares, evaluando c\u00f3mo afecta el ruido al medio ambiente y a las personas.<\/p>\n<h5><strong>Paisaje Sonoro<\/strong><\/h5>\n<p>El concepto de Paisaje Sonoro fue acu\u00f1ado en 1977 por el m\u00fasico R. Murray Schafer, entendiendo \u201cel sonido no como un elemento f\u00edsico del medio, sino como elemento de comunicaci\u00f3n e informaci\u00f3n entre el hombre y el medio (urbano, rural o natural)\u201d y, defini\u00e9ndolo, como \u201cel campo total de sonidos donde quiera que estemos\u201d. Este concepto supuso un nuevo enfoque en la investigaci\u00f3n ac\u00fastica con la aparici\u00f3n de una nueva l\u00ednea de investigaci\u00f3n (Ecolog\u00eda del Paisaje Sonoro \u2013Soundscape Ecology-) y de una serie de par\u00e1metros (identidad sonora, medio ambiente sonoro, keynotes, sound signals, landmarks, etc.) para la valoraci\u00f3n del paisaje sonoro, as\u00ed como el desarrollo de an\u00e1lisis m\u00e1s integrales.<\/p>\n<p>El ruido urbano o ruido ambiental es propio principalmente de las ciudades, y est\u00e1 conformado por todas las fuentes emisoras (transporte, tr\u00e1nsito, aviones, construcci\u00f3n, etc.), y constituye uno de los principales contaminantes en los pa\u00edses desarrollados.<\/p>\n<h5><strong>Investigaci\u00f3n Sobre Paisajes Sonoros<\/strong><\/h5>\n<p>M\u00faltiples equipos de investigaci\u00f3n a nivel internacional est\u00e1n trabajando en el estudio de los paisajes sonoros, con diferentes enfoques, en la mayor\u00eda de los casos interdisciplinarios, desde m\u00fasicos hasta ingenieros o arquitectos urbanistas. En este marco toda investigaci\u00f3n relacionada con paisajes sonoros implica la posibilidad de realizar aportes \u00fatiles, desde visiones alternativas, a un \u00e1rea de la ac\u00fastica ambiental en desarrollo.<\/p>\n<p>La grabaci\u00f3n binaural se fundamenta b\u00e1sicamente en grabar un sonido o un ambiente sonoro, emulando las condiciones en que se realiza la audici\u00f3n humana. El resultado deseado, es obtener un sonido espacial tridimensional donde el oyente sea capaz de detectar las fuentes de sonido en 360\u00b0, como si estuviera en el ambiente grabado. (<a href=\"http:\/\/mapa.acusticauach.cl\/\" target=\"_blank\" rel=\"noopener noreferrer\">ejemplo de paisajes sonoros binaurales en Valdivia<\/a>)<\/p>\n<p>Gracias a los avances tecnol\u00f3gicos, es posible acceder a un nuevo tipo de experiencia audiovisual: la realidad virtual (VR). As\u00ed, a trav\u00e9s de un visor con aud\u00edfonos incluidos, ofrece una visi\u00f3n absoluta en 360\u00b0 grados del paisaje, y es posible moverse a trav\u00e9s de la escena y reconocer la direcci\u00f3n de los sonidos.<\/p>\n<p><img decoding=\"async\" class=\"aligncenter size-full wp-image-9802\" src=\"https:\/\/www.acusticauach.cl\/wp-content\/uploads\/2018\/05\/parqueurbano09.jpg\" alt=\"\" width=\"1000\" height=\"563\" srcset=\"https:\/\/www.acusticauach.cl\/wp-content\/uploads\/2018\/05\/parqueurbano09.jpg 1000w, https:\/\/www.acusticauach.cl\/wp-content\/uploads\/2018\/05\/parqueurbano09-300x169.jpg 300w, https:\/\/www.acusticauach.cl\/wp-content\/uploads\/2018\/05\/parqueurbano09-768x432.jpg 768w, https:\/\/www.acusticauach.cl\/wp-content\/uploads\/2018\/05\/parqueurbano09-700x394.jpg 700w, https:\/\/www.acusticauach.cl\/wp-content\/uploads\/2018\/05\/parqueurbano09-500x282.jpg 500w\" sizes=\"(max-width: 1000px) 100vw, 1000px\" \/><\/p>\n<h5><strong>Paisaje Sonoro del Parque Urbano El Bosque por VR<\/strong><\/h5>\n<p><a href=\"https:\/\/www.acusticauach.cl\/?page_id=9795\"><img decoding=\"async\" class=\"aligncenter wp-image-10093 size-full\" src=\"https:\/\/www.acusticauach.cl\/wp-content\/uploads\/2018\/05\/Encabezado-Banner02.jpg\" alt=\"\" width=\"1000\" height=\"250\" srcset=\"https:\/\/www.acusticauach.cl\/wp-content\/uploads\/2018\/05\/Encabezado-Banner02.jpg 1000w, https:\/\/www.acusticauach.cl\/wp-content\/uploads\/2018\/05\/Encabezado-Banner02-300x75.jpg 300w, https:\/\/www.acusticauach.cl\/wp-content\/uploads\/2018\/05\/Encabezado-Banner02-768x192.jpg 768w, https:\/\/www.acusticauach.cl\/wp-content\/uploads\/2018\/05\/Encabezado-Banner02-700x175.jpg 700w, https:\/\/www.acusticauach.cl\/wp-content\/uploads\/2018\/05\/Encabezado-Banner02-500x125.jpg 500w\" sizes=\"(max-width: 1000px) 100vw, 1000px\" \/><\/a><\/p>\n<p>Este trabajo piloto pretende realizar una evaluaci\u00f3n del ambiente sonoro de algunos lugares del Parque Urbano El Bosque (<a href=\"http:\/\/bosqueurbano.cl\/\" target=\"_blank\" rel=\"noopener noreferrer\">http:\/\/bosqueurbano.cl\/<\/a>), acompa\u00f1ado de grabaciones que utilizan la t\u00e9cnica ambisonic, en los principales puntos del parque. Tambi\u00e9n se desarrolla un m\u00e9todo para poder realizar experiencias de realidad virtual.<\/p>\n<p>Les invitamos a conocer este trabajo, y participar de la evaluaci\u00f3n por VR del paisaje sonoro de algunos lugares del Parque Urbano.<\/p>\n<p><a href=\"http:\/\/bosqueurbano.cl\/\" target=\"_blank\" rel=\"noopener noreferrer\">http:\/\/bosqueurbano.cl\/<\/a><br \/>\n<a href=\"https:\/\/www.facebook.com\/PUEBValdivia\/\" target=\"_blank\" rel=\"noopener noreferrer\">https:\/\/www.facebook.com\/PUEBValdivia\/ <\/a><\/p>\n<p><a href=\"https:\/\/www.flickr.com\/people\/parque_urbano_el_bosque\/\" target=\"_blank\" rel=\"noopener noreferrer\">Fotograf\u00edas: <\/a><a href=\"https:\/\/www.flickr.com\/people\/parque_urbano_el_bosque\/\" target=\"_blank\" rel=\"noopener noreferrer\">Ver Flickr<\/a><img decoding=\"async\" class=\"aligncenter size-full wp-image-9803\" src=\"https:\/\/www.acusticauach.cl\/wp-content\/uploads\/2018\/05\/parqueurbano02.jpg\" alt=\"\" width=\"1000\" height=\"562\" srcset=\"https:\/\/www.acusticauach.cl\/wp-content\/uploads\/2018\/05\/parqueurbano02.jpg 1000w, https:\/\/www.acusticauach.cl\/wp-content\/uploads\/2018\/05\/parqueurbano02-300x169.jpg 300w, https:\/\/www.acusticauach.cl\/wp-content\/uploads\/2018\/05\/parqueurbano02-768x432.jpg 768w, https:\/\/www.acusticauach.cl\/wp-content\/uploads\/2018\/05\/parqueurbano02-700x393.jpg 700w, https:\/\/www.acusticauach.cl\/wp-content\/uploads\/2018\/05\/parqueurbano02-500x281.jpg 500w\" sizes=\"(max-width: 1000px) 100vw, 1000px\" \/><\/p>\n<h5><strong>Agradecimientos<\/strong><\/h5>\n<h5><strong>Parque Urbano El Bosque<\/strong><\/h5>\n<p>Este trabajo corresponde a la tesis de Crist\u00f3bal Brice\u00f1o, para obtener el t\u00edtulo de Ingeniero Civil Ac\u00fastico (2018). No hubiese sido posible sin la colaboraci\u00f3n del Parque Urbano El Bosque (<a href=\"http:\/\/bosqueurbano.cl\/\" target=\"_blank\" rel=\"noopener noreferrer\">http:\/\/bosqueurbano.cl\/<\/a>), cuya administraci\u00f3n y colaboradores dieron todas las facilidades para realizar este trabajo.<\/p>\n<p><a href=\"http:\/\/bosqueurbano.cl\/\" target=\"_blank\" rel=\"noopener noreferrer\"><img decoding=\"async\" class=\"aligncenter size-full wp-image-10038\" src=\"https:\/\/www.acusticauach.cl\/wp-content\/uploads\/2018\/05\/images.jpg\" alt=\"\" width=\"318\" height=\"159\" srcset=\"https:\/\/www.acusticauach.cl\/wp-content\/uploads\/2018\/05\/images.jpg 318w, https:\/\/www.acusticauach.cl\/wp-content\/uploads\/2018\/05\/images-300x150.jpg 300w\" sizes=\"(max-width: 318px) 100vw, 318px\" \/><\/a><\/p>\n<h5><strong>Sennheiser<\/strong><\/h5>\n<p>Un especial agradecimiento a la empresa Sennheiser, quienes colaboraron con los medios t\u00e9cnicos para realizar el registro sonoro mediante la t\u00e9cnica ambisonic. En particular, porque aportaron la tecnolog\u00eda de su micr\u00f3fono AMBEO VR (<a href=\"https:\/\/en-us.sennheiser.com\/microphone-3d-audio-ambeo-vr-mic\" target=\"_blank\" rel=\"noopener noreferrer\">https:\/\/en-us.sennheiser.com\/microphone-3d-audio-ambeo-vr-mic<\/a>)<\/p>\n<p style=\"text-align: center;\"><a href=\"https:\/\/en-us.sennheiser.com\/microphone-3d-audio-ambeo-vr-mic\" target=\"_blank\" rel=\"noopener noreferrer\"><img decoding=\"async\" class=\"aligncenter wp-image-9865 size-medium\" src=\"https:\/\/www.acusticauach.cl\/wp-content\/uploads\/2018\/05\/SENNHEISER-LOGO-300x92.png\" alt=\"\" width=\"300\" height=\"92\" srcset=\"https:\/\/www.acusticauach.cl\/wp-content\/uploads\/2018\/05\/SENNHEISER-LOGO-300x92.png 300w, https:\/\/www.acusticauach.cl\/wp-content\/uploads\/2018\/05\/SENNHEISER-LOGO-768x235.png 768w, https:\/\/www.acusticauach.cl\/wp-content\/uploads\/2018\/05\/SENNHEISER-LOGO-1024x313.png 1024w, https:\/\/www.acusticauach.cl\/wp-content\/uploads\/2018\/05\/SENNHEISER-LOGO-700x214.png 700w, https:\/\/www.acusticauach.cl\/wp-content\/uploads\/2018\/05\/SENNHEISER-LOGO-500x153.png 500w\" sizes=\"(max-width: 300px) 100vw, 300px\" \/><\/a><\/p>\n<h5 style=\"text-align: left;\"><strong>Oreja de Oso<\/strong><\/h5>\n<p style=\"text-align: left;\">Se extienden los agradecimientos a la Productora Audiovisual Oreja de Oso, quien apoy\u00f3 tambi\u00e9n la realizaci\u00f3n de este trabajo, con equipamiento audiovisual y colaboraci\u00f3n profesional (<a href=\"http:\/\/www.orejadeoso.cl\/\" target=\"_blank\" rel=\"noopener noreferrer\">http:\/\/www.orejadeoso.cl\/<\/a>).<\/p>\n<p style=\"text-align: left;\"><a href=\"http:\/\/www.orejadeoso.cl\/\" target=\"_blank\" rel=\"noopener noreferrer\"><img decoding=\"async\" class=\"aligncenter wp-image-10035 size-thumbnail\" src=\"https:\/\/www.acusticauach.cl\/wp-content\/uploads\/2018\/05\/Oreja-de-Oso_02-150x150.png\" alt=\"\" width=\"150\" height=\"150\" srcset=\"https:\/\/www.acusticauach.cl\/wp-content\/uploads\/2018\/05\/Oreja-de-Oso_02-150x150.png 150w, https:\/\/www.acusticauach.cl\/wp-content\/uploads\/2018\/05\/Oreja-de-Oso_02-65x65.png 65w, https:\/\/www.acusticauach.cl\/wp-content\/uploads\/2018\/05\/Oreja-de-Oso_02-55x55.png 55w, https:\/\/www.acusticauach.cl\/wp-content\/uploads\/2018\/05\/Oreja-de-Oso_02-94x94.png 94w, https:\/\/www.acusticauach.cl\/wp-content\/uploads\/2018\/05\/Oreja-de-Oso_02-86x86.png 86w, https:\/\/www.acusticauach.cl\/wp-content\/uploads\/2018\/05\/Oreja-de-Oso_02-120x120.png 120w, https:\/\/www.acusticauach.cl\/wp-content\/uploads\/2018\/05\/Oreja-de-Oso_02-215x215.png 215w\" sizes=\"(max-width: 150px) 100vw, 150px\" \/><\/a><\/p>\n<hr \/>\n<p style=\"text-align: center;\"><b>Paisaje Sonoro &#8211; Parque Urbano El Bosque<\/b><\/p>\n<p style=\"text-align: center;\"><a href=\"https:\/\/www.acusticauach.cl\/?page_id=9795\">Inicio<\/a>\u00a0<b>|\u00a0<\/b><a href=\"https:\/\/www.acusticauach.cl\/?page_id=9806\">Parque Urbano El Bosque<\/a>\u00a0|\u00a0<a href=\"https:\/\/www.acusticauach.cl\/?page_id=9820\">Paisaje Sonoro<\/a>\u00a0<b>|\u00a0<\/b><a href=\"https:\/\/www.acusticauach.cl\/?page_id=9830\">Estudio Realizado<\/a>\u00a0<b>|\u00a0<\/b><a href=\"https:\/\/www.acusticauach.cl\/?page_id=9835\">Entrada PUEB (Punto 1)<\/a>\u00a0<b>|\u00a0<\/b><a href=\"https:\/\/www.acusticauach.cl\/?page_id=9868\">Sendero Enredaderas (Punto 2)<\/a>\u00a0<b>|\u00a0<\/b><a href=\"https:\/\/www.acusticauach.cl\/?page_id=9873\">Sector Humedal (Punto 3)<\/a>\u00a0<b>|\u00a0<\/b><a href=\"https:\/\/www.acusticauach.cl\/?page_id=9876\">Sector Mirador (Punto 4)<\/a>\u00a0<b>|\u00a0<\/b><a href=\"https:\/\/www.acusticauach.cl\/?page_id=9879\">Sector Escenario (Punto 5)<\/a>\u00a0<b>|\u00a0<\/b><a href=\"https:\/\/www.acusticauach.cl\/?page_id=9959\">Resultados<\/a>\u00a0<b>|<\/b><a href=\"https:\/\/www.acusticauach.cl\/?page_id=10040\">\u00a0Acerca de<\/a><\/p>\n","protected":false},"excerpt":{"rendered":"<p>Inicio\u00a0|\u00a0Parque Urbano El Bosque\u00a0|\u00a0Paisaje Sonoro\u00a0|\u00a0Estudio Realizado\u00a0|\u00a0Entrada PUEB (Punto 1)\u00a0|\u00a0Sendero Enredaderas (Punto 2)\u00a0|\u00a0Sector Humedal (Punto 3)\u00a0|\u00a0Sector Mirador (Punto 4)\u00a0|\u00a0Sector Escenario (Punto 5)\u00a0|\u00a0Resultados\u00a0|\u00a0Acerca de Ac\u00fastica Ambiental La ac\u00fastica es una rama de la f\u00edsica que estudia la propagaci\u00f3n del sonido. Dentro de esta ciencia, existen distintas \u00e1reas de estudios, como la vibroac\u00fastica, ac\u00fastica arquitect\u00f3nica, control de ruido, [&hellip;]<\/p>\n","protected":false},"author":2,"featured_media":9797,"parent":0,"menu_order":0,"comment_status":"closed","ping_status":"closed","template":"","meta":{"footnotes":""},"class_list":["post-9795","page","type-page","status-publish","has-post-thumbnail","hentry"],"_links":{"self":[{"href":"https:\/\/www.acusticauach.cl\/index.php?rest_route=\/wp\/v2\/pages\/9795","targetHints":{"allow":["GET"]}}],"collection":[{"href":"https:\/\/www.acusticauach.cl\/index.php?rest_route=\/wp\/v2\/pages"}],"about":[{"href":"https:\/\/www.acusticauach.cl\/index.php?rest_route=\/wp\/v2\/types\/page"}],"author":[{"embeddable":true,"href":"https:\/\/www.acusticauach.cl\/index.php?rest_route=\/wp\/v2\/users\/2"}],"replies":[{"embeddable":true,"href":"https:\/\/www.acusticauach.cl\/index.php?rest_route=%2Fwp%2Fv2%2Fcomments&post=9795"}],"version-history":[{"count":0,"href":"https:\/\/www.acusticauach.cl\/index.php?rest_route=\/wp\/v2\/pages\/9795\/revisions"}],"wp:featuredmedia":[{"embeddable":true,"href":"https:\/\/www.acusticauach.cl\/index.php?rest_route=\/wp\/v2\/media\/9797"}],"wp:attachment":[{"href":"https:\/\/www.acusticauach.cl\/index.php?rest_route=%2Fwp%2Fv2%2Fmedia&parent=9795"}],"curies":[{"name":"wp","href":"https:\/\/api.w.org\/{rel}","templated":true}]}}