{"id":9730,"date":"2018-04-24T10:32:29","date_gmt":"2018-04-24T13:32:29","guid":{"rendered":"http:\/\/www.acusticauach.cl\/?page_id=9730"},"modified":"2025-08-18T01:30:01","modified_gmt":"2025-08-18T05:30:01","slug":"jesus-alba-2","status":"publish","type":"page","link":"https:\/\/www.acusticauach.cl\/?page_id=9730","title":{"rendered":"Rodolfo Venegas"},"content":{"rendered":"<p><img decoding=\"async\" class=\"alignright wp-image-9735 size-full\" title=\"Rodolfo Venegas\" src=\"https:\/\/www.acusticauach.cl\/wp-content\/uploads\/2018\/04\/Rodolfo_Venegas_02.jpg\" alt=\"\" width=\"200\" height=\"300\" \/><\/p>\n<p>Profesor Asociado, Instituto de Ac\u00fastica, Universidad Austral de Chile.<br \/>\nEditor Asociado de <a href=\"http:\/\/www.journals.elsevier.com\/wave-motion\" target=\"_blank\" rel=\"noopener noreferrer\">Wave Motion<\/a>.<\/p>\n<p>Rodolfo Venegas obtuvo el grado de Licenciado en Ciencias de la Ingenier\u00eda y el t\u00edtulo de Ingeniero Civil en Sonido y Ac\u00fastica en la Universidad Tecnol\u00f3gica de Chile en 2006.\u00a0\u00a0PhD in Acoustics, University of Salford, United Kingdom (2012).<\/p>\n<p>En 2007, Venegas obtiene dos becas para realizar sus estudios doctorales en University of Salford, Inglaterra. Venegas defiende exitosamente su tesis doctoral sobre la influencia de la microstructura de materiales porosos sobre sus propiedades ac\u00fasticas en 2011. En el mismo a\u00f1o, el Dr. Venegas obtiene una beca que financia su transici\u00f3n desde University of Salford a la empresa (spin-off) de investigaci\u00f3n y desarrollo Carbon Air Ltd., de la cual es miembro fundador. Entre 2012 y 2015, el Dr. Venegas trabaja como Director T\u00e9cnico de Carbon Air y, en paralelo, como Honorary Research Fellow en University of Salford.<\/p>\n<p>A mediados del 2015, el Dr. Venegas comienza a trabajar en la Ecole Nationale des Travaux Publics de l\u2019Etat &amp; Universit\u00e9 de Lyon, Francia como Investigador Post-doctoral en el \u00e1rea de homogenizaci\u00f3n aplicada a la ac\u00fastica de materiales heterog\u00e9neos.<\/p>\n<p>Desde Abril del 2018 hasta Mayo de 2019, el Dr. Venegas se desempe\u00f1\u00f3 como Senior Research Fellow en el Acoustics Research Centre, University of Salford.<\/p>\n<p>A partir de Junio de 2019, el Dr. Venegas es parte de la planta de acad\u00e9micos del Instituto de Ac\u00fastica de la UACh.<\/p>\n<p>El Dr. Venegas ha realizado estad\u00edas de investigaci\u00f3n en el Laboratorio de Ensayos Ac\u00fasticos del Instituto Nacional de Metrolog\u00eda, Calidad y Tecnolog\u00eda INMETRO en Brasil; Instituto de Ac\u00fastica de la Universidad Austral de Chile; Laboratoire G\u00e9nie Civil et B\u00e2timent \/ Laboratoire de Tribologie et Dynamique des Syst\u00e8mes LTDS UMR CNRS 5513, Ecole Nationale des Travaux Publics de l&#8217;Etat &amp; Universit\u00e9 de Lyon en Francia; Laboratoire Interdisciplinaire de Physique LIPhy UMR 5588 CNRS &amp; Universit\u00e9 Grenoble Alpes en Francia; Laboratoire Ondes et Milieux Complexes LOMC UMR 6294 CNRS &amp; Universit\u00e9 Le Havre Normandie en Francia; Otto H. York Department of Chemical and Materials Engineering, New Jersey Institute of Technology en Estados Unidos; Acoustics Research Centre, University of Salford en el Reino Unido; y el Instytut Podstawowych Problem\u00f3w Techniki de la Polskiej Akademii Nauk (IPPT-PAN) en Polonia.<\/p>\n<p>Durante su carrera acad\u00e9mica, el Dr. Venegas ha realizado investigaciones en diversas \u00e1reas de la ac\u00fastica tales como ac\u00fastica de materiales, ac\u00fastica arquitect\u00f3nica, ac\u00fastica de edificios, sonido espacial, psicoac\u00fastica, percepci\u00f3n de vibraciones, procesamiento de se\u00f1ales, altavoces, dispositivos para control de ruido, monitoreo de ruido, y metrolog\u00eda ac\u00fastica. Adem\u00e1s, ha realizado investigaci\u00f3n en educaci\u00f3n en ingenier\u00eda y ha aplicado el conocimiento generado en investigaciones en ac\u00fastica a la din\u00e1mica de veh\u00edculos y metrolog\u00eda en ingenier\u00eda qu\u00edmica.<\/p>\n<p>El trabajo cient\u00edfico realizado por el Dr Venegas en colaboraci\u00f3n con colegas de diferentes partes del mundo (Brasil, Chile, Francia, Italia, Rusia, UK, USA, etc.) ha resultado en m\u00e1s de 60 art\u00edculos y en la adjudicaci\u00f3n de 4 patentes. Adem\u00e1s, el Dr. Venegas ha trabajado en m\u00e1s de 30 proyectos de investigaci\u00f3n y desarrollo para empresas de los sectores automotriz, materiales y construcci\u00f3n, y electr\u00f3nica de consumo.<\/p>\n<p>El Dr. Venegas lidera el aboratorio de fen\u00f3menos ac\u00fasticos en la materia (<a href=\"https:\/\/acousphem.github.io\/\" target=\"_blank\" rel=\"noopener\">ACOUSPHEM<\/a>).<\/p>\n<p><a href=\"https:\/\/acousphem.github.io\/\" target=\"_blank\" rel=\"noopener\"><img decoding=\"async\" class=\"aligncenter size-full wp-image-17135\" src=\"https:\/\/www.acusticauach.cl\/wp-content\/uploads\/2025\/08\/ACOUSPHEM_400X141.jpg\" alt=\"\" width=\"400\" height=\"141\" srcset=\"https:\/\/www.acusticauach.cl\/wp-content\/uploads\/2025\/08\/ACOUSPHEM_400X141.jpg 400w, https:\/\/www.acusticauach.cl\/wp-content\/uploads\/2025\/08\/ACOUSPHEM_400X141-300x106.jpg 300w, https:\/\/www.acusticauach.cl\/wp-content\/uploads\/2025\/08\/ACOUSPHEM_400X141-125x44.jpg 125w, https:\/\/www.acusticauach.cl\/wp-content\/uploads\/2025\/08\/ACOUSPHEM_400X141-75x26.jpg 75w\" sizes=\"(max-width: 400px) 100vw, 400px\" \/><\/a><\/p>\n<p>El Dr. Venegas sirve como Editor Asociado de Wave Motion (<a href=\"http:\/\/www.journals.elsevier.com\/wave-motion\" target=\"_blank\" rel=\"noopener noreferrer\">www.journals.elsevier.com\/wave-motion<\/a>) desde Agosto de 2020.<\/p>\n<p>Publicaciones disponibles en\u00a0<a id=\"LPlnk878780\" href=\"https:\/\/www.researchgate.net\/profile\/Rodolfo_Venegas\" target=\"_blank\" rel=\"noopener noreferrer\" data-auth=\"NotApplicable\">https:\/\/www.researchgate.net\/profile\/Rodolfo_Venegas<\/a><\/p>\n<p><strong>Actualizado 13.10.2020.<\/strong><\/p>\n<p><a href=\"https:\/\/orcid.org\/0000-0001-7726-8388\" target=\"_blank\" rel=\"noopener\"><img decoding=\"async\" class=\"aligncenter size-full wp-image-15778\" src=\"https:\/\/www.acusticauach.cl\/wp-content\/uploads\/2023\/05\/orcid.jpg\" alt=\"\" width=\"190\" height=\"107\" srcset=\"https:\/\/www.acusticauach.cl\/wp-content\/uploads\/2023\/05\/orcid.jpg 190w, https:\/\/www.acusticauach.cl\/wp-content\/uploads\/2023\/05\/orcid-125x70.jpg 125w, https:\/\/www.acusticauach.cl\/wp-content\/uploads\/2023\/05\/orcid-75x42.jpg 75w\" sizes=\"(max-width: 190px) 100vw, 190px\" \/><\/a><\/p>\n<p style=\"text-align: center;\"><a href=\"https:\/\/orcid.org\/0000-0001-7726-8388\" target=\"_blank\" rel=\"noopener\">https:\/\/orcid.org\/0000-0001-7726-8388<\/a><\/p>\n<h2><strong>Contacto<\/strong><\/h2>\n<ul>\n<li>Email:\u00a0rodolfo.venegas[at]uach[dot]cl<\/li>\n<li>Instituto de Ac\u00fastica<\/li>\n<li>Facultad de Ciencias de la Ingenier\u00eda<\/li>\n<li>Universidad Austral de Chile<\/li>\n<li>Edificio 6000, Campus Miraflores, Casilla 567, Valdivia, Chile<\/li>\n<\/ul>\n<p><a href=\"https:\/\/www.acusticauach.cl\/?page_id=139\">Profesores de Ac\u00fastica<\/a><\/p>\n","protected":false},"excerpt":{"rendered":"<p>Profesor Asociado, Instituto de Ac\u00fastica, Universidad Austral de Chile. Editor Asociado de Wave Motion. Rodolfo Venegas obtuvo el grado de Licenciado en Ciencias de la Ingenier\u00eda y el t\u00edtulo de Ingeniero Civil en Sonido y Ac\u00fastica en la Universidad Tecnol\u00f3gica de Chile en 2006.\u00a0\u00a0PhD in Acoustics, University of Salford, United Kingdom (2012). En 2007, Venegas [&hellip;]<\/p>\n","protected":false},"author":2,"featured_media":0,"parent":139,"menu_order":0,"comment_status":"closed","ping_status":"closed","template":"","meta":{"footnotes":""},"class_list":["post-9730","page","type-page","status-publish","hentry"],"_links":{"self":[{"href":"https:\/\/www.acusticauach.cl\/index.php?rest_route=\/wp\/v2\/pages\/9730","targetHints":{"allow":["GET"]}}],"collection":[{"href":"https:\/\/www.acusticauach.cl\/index.php?rest_route=\/wp\/v2\/pages"}],"about":[{"href":"https:\/\/www.acusticauach.cl\/index.php?rest_route=\/wp\/v2\/types\/page"}],"author":[{"embeddable":true,"href":"https:\/\/www.acusticauach.cl\/index.php?rest_route=\/wp\/v2\/users\/2"}],"replies":[{"embeddable":true,"href":"https:\/\/www.acusticauach.cl\/index.php?rest_route=%2Fwp%2Fv2%2Fcomments&post=9730"}],"version-history":[{"count":3,"href":"https:\/\/www.acusticauach.cl\/index.php?rest_route=\/wp\/v2\/pages\/9730\/revisions"}],"predecessor-version":[{"id":17145,"href":"https:\/\/www.acusticauach.cl\/index.php?rest_route=\/wp\/v2\/pages\/9730\/revisions\/17145"}],"up":[{"embeddable":true,"href":"https:\/\/www.acusticauach.cl\/index.php?rest_route=\/wp\/v2\/pages\/139"}],"wp:attachment":[{"href":"https:\/\/www.acusticauach.cl\/index.php?rest_route=%2Fwp%2Fv2%2Fmedia&parent=9730"}],"curies":[{"name":"wp","href":"https:\/\/api.w.org\/{rel}","templated":true}]}}