{"id":9726,"date":"2018-04-23T10:04:40","date_gmt":"2018-04-23T13:04:40","guid":{"rendered":"http:\/\/www.acusticauach.cl\/?page_id=9726"},"modified":"2018-04-23T10:04:40","modified_gmt":"2018-04-23T13:04:40","slug":"prueba-de-encuesta-insertada","status":"publish","type":"page","link":"https:\/\/www.acusticauach.cl\/?page_id=9726","title":{"rendered":"Prueba de Encuesta Insertada"},"content":{"rendered":"<h2><strong>Esta p\u00e1gina es una prueba de funcionalidad<\/strong><\/h2>\n<p>&nbsp;<\/p>\n<p><center><iframe src=\"https:\/\/www.youtube.com\/embed\/KTpW4SP4klk\" width=\"560\" height=\"315\" frameborder=\"0\" allowfullscreen=\"allowfullscreen\"><\/iframe><\/center><\/p>\n<h2><strong>Encuesta<\/strong><\/h2>\n<p>Seg\u00fan el video, nos gustar\u00eda invitarte a responder una encuesta. Puedes seguir este enlace, si no ves bien la encuesta siguiente:\u00a0\u00a0<a href=\"https:\/\/www.encuestafacil.com\/RespWeb\/Qn.aspx?EID=1298651\">Pulsa aqu\u00ed para contestar una encuesta<\/a><\/p>\n<p><iframe src=\"https:\/\/www.encuestafacil.com\/RespWeb\/Qn.aspx?EID=1298651\" width=\"100%\" height=\"800\" frameborder=\"1\" scrolling=\"auto\">Si ves este mensaje, significa que tu navegador no soporta esta caracter\u00edstica o est\u00e1 deshabilitada. Pero puedes acceder a esta informaci\u00f3n aqu\u00ed <a href=\"https:\/\/www.encuestafacil.com\/RespWeb\/Qn.aspx?EID=1298651\">Link a la encuesta<\/a><\/iframe><\/p>\n","protected":false},"excerpt":{"rendered":"<p>Esta p\u00e1gina es una prueba de funcionalidad &nbsp; Encuesta Seg\u00fan el video, nos gustar\u00eda invitarte a responder una encuesta. Puedes seguir este enlace, si no ves bien la encuesta siguiente:\u00a0\u00a0Pulsa aqu\u00ed para contestar una encuesta Si ves este mensaje, significa que tu navegador no soporta esta caracter\u00edstica o est\u00e1 deshabilitada. Pero puedes acceder a esta [&hellip;]<\/p>\n","protected":false},"author":2,"featured_media":0,"parent":0,"menu_order":0,"comment_status":"closed","ping_status":"closed","template":"","meta":{"footnotes":""},"class_list":["post-9726","page","type-page","status-publish","hentry"],"_links":{"self":[{"href":"https:\/\/www.acusticauach.cl\/index.php?rest_route=\/wp\/v2\/pages\/9726","targetHints":{"allow":["GET"]}}],"collection":[{"href":"https:\/\/www.acusticauach.cl\/index.php?rest_route=\/wp\/v2\/pages"}],"about":[{"href":"https:\/\/www.acusticauach.cl\/index.php?rest_route=\/wp\/v2\/types\/page"}],"author":[{"embeddable":true,"href":"https:\/\/www.acusticauach.cl\/index.php?rest_route=\/wp\/v2\/users\/2"}],"replies":[{"embeddable":true,"href":"https:\/\/www.acusticauach.cl\/index.php?rest_route=%2Fwp%2Fv2%2Fcomments&post=9726"}],"version-history":[{"count":0,"href":"https:\/\/www.acusticauach.cl\/index.php?rest_route=\/wp\/v2\/pages\/9726\/revisions"}],"wp:attachment":[{"href":"https:\/\/www.acusticauach.cl\/index.php?rest_route=%2Fwp%2Fv2%2Fmedia&parent=9726"}],"curies":[{"name":"wp","href":"https:\/\/api.w.org\/{rel}","templated":true}]}}