{"id":9517,"date":"2018-03-02T18:09:19","date_gmt":"2018-03-02T21:09:19","guid":{"rendered":"http:\/\/www.acusticauach.cl\/?page_id=9517"},"modified":"2023-10-28T21:57:57","modified_gmt":"2023-10-29T00:57:57","slug":"mapa-sonoro-de-valdivia-2","status":"publish","type":"page","link":"https:\/\/www.acusticauach.cl\/?page_id=9517","title":{"rendered":"Universo del Sonido"},"content":{"rendered":"<p>El proyecto \u201cUniverso del Sonido\u201d de Ac\u00fasticaUACh, muestra y explica el sonido con distintos elementos, con el objetivo de ser una herramienta de apoyo a estudiantes y profesores de Ense\u00f1anza Media que cursan la unidad \u201cEl Sonido\u201c.<\/p>\n<p>Se dise\u00f1aron experiencias aplicadas al conocimiento del sonido en el contexto del aprendizaje de los estudiantes en laboratorios de ac\u00fastica \u00fanicos en Chile, entre los que destacan c\u00e1maras anecoicas y c\u00e1maras reverberantes, instrumentaci\u00f3n especializada (analizadores, son\u00f3metros) y espacios de la Facultad de Ciencias de la Ingenier\u00eda de la Universidad Austral. Tambi\u00e9n se consider\u00f3 incorporar\u00a0elementos del laboratorio de f\u00edsica del Instituto Alem\u00e1n, y las actividades de los estudiantes del colegio. Con esta estrategia se han logrado experiencias educativas provechosas y \u00fanicas.<\/p>\n<p><a href=\"http:\/\/www.universodelsonido.cl\/\" target=\"_blank\" rel=\"noopener noreferrer\"><img decoding=\"async\" class=\"aligncenter wp-image-9518 size-full\" src=\"https:\/\/www.acusticauach.cl\/wp-content\/uploads\/2018\/03\/universo_del_sonido_1002X339.jpg\" alt=\"\" width=\"1002\" height=\"339\" srcset=\"https:\/\/www.acusticauach.cl\/wp-content\/uploads\/2018\/03\/universo_del_sonido_1002X339.jpg 1002w, https:\/\/www.acusticauach.cl\/wp-content\/uploads\/2018\/03\/universo_del_sonido_1002X339-300x101.jpg 300w, https:\/\/www.acusticauach.cl\/wp-content\/uploads\/2018\/03\/universo_del_sonido_1002X339-768x260.jpg 768w, https:\/\/www.acusticauach.cl\/wp-content\/uploads\/2018\/03\/universo_del_sonido_1002X339-700x237.jpg 700w, https:\/\/www.acusticauach.cl\/wp-content\/uploads\/2018\/03\/universo_del_sonido_1002X339-500x169.jpg 500w\" sizes=\"(max-width: 1002px) 100vw, 1002px\" \/><\/a><\/p>\n<p><b>El resultado es una web educativa con textos, gu\u00edas de estudios, videos, animaciones, im\u00e1genes, fotograf\u00edas, audios, aplicaciones para celulartes y mucho m\u00e1s. Te <\/b><span style=\"color: #000000;\"><b>invitamos<\/b><\/span><b>\u00a0a visitarla en <a href=\"http:\/\/www.universodelsonido.cl\" target=\"_blank\" rel=\"noopener noreferrer\">www.universodelsonido.cl<\/a>.<\/b><\/p>\n<h5><strong><a href=\"http:\/\/www.universodelsonido.cl\/\" target=\"_blank\" rel=\"noopener noreferrer\">Ir a la web Universo del Sonido<\/a><\/strong><\/h5>\n<p><a href=\"http:\/\/www.universodelsonido.cl\" target=\"_blank\" rel=\"noopener noreferrer\"><img decoding=\"async\" class=\"aligncenter size-full wp-image-9524\" src=\"https:\/\/www.acusticauach.cl\/wp-content\/uploads\/2018\/03\/universodelsonido_01.jpg\" alt=\"\" width=\"1002\" height=\"562\" srcset=\"https:\/\/www.acusticauach.cl\/wp-content\/uploads\/2018\/03\/universodelsonido_01.jpg 1002w, https:\/\/www.acusticauach.cl\/wp-content\/uploads\/2018\/03\/universodelsonido_01-300x168.jpg 300w, https:\/\/www.acusticauach.cl\/wp-content\/uploads\/2018\/03\/universodelsonido_01-768x431.jpg 768w, https:\/\/www.acusticauach.cl\/wp-content\/uploads\/2018\/03\/universodelsonido_01-700x393.jpg 700w, https:\/\/www.acusticauach.cl\/wp-content\/uploads\/2018\/03\/universodelsonido_01-500x280.jpg 500w\" sizes=\"(max-width: 1002px) 100vw, 1002px\" \/><\/a><\/p>\n","protected":false},"excerpt":{"rendered":"<p>El proyecto \u201cUniverso del Sonido\u201d de Ac\u00fasticaUACh, muestra y explica el sonido con distintos elementos, con el objetivo de ser una herramienta de apoyo a estudiantes y profesores de Ense\u00f1anza Media que cursan la unidad \u201cEl Sonido\u201c. Se dise\u00f1aron experiencias aplicadas al conocimiento del sonido en el contexto del aprendizaje de los estudiantes en laboratorios [&hellip;]<\/p>\n","protected":false},"author":2,"featured_media":11853,"parent":6013,"menu_order":0,"comment_status":"closed","ping_status":"closed","template":"","meta":{"footnotes":""},"class_list":["post-9517","page","type-page","status-publish","has-post-thumbnail","hentry"],"_links":{"self":[{"href":"https:\/\/www.acusticauach.cl\/index.php?rest_route=\/wp\/v2\/pages\/9517","targetHints":{"allow":["GET"]}}],"collection":[{"href":"https:\/\/www.acusticauach.cl\/index.php?rest_route=\/wp\/v2\/pages"}],"about":[{"href":"https:\/\/www.acusticauach.cl\/index.php?rest_route=\/wp\/v2\/types\/page"}],"author":[{"embeddable":true,"href":"https:\/\/www.acusticauach.cl\/index.php?rest_route=\/wp\/v2\/users\/2"}],"replies":[{"embeddable":true,"href":"https:\/\/www.acusticauach.cl\/index.php?rest_route=%2Fwp%2Fv2%2Fcomments&post=9517"}],"version-history":[{"count":0,"href":"https:\/\/www.acusticauach.cl\/index.php?rest_route=\/wp\/v2\/pages\/9517\/revisions"}],"up":[{"embeddable":true,"href":"https:\/\/www.acusticauach.cl\/index.php?rest_route=\/wp\/v2\/pages\/6013"}],"wp:featuredmedia":[{"embeddable":true,"href":"https:\/\/www.acusticauach.cl\/index.php?rest_route=\/wp\/v2\/media\/11853"}],"wp:attachment":[{"href":"https:\/\/www.acusticauach.cl\/index.php?rest_route=%2Fwp%2Fv2%2Fmedia&parent=9517"}],"curies":[{"name":"wp","href":"https:\/\/api.w.org\/{rel}","templated":true}]}}