{"id":9468,"date":"2018-01-08T11:07:47","date_gmt":"2018-01-08T14:07:47","guid":{"rendered":"http:\/\/www.acusticauach.cl\/?page_id=9468"},"modified":"2025-04-14T09:29:40","modified_gmt":"2025-04-14T13:29:40","slug":"continuacion-de-estudios","status":"publish","type":"page","link":"https:\/\/www.acusticauach.cl\/?page_id=9468","title":{"rendered":"Continuaci\u00f3n de Estudios"},"content":{"rendered":"<h5><strong>Acuerdo de Continuidad de Estudios de Doctorado en la Universidad Polit\u00e9cnica de Madrid\u00a0\u00a0<\/strong><\/h5>\n<p>A partir de julio de 2017 se ha llegado a un acuerdo con el Programa de Doctorado en Ingenier\u00eda Mec\u00e1nica, con la L\u00ednea de Investigaci\u00f3n de Ingenier\u00eda Ac\u00fastica de la Escuela T\u00e9cnica Superior de Ingenieros Industriales (ETSII) de la Universidad Polit\u00e9cnica de Madrid (UPM) (ver:\u00a0<a href=\"http:\/\/www.dimf.etsii.upm.es\/index.php?option=com_content&amp;view=article&amp;id=45&amp;Itemid=42\" target=\"_blank\" rel=\"noopener noreferrer\">http:\/\/www.dimf.etsii.upm.es\/index.php?option=com_content&amp;view=article&amp;id=45&amp;Itemid=42<\/a>).<\/p>\n<p>El\u00a0acuerdo consiste en que a los egresados del Programa Mag\u00edster en Ac\u00fastica y Vibraciones (MAV) de la Universidad Austral de Chile se les reconoce que tienen la formaci\u00f3n adecuada en ac\u00fastica para acceder al\u00a0 Doctorado en Ingenier\u00eda Mec\u00e1nica,\u00a0en la L\u00ednea de Investigaci\u00f3n de Ingenier\u00eda Ac\u00fastica de la Universidad Polit\u00e9cnica de Madrid. Es decir, cumplen con uno de los requisitos de acceso para inscribirse en el Programa de Doctorado de Ingenier\u00eda Mec\u00e1nica de la UPM (<a href=\"http:\/\/www.dimf.etsii.upm.es\/index.php?option=com_content&amp;view=article&amp;id=36&amp;Itemid=38\" target=\"_blank\" rel=\"noopener noreferrer\">http:\/\/www.dimf.etsii.upm.es\/index.php?option=com_content&amp;view=article&amp;id=36&amp;Itemid=38<\/a>).<\/p>\n<p><img decoding=\"async\" class=\"alignleft wp-image-16926 size-medium\" src=\"https:\/\/www.acusticauach.cl\/wp-content\/uploads\/2025\/04\/MAV_ACREDITACION_5_AGNOS_2025-1-227x300.jpg\" alt=\"\" width=\"227\" height=\"300\" srcset=\"https:\/\/www.acusticauach.cl\/wp-content\/uploads\/2025\/04\/MAV_ACREDITACION_5_AGNOS_2025-1-227x300.jpg 227w, https:\/\/www.acusticauach.cl\/wp-content\/uploads\/2025\/04\/MAV_ACREDITACION_5_AGNOS_2025-1-95x125.jpg 95w, https:\/\/www.acusticauach.cl\/wp-content\/uploads\/2025\/04\/MAV_ACREDITACION_5_AGNOS_2025-1-57x75.jpg 57w, https:\/\/www.acusticauach.cl\/wp-content\/uploads\/2025\/04\/MAV_ACREDITACION_5_AGNOS_2025-1.jpg 400w\" sizes=\"(max-width: 227px) 100vw, 227px\" \/>Como se puede apreciar en su p\u00e1gina web,\u00a0el\u00a0Departamento de Ingenier\u00eda Mec\u00e1nica (DIM) viene funcionando como tal desde su creaci\u00f3n en 2014, pero sus diferentes grupos docentes se constituyeron en 1964 como distintas C\u00e1tedras integradas en la propia Escuela, la cual data de 1850.\u00a0Abarca las \u00e1reas de conocimiento de Ingenier\u00eda Mec\u00e1nica, Ingenier\u00eda de los Procesos de Fabricaci\u00f3n, Expresi\u00f3n Gr\u00e1fica en la Ingenier\u00eda, Ac\u00fastica, Ingenier\u00eda de Transportes y Veh\u00edculos, Mec\u00e1nica Computacional, Ingenier\u00eda S\u00edsmica y Biomec\u00e1nica-Biomateriales. Es uno de los departamentos mas grandes y relevantes de la UPM, englobando m\u00e1s de ochenta personas entre profesores y t\u00e9cnicos de laboratorio, a las que hay que a\u00f1adir numerosos investigadores y alumnos que participan en proyectos de investigaci\u00f3n e innovaci\u00f3n educativa, en colaboraci\u00f3n con empresas y otros departamentos universitarios nacionales e internacionales. (<a href=\"http:\/\/www.dimf.etsii.upm.es\/index.php?option=com_content&amp;view=article&amp;id=1&amp;Itemid=80\" target=\"_blank\" rel=\"noopener noreferrer\">http:\/\/www.dimf.etsii.upm.es\/index.php?option=com_content&amp;view=article&amp;id=1&amp;Itemid=80<\/a>)<\/p>\n<p><strong>Para mayor informaci\u00f3n contactar al\u00a0Director del Mag\u00edster en Ac\u00fastica y Vibraciones (MAV) ,\u00a0<a href=\"https:\/\/www.acusticauach.cl\/?page_id=144\">Dr. Jorge P. Arenas.<\/a><\/strong><\/p>\n<p><strong>Este acuerdo es independiente de otras alternativas de continuidad de estudios, como lo han realizado exitosamente varios de los graduados del magister en otros programas de doctorado.<\/strong><\/p>\n","protected":false},"excerpt":{"rendered":"<p>Acuerdo de Continuidad de Estudios de Doctorado en la Universidad Polit\u00e9cnica de Madrid\u00a0\u00a0 A partir de julio de 2017 se ha llegado a un acuerdo con el Programa de Doctorado en Ingenier\u00eda Mec\u00e1nica, con la L\u00ednea de Investigaci\u00f3n de Ingenier\u00eda Ac\u00fastica de la Escuela T\u00e9cnica Superior de Ingenieros Industriales (ETSII) de la Universidad Polit\u00e9cnica de [&hellip;]<\/p>\n","protected":false},"author":2,"featured_media":9471,"parent":5913,"menu_order":0,"comment_status":"closed","ping_status":"closed","template":"","meta":{"footnotes":""},"class_list":["post-9468","page","type-page","status-publish","has-post-thumbnail","hentry"],"_links":{"self":[{"href":"https:\/\/www.acusticauach.cl\/index.php?rest_route=\/wp\/v2\/pages\/9468","targetHints":{"allow":["GET"]}}],"collection":[{"href":"https:\/\/www.acusticauach.cl\/index.php?rest_route=\/wp\/v2\/pages"}],"about":[{"href":"https:\/\/www.acusticauach.cl\/index.php?rest_route=\/wp\/v2\/types\/page"}],"author":[{"embeddable":true,"href":"https:\/\/www.acusticauach.cl\/index.php?rest_route=\/wp\/v2\/users\/2"}],"replies":[{"embeddable":true,"href":"https:\/\/www.acusticauach.cl\/index.php?rest_route=%2Fwp%2Fv2%2Fcomments&post=9468"}],"version-history":[{"count":2,"href":"https:\/\/www.acusticauach.cl\/index.php?rest_route=\/wp\/v2\/pages\/9468\/revisions"}],"predecessor-version":[{"id":16974,"href":"https:\/\/www.acusticauach.cl\/index.php?rest_route=\/wp\/v2\/pages\/9468\/revisions\/16974"}],"up":[{"embeddable":true,"href":"https:\/\/www.acusticauach.cl\/index.php?rest_route=\/wp\/v2\/pages\/5913"}],"wp:featuredmedia":[{"embeddable":true,"href":"https:\/\/www.acusticauach.cl\/index.php?rest_route=\/wp\/v2\/media\/9471"}],"wp:attachment":[{"href":"https:\/\/www.acusticauach.cl\/index.php?rest_route=%2Fwp%2Fv2%2Fmedia&parent=9468"}],"curies":[{"name":"wp","href":"https:\/\/api.w.org\/{rel}","templated":true}]}}