{"id":9175,"date":"2017-10-17T00:36:08","date_gmt":"2017-10-17T03:36:08","guid":{"rendered":"http:\/\/www.acusticauach.cl\/?page_id=9175"},"modified":"2019-11-11T09:06:37","modified_gmt":"2019-11-11T12:06:37","slug":"6-concurso-de-bandas-2016","status":"publish","type":"page","link":"https:\/\/www.acusticauach.cl\/?page_id=9175","title":{"rendered":"6\u00b0 Concurso de Bandas 2016"},"content":{"rendered":"<p><img decoding=\"async\" class=\"alignright wp-image-9177 size-medium\" src=\"https:\/\/www.acusticauach.cl\/wp-content\/uploads\/2017\/10\/AFICHE_2016-122x300.jpg\" alt=\"\" width=\"122\" height=\"300\" srcset=\"https:\/\/www.acusticauach.cl\/wp-content\/uploads\/2017\/10\/AFICHE_2016-122x300.jpg 122w, https:\/\/www.acusticauach.cl\/wp-content\/uploads\/2017\/10\/AFICHE_2016-417x1024.jpg 417w, https:\/\/www.acusticauach.cl\/wp-content\/uploads\/2017\/10\/AFICHE_2016-500x1229.jpg 500w, https:\/\/www.acusticauach.cl\/wp-content\/uploads\/2017\/10\/AFICHE_2016.jpg 651w\" sizes=\"(max-width: 122px) 100vw, 122px\" \/>Por sexto a\u00f1o consecutivo la carrera de Ingenier\u00eda Civil Ac\u00fastica de la Universidad Austral de Chile invit\u00f3 a todos los estudiantes secundarios del pa\u00eds a participar en una nueva versi\u00f3n del Concurso de Bandas Escolares 2016. El concurso est\u00e1 dirigido a bandas de todo Chile, que sean estudiantes regulares de ense\u00f1anza media y que posean alg\u00fan demo o canci\u00f3n in\u00e9dita de su propia autor\u00eda.<\/p>\n<h5><strong>Ganadores<\/strong><\/h5>\n<p><strong>Lag Mental<\/strong> con el tema <strong>\u201cSine Requiem\u201d<\/strong> son los ganadores de la sexta versi\u00f3n del Concurso de Bandas Escolares Ac\u00fasticaUACh.&nbsp;Los estudiantes del Colegio Bautista viajaron hasta Valdivia para grabar profesionalmente dos de sus temas originales, en el Estudio del Instituto de Ac\u00fastica UACh. Este premio incluye la grabaci\u00f3n, mezcla y masterizaci\u00f3n de los temas, adem\u00e1s del traslado y estad\u00eda de toda la banda y su profesor o profesora a cargo.<\/p>\n<p>El Segundo Lugar fue para <strong>Flanger<\/strong> de Santiago con el tema <strong>\u201cPainkiller\u201d<\/strong>. El premio para el segundo lugar un Pack de grabaci\u00f3n. Pack Presonus (Presonus Audiobox Studio), que incluye interfaz Audiobox, fonos HD7, micr\u00f3fono M7 y software de grabaci\u00f3n Studio One Artist.<\/p>\n<p>El Tercer Lugar lo recibi\u00f3<strong> Venado Nevado<\/strong> del Colegio Mayor de Santiago, con el tema <strong>\u201cSamurai<\/strong>, y recibi\u00f3 como premio una Interfaz Audiobox de Presonus.<\/p>\n<p><img decoding=\"async\" class=\"aligncenter wp-image-7918 size-full\" src=\"https:\/\/www.acusticauach.cl\/wp-content\/uploads\/2016\/09\/banner-grand-M1.png\" alt=\"\" width=\"1002\" height=\"339\" srcset=\"https:\/\/www.acusticauach.cl\/wp-content\/uploads\/2016\/09\/banner-grand-M1.png 1002w, https:\/\/www.acusticauach.cl\/wp-content\/uploads\/2016\/09\/banner-grand-M1-300x101.png 300w, https:\/\/www.acusticauach.cl\/wp-content\/uploads\/2016\/09\/banner-grand-M1-768x260.png 768w, https:\/\/www.acusticauach.cl\/wp-content\/uploads\/2016\/09\/banner-grand-M1-700x237.png 700w, https:\/\/www.acusticauach.cl\/wp-content\/uploads\/2016\/09\/banner-grand-M1-500x169.png 500w\" sizes=\"(max-width: 1002px) 100vw, 1002px\" \/><\/p>\n<p><a href=\"https:\/\/www.acusticauach.cl\/wp-content\/uploads\/2017\/10\/AFICHE_2016.jpg\">Descargar Afiche<\/a>.<\/p>\n<div id='gallery-1' class='gallery galleryid-9175 gallery-columns-3 gallery-size-thumbnail'><figure class='gallery-item'>\n\t\t\t<div class='gallery-icon landscape'>\n\t\t\t\t<a href='https:\/\/www.acusticauach.cl\/wp-content\/uploads\/2017\/10\/Lag-Metal4.jpg'><img decoding=\"async\" width=\"150\" height=\"150\" src=\"https:\/\/www.acusticauach.cl\/wp-content\/uploads\/2017\/10\/Lag-Metal4-150x150.jpg\" class=\"attachment-thumbnail size-thumbnail\" alt=\"\" srcset=\"https:\/\/www.acusticauach.cl\/wp-content\/uploads\/2017\/10\/Lag-Metal4-150x150.jpg 150w, https:\/\/www.acusticauach.cl\/wp-content\/uploads\/2017\/10\/Lag-Metal4-65x65.jpg 65w, https:\/\/www.acusticauach.cl\/wp-content\/uploads\/2017\/10\/Lag-Metal4-55x55.jpg 55w, https:\/\/www.acusticauach.cl\/wp-content\/uploads\/2017\/10\/Lag-Metal4-94x94.jpg 94w, https:\/\/www.acusticauach.cl\/wp-content\/uploads\/2017\/10\/Lag-Metal4-86x86.jpg 86w, https:\/\/www.acusticauach.cl\/wp-content\/uploads\/2017\/10\/Lag-Metal4-120x120.jpg 120w, https:\/\/www.acusticauach.cl\/wp-content\/uploads\/2017\/10\/Lag-Metal4-215x215.jpg 215w\" sizes=\"(max-width: 150px) 100vw, 150px\" \/><\/a>\n\t\t\t<\/div><\/figure><figure class='gallery-item'>\n\t\t\t<div class='gallery-icon landscape'>\n\t\t\t\t<a href='https:\/\/www.acusticauach.cl\/wp-content\/uploads\/2017\/10\/Lag-Metal2.jpg'><img decoding=\"async\" width=\"150\" height=\"150\" src=\"https:\/\/www.acusticauach.cl\/wp-content\/uploads\/2017\/10\/Lag-Metal2-150x150.jpg\" class=\"attachment-thumbnail size-thumbnail\" alt=\"\" srcset=\"https:\/\/www.acusticauach.cl\/wp-content\/uploads\/2017\/10\/Lag-Metal2-150x150.jpg 150w, https:\/\/www.acusticauach.cl\/wp-content\/uploads\/2017\/10\/Lag-Metal2-65x65.jpg 65w, https:\/\/www.acusticauach.cl\/wp-content\/uploads\/2017\/10\/Lag-Metal2-55x55.jpg 55w, https:\/\/www.acusticauach.cl\/wp-content\/uploads\/2017\/10\/Lag-Metal2-94x94.jpg 94w, https:\/\/www.acusticauach.cl\/wp-content\/uploads\/2017\/10\/Lag-Metal2-86x86.jpg 86w, https:\/\/www.acusticauach.cl\/wp-content\/uploads\/2017\/10\/Lag-Metal2-120x120.jpg 120w, https:\/\/www.acusticauach.cl\/wp-content\/uploads\/2017\/10\/Lag-Metal2-215x215.jpg 215w\" sizes=\"(max-width: 150px) 100vw, 150px\" \/><\/a>\n\t\t\t<\/div><\/figure><figure class='gallery-item'>\n\t\t\t<div class='gallery-icon landscape'>\n\t\t\t\t<a href='https:\/\/www.acusticauach.cl\/wp-content\/uploads\/2017\/10\/Lag-Metal3.jpg'><img decoding=\"async\" width=\"150\" height=\"150\" src=\"https:\/\/www.acusticauach.cl\/wp-content\/uploads\/2017\/10\/Lag-Metal3-150x150.jpg\" class=\"attachment-thumbnail size-thumbnail\" alt=\"\" srcset=\"https:\/\/www.acusticauach.cl\/wp-content\/uploads\/2017\/10\/Lag-Metal3-150x150.jpg 150w, https:\/\/www.acusticauach.cl\/wp-content\/uploads\/2017\/10\/Lag-Metal3-65x65.jpg 65w, https:\/\/www.acusticauach.cl\/wp-content\/uploads\/2017\/10\/Lag-Metal3-55x55.jpg 55w, https:\/\/www.acusticauach.cl\/wp-content\/uploads\/2017\/10\/Lag-Metal3-94x94.jpg 94w, https:\/\/www.acusticauach.cl\/wp-content\/uploads\/2017\/10\/Lag-Metal3-86x86.jpg 86w, https:\/\/www.acusticauach.cl\/wp-content\/uploads\/2017\/10\/Lag-Metal3-120x120.jpg 120w, https:\/\/www.acusticauach.cl\/wp-content\/uploads\/2017\/10\/Lag-Metal3-215x215.jpg 215w\" sizes=\"(max-width: 150px) 100vw, 150px\" \/><\/a>\n\t\t\t<\/div><\/figure><figure class='gallery-item'>\n\t\t\t<div class='gallery-icon portrait'>\n\t\t\t\t<a href='https:\/\/www.acusticauach.cl\/wp-content\/uploads\/2017\/10\/Lag-Metal1.jpg'><img decoding=\"async\" width=\"150\" height=\"150\" src=\"https:\/\/www.acusticauach.cl\/wp-content\/uploads\/2017\/10\/Lag-Metal1-150x150.jpg\" class=\"attachment-thumbnail size-thumbnail\" alt=\"\" srcset=\"https:\/\/www.acusticauach.cl\/wp-content\/uploads\/2017\/10\/Lag-Metal1-150x150.jpg 150w, https:\/\/www.acusticauach.cl\/wp-content\/uploads\/2017\/10\/Lag-Metal1-65x65.jpg 65w, https:\/\/www.acusticauach.cl\/wp-content\/uploads\/2017\/10\/Lag-Metal1-55x55.jpg 55w, https:\/\/www.acusticauach.cl\/wp-content\/uploads\/2017\/10\/Lag-Metal1-94x94.jpg 94w, https:\/\/www.acusticauach.cl\/wp-content\/uploads\/2017\/10\/Lag-Metal1-86x86.jpg 86w, https:\/\/www.acusticauach.cl\/wp-content\/uploads\/2017\/10\/Lag-Metal1-120x120.jpg 120w, https:\/\/www.acusticauach.cl\/wp-content\/uploads\/2017\/10\/Lag-Metal1-215x215.jpg 215w\" sizes=\"(max-width: 150px) 100vw, 150px\" \/><\/a>\n\t\t\t<\/div><\/figure><figure class='gallery-item'>\n\t\t\t<div class='gallery-icon portrait'>\n\t\t\t\t<a href='https:\/\/www.acusticauach.cl\/wp-content\/uploads\/2017\/10\/Lag-Metal6.jpg'><img decoding=\"async\" width=\"150\" height=\"150\" src=\"https:\/\/www.acusticauach.cl\/wp-content\/uploads\/2017\/10\/Lag-Metal6-150x150.jpg\" class=\"attachment-thumbnail size-thumbnail\" alt=\"\" srcset=\"https:\/\/www.acusticauach.cl\/wp-content\/uploads\/2017\/10\/Lag-Metal6-150x150.jpg 150w, https:\/\/www.acusticauach.cl\/wp-content\/uploads\/2017\/10\/Lag-Metal6-65x65.jpg 65w, https:\/\/www.acusticauach.cl\/wp-content\/uploads\/2017\/10\/Lag-Metal6-55x55.jpg 55w, https:\/\/www.acusticauach.cl\/wp-content\/uploads\/2017\/10\/Lag-Metal6-94x94.jpg 94w, https:\/\/www.acusticauach.cl\/wp-content\/uploads\/2017\/10\/Lag-Metal6-86x86.jpg 86w, https:\/\/www.acusticauach.cl\/wp-content\/uploads\/2017\/10\/Lag-Metal6-120x120.jpg 120w, https:\/\/www.acusticauach.cl\/wp-content\/uploads\/2017\/10\/Lag-Metal6-215x215.jpg 215w\" sizes=\"(max-width: 150px) 100vw, 150px\" \/><\/a>\n\t\t\t<\/div><\/figure><figure class='gallery-item'>\n\t\t\t<div class='gallery-icon portrait'>\n\t\t\t\t<a href='https:\/\/www.acusticauach.cl\/wp-content\/uploads\/2017\/10\/Lag-Metal9.jpg'><img decoding=\"async\" width=\"150\" height=\"150\" src=\"https:\/\/www.acusticauach.cl\/wp-content\/uploads\/2017\/10\/Lag-Metal9-150x150.jpg\" class=\"attachment-thumbnail size-thumbnail\" alt=\"\" srcset=\"https:\/\/www.acusticauach.cl\/wp-content\/uploads\/2017\/10\/Lag-Metal9-150x150.jpg 150w, https:\/\/www.acusticauach.cl\/wp-content\/uploads\/2017\/10\/Lag-Metal9-65x65.jpg 65w, https:\/\/www.acusticauach.cl\/wp-content\/uploads\/2017\/10\/Lag-Metal9-55x55.jpg 55w, https:\/\/www.acusticauach.cl\/wp-content\/uploads\/2017\/10\/Lag-Metal9-94x94.jpg 94w, https:\/\/www.acusticauach.cl\/wp-content\/uploads\/2017\/10\/Lag-Metal9-86x86.jpg 86w, https:\/\/www.acusticauach.cl\/wp-content\/uploads\/2017\/10\/Lag-Metal9-120x120.jpg 120w, https:\/\/www.acusticauach.cl\/wp-content\/uploads\/2017\/10\/Lag-Metal9-215x215.jpg 215w\" sizes=\"(max-width: 150px) 100vw, 150px\" \/><\/a>\n\t\t\t<\/div><\/figure><figure class='gallery-item'>\n\t\t\t<div class='gallery-icon landscape'>\n\t\t\t\t<a href='https:\/\/www.acusticauach.cl\/wp-content\/uploads\/2017\/10\/Lag-Metal5.jpg'><img decoding=\"async\" width=\"150\" height=\"150\" src=\"https:\/\/www.acusticauach.cl\/wp-content\/uploads\/2017\/10\/Lag-Metal5-150x150.jpg\" class=\"attachment-thumbnail size-thumbnail\" alt=\"\" srcset=\"https:\/\/www.acusticauach.cl\/wp-content\/uploads\/2017\/10\/Lag-Metal5-150x150.jpg 150w, https:\/\/www.acusticauach.cl\/wp-content\/uploads\/2017\/10\/Lag-Metal5-65x65.jpg 65w, https:\/\/www.acusticauach.cl\/wp-content\/uploads\/2017\/10\/Lag-Metal5-55x55.jpg 55w, https:\/\/www.acusticauach.cl\/wp-content\/uploads\/2017\/10\/Lag-Metal5-94x94.jpg 94w, https:\/\/www.acusticauach.cl\/wp-content\/uploads\/2017\/10\/Lag-Metal5-86x86.jpg 86w, https:\/\/www.acusticauach.cl\/wp-content\/uploads\/2017\/10\/Lag-Metal5-120x120.jpg 120w, https:\/\/www.acusticauach.cl\/wp-content\/uploads\/2017\/10\/Lag-Metal5-215x215.jpg 215w\" sizes=\"(max-width: 150px) 100vw, 150px\" \/><\/a>\n\t\t\t<\/div><\/figure><figure class='gallery-item'>\n\t\t\t<div class='gallery-icon landscape'>\n\t\t\t\t<a href='https:\/\/www.acusticauach.cl\/wp-content\/uploads\/2017\/10\/Lag-Metal7.jpg'><img decoding=\"async\" width=\"150\" height=\"150\" src=\"https:\/\/www.acusticauach.cl\/wp-content\/uploads\/2017\/10\/Lag-Metal7-150x150.jpg\" class=\"attachment-thumbnail size-thumbnail\" alt=\"\" srcset=\"https:\/\/www.acusticauach.cl\/wp-content\/uploads\/2017\/10\/Lag-Metal7-150x150.jpg 150w, https:\/\/www.acusticauach.cl\/wp-content\/uploads\/2017\/10\/Lag-Metal7-65x65.jpg 65w, https:\/\/www.acusticauach.cl\/wp-content\/uploads\/2017\/10\/Lag-Metal7-55x55.jpg 55w, https:\/\/www.acusticauach.cl\/wp-content\/uploads\/2017\/10\/Lag-Metal7-94x94.jpg 94w, https:\/\/www.acusticauach.cl\/wp-content\/uploads\/2017\/10\/Lag-Metal7-86x86.jpg 86w, https:\/\/www.acusticauach.cl\/wp-content\/uploads\/2017\/10\/Lag-Metal7-120x120.jpg 120w, https:\/\/www.acusticauach.cl\/wp-content\/uploads\/2017\/10\/Lag-Metal7-215x215.jpg 215w\" sizes=\"(max-width: 150px) 100vw, 150px\" \/><\/a>\n\t\t\t<\/div><\/figure><figure class='gallery-item'>\n\t\t\t<div class='gallery-icon landscape'>\n\t\t\t\t<a href='https:\/\/www.acusticauach.cl\/wp-content\/uploads\/2017\/10\/Lag-Metal8.jpg'><img decoding=\"async\" width=\"150\" height=\"150\" src=\"https:\/\/www.acusticauach.cl\/wp-content\/uploads\/2017\/10\/Lag-Metal8-150x150.jpg\" class=\"attachment-thumbnail size-thumbnail\" alt=\"\" srcset=\"https:\/\/www.acusticauach.cl\/wp-content\/uploads\/2017\/10\/Lag-Metal8-150x150.jpg 150w, https:\/\/www.acusticauach.cl\/wp-content\/uploads\/2017\/10\/Lag-Metal8-65x65.jpg 65w, https:\/\/www.acusticauach.cl\/wp-content\/uploads\/2017\/10\/Lag-Metal8-55x55.jpg 55w, https:\/\/www.acusticauach.cl\/wp-content\/uploads\/2017\/10\/Lag-Metal8-94x94.jpg 94w, https:\/\/www.acusticauach.cl\/wp-content\/uploads\/2017\/10\/Lag-Metal8-86x86.jpg 86w, https:\/\/www.acusticauach.cl\/wp-content\/uploads\/2017\/10\/Lag-Metal8-120x120.jpg 120w, https:\/\/www.acusticauach.cl\/wp-content\/uploads\/2017\/10\/Lag-Metal8-215x215.jpg 215w\" sizes=\"(max-width: 150px) 100vw, 150px\" \/><\/a>\n\t\t\t<\/div><\/figure>\n\t\t<\/div>\n\n<p><a href=\"https:\/\/www.facebook.com\/media\/set\/?set=a.1496990347049267.1073741878.194362960645352&amp;type=1&amp;l=03eb989847\" target=\"_blank\" rel=\"noopener noreferrer\">Galer\u00eda en Facebook<\/a><\/p>\n<p><a href=\"https:\/\/www.flickr.com\/photos\/acusticauach\/sets\/72157661534677547\/\" target=\"_blank\" rel=\"noopener noreferrer\"><img decoding=\"async\" class=\"size-full wp-image-9353 aligncenter\" src=\"https:\/\/www.acusticauach.cl\/wp-content\/uploads\/2017\/11\/flickr-app-fotografia.jpg\" alt=\"\" width=\"421\" height=\"171\" srcset=\"https:\/\/www.acusticauach.cl\/wp-content\/uploads\/2017\/11\/flickr-app-fotografia.jpg 421w, https:\/\/www.acusticauach.cl\/wp-content\/uploads\/2017\/11\/flickr-app-fotografia-300x122.jpg 300w\" sizes=\"(max-width: 421px) 100vw, 421px\" \/><\/a><\/p>\n<p><a title=\"6\u00b0 Concurso de Bandas 2016\" href=\"https:\/\/www.flickr.com\/photos\/acusticauach\/albums\/72157661534677547\" data-flickr-embed=\"true\" data-header=\"true\" data-footer=\"true\"><img decoding=\"async\" class=\"aligncenter\" src=\"https:\/\/live.staticflickr.com\/4561\/38124932325_d634d624bd.jpg\" alt=\"6\u00b0 Concurso de Bandas 2016\" width=\"300\" height=\"300\"><\/a><script async=\"\" src=\"\/\/embedr.flickr.com\/assets\/client-code.js\" charset=\"utf-8\"><\/script><script async=\"\" src=\"\/\/embedr.flickr.com\/assets\/client-code.js\" charset=\"utf-8\"><\/script><img decoding=\"async\" class=\"aligncenter size-full wp-image-10498\" src=\"https:\/\/www.acusticauach.cl\/wp-content\/uploads\/2014\/09\/Lag_Mental_2016_700x233.jpg\" alt=\"\" width=\"700\" height=\"233\" srcset=\"https:\/\/www.acusticauach.cl\/wp-content\/uploads\/2014\/09\/Lag_Mental_2016_700x233.jpg 700w, https:\/\/www.acusticauach.cl\/wp-content\/uploads\/2014\/09\/Lag_Mental_2016_700x233-300x100.jpg 300w, https:\/\/www.acusticauach.cl\/wp-content\/uploads\/2014\/09\/Lag_Mental_2016_700x233-500x166.jpg 500w\" sizes=\"(max-width: 700px) 100vw, 700px\" \/><\/p>\n<h5><strong>Audios<\/strong><\/h5>\n<p>Grabaci\u00f3n de Lag Mental, las canciones grabadas en el Estudio de Grabaci\u00f3n de AcusticaUACh:<\/p>\n<h5><strong>Tema \u00abRequiem\u00bb, de Lag Mental (2017)<\/strong><\/h5>\n<audio class=\"wp-audio-shortcode\" id=\"audio-9175-1\" preload=\"none\" style=\"width: 100%;\" controls=\"controls\"><source type=\"audio\/mpeg\" src=\"https:\/\/www.acusticauach.cl\/wp-content\/uploads\/2017\/10\/Requiem%20Mix%20V0.mp3?_=1\" \/><a href=\"https:\/\/www.acusticauach.cl\/wp-content\/uploads\/2017\/10\/Requiem%20Mix%20V0.mp3\">https:\/\/www.acusticauach.cl\/wp-content\/uploads\/2017\/10\/Requiem%20Mix%20V0.mp3<\/a><\/audio>\n<h5><strong>Tema \u00abInverso\u00bb, de Lag Mental (2017)<\/strong><\/h5>\n<audio class=\"wp-audio-shortcode\" id=\"audio-9175-2\" preload=\"none\" style=\"width: 100%;\" controls=\"controls\"><source type=\"audio\/mpeg\" src=\"https:\/\/www.acusticauach.cl\/wp-content\/uploads\/2017\/10\/Inverso_mix_V0.mp3?_=2\" \/><a href=\"https:\/\/www.acusticauach.cl\/wp-content\/uploads\/2017\/10\/Inverso_mix_V0.mp3\">https:\/\/www.acusticauach.cl\/wp-content\/uploads\/2017\/10\/Inverso_mix_V0.mp3<\/a><\/audio>\n<h5><strong>Prensa<\/strong><\/h5>\n<p><strong>Lanzan concurso de bandas 2016.<\/strong><\/p>\n<ul>\n<li><a href=\"https:\/\/www.acusticauach.cl\/?p=7899\">Noticia de lanzamiento<\/a>.<\/li>\n<\/ul>\n<p>M\u00e1s Noticias:<\/p>\n<ul>\n<li><a href=\"https:\/\/www.acusticauach.cl\/?p=8019\">Publicadas Bandas que Participan en Concurso de Bandas Escolares 2016<\/a><\/li>\n<li><a href=\"https:\/\/www.acusticauach.cl\/?p=8171\">Ya hay ganadores del Concurso de Bandas Escolares AcusticaUACh 2016<\/a><\/li>\n<\/ul>\n<h5><strong>Jurado<\/strong><\/h5>\n<p>En esta oportunidad el jurado estuvo compuesto por:<\/p>\n<ul>\n<li><strong>Barry Sage<\/strong>: es Ingeniero en sonido y productor. Es conocido por su trabajo con artistas como The Rolling Stones, New Order, Madness, Boy George, The Pet Shop Boys, en Espa\u00f1a y Sudam\u00e9rica con artistas como Los Ronaldos, La Oreja de Van Gogh, Melon Diesel, Nicole, Solar, Upa entre muchos otros.<\/li>\n<li><strong>Camilo Eque<\/strong>: cantautor Valdiviano, que figura entre los nombres con mayor proyecci\u00f3n de la escena nacional.<\/li>\n<li><strong>Rudy Matus<\/strong>: Presidente del Gremio industria musical, destacado m\u00fasico valdiviano integrante fundador de la banda Bock y presidente de la Asociaci\u00f3n de m\u00fasicos de Rock de Valdivia.<\/li>\n<li><strong>Jorge C\u00e1rdenas<\/strong>: Ingeniero Ac\u00fastico y docente del Instituto de Ac\u00fastica UACh. Su trabajo se ha concentrado principalmente en la grabaci\u00f3n y el refuerzo sonoro. Ha sido responsable de la grabaci\u00f3n de numerosas producciones musicales de car\u00e1cter regional y nacional.<\/li>\n<\/ul>\n<p>Los aspectos que evalu\u00f3 el jurado fueron originalidad, musicalidad, cohesi\u00f3n de la banda, afinaci\u00f3n y r\u00edtmica.<\/p>\n<h5><strong>Concursos Anteriores<\/strong><\/h5>\n<p><strong><a href=\"https:\/\/www.acusticauach.cl\/?page_id=4642\">Concurso de Bandas Escolares (Principal)<\/a><\/strong><\/p>\n<ul id=\"menu-concursobandas\" class=\"menu\">\n<li class=\"menu-item menu-item-type-post_type menu-item-object-page menu-item-6559\"><a href=\"https:\/\/www.acusticauach.cl\/?page_id=11030\">8\u00b0 Concurso de Bandas 2018<\/a><\/li>\n<li class=\"menu-item menu-item-type-post_type menu-item-object-page menu-item-6559\"><a href=\"https:\/\/www.acusticauach.cl\/?page_id=9482\">7\u00b0 Concurso de Bandas 2017<\/a><\/li>\n<li class=\"menu-item menu-item-type-post_type menu-item-object-page menu-item-6559\"><a href=\"https:\/\/www.acusticauach.cl\/?page_id=9175\">6\u00b0 Concurso de Bandas 2016<\/a><\/li>\n<li id=\"menu-item-6559\" class=\"menu-item menu-item-type-post_type menu-item-object-page menu-item-6559\"><a href=\"https:\/\/www.acusticauach.cl\/?page_id=6548\">5\u00b0 Concurso de Bandas 2015<\/a><\/li>\n<li id=\"menu-item-4637\" class=\"menu-item menu-item-type-post_type menu-item-object-page menu-item-4637\"><a href=\"https:\/\/www.acusticauach.cl\/?page_id=4144\">4o Concurso de Bandas 2014<\/a><\/li>\n<li id=\"menu-item-4640\" class=\"menu-item menu-item-type-post_type menu-item-object-page menu-item-4640\"><a href=\"https:\/\/www.acusticauach.cl\/?page_id=3162\">3er Concurso de Bandas 2013<\/a><\/li>\n<li id=\"menu-item-4639\" class=\"menu-item menu-item-type-post_type menu-item-object-page menu-item-4639\"><a href=\"https:\/\/www.acusticauach.cl\/?page_id=3173\">2o Concurso de Bandas 2012<\/a><\/li>\n<li id=\"menu-item-4638\" class=\"menu-item menu-item-type-post_type menu-item-object-page menu-item-4638\"><a href=\"https:\/\/www.acusticauach.cl\/?page_id=3242\">1er Concurso de Bandas 2011<\/a><\/li>\n<\/ul>\n","protected":false},"excerpt":{"rendered":"<p>Por sexto a\u00f1o consecutivo la carrera de Ingenier\u00eda Civil Ac\u00fastica de la Universidad Austral de Chile invit\u00f3 a todos los estudiantes secundarios del pa\u00eds a participar en una nueva versi\u00f3n del Concurso de Bandas Escolares 2016. El concurso est\u00e1 dirigido a bandas de todo Chile, que sean estudiantes regulares de ense\u00f1anza media y que posean [&hellip;]<\/p>\n","protected":false},"author":2,"featured_media":7918,"parent":4642,"menu_order":3,"comment_status":"closed","ping_status":"closed","template":"","meta":{"footnotes":""},"class_list":["post-9175","page","type-page","status-publish","has-post-thumbnail","hentry"],"_links":{"self":[{"href":"https:\/\/www.acusticauach.cl\/index.php?rest_route=\/wp\/v2\/pages\/9175","targetHints":{"allow":["GET"]}}],"collection":[{"href":"https:\/\/www.acusticauach.cl\/index.php?rest_route=\/wp\/v2\/pages"}],"about":[{"href":"https:\/\/www.acusticauach.cl\/index.php?rest_route=\/wp\/v2\/types\/page"}],"author":[{"embeddable":true,"href":"https:\/\/www.acusticauach.cl\/index.php?rest_route=\/wp\/v2\/users\/2"}],"replies":[{"embeddable":true,"href":"https:\/\/www.acusticauach.cl\/index.php?rest_route=%2Fwp%2Fv2%2Fcomments&post=9175"}],"version-history":[{"count":0,"href":"https:\/\/www.acusticauach.cl\/index.php?rest_route=\/wp\/v2\/pages\/9175\/revisions"}],"up":[{"embeddable":true,"href":"https:\/\/www.acusticauach.cl\/index.php?rest_route=\/wp\/v2\/pages\/4642"}],"wp:featuredmedia":[{"embeddable":true,"href":"https:\/\/www.acusticauach.cl\/index.php?rest_route=\/wp\/v2\/media\/7918"}],"wp:attachment":[{"href":"https:\/\/www.acusticauach.cl\/index.php?rest_route=%2Fwp%2Fv2%2Fmedia&parent=9175"}],"curies":[{"name":"wp","href":"https:\/\/api.w.org\/{rel}","templated":true}]}}