{"id":8808,"date":"2017-06-12T23:31:52","date_gmt":"2017-06-13T03:31:52","guid":{"rendered":"http:\/\/www.acusticauach.cl\/?page_id=8808"},"modified":"2026-01-26T13:35:21","modified_gmt":"2026-01-26T16:35:21","slug":"postulacion-magister","status":"publish","type":"page","link":"https:\/\/www.acusticauach.cl\/?page_id=8808","title":{"rendered":"Postulaci\u00f3n Magister"},"content":{"rendered":"<h5><strong>\u00a0<\/strong><\/h5>\n<h5><strong><img decoding=\"async\" class=\"aligncenter size-full wp-image-16926\" src=\"https:\/\/www.acusticauach.cl\/wp-content\/uploads\/2025\/04\/MAV_ACREDITACION_5_AGNOS_2025-1.jpg\" alt=\"\" width=\"400\" height=\"529\" srcset=\"https:\/\/www.acusticauach.cl\/wp-content\/uploads\/2025\/04\/MAV_ACREDITACION_5_AGNOS_2025-1.jpg 400w, https:\/\/www.acusticauach.cl\/wp-content\/uploads\/2025\/04\/MAV_ACREDITACION_5_AGNOS_2025-1-227x300.jpg 227w, https:\/\/www.acusticauach.cl\/wp-content\/uploads\/2025\/04\/MAV_ACREDITACION_5_AGNOS_2025-1-95x125.jpg 95w, https:\/\/www.acusticauach.cl\/wp-content\/uploads\/2025\/04\/MAV_ACREDITACION_5_AGNOS_2025-1-57x75.jpg 57w\" sizes=\"(max-width: 400px) 100vw, 400px\" \/>Requisitos para Programas de Magister.<\/strong><\/h5>\n<ol>\n<li>Estar en posesi\u00f3n del grado acad\u00e9mico de licenciado o de un t\u00edtulo profesional en el \u00e1rea de las ciencias de la ingenier\u00eda cuyo nivel y contenidos sean equivalentes a los requeridos para la licenciatura.<\/li>\n<li>En casos excepcionales, el programa podr\u00eda considerar la evaluaci\u00f3n de postulantes con grados\u00a0acad\u00e9micos o t\u00edtulos profesionales en \u00e1reas afines a la ac\u00fastica y vibraciones en disciplinas distintas\u00a0de la ingenier\u00eda. En dichos casos, los postulantes deben acreditar una formaci\u00f3n robusta en\u00a0matem\u00e1ticas, f\u00edsica y fundamentos de la ac\u00fastica. La acreditaci\u00f3n de esa formaci\u00f3n previa puede\u00a0realizarse mediante la certificaci\u00f3n de las calificaciones en cursos aprobados sobre esas materias\u00a0del modo descrito en el requisito 3 o a trav\u00e9s de la aprobaci\u00f3n satisfactoria de un plan de\u00a0nivelaci\u00f3n dise\u00f1ado por el Comit\u00e9 de Programa a postulantes preseleccionados.<\/li>\n<li>Acreditar un rendimiento acad\u00e9mico sobresaliente o destacado en los estudios realizados que refleje concordancia con las exigencias de conocimientos previos definidas en las actividades curriculares del Plan de Estudios del programa. Para el cumplimiento de este requisito, los postulantes deben presentar los certificados de notas de los cursos rendidos en los estudios previos, presentados como antecedentes en la postulaci\u00f3n, con las correspondientes calificaciones\u00a0e informaci\u00f3n sobre el sistema de calificaci\u00f3n, visados por la instituci\u00f3n de estudios que los emite.<\/li>\n<li>Presentar un Curr\u00edculum Vitae que documente la trayectoria de actividades acad\u00e9micas y profesionales realizadas pertinentes y de relevancia al inter\u00e9s de profundizaci\u00f3n de estudios en el programa.<\/li>\n<li>Adjuntar dos cartas de recomendaci\u00f3n o informes de acad\u00e9micos que avalen la postulaci\u00f3n a un programa de este tipo.<\/li>\n<\/ol>\n<p>La pauta de evaluaci\u00f3n de la postulaci\u00f3n es la siguiente:<\/p>\n\n\n<div class=\"wp-block-file\"><a id=\"wp-block-file--media-fe197275-d19e-4fcd-8b43-c39ff34777fb\" href=\"https:\/\/www.acusticauach.cl\/wp-content\/uploads\/2024\/06\/Pauta_Evaluacion_Postulacion_MAV.xls\">Pauta_Evaluacio\u0301n_Postulacion_MAV<\/a><\/div>\n\n\n<p>Idioma: Todo alumno deber\u00e1 aprobar un examen de suficiencia del idioma ingl\u00e9s, cuya aprobaci\u00f3n se realizar\u00e1 durante el transcurso del programa, y no al momento de postular.<\/p>\n<h5><strong>Tipos de Ingreso<\/strong><\/h5>\n<p>Si bien los requisitos de ingreso son id\u00e9nticos para todos los postulantes interesados en el Mag\u00edster en Ac\u00fastica y Vibraciones, dado el n\u00famero limitado de cupos disponibles (el programa contempla un m\u00ednimo de tres y un m\u00e1ximo de diez estudiantes nuevos por cohorte), la selecci\u00f3n de los postulantes aceptados en el programa se realiza a trav\u00e9s de tres modalidades de ingreso:<\/p>\n<ol>\n<li>Ingreso regular<\/li>\n<li>Ingreso regular condicionado a aprobaci\u00f3n de un plan de nivelaci\u00f3n<\/li>\n<li>Ingreso a trav\u00e9s de la articulaci\u00f3n pregrado-mag\u00edster<\/li>\n<\/ol>\n<p>El proceso de selecci\u00f3n para los postulantes v\u00eda ingreso regular que realiza el Comit\u00e9 de\u00a0Programa, en conjunto con el Director de la Escuela de Graduados de la facultad de Ciencias de la Ingenier\u00eda.<\/p>\n<hr \/>\n<h5><strong>Postulaci\u00f3n OnLine<\/strong><\/h5>\n<p>A partir de junio de 2017, las postulaciones a los programas de postgrado de la Universidad Austral de Chile se realizan directamente a trav\u00e9s de una plataforma de postulaciones en l\u00ednea. Para iniciar el proceso de postulaci\u00f3n, debe elegir un programa de entre los que se mencionan en la lista y presionar \u00abpostular\u00bb.<\/p>\n<p><strong>Acceso directo al sistema de postulaci\u00f3n <a href=\"https:\/\/secure20.uach.cl\/Postgrado\/PostulacionAdmision\/PosBuscarPrograma.aspx\" target=\"_blank\" rel=\"noopener\">https:\/\/secure20.uach.cl\/Postgrado\/PostulacionAdmision\/PosBuscarPrograma.aspx<\/a><\/strong><\/p>\n<hr \/>\n<h5><strong>Matr\u00edcula del <\/strong><strong>Mag\u00edster en Ac\u00fastica y Vibraciones MAV<\/strong><\/h5>\n<p>Derechos de Inscripci\u00f3n $270.000 (valor 2026)<\/p>\n<h5><strong>Arancel del MAV<\/strong><\/h5>\n<p>El programa Mag\u00edster en Ac\u00fastica y Vibraciones tiene un costo anual de Programa (valor anual) $2.740.000 (valor 2026) (pesos chilenos)<\/p>\n<h5><strong>Becas y Beneficios<\/strong><\/h5>\n<p><strong>El Mag\u00edster en Ac\u00fastica y Vibraciones ha creado una beca de arancel para ingresos a partir del a\u00f1o 2020. Los interesados a postular a este beneficio pueden contactarse con la Direcci\u00f3n del Programa o con la Escuela de Graduados de la Facultad de Ciencias de la Ingenier\u00eda.<\/strong><\/p>\n<p>La Direcci\u00f3n de Estudios de Postgrado dispone de becas y beneficios complementarios para los estudiantes inscritos como alumnos regulares de los programas de la instituci\u00f3n. A las becas se accede mediante concurso interno en convocatorias semestrales. Las becas y beneficios disponibles est\u00e1n informadas en la web institucional, con sus respectivos formularios y m\u00e9todos de postulaci\u00f3n <a href=\"http:\/\/www.uach.cl\/postgrado\/principal\/becas\" target=\"_blank\" rel=\"noopener noreferrer\">http:\/\/www.uach.cl\/postgrado\/principal\/becas<\/a>, y son las siguientes (actualizado a junio de 2019):<\/p>\n<ul>\n<li>Becas de arancel para estudiantes de doctorado<\/li>\n<li>Becas para asistentes acad\u00e9micos: dirigida a estudiantes de mag\u00edster y doctorado.<\/li>\n<li>Becas de arancel para mag\u00edster de reciente creaci\u00f3n.<\/li>\n<li>Beca para finalizaci\u00f3n de tesis doctoral<\/li>\n<li>Becas de estad\u00edas en centros internacionales de investigaci\u00f3n<\/li>\n<li>Subsidio de asistencia a congresos nacionales e internacionales<\/li>\n<li>Bono de Alimentaci\u00f3n<\/li>\n<li>Sala Cuna<\/li>\n<li>Cobertura de salud<\/li>\n<\/ul>\n<p><a href=\"http:\/\/www.uach.cl\/postgrado\/principal\/becas\" target=\"_blank\" rel=\"noopener noreferrer\"><strong>M\u00e1s informaci\u00f3n en http:\/\/www.uach.cl\/postgrado\/principal\/becas<\/strong><\/a><\/p>\n\n<div class=\"wp-block-archives-dropdown wp-block-archives\"><label for=\"wp-block-archives-1\" class=\"wp-block-archives__label\">Archivos<\/label>\n\t\t<select id=\"wp-block-archives-1\" name=\"archive-dropdown\">\n\t\t<option value=\"\">Elegir el mes<\/option>\t<option value='https:\/\/www.acusticauach.cl\/?m=202604'> abril 2026 &nbsp;(2)<\/option>\n\t<option value='https:\/\/www.acusticauach.cl\/?m=202603'> marzo 2026 &nbsp;(2)<\/option>\n\t<option value='https:\/\/www.acusticauach.cl\/?m=202601'> enero 2026 &nbsp;(2)<\/option>\n\t<option value='https:\/\/www.acusticauach.cl\/?m=202512'> diciembre 2025 &nbsp;(5)<\/option>\n\t<option value='https:\/\/www.acusticauach.cl\/?m=202511'> noviembre 2025 &nbsp;(4)<\/option>\n\t<option value='https:\/\/www.acusticauach.cl\/?m=202510'> octubre 2025 &nbsp;(4)<\/option>\n\t<option value='https:\/\/www.acusticauach.cl\/?m=202509'> septiembre 2025 &nbsp;(2)<\/option>\n\t<option value='https:\/\/www.acusticauach.cl\/?m=202508'> agosto 2025 &nbsp;(4)<\/option>\n\t<option value='https:\/\/www.acusticauach.cl\/?m=202507'> julio 2025 &nbsp;(2)<\/option>\n\t<option value='https:\/\/www.acusticauach.cl\/?m=202506'> junio 2025 &nbsp;(2)<\/option>\n\t<option value='https:\/\/www.acusticauach.cl\/?m=202505'> mayo 2025 &nbsp;(7)<\/option>\n\t<option value='https:\/\/www.acusticauach.cl\/?m=202504'> abril 2025 &nbsp;(2)<\/option>\n\t<option value='https:\/\/www.acusticauach.cl\/?m=202503'> marzo 2025 &nbsp;(2)<\/option>\n\t<option value='https:\/\/www.acusticauach.cl\/?m=202501'> enero 2025 &nbsp;(1)<\/option>\n\t<option value='https:\/\/www.acusticauach.cl\/?m=202412'> diciembre 2024 &nbsp;(3)<\/option>\n\t<option value='https:\/\/www.acusticauach.cl\/?m=202411'> noviembre 2024 &nbsp;(6)<\/option>\n\t<option value='https:\/\/www.acusticauach.cl\/?m=202410'> octubre 2024 &nbsp;(3)<\/option>\n\t<option value='https:\/\/www.acusticauach.cl\/?m=202409'> septiembre 2024 &nbsp;(3)<\/option>\n\t<option value='https:\/\/www.acusticauach.cl\/?m=202408'> agosto 2024 &nbsp;(4)<\/option>\n\t<option value='https:\/\/www.acusticauach.cl\/?m=202407'> julio 2024 &nbsp;(6)<\/option>\n\t<option value='https:\/\/www.acusticauach.cl\/?m=202406'> junio 2024 &nbsp;(1)<\/option>\n\t<option value='https:\/\/www.acusticauach.cl\/?m=202405'> mayo 2024 &nbsp;(1)<\/option>\n\t<option value='https:\/\/www.acusticauach.cl\/?m=202404'> abril 2024 &nbsp;(5)<\/option>\n\t<option value='https:\/\/www.acusticauach.cl\/?m=202403'> marzo 2024 &nbsp;(2)<\/option>\n\t<option value='https:\/\/www.acusticauach.cl\/?m=202402'> febrero 2024 &nbsp;(1)<\/option>\n\t<option value='https:\/\/www.acusticauach.cl\/?m=202401'> enero 2024 &nbsp;(6)<\/option>\n\t<option value='https:\/\/www.acusticauach.cl\/?m=202312'> diciembre 2023 &nbsp;(6)<\/option>\n\t<option value='https:\/\/www.acusticauach.cl\/?m=202311'> noviembre 2023 &nbsp;(6)<\/option>\n\t<option value='https:\/\/www.acusticauach.cl\/?m=202310'> octubre 2023 &nbsp;(5)<\/option>\n\t<option value='https:\/\/www.acusticauach.cl\/?m=202309'> septiembre 2023 &nbsp;(6)<\/option>\n\t<option value='https:\/\/www.acusticauach.cl\/?m=202308'> agosto 2023 &nbsp;(5)<\/option>\n\t<option value='https:\/\/www.acusticauach.cl\/?m=202307'> julio 2023 &nbsp;(4)<\/option>\n\t<option value='https:\/\/www.acusticauach.cl\/?m=202306'> junio 2023 &nbsp;(2)<\/option>\n\t<option value='https:\/\/www.acusticauach.cl\/?m=202305'> mayo 2023 &nbsp;(2)<\/option>\n\t<option value='https:\/\/www.acusticauach.cl\/?m=202304'> abril 2023 &nbsp;(5)<\/option>\n\t<option value='https:\/\/www.acusticauach.cl\/?m=202303'> marzo 2023 &nbsp;(1)<\/option>\n\t<option value='https:\/\/www.acusticauach.cl\/?m=202301'> enero 2023 &nbsp;(4)<\/option>\n\t<option value='https:\/\/www.acusticauach.cl\/?m=202212'> diciembre 2022 &nbsp;(6)<\/option>\n\t<option value='https:\/\/www.acusticauach.cl\/?m=202211'> noviembre 2022 &nbsp;(6)<\/option>\n\t<option value='https:\/\/www.acusticauach.cl\/?m=202210'> octubre 2022 &nbsp;(4)<\/option>\n\t<option value='https:\/\/www.acusticauach.cl\/?m=202209'> septiembre 2022 &nbsp;(6)<\/option>\n\t<option value='https:\/\/www.acusticauach.cl\/?m=202206'> junio 2022 &nbsp;(2)<\/option>\n\t<option value='https:\/\/www.acusticauach.cl\/?m=202205'> mayo 2022 &nbsp;(7)<\/option>\n\t<option value='https:\/\/www.acusticauach.cl\/?m=202204'> abril 2022 &nbsp;(6)<\/option>\n\t<option value='https:\/\/www.acusticauach.cl\/?m=202203'> marzo 2022 &nbsp;(4)<\/option>\n\t<option value='https:\/\/www.acusticauach.cl\/?m=202201'> enero 2022 &nbsp;(4)<\/option>\n\t<option value='https:\/\/www.acusticauach.cl\/?m=202112'> diciembre 2021 &nbsp;(14)<\/option>\n\t<option value='https:\/\/www.acusticauach.cl\/?m=202111'> noviembre 2021 &nbsp;(7)<\/option>\n\t<option value='https:\/\/www.acusticauach.cl\/?m=202110'> octubre 2021 &nbsp;(8)<\/option>\n\t<option value='https:\/\/www.acusticauach.cl\/?m=202109'> septiembre 2021 &nbsp;(12)<\/option>\n\t<option value='https:\/\/www.acusticauach.cl\/?m=202108'> agosto 2021 &nbsp;(9)<\/option>\n\t<option value='https:\/\/www.acusticauach.cl\/?m=202107'> julio 2021 &nbsp;(14)<\/option>\n\t<option value='https:\/\/www.acusticauach.cl\/?m=202106'> junio 2021 &nbsp;(7)<\/option>\n\t<option value='https:\/\/www.acusticauach.cl\/?m=202105'> mayo 2021 &nbsp;(3)<\/option>\n\t<option value='https:\/\/www.acusticauach.cl\/?m=202104'> abril 2021 &nbsp;(5)<\/option>\n\t<option value='https:\/\/www.acusticauach.cl\/?m=202103'> marzo 2021 &nbsp;(4)<\/option>\n\t<option value='https:\/\/www.acusticauach.cl\/?m=202101'> enero 2021 &nbsp;(7)<\/option>\n\t<option value='https:\/\/www.acusticauach.cl\/?m=202012'> diciembre 2020 &nbsp;(8)<\/option>\n\t<option value='https:\/\/www.acusticauach.cl\/?m=202011'> noviembre 2020 &nbsp;(5)<\/option>\n\t<option value='https:\/\/www.acusticauach.cl\/?m=202010'> octubre 2020 &nbsp;(7)<\/option>\n\t<option value='https:\/\/www.acusticauach.cl\/?m=202009'> septiembre 2020 &nbsp;(15)<\/option>\n\t<option value='https:\/\/www.acusticauach.cl\/?m=202008'> agosto 2020 &nbsp;(12)<\/option>\n\t<option value='https:\/\/www.acusticauach.cl\/?m=202007'> julio 2020 &nbsp;(5)<\/option>\n\t<option value='https:\/\/www.acusticauach.cl\/?m=202006'> junio 2020 &nbsp;(7)<\/option>\n\t<option value='https:\/\/www.acusticauach.cl\/?m=202005'> mayo 2020 &nbsp;(1)<\/option>\n\t<option value='https:\/\/www.acusticauach.cl\/?m=202004'> abril 2020 &nbsp;(8)<\/option>\n\t<option value='https:\/\/www.acusticauach.cl\/?m=202003'> marzo 2020 &nbsp;(9)<\/option>\n\t<option value='https:\/\/www.acusticauach.cl\/?m=202002'> febrero 2020 &nbsp;(3)<\/option>\n\t<option value='https:\/\/www.acusticauach.cl\/?m=202001'> enero 2020 &nbsp;(5)<\/option>\n\t<option value='https:\/\/www.acusticauach.cl\/?m=201912'> diciembre 2019 &nbsp;(17)<\/option>\n\t<option value='https:\/\/www.acusticauach.cl\/?m=201911'> noviembre 2019 &nbsp;(8)<\/option>\n\t<option value='https:\/\/www.acusticauach.cl\/?m=201910'> octubre 2019 &nbsp;(11)<\/option>\n\t<option value='https:\/\/www.acusticauach.cl\/?m=201909'> septiembre 2019 &nbsp;(2)<\/option>\n\t<option value='https:\/\/www.acusticauach.cl\/?m=201908'> agosto 2019 &nbsp;(6)<\/option>\n\t<option value='https:\/\/www.acusticauach.cl\/?m=201907'> julio 2019 &nbsp;(6)<\/option>\n\t<option value='https:\/\/www.acusticauach.cl\/?m=201906'> junio 2019 &nbsp;(8)<\/option>\n\t<option value='https:\/\/www.acusticauach.cl\/?m=201905'> mayo 2019 &nbsp;(4)<\/option>\n\t<option value='https:\/\/www.acusticauach.cl\/?m=201904'> abril 2019 &nbsp;(9)<\/option>\n\t<option value='https:\/\/www.acusticauach.cl\/?m=201903'> marzo 2019 &nbsp;(7)<\/option>\n\t<option value='https:\/\/www.acusticauach.cl\/?m=201902'> febrero 2019 &nbsp;(2)<\/option>\n\t<option value='https:\/\/www.acusticauach.cl\/?m=201901'> enero 2019 &nbsp;(4)<\/option>\n\t<option value='https:\/\/www.acusticauach.cl\/?m=201812'> diciembre 2018 &nbsp;(8)<\/option>\n\t<option value='https:\/\/www.acusticauach.cl\/?m=201811'> noviembre 2018 &nbsp;(14)<\/option>\n\t<option value='https:\/\/www.acusticauach.cl\/?m=201810'> octubre 2018 &nbsp;(7)<\/option>\n\t<option value='https:\/\/www.acusticauach.cl\/?m=201809'> septiembre 2018 &nbsp;(4)<\/option>\n\t<option value='https:\/\/www.acusticauach.cl\/?m=201808'> agosto 2018 &nbsp;(6)<\/option>\n\t<option value='https:\/\/www.acusticauach.cl\/?m=201807'> julio 2018 &nbsp;(3)<\/option>\n\t<option value='https:\/\/www.acusticauach.cl\/?m=201806'> junio 2018 &nbsp;(7)<\/option>\n\t<option value='https:\/\/www.acusticauach.cl\/?m=201805'> mayo 2018 &nbsp;(5)<\/option>\n\t<option value='https:\/\/www.acusticauach.cl\/?m=201804'> abril 2018 &nbsp;(10)<\/option>\n\t<option value='https:\/\/www.acusticauach.cl\/?m=201803'> marzo 2018 &nbsp;(6)<\/option>\n\t<option value='https:\/\/www.acusticauach.cl\/?m=201802'> febrero 2018 &nbsp;(1)<\/option>\n\t<option value='https:\/\/www.acusticauach.cl\/?m=201801'> enero 2018 &nbsp;(3)<\/option>\n\t<option value='https:\/\/www.acusticauach.cl\/?m=201712'> diciembre 2017 &nbsp;(8)<\/option>\n\t<option value='https:\/\/www.acusticauach.cl\/?m=201711'> noviembre 2017 &nbsp;(13)<\/option>\n\t<option value='https:\/\/www.acusticauach.cl\/?m=201710'> octubre 2017 &nbsp;(11)<\/option>\n\t<option value='https:\/\/www.acusticauach.cl\/?m=201709'> septiembre 2017 &nbsp;(4)<\/option>\n\t<option value='https:\/\/www.acusticauach.cl\/?m=201708'> agosto 2017 &nbsp;(6)<\/option>\n\t<option value='https:\/\/www.acusticauach.cl\/?m=201707'> julio 2017 &nbsp;(3)<\/option>\n\t<option value='https:\/\/www.acusticauach.cl\/?m=201706'> junio 2017 &nbsp;(10)<\/option>\n\t<option value='https:\/\/www.acusticauach.cl\/?m=201705'> mayo 2017 &nbsp;(9)<\/option>\n\t<option value='https:\/\/www.acusticauach.cl\/?m=201704'> abril 2017 &nbsp;(13)<\/option>\n\t<option value='https:\/\/www.acusticauach.cl\/?m=201703'> marzo 2017 &nbsp;(6)<\/option>\n\t<option value='https:\/\/www.acusticauach.cl\/?m=201702'> febrero 2017 &nbsp;(1)<\/option>\n\t<option value='https:\/\/www.acusticauach.cl\/?m=201701'> enero 2017 &nbsp;(2)<\/option>\n\t<option value='https:\/\/www.acusticauach.cl\/?m=201612'> diciembre 2016 &nbsp;(11)<\/option>\n\t<option value='https:\/\/www.acusticauach.cl\/?m=201611'> noviembre 2016 &nbsp;(9)<\/option>\n\t<option value='https:\/\/www.acusticauach.cl\/?m=201610'> octubre 2016 &nbsp;(6)<\/option>\n\t<option value='https:\/\/www.acusticauach.cl\/?m=201609'> septiembre 2016 &nbsp;(7)<\/option>\n\t<option value='https:\/\/www.acusticauach.cl\/?m=201608'> agosto 2016 &nbsp;(9)<\/option>\n\t<option value='https:\/\/www.acusticauach.cl\/?m=201607'> julio 2016 &nbsp;(5)<\/option>\n\t<option value='https:\/\/www.acusticauach.cl\/?m=201606'> junio 2016 &nbsp;(7)<\/option>\n\t<option value='https:\/\/www.acusticauach.cl\/?m=201605'> mayo 2016 &nbsp;(5)<\/option>\n\t<option value='https:\/\/www.acusticauach.cl\/?m=201604'> abril 2016 &nbsp;(18)<\/option>\n\t<option value='https:\/\/www.acusticauach.cl\/?m=201603'> marzo 2016 &nbsp;(6)<\/option>\n\t<option value='https:\/\/www.acusticauach.cl\/?m=201602'> febrero 2016 &nbsp;(1)<\/option>\n\t<option value='https:\/\/www.acusticauach.cl\/?m=201601'> enero 2016 &nbsp;(2)<\/option>\n\t<option value='https:\/\/www.acusticauach.cl\/?m=201512'> diciembre 2015 &nbsp;(6)<\/option>\n\t<option value='https:\/\/www.acusticauach.cl\/?m=201511'> noviembre 2015 &nbsp;(10)<\/option>\n\t<option value='https:\/\/www.acusticauach.cl\/?m=201510'> octubre 2015 &nbsp;(3)<\/option>\n\t<option value='https:\/\/www.acusticauach.cl\/?m=201509'> septiembre 2015 &nbsp;(2)<\/option>\n\t<option value='https:\/\/www.acusticauach.cl\/?m=201508'> agosto 2015 &nbsp;(4)<\/option>\n\t<option value='https:\/\/www.acusticauach.cl\/?m=201507'> julio 2015 &nbsp;(4)<\/option>\n\t<option value='https:\/\/www.acusticauach.cl\/?m=201506'> junio 2015 &nbsp;(12)<\/option>\n\t<option value='https:\/\/www.acusticauach.cl\/?m=201505'> mayo 2015 &nbsp;(6)<\/option>\n\t<option value='https:\/\/www.acusticauach.cl\/?m=201504'> abril 2015 &nbsp;(6)<\/option>\n\t<option value='https:\/\/www.acusticauach.cl\/?m=201503'> marzo 2015 &nbsp;(7)<\/option>\n\t<option value='https:\/\/www.acusticauach.cl\/?m=201502'> febrero 2015 &nbsp;(1)<\/option>\n\t<option value='https:\/\/www.acusticauach.cl\/?m=201501'> enero 2015 &nbsp;(5)<\/option>\n\t<option value='https:\/\/www.acusticauach.cl\/?m=201412'> diciembre 2014 &nbsp;(13)<\/option>\n\t<option value='https:\/\/www.acusticauach.cl\/?m=201411'> noviembre 2014 &nbsp;(9)<\/option>\n\t<option value='https:\/\/www.acusticauach.cl\/?m=201410'> octubre 2014 &nbsp;(7)<\/option>\n\t<option value='https:\/\/www.acusticauach.cl\/?m=201409'> septiembre 2014 &nbsp;(8)<\/option>\n\t<option value='https:\/\/www.acusticauach.cl\/?m=201408'> agosto 2014 &nbsp;(6)<\/option>\n\t<option value='https:\/\/www.acusticauach.cl\/?m=201407'> julio 2014 &nbsp;(3)<\/option>\n\t<option value='https:\/\/www.acusticauach.cl\/?m=201405'> mayo 2014 &nbsp;(7)<\/option>\n\t<option value='https:\/\/www.acusticauach.cl\/?m=201404'> abril 2014 &nbsp;(5)<\/option>\n\t<option value='https:\/\/www.acusticauach.cl\/?m=201403'> marzo 2014 &nbsp;(2)<\/option>\n\t<option value='https:\/\/www.acusticauach.cl\/?m=201402'> febrero 2014 &nbsp;(1)<\/option>\n\t<option value='https:\/\/www.acusticauach.cl\/?m=201401'> enero 2014 &nbsp;(4)<\/option>\n\t<option value='https:\/\/www.acusticauach.cl\/?m=201312'> diciembre 2013 &nbsp;(13)<\/option>\n\t<option value='https:\/\/www.acusticauach.cl\/?m=201311'> noviembre 2013 &nbsp;(8)<\/option>\n\t<option value='https:\/\/www.acusticauach.cl\/?m=201310'> octubre 2013 &nbsp;(11)<\/option>\n\t<option value='https:\/\/www.acusticauach.cl\/?m=201309'> septiembre 2013 &nbsp;(8)<\/option>\n\t<option value='https:\/\/www.acusticauach.cl\/?m=201308'> agosto 2013 &nbsp;(9)<\/option>\n\t<option value='https:\/\/www.acusticauach.cl\/?m=201307'> julio 2013 &nbsp;(2)<\/option>\n\t<option value='https:\/\/www.acusticauach.cl\/?m=201306'> junio 2013 &nbsp;(6)<\/option>\n\t<option value='https:\/\/www.acusticauach.cl\/?m=201305'> mayo 2013 &nbsp;(9)<\/option>\n\t<option value='https:\/\/www.acusticauach.cl\/?m=201304'> abril 2013 &nbsp;(6)<\/option>\n\t<option value='https:\/\/www.acusticauach.cl\/?m=201303'> marzo 2013 &nbsp;(3)<\/option>\n\t<option value='https:\/\/www.acusticauach.cl\/?m=201301'> enero 2013 &nbsp;(6)<\/option>\n\t<option value='https:\/\/www.acusticauach.cl\/?m=201212'> diciembre 2012 &nbsp;(7)<\/option>\n\t<option value='https:\/\/www.acusticauach.cl\/?m=201211'> noviembre 2012 &nbsp;(9)<\/option>\n\t<option value='https:\/\/www.acusticauach.cl\/?m=201210'> octubre 2012 &nbsp;(11)<\/option>\n\t<option value='https:\/\/www.acusticauach.cl\/?m=201209'> septiembre 2012 &nbsp;(5)<\/option>\n\t<option value='https:\/\/www.acusticauach.cl\/?m=201208'> agosto 2012 &nbsp;(3)<\/option>\n\t<option value='https:\/\/www.acusticauach.cl\/?m=201207'> julio 2012 &nbsp;(2)<\/option>\n\t<option value='https:\/\/www.acusticauach.cl\/?m=201206'> junio 2012 &nbsp;(8)<\/option>\n\t<option value='https:\/\/www.acusticauach.cl\/?m=201205'> mayo 2012 &nbsp;(5)<\/option>\n\t<option value='https:\/\/www.acusticauach.cl\/?m=201204'> abril 2012 &nbsp;(2)<\/option>\n\t<option value='https:\/\/www.acusticauach.cl\/?m=201203'> marzo 2012 &nbsp;(1)<\/option>\n\t<option value='https:\/\/www.acusticauach.cl\/?m=201201'> enero 2012 &nbsp;(2)<\/option>\n\t<option value='https:\/\/www.acusticauach.cl\/?m=201112'> diciembre 2011 &nbsp;(3)<\/option>\n\t<option value='https:\/\/www.acusticauach.cl\/?m=201111'> noviembre 2011 &nbsp;(2)<\/option>\n\t<option value='https:\/\/www.acusticauach.cl\/?m=201106'> junio 2011 &nbsp;(2)<\/option>\n\t<option value='https:\/\/www.acusticauach.cl\/?m=201103'> marzo 2011 &nbsp;(1)<\/option>\n\t<option value='https:\/\/www.acusticauach.cl\/?m=201101'> enero 2011 &nbsp;(3)<\/option>\n\t<option value='https:\/\/www.acusticauach.cl\/?m=201011'> noviembre 2010 &nbsp;(1)<\/option>\n\t<option value='https:\/\/www.acusticauach.cl\/?m=200911'> noviembre 2009 &nbsp;(1)<\/option>\n\t<option value='https:\/\/www.acusticauach.cl\/?m=200909'> septiembre 2009 &nbsp;(1)<\/option>\n\t<option value='https:\/\/www.acusticauach.cl\/?m=200904'> abril 2009 &nbsp;(1)<\/option>\n\t<option value='https:\/\/www.acusticauach.cl\/?m=200001'> enero 2000 &nbsp;(1)<\/option>\n<\/select><script type=\"text\/javascript\">\n\/* <![CDATA[ *\/\n( ( [ dropdownId, homeUrl ] ) => {\n\t\tconst dropdown = document.getElementById( dropdownId );\n\t\tfunction onSelectChange() {\n\t\t\tsetTimeout( () => {\n\t\t\t\tif ( 'escape' === dropdown.dataset.lastkey ) {\n\t\t\t\t\treturn;\n\t\t\t\t}\n\t\t\t\tif ( dropdown.value ) {\n\t\t\t\t\tlocation.href = dropdown.value;\n\t\t\t\t}\n\t\t\t}, 250 );\n\t\t}\n\t\tfunction onKeyUp( event ) {\n\t\t\tif ( 'Escape' === event.key ) {\n\t\t\t\tdropdown.dataset.lastkey = 'escape';\n\t\t\t} else {\n\t\t\t\tdelete dropdown.dataset.lastkey;\n\t\t\t}\n\t\t}\n\t\tfunction onClick() {\n\t\t\tdelete dropdown.dataset.lastkey;\n\t\t}\n\t\tdropdown.addEventListener( 'keyup', onKeyUp );\n\t\tdropdown.addEventListener( 'click', onClick );\n\t\tdropdown.addEventListener( 'change', onSelectChange );\n\t} )( [\"wp-block-archives-1\",\"https:\/\/www.acusticauach.cl\"] );\n\/\/# sourceURL=block_core_archives_build_dropdown_script\n\/* ]]> *\/\n<\/script>\n<\/div>\n\n\n<p>&nbsp;<\/p>\n","protected":false},"excerpt":{"rendered":"<p>\u00a0 Requisitos para Programas de Magister. Estar en posesi\u00f3n del grado acad\u00e9mico de licenciado o de un t\u00edtulo profesional en el \u00e1rea de las ciencias de la ingenier\u00eda cuyo nivel y contenidos sean equivalentes a los requeridos para la licenciatura. En casos excepcionales, el programa podr\u00eda considerar la evaluaci\u00f3n de postulantes con grados\u00a0acad\u00e9micos o t\u00edtulos [&hellip;]<\/p>\n","protected":false},"author":2,"featured_media":1445,"parent":5913,"menu_order":0,"comment_status":"closed","ping_status":"closed","template":"","meta":{"footnotes":""},"class_list":["post-8808","page","type-page","status-publish","has-post-thumbnail","hentry"],"_links":{"self":[{"href":"https:\/\/www.acusticauach.cl\/index.php?rest_route=\/wp\/v2\/pages\/8808","targetHints":{"allow":["GET"]}}],"collection":[{"href":"https:\/\/www.acusticauach.cl\/index.php?rest_route=\/wp\/v2\/pages"}],"about":[{"href":"https:\/\/www.acusticauach.cl\/index.php?rest_route=\/wp\/v2\/types\/page"}],"author":[{"embeddable":true,"href":"https:\/\/www.acusticauach.cl\/index.php?rest_route=\/wp\/v2\/users\/2"}],"replies":[{"embeddable":true,"href":"https:\/\/www.acusticauach.cl\/index.php?rest_route=%2Fwp%2Fv2%2Fcomments&post=8808"}],"version-history":[{"count":6,"href":"https:\/\/www.acusticauach.cl\/index.php?rest_route=\/wp\/v2\/pages\/8808\/revisions"}],"predecessor-version":[{"id":17400,"href":"https:\/\/www.acusticauach.cl\/index.php?rest_route=\/wp\/v2\/pages\/8808\/revisions\/17400"}],"up":[{"embeddable":true,"href":"https:\/\/www.acusticauach.cl\/index.php?rest_route=\/wp\/v2\/pages\/5913"}],"wp:featuredmedia":[{"embeddable":true,"href":"https:\/\/www.acusticauach.cl\/index.php?rest_route=\/wp\/v2\/media\/1445"}],"wp:attachment":[{"href":"https:\/\/www.acusticauach.cl\/index.php?rest_route=%2Fwp%2Fv2%2Fmedia&parent=8808"}],"curies":[{"name":"wp","href":"https:\/\/api.w.org\/{rel}","templated":true}]}}