{"id":8507,"date":"2017-04-24T19:02:57","date_gmt":"2017-04-24T22:02:57","guid":{"rendered":"http:\/\/www.acusticauach.cl\/?page_id=8507"},"modified":"2019-11-08T18:06:17","modified_gmt":"2019-11-08T21:06:17","slug":"estacion-monitoreo-de-ruido-en-valdivia","status":"publish","type":"page","link":"https:\/\/www.acusticauach.cl\/?page_id=8507","title":{"rendered":"Red de Monitoreo de Ruido en Valdivia"},"content":{"rendered":"\n<div class=\"wp-block-image\"><figure class=\"aligncenter\"><img decoding=\"async\" width=\"800\" height=\"450\" src=\"https:\/\/www.acusticauach.cl\/wp-content\/uploads\/2017\/04\/Estacion_UACh.jpg\" alt=\"\" class=\"wp-image-10275\" srcset=\"https:\/\/www.acusticauach.cl\/wp-content\/uploads\/2017\/04\/Estacion_UACh.jpg 800w, https:\/\/www.acusticauach.cl\/wp-content\/uploads\/2017\/04\/Estacion_UACh-300x169.jpg 300w, https:\/\/www.acusticauach.cl\/wp-content\/uploads\/2017\/04\/Estacion_UACh-768x432.jpg 768w, https:\/\/www.acusticauach.cl\/wp-content\/uploads\/2017\/04\/Estacion_UACh-700x394.jpg 700w, https:\/\/www.acusticauach.cl\/wp-content\/uploads\/2017\/04\/Estacion_UACh-500x281.jpg 500w\" sizes=\"(max-width: 800px) 100vw, 800px\" \/><\/figure><\/div>\n\n\n\n<h5 class=\"wp-block-heading\"><strong>Proyecto Fondecyt \u201cDevelopment of low-cost models for urban noise assessment\u201d<\/strong><\/h5>\n\n\n\n<p>Acad\u00e9micos de la UACh y Universidad Aut\u00f3noma de Chile, se adjudicaron un proyecto del Concurso FONDECYT Regular 2018 de CONICYT. La iniciativa tiene como objetivo el an\u00e1lisis temporal y espacial del ruido de diferentes ciudades. El objetivo es encontrar patrones que permitan abaratar costes en la realizaci\u00f3n y actualizaci\u00f3n de los estudios de evaluaci\u00f3n de ruido urbano, entre ellos, los mapas de ruido.<\/p>\n\n\n\n<p>El proyecto se titula <strong>\u201cDevelopment of low-cost models for urban noise assessment\u201d,<\/strong> tiene una duraci\u00f3n de 3 a\u00f1os y se adjudic\u00f3 172 millones 900 mil pesos para su ejecuci\u00f3n.<\/p>\n\n\n\n<p>Los investigadores son el Dr. Guillermo Rey Gozalo, de la Universidad Aut\u00f3noma de Chile\/Universidad de Extremadura (Espa\u00f1a), junto al Dr. Enrique Su\u00e1rez y el Dr. Jorge Arenas del Instituto de Ac\u00fastica de la Facultad de Ciencias de la Ingenier\u00eda UACh.<\/p>\n\n\n\n<p><strong>Colaboran en este proyecto el Ministerio del Medio Ambiente MMA, con quienes se compartir\u00e1n datos de medici\u00f3n de las redes de este proyecto, y los datos que se generan en la red de monitoreo del MMA en el Gran Santiago.<\/strong><\/p>\n\n\n\n<p><strong>Adem\u00e1s, la instalaci\u00f3n de las estaciones monitoras en Valdivia cuenta con la importante colaboraci\u00f3n de la Secretar\u00eda Regional Ministerial de Medio Ambiente Los R\u00edos, la Municipalidad de Valdivia y Carabineros de Chile.<\/strong><\/p>\n\n\n\n<p>(<a href=\"https:\/\/www.acusticauach.cl\/?p=10267\">ver noticia<\/a>).<\/p>\n\n\n\n<p style=\"text-align:center\"><strong><a href=\"https:\/\/www.acusticauach.cl\/?page_id=8507\">Estaciones de Monitoreo en Valdivia<\/a><\/strong><\/p>\n\n\n\n<p style=\"text-align:center\"><strong><a href=\"https:\/\/www.acusticauach.cl\/?page_id=11127\">Estaci\u00f3n 1<\/a>&nbsp;&nbsp;|&nbsp;<a href=\"https:\/\/www.acusticauach.cl\/?page_id=11130\">Estaci\u00f3n 2&nbsp;<\/a>&nbsp;|&nbsp;<a href=\"https:\/\/www.acusticauach.cl\/?page_id=11133\">Estaci\u00f3n 3<\/a>&nbsp;&nbsp;|&nbsp;<a href=\"https:\/\/www.acusticauach.cl\/?page_id=11136\">Estaci\u00f3n 4<\/a>&nbsp;&nbsp;|&nbsp;<a href=\"https:\/\/www.acusticauach.cl\/?page_id=11110\">Estaci\u00f3n 5<\/a><\/strong><\/p>\n\n\n\n<hr class=\"wp-block-separator\"\/>\n\n\n\n<h5 class=\"wp-block-heading\"><b>Visualizar datos de la Red de <\/b><span style=\"color: #000000;\"><b>Estaciones<\/b><\/span><b>&nbsp;Monitoras de Ruido de&nbsp;<\/b><span style=\"color: #000000;\"><b>Tr\u00e1nsito en Valdivia<\/b><\/span><\/h5>\n\n\n\n<div class=\"wp-block-image\"><figure class=\"aligncenter\"><img decoding=\"async\" width=\"1402\" height=\"789\" src=\"https:\/\/www.acusticauach.cl\/wp-content\/uploads\/2017\/04\/MAPA_ESTACIONES_ANUALES_VALDIVIA_01.jpg\" alt=\"\" class=\"wp-image-10634\" srcset=\"https:\/\/www.acusticauach.cl\/wp-content\/uploads\/2017\/04\/MAPA_ESTACIONES_ANUALES_VALDIVIA_01.jpg 1402w, https:\/\/www.acusticauach.cl\/wp-content\/uploads\/2017\/04\/MAPA_ESTACIONES_ANUALES_VALDIVIA_01-300x169.jpg 300w, https:\/\/www.acusticauach.cl\/wp-content\/uploads\/2017\/04\/MAPA_ESTACIONES_ANUALES_VALDIVIA_01-768x432.jpg 768w, https:\/\/www.acusticauach.cl\/wp-content\/uploads\/2017\/04\/MAPA_ESTACIONES_ANUALES_VALDIVIA_01-1024x576.jpg 1024w, https:\/\/www.acusticauach.cl\/wp-content\/uploads\/2017\/04\/MAPA_ESTACIONES_ANUALES_VALDIVIA_01-700x394.jpg 700w, https:\/\/www.acusticauach.cl\/wp-content\/uploads\/2017\/04\/MAPA_ESTACIONES_ANUALES_VALDIVIA_01-500x281.jpg 500w\" sizes=\"(max-width: 1402px) 100vw, 1402px\" \/><\/figure><\/div>\n\n\n\n<p><strong> Nota: Debe habilitar la ejecuci\u00f3n de \u00abscripts\u00bb para esta p\u00e1gina, o ir al enlace indicado. <\/strong><\/p>\n\n\n\n<p><b>Datos en tiempo real de la Estaci\u00f3n 1 \u00abCampus Miraflores\u00bb<\/b>  (<a rel=\"noreferrer noopener\" href=\"http:\/\/acusticauach.absentia.cl:8888\/embed\/b827eba3c2c1\" target=\"_blank\">&nbsp;Ver directamente aqu\u00ed<\/a>) <\/p>\n\n\n\n<!-- iframe plugin v.6.0 wordpress.org\/plugins\/iframe\/ -->\n<iframe src=\"http:\/\/acusticauach.absentia.cl:8888\/embed\/b827eba3c2c1\" width=\"700;\" height=\"400;\" frameborder=\"no\" scrolling=\"no\" align=\"middle\" class=\"iframe-class\"><\/iframe>\n\n\n\n\n<p><b>Datos en tiempo real de la Estaci\u00f3n 5 \u00abRet\u00e9n &#8211; Carabineros de Chile\u00bb<\/b> ( <a rel=\"noreferrer noopener\" href=\"http:\/\/acusticauach.absentia.cl:8888\/embed\/b827eba51538\" target=\"_blank\">Ver directamente aqu\u00ed<\/a>) <\/p>\n\n\n\n<!-- iframe plugin v.6.0 wordpress.org\/plugins\/iframe\/ -->\n<iframe src=\"http:\/\/acusticauach.absentia.cl:8888\/embed\/b827eba51538\" width=\"700;\" height=\"400;\" frameborder=\"no\" scrolling=\"no\" align=\"middle\" class=\"iframe-class\"><\/iframe>\n\n\n\n\n<h5>Estaciones semanales<\/h5>\n\n\n\n<p>El proyecto comenz\u00f3 a medir en Valdivia en noviembre de 2018, con las cinco estaciones de monitoreo continuo por un a\u00f1o, adem\u00e1s de 20 estaciones semanales y 300 mediciones puntuales en toda la ciudad.<\/p>\n\n\n\n<div class=\"wp-block-image\"><figure class=\"aligncenter\"><img decoding=\"async\" width=\"1000\" height=\"562\" src=\"https:\/\/www.acusticauach.cl\/wp-content\/uploads\/2019\/11\/Instalacion_Telefonica_1000x562.jpeg\" alt=\"\" class=\"wp-image-12713\" srcset=\"https:\/\/www.acusticauach.cl\/wp-content\/uploads\/2019\/11\/Instalacion_Telefonica_1000x562.jpeg 1000w, https:\/\/www.acusticauach.cl\/wp-content\/uploads\/2019\/11\/Instalacion_Telefonica_1000x562-300x169.jpeg 300w, https:\/\/www.acusticauach.cl\/wp-content\/uploads\/2019\/11\/Instalacion_Telefonica_1000x562-768x432.jpeg 768w, https:\/\/www.acusticauach.cl\/wp-content\/uploads\/2019\/11\/Instalacion_Telefonica_1000x562-125x70.jpeg 125w, https:\/\/www.acusticauach.cl\/wp-content\/uploads\/2019\/11\/Instalacion_Telefonica_1000x562-75x42.jpeg 75w\" sizes=\"(max-width: 1000px) 100vw, 1000px\" \/><figcaption>Instalaci\u00f3n de estaci\u00f3n semanal CESVA. Colaboraci\u00f3n con Telef\u00f3nica del Sur a trav\u00e9s de la mesa Smartcity Valdivia.<\/figcaption><\/figure><\/div>\n\n\n\n<hr class=\"wp-block-separator\"\/>\n\n\n\n<p style=\"text-align:center\"><strong><a href=\"https:\/\/www.acusticauach.cl\/?page_id=8507\">Estaciones de Monitoreo en Valdivia<\/a><\/strong><\/p>\n\n\n\n<p style=\"text-align:center\"><strong><a href=\"https:\/\/www.acusticauach.cl\/?page_id=11127\">Estaci\u00f3n 1<\/a>&nbsp;&nbsp;|&nbsp;<a href=\"https:\/\/www.acusticauach.cl\/?page_id=11130\">Estaci\u00f3n 2&nbsp;<\/a>&nbsp;|&nbsp;<a href=\"https:\/\/www.acusticauach.cl\/?page_id=11133\">Estaci\u00f3n 3<\/a>&nbsp;&nbsp;|&nbsp;<a href=\"https:\/\/www.acusticauach.cl\/?page_id=11136\">Estaci\u00f3n 4<\/a>&nbsp;&nbsp;|&nbsp;<a href=\"https:\/\/www.acusticauach.cl\/?page_id=11110\">Estaci\u00f3n 5<\/a><\/strong><\/p>\n\n\n\n<hr class=\"wp-block-separator\"\/>\n","protected":false},"excerpt":{"rendered":"<p>Proyecto Fondecyt \u201cDevelopment of low-cost models for urban noise assessment\u201d Acad\u00e9micos de la UACh y Universidad Aut\u00f3noma de Chile, se adjudicaron un proyecto del Concurso FONDECYT Regular 2018 de CONICYT. La iniciativa tiene como objetivo el an\u00e1lisis temporal y espacial del ruido de diferentes ciudades. El objetivo es encontrar patrones que permitan abaratar costes en [&hellip;]<\/p>\n","protected":false},"author":2,"featured_media":12597,"parent":0,"menu_order":0,"comment_status":"closed","ping_status":"closed","template":"","meta":{"footnotes":""},"class_list":["post-8507","page","type-page","status-publish","has-post-thumbnail","hentry"],"_links":{"self":[{"href":"https:\/\/www.acusticauach.cl\/index.php?rest_route=\/wp\/v2\/pages\/8507","targetHints":{"allow":["GET"]}}],"collection":[{"href":"https:\/\/www.acusticauach.cl\/index.php?rest_route=\/wp\/v2\/pages"}],"about":[{"href":"https:\/\/www.acusticauach.cl\/index.php?rest_route=\/wp\/v2\/types\/page"}],"author":[{"embeddable":true,"href":"https:\/\/www.acusticauach.cl\/index.php?rest_route=\/wp\/v2\/users\/2"}],"replies":[{"embeddable":true,"href":"https:\/\/www.acusticauach.cl\/index.php?rest_route=%2Fwp%2Fv2%2Fcomments&post=8507"}],"version-history":[{"count":0,"href":"https:\/\/www.acusticauach.cl\/index.php?rest_route=\/wp\/v2\/pages\/8507\/revisions"}],"wp:featuredmedia":[{"embeddable":true,"href":"https:\/\/www.acusticauach.cl\/index.php?rest_route=\/wp\/v2\/media\/12597"}],"wp:attachment":[{"href":"https:\/\/www.acusticauach.cl\/index.php?rest_route=%2Fwp%2Fv2%2Fmedia&parent=8507"}],"curies":[{"name":"wp","href":"https:\/\/api.w.org\/{rel}","templated":true}]}}