{"id":8259,"date":"2016-12-24T11:56:28","date_gmt":"2016-12-24T14:56:28","guid":{"rendered":"http:\/\/www.acusticauach.cl\/?page_id=8259"},"modified":"2023-10-28T21:50:25","modified_gmt":"2023-10-29T00:50:25","slug":"plan-de-estudios-2017","status":"publish","type":"page","link":"https:\/\/www.acusticauach.cl\/?page_id=8259","title":{"rendered":"Plan de Estudios"},"content":{"rendered":"\n<h2 class=\"wp-block-heading\"><strong><span style=\"line-height: 24px;\">Plan de estudios 2019 &#8211; Curr\u00edculum Innovado<\/span><\/strong><\/h2>\n\n\n\n<h4 class=\"wp-block-heading\"><strong>Ingenier\u00eda Civil Ac\u00fastica<\/strong><\/h4>\n\n\n\n<ul class=\"wp-block-list\">\n<li><strong>T\u00edtulo<\/strong>: Ingeniero\/a Civil Ac\u00fastico\/a<\/li>\n\n\n\n<li><strong>Grado Acad\u00e9mico:<\/strong> Bachiller en Ciencias de la Ingenier\u00eda, Licenciado\/a en Ciencias de la Ingenier\u00eda<\/li>\n\n\n\n<li>Informaci\u00f3n actualizada desde&nbsp;<a href=\"http:\/\/www.uach.cl\/dw\/admision\/plandeestudio.php?car=1730\" target=\"_blank\" rel=\"noopener noreferrer\">http:\/\/www.uach.cl\/dw\/admision\/plandeestudio.php?car=1730<\/a><\/li>\n<\/ul>\n\n\n\n<h4 class=\"wp-block-heading\">I SEMESTRE<\/h4>\n\n\n\n<ul class=\"wp-block-list\">\n<li><a href=\"https:\/\/www.acusticauach.cl\/?p=14527\">ACUS050 MUSISONOLOG\u00cdA<\/a><\/li>\n\n\n\n<li><a href=\"https:\/\/www.acusticauach.cl\/?p=15029\">ACUS070 TALLER DE INTRODUCCI\u00d3N A LA AC\u00daSTICA<\/a><\/li>\n\n\n\n<li>BAIN065 \u00c1LGEBRA PARA INGENIER\u00cdA<\/li>\n\n\n\n<li>BAIN067 GEOMETR\u00cdA PARA INGENIER\u00cdA<\/li>\n\n\n\n<li>BAIN069 QU\u00cdMICA PARA INGENIER\u00cdA<\/li>\n\n\n\n<li>BAIN079 COMUNICACI\u00d3N IDIOMA INGL\u00c9S<\/li>\n<\/ul>\n\n\n\n<h4 class=\"wp-block-heading\">II SEMESTRE<\/h4>\n\n\n\n<ul class=\"wp-block-list\">\n<li>ACUS075 TALLER DE SONIDO<\/li>\n\n\n\n<li>BAIN071 COMUNICACI\u00d3N IDIOMA ESPA\u00d1OL<\/li>\n\n\n\n<li>BAIN073 \u00c1LGEBRA LINEAL PARA INGENIER\u00cdA<\/li>\n\n\n\n<li>BAIN075 C\u00c1LCULO EN UNA VARIABLE<\/li>\n\n\n\n<li>BAIN077 F\u00cdSICA: MEC\u00c1NICA<\/li>\n\n\n\n<li>DYRE070 EDUCACI\u00d3N F\u00cdSICA Y SALUD<\/li>\n\n\n\n<li>INFO058 PROGRAMACI\u00d3N<\/li>\n<\/ul>\n\n\n\n<h4 class=\"wp-block-heading\">III SEMESTRE<\/h4>\n\n\n\n<ul class=\"wp-block-list\">\n<li><a href=\"https:\/\/www.acusticauach.cl\/?p=14520\">ACUS080 LENGUAJE Y ENTRENAMIENTO AUDITIVO MUSICAL B\u00c1SICO<\/a><\/li>\n\n\n\n<li><a href=\"https:\/\/www.acusticauach.cl\/?p=15032\">ACUS085 TALLER DE INTRODUCCI\u00d3N AL AUDIO PROFESIONAL<\/a><\/li>\n\n\n\n<li>BAIN081 ECUACIONES DIFERENCIALES PARA INGENIER\u00cdA<\/li>\n\n\n\n<li>BAIN083 C\u00c1LCULO EN VARIAS VARIABLES<\/li>\n\n\n\n<li>BAIN085 F\u00cdSICA: ONDAS Y ELECTROMAGNETISMO<\/li>\n\n\n\n<li>ELECT12 OFG 1<\/li>\n<\/ul>\n\n\n\n<h4 class=\"wp-block-heading\">IV SEMESTRE<\/h4>\n\n\n\n<ul class=\"wp-block-list\">\n<li><a href=\"https:\/\/www.acusticauach.cl\/?p=14517\">ACUS088 LENGUAJE Y ENTRENAMIENTO AUDITIVO MUSICAL<\/a><\/li>\n\n\n\n<li>ACUS090 TALLER DE SONIDO CREATIVO<\/li>\n\n\n\n<li>ACUS092 TALLER DE AC\u00daSTICA<\/li>\n\n\n\n<li>BAIN087 M\u00c9TODOS NUM\u00c9RICOS PARA INGENIER\u00cdA<\/li>\n\n\n\n<li>BAIN089 F\u00cdSICA: FLUIDOS Y TERMODIN\u00c1MICA<\/li>\n\n\n\n<li>BAIN091 ESTAD\u00cdSTICA Y PROBABILIDADES PARA INGENIER\u00cdA<\/li>\n<\/ul>\n\n\n\n<h4 class=\"wp-block-heading\">V SEMESTRE<\/h4>\n\n\n\n<ul class=\"wp-block-list\">\n<li>ACUS095 FUNDAMENTOS DE AC\u00daSTICA<\/li>\n\n\n\n<li>ACUS097 INTRODUCCI\u00d3N A LA ARMON\u00cdA TRADICIONAL Y MODERNA<\/li>\n\n\n\n<li><a href=\"https:\/\/www.acusticauach.cl\/?p=14598\">ACUS099 PROCESAMIENTO DIGITAL DE SE\u00d1ALES<\/a><\/li>\n\n\n\n<li><a href=\"https:\/\/www.acusticauach.cl\/?p=14706\">ACUS101 TALLER AUDIOVISUAL<\/a><\/li>\n\n\n\n<li>ELEL105 AN\u00c1LISIS DE CIRCUITOS<\/li>\n<\/ul>\n\n\n\n<h4 class=\"wp-block-heading\">VI SEMESTRE<\/h4>\n\n\n\n<ul class=\"wp-block-list\">\n<li><a href=\"https:\/\/www.acusticauach.cl\/?p=14550\">ACUS105 CONTROL DE RUIDO<\/a><\/li>\n\n\n\n<li><a href=\"https:\/\/www.acusticauach.cl\/?p=14700\">ACUS108 ELECTROAC\u00daSTICA<\/a><\/li>\n\n\n\n<li>ACUS112 SONIDO PARA IMAGEN<\/li>\n\n\n\n<li>ACUS135 T\u00c9CNICAS DE ESCUCHA Y CULTURA MUSICAL<\/li>\n\n\n\n<li>DMIL125 HERRAMIENTAS CAD PARA INGENIER\u00cdA<\/li>\n\n\n\n<li>ELECT100 OPTATIVO DE ESPECIALIZACI\u00d3N I<\/li>\n<\/ul>\n\n\n\n<h4 class=\"wp-block-heading\">VII SEMESTRE<\/h4>\n\n\n\n<ul class=\"wp-block-list\">\n<li>ACUS115 GIRA TEMPRANA DE ESTUDIO<\/li>\n\n\n\n<li><a href=\"https:\/\/www.acusticauach.cl\/?p=14602\">ACUS125 AISLAMIENTO Y AN\u00c1LISIS DE VIBRACIONES<\/a><\/li>\n\n\n\n<li>ACUS130 REFUERZO SONORO<\/li>\n\n\n\n<li><a href=\"https:\/\/www.acusticauach.cl\/?p=15377\">ACUS140 AC\u00daSTICA ARQUITECT\u00d3NICA<\/a><\/li>\n\n\n\n<li>ACUS148 T\u00c9CNICAS DE GRABACI\u00d3N<\/li>\n\n\n\n<li>INIS100 TALLER DE ADMINISTRACI\u00d3N Y EMPRENDIMIENTO<\/li>\n<\/ul>\n\n\n\n<h4 class=\"wp-block-heading\">VIII SEMESTRE<\/h4>\n\n\n\n<ul class=\"wp-block-list\">\n<li><a href=\"https:\/\/www.acusticauach.cl\/?p=14531\">ACUS155 AC\u00daSTICA AMBIENTAL<\/a><\/li>\n\n\n\n<li><a href=\"https:\/\/www.acusticauach.cl\/?p=14703\">ACUS165 ULTRASONIDO<\/a><\/li>\n\n\n\n<li>ACUS177 T\u00c9CNICAS DE GRABACI\u00d3N Y POSTPRODUCCI\u00d3N<\/li>\n\n\n\n<li>ACUS187 TALLER DE VIBRACIONES<\/li>\n\n\n\n<li>DMIL160 GESTI\u00d3N DE PROYECTOS<\/li>\n\n\n\n<li>ELECT101 OPTATIVO DE ESPECIALIZACI\u00d3N II<\/li>\n<\/ul>\n\n\n\n<h4 class=\"wp-block-heading\">IX SEMESTRE<\/h4>\n\n\n\n<ul class=\"wp-block-list\">\n<li><a href=\"https:\/\/www.acusticauach.cl\/?p=14543\">ACUS201 PROYECTO AC\u00daSTICO: AC\u00daSTICA AMBIENTAL<\/a><\/li>\n\n\n\n<li><a href=\"https:\/\/www.acusticauach.cl\/?p=15036\">ACUS207 PROYECTO AC\u00daSTICO: REFUERZO SONORO<\/a><\/li>\n\n\n\n<li>ACUS208 PR\u00c1CTICA DE REFUERZO SONORO<\/li>\n\n\n\n<li>DMIL165 EFICIENCIA ENERG\u00c9TICA Y CALIDAD AMBIENTAL EN LA EDIFICACI\u00d3N<\/li>\n\n\n\n<li>ELECT112 OPTATIVO DE PROFUNDIZACI\u00d3N I<\/li>\n<\/ul>\n\n\n\n<h4 class=\"wp-block-heading\">X SEMESTRE<\/h4>\n\n\n\n<ul class=\"wp-block-list\">\n<li><a href=\"https:\/\/www.acusticauach.cl\/?p=14554\">ACUS210 PROYECTO AC\u00daSTICO: RUIDO Y VIBRACIONES<\/a><\/li>\n\n\n\n<li><a href=\"https:\/\/www.acusticauach.cl\/?p=15039\">ACUS213 PROYECTO AC\u00daSTICO: ACONDICIONAMIENTO AC\u00daSTICO<\/a><\/li>\n\n\n\n<li>ACUS229 GIRA DE ESTUDIO<\/li>\n\n\n\n<li>EACU215 TALLER DE CREATIVIDAD E INNOVACI\u00d3N<\/li>\n\n\n\n<li>ELECT116 OPTATIVO DE PROFUNDIZACI\u00d3N II<\/li>\n<\/ul>\n\n\n\n<h4 class=\"wp-block-heading\">XI SEMESTRE<\/h4>\n\n\n\n<ul class=\"wp-block-list\">\n<li>ACUS294 PR\u00c1CTICA PROFESIONAL<\/li>\n\n\n\n<li>ACUS296 PROYECTO DE T\u00cdTULO (a)<\/li>\n\n\n\n<li>ACUS298 TRABAJO DE T\u00cdTULO (b)<\/li>\n\n\n\n<li>ELECT119 OPTATIVO DE PROFUNDIZACI\u00d3N III (c)<\/li>\n<\/ul>\n\n\n\n<p><strong>Requisitos de Bachiller:<\/strong>&nbsp;CICLO DE BACHILLERATO EN CIENCIAS DE LA INGENIER\u00cdA DE 120 CR\u00c9DITOS-SCT, CORRESPONDIENTE A TODAS LAS ASIGNATURAS DE LOS 4 PRIMEROS SEMESTRES APROBADOS.<\/p>\n\n\n\n<p><strong>Requisitos de Licenciatura:&nbsp;<\/strong>CICLO DE LICENCIATURA EN CIENCIAS DE LA INGENIER\u00cdA DE 240 CR\u00c9DITOS-SCT, CORRESPONDIENTE A TODAS LAS ASIGNATURAS DE LOS 8 SEMESTRES APROBADOS.<\/p>\n\n\n\n<p><strong>Requisitos de Titulaci\u00f3n:&nbsp;<\/strong>CICLO DE T\u00cdTULO PROFESIONAL DE LA INGENIERA\/EL INGENIERO CIVIL AC\u00daSTICO DE 330 CR\u00c9DITOS-SCT, CORRESPONDIENTE A TODAS LAS ASIGNATURAS DE LOS 11 SEMESTRES APROBADOS.<\/p>\n\n\n\n<h3 class=\"wp-block-heading\">ALTERNATIVAS DE TITULACI\u00d3N<\/h3>\n\n\n\n<p>El plan de estudios contempla tres alternativas de titulaci\u00f3n durante el 11\u00ba semestre de la carrera:<\/p>\n\n\n\n<ol class=\"wp-block-list\">\n<li>La primera alternativa es la realizaci\u00f3n de las asignaturas Proyecto de T\u00edtulo y Pr\u00e1ctica Profesional.<\/li>\n\n\n\n<li>La segunda alternativa corresponde a la realizaci\u00f3n de un Trabajo de T\u00edtulo y Pr\u00e1ctica Profesional.<\/li>\n\n\n\n<li>La tercera alternativa considera la vinculaci\u00f3n con un programa de Magister y est\u00e1 orientada a estudiantes que desean profundizar conocimientos en un \u00e1rea espec\u00edfica a trav\u00e9s de un postgrado. Contempla las asignaturas Tesina, Pr\u00e1ctica Profesional y Optativo de Profundizaci\u00f3n.<\/li>\n<\/ol>\n\n\n\n<p><strong>NOTA:<\/strong> Esta informaci\u00f3n puede variar sin previo aviso de acuerdo a reestructuraciones del plan de estudios.<\/p>\n\n\n\n<p><strong><a href=\"https:\/\/www.acusticauach.cl\/?page_id=7843\">Ver Proceso de Titulaci\u00f3n en detalle.<\/a><\/strong><\/p>\n\n\n\n<p><em><strong>NOTA: Esta informaci\u00f3n puede variar sin previo aviso de acuerdo a reestructuraciones del plan de estudios.<\/strong><\/em><\/p>\n\n\n\n<p><strong><a href=\"https:\/\/www.acusticauach.cl\/wp-content\/uploads\/2021\/08\/Malla-ICA2019-Agosto2021a.jpg\" target=\"_blank\" rel=\"noreferrer noopener\" aria-label=\"Ver Plan de Estudios en formato de malla (imagen)&nbsp; (abre en una nueva pesta\u00f1a)\">Ver Plan de Estudios en formato de malla (imagen)&nbsp;<\/a><\/strong><\/p>\n\n\n<div class=\"wp-block-image\">\n<figure class=\"aligncenter\"><a href=\"https:\/\/www.acusticauach.cl\/wp-content\/uploads\/2021\/08\/Malla-ICA2019-Agosto2021a.jpg\" target=\"_blank\" rel=\"noreferrer noopener\"><img decoding=\"async\" width=\"2600\" height=\"1566\" src=\"https:\/\/www.acusticauach.cl\/wp-content\/uploads\/2021\/08\/Malla-ICA2019-Agosto2021a.jpg\" alt=\"\" class=\"wp-image-14730\" srcset=\"https:\/\/www.acusticauach.cl\/wp-content\/uploads\/2021\/08\/Malla-ICA2019-Agosto2021a.jpg 2600w, https:\/\/www.acusticauach.cl\/wp-content\/uploads\/2021\/08\/Malla-ICA2019-Agosto2021a-300x181.jpg 300w, https:\/\/www.acusticauach.cl\/wp-content\/uploads\/2021\/08\/Malla-ICA2019-Agosto2021a-768x463.jpg 768w, https:\/\/www.acusticauach.cl\/wp-content\/uploads\/2021\/08\/Malla-ICA2019-Agosto2021a-1024x617.jpg 1024w, https:\/\/www.acusticauach.cl\/wp-content\/uploads\/2021\/08\/Malla-ICA2019-Agosto2021a-125x75.jpg 125w, https:\/\/www.acusticauach.cl\/wp-content\/uploads\/2021\/08\/Malla-ICA2019-Agosto2021a-75x45.jpg 75w\" sizes=\"(max-width: 2600px) 100vw, 2600px\" \/><\/a><figcaption class=\"wp-element-caption\"><a href=\"https:\/\/www.acusticauach.cl\/wp-content\/uploads\/2021\/08\/Malla-ICA2019-Agosto2021a.jpg\" target=\"_blank\" rel=\"noreferrer noopener\" aria-label=\"https:\/\/www.acusticauach.cl\/wp-content\/uploads\/2021\/08\/Malla-ICA2019-Agosto2021a.jpg (abre en una nueva pesta\u00f1a)\">https:\/\/www.acusticauach.cl\/wp-content\/uploads\/2021\/08\/Malla-ICA2019-Agosto2021a.jpg<\/a><\/figcaption><\/figure>\n<\/div>\n\n\n<p><a href=\"https:\/\/www.acusticauach.cl\/?page_id=6758\"><strong>Vinculaci\u00f3n con Programa de Mag\u00edster en Ac\u00fastica y Vibraciones<\/strong><\/a><\/p>\n","protected":false},"excerpt":{"rendered":"<p>Plan de estudios 2019 &#8211; Curr\u00edculum Innovado Ingenier\u00eda Civil Ac\u00fastica I SEMESTRE II SEMESTRE III SEMESTRE IV SEMESTRE V SEMESTRE VI SEMESTRE VII SEMESTRE VIII SEMESTRE IX SEMESTRE X SEMESTRE XI SEMESTRE Requisitos de Bachiller:&nbsp;CICLO DE BACHILLERATO EN CIENCIAS DE LA INGENIER\u00cdA DE 120 CR\u00c9DITOS-SCT, CORRESPONDIENTE A TODAS LAS ASIGNATURAS DE LOS 4 PRIMEROS SEMESTRES [&hellip;]<\/p>\n","protected":false},"author":2,"featured_media":12103,"parent":63,"menu_order":0,"comment_status":"closed","ping_status":"closed","template":"","meta":{"footnotes":""},"class_list":["post-8259","page","type-page","status-publish","has-post-thumbnail","hentry"],"_links":{"self":[{"href":"https:\/\/www.acusticauach.cl\/index.php?rest_route=\/wp\/v2\/pages\/8259","targetHints":{"allow":["GET"]}}],"collection":[{"href":"https:\/\/www.acusticauach.cl\/index.php?rest_route=\/wp\/v2\/pages"}],"about":[{"href":"https:\/\/www.acusticauach.cl\/index.php?rest_route=\/wp\/v2\/types\/page"}],"author":[{"embeddable":true,"href":"https:\/\/www.acusticauach.cl\/index.php?rest_route=\/wp\/v2\/users\/2"}],"replies":[{"embeddable":true,"href":"https:\/\/www.acusticauach.cl\/index.php?rest_route=%2Fwp%2Fv2%2Fcomments&post=8259"}],"version-history":[{"count":0,"href":"https:\/\/www.acusticauach.cl\/index.php?rest_route=\/wp\/v2\/pages\/8259\/revisions"}],"up":[{"embeddable":true,"href":"https:\/\/www.acusticauach.cl\/index.php?rest_route=\/wp\/v2\/pages\/63"}],"wp:featuredmedia":[{"embeddable":true,"href":"https:\/\/www.acusticauach.cl\/index.php?rest_route=\/wp\/v2\/media\/12103"}],"wp:attachment":[{"href":"https:\/\/www.acusticauach.cl\/index.php?rest_route=%2Fwp%2Fv2%2Fmedia&parent=8259"}],"curies":[{"name":"wp","href":"https:\/\/api.w.org\/{rel}","templated":true}]}}