{"id":8074,"date":"2016-11-10T14:30:00","date_gmt":"2016-11-10T17:30:00","guid":{"rendered":"http:\/\/www.acusticauach.cl\/?page_id=8074"},"modified":"2024-07-17T01:27:16","modified_gmt":"2024-07-17T05:27:16","slug":"mapa-sonoro-de-valdivia","status":"publish","type":"page","link":"https:\/\/www.acusticauach.cl\/?page_id=8074","title":{"rendered":"Mapa Sonoro"},"content":{"rendered":"<p>El Instituto de Ac\u00fastica de la Universidad Austral de Chile ha elaborado para el Ministerio del Medio Ambiente el estudio \u201cElaboraci\u00f3n y An\u00e1lisis de Mapas de Ruido de Tres Conurbaciones Mediante Software de Modelaci\u00f3n\u201d (ID: 608897-50-LP13) y el proyecto \u00abActualizaci\u00f3n del Mapa de Ruido del Gran Santiago\u00bb\u00a0(ID:608897-160-LP15). En ambos proyectos, una vez concluidos, se firm\u00f3 un convenio de colaboraci\u00f3n para realizar una publicaci\u00f3n del Mapa Sonoro de Valdivia (2015) y el Mapa Sonoro de la Zona Centro del Gran Santiago (2018).<a href=\"http:\/\/mapa.acusticauach.cl\" target=\"_blank\" rel=\"noopener noreferrer\"><img decoding=\"async\" class=\"aligncenter wp-image-11278 size-full\" src=\"https:\/\/www.acusticauach.cl\/wp-content\/uploads\/2016\/11\/Banner_Mapa-Sonoro_1000x340.jpg\" alt=\"\" width=\"1000\" height=\"340\" srcset=\"https:\/\/www.acusticauach.cl\/wp-content\/uploads\/2016\/11\/Banner_Mapa-Sonoro_1000x340.jpg 1000w, https:\/\/www.acusticauach.cl\/wp-content\/uploads\/2016\/11\/Banner_Mapa-Sonoro_1000x340-300x102.jpg 300w, https:\/\/www.acusticauach.cl\/wp-content\/uploads\/2016\/11\/Banner_Mapa-Sonoro_1000x340-768x261.jpg 768w, https:\/\/www.acusticauach.cl\/wp-content\/uploads\/2016\/11\/Banner_Mapa-Sonoro_1000x340-700x238.jpg 700w, https:\/\/www.acusticauach.cl\/wp-content\/uploads\/2016\/11\/Banner_Mapa-Sonoro_1000x340-500x170.jpg 500w\" sizes=\"(max-width: 1000px) 100vw, 1000px\" \/><\/a><\/p>\n<p>Ambas publicaciones vinculan los datos ac\u00fasticos y grabaciones sonoras de cada proyecto. Tales trabajos\u00a0ofrecen una descripci\u00f3n del entorno sonoro de\u00a0cada ciudad, y relaciona conceptos f\u00edsicos del sonido con aquellos vinculados con la percepci\u00f3n del ambiente y sus expresiones sonoras. Se presentan los mapas de ruido, los conceptos involucrados en este tipo de diagn\u00f3sticos, y se complementa con ciertos registros de ambientes sonoros.<\/p>\n<p>Las publicaciones (libros), sus audios (grabaciones), videos, y el material complementario est\u00e1n disponibles gratuitamente en la web <a href=\"http:\/\/www.mapa.acusticauach.cl\">www.mapa.acusticauach.cl<\/a><\/p>\n<h5><strong><a href=\"http:\/\/mapa.acusticauach.cl\" target=\"_blank\" rel=\"noopener noreferrer\">Ir a la web Mapa Sonoro<\/a><\/strong><\/h5>\n<p><a href=\"http:\/\/mapa.acusticauach.cl\"><img decoding=\"async\" class=\"aligncenter wp-image-11857 size-full\" src=\"https:\/\/www.acusticauach.cl\/wp-content\/uploads\/2019\/10\/mapasonoro01.jpg\" alt=\"\" width=\"800\" height=\"507\" srcset=\"https:\/\/www.acusticauach.cl\/wp-content\/uploads\/2019\/10\/mapasonoro01.jpg 800w, https:\/\/www.acusticauach.cl\/wp-content\/uploads\/2019\/10\/mapasonoro01-300x190.jpg 300w, https:\/\/www.acusticauach.cl\/wp-content\/uploads\/2019\/10\/mapasonoro01-768x487.jpg 768w, https:\/\/www.acusticauach.cl\/wp-content\/uploads\/2019\/10\/mapasonoro01-125x79.jpg 125w, https:\/\/www.acusticauach.cl\/wp-content\/uploads\/2019\/10\/mapasonoro01-75x48.jpg 75w\" sizes=\"(max-width: 800px) 100vw, 800px\" \/><\/a><\/p>\n<p><iframe style=\"width: 900px; height: 500px;\" src=\"https:\/\/online.pubhtml5.com\/ipwbp\/rwen\/\" frameborder=\"0\" scrolling=\"no\" seamless=\"seamless\" allowfullscreen=\"allowfullscreen\"><\/iframe><\/p>\n<p><iframe style=\"width: 900px; height: 500px;\" src=\"https:\/\/online.pubhtml5.com\/ipwbp\/wjxu\/\" frameborder=\"0\" scrolling=\"no\" seamless=\"seamless\" allowfullscreen=\"allowfullscreen\"><\/iframe><br \/>\nUna narrativa de ambos trabajos se encuentra en nuestro canal SoundCloud:<\/p>\n<p><iframe title=\"AcusticaUACh TSonami2024 by AcusticaUach\" width=\"1200\" height=\"400\" scrolling=\"no\" frameborder=\"no\" src=\"https:\/\/w.soundcloud.com\/player\/?visual=true&#038;url=https%3A%2F%2Fapi.soundcloud.com%2Ftracks%2F1871168682&#038;show_artwork=true&#038;maxheight=1000&#038;maxwidth=1200\"><\/iframe><\/p>\n","protected":false},"excerpt":{"rendered":"<p>El Instituto de Ac\u00fastica de la Universidad Austral de Chile ha elaborado para el Ministerio del Medio Ambiente el estudio \u201cElaboraci\u00f3n y An\u00e1lisis de Mapas de Ruido de Tres Conurbaciones Mediante Software de Modelaci\u00f3n\u201d (ID: 608897-50-LP13) y el proyecto \u00abActualizaci\u00f3n del Mapa de Ruido del Gran Santiago\u00bb\u00a0(ID:608897-160-LP15). En ambos proyectos, una vez concluidos, se firm\u00f3 [&hellip;]<\/p>\n","protected":false},"author":2,"featured_media":11862,"parent":6013,"menu_order":0,"comment_status":"closed","ping_status":"closed","template":"","meta":{"footnotes":""},"class_list":["post-8074","page","type-page","status-publish","has-post-thumbnail","hentry"],"_links":{"self":[{"href":"https:\/\/www.acusticauach.cl\/index.php?rest_route=\/wp\/v2\/pages\/8074","targetHints":{"allow":["GET"]}}],"collection":[{"href":"https:\/\/www.acusticauach.cl\/index.php?rest_route=\/wp\/v2\/pages"}],"about":[{"href":"https:\/\/www.acusticauach.cl\/index.php?rest_route=\/wp\/v2\/types\/page"}],"author":[{"embeddable":true,"href":"https:\/\/www.acusticauach.cl\/index.php?rest_route=\/wp\/v2\/users\/2"}],"replies":[{"embeddable":true,"href":"https:\/\/www.acusticauach.cl\/index.php?rest_route=%2Fwp%2Fv2%2Fcomments&post=8074"}],"version-history":[{"count":0,"href":"https:\/\/www.acusticauach.cl\/index.php?rest_route=\/wp\/v2\/pages\/8074\/revisions"}],"up":[{"embeddable":true,"href":"https:\/\/www.acusticauach.cl\/index.php?rest_route=\/wp\/v2\/pages\/6013"}],"wp:featuredmedia":[{"embeddable":true,"href":"https:\/\/www.acusticauach.cl\/index.php?rest_route=\/wp\/v2\/media\/11862"}],"wp:attachment":[{"href":"https:\/\/www.acusticauach.cl\/index.php?rest_route=%2Fwp%2Fv2%2Fmedia&parent=8074"}],"curies":[{"name":"wp","href":"https:\/\/api.w.org\/{rel}","templated":true}]}}