{"id":789,"date":"2012-09-23T23:41:22","date_gmt":"2012-09-24T02:41:22","guid":{"rendered":"http:\/\/190.114.255.83\/~acustic1\/?page_id=789"},"modified":"2026-01-05T10:33:35","modified_gmt":"2026-01-05T13:33:35","slug":"admision","status":"publish","type":"page","link":"https:\/\/www.acusticauach.cl\/?page_id=789","title":{"rendered":"Admisi\u00f3n 2026"},"content":{"rendered":"<h2>Comun\u00edcate con nosotros:<\/h2>\n<p><a href=\"https:\/\/wa.me\/56632221014\" target=\"_blank\" rel=\"noopener\"><img decoding=\"async\" class=\"wp-image-17175 alignleft\" src=\"https:\/\/www.acusticauach.cl\/wp-content\/uploads\/2025\/09\/whatsapp.jpg\" alt=\"\" width=\"90\" height=\"90\" srcset=\"https:\/\/www.acusticauach.cl\/wp-content\/uploads\/2025\/09\/whatsapp.jpg 190w, https:\/\/www.acusticauach.cl\/wp-content\/uploads\/2025\/09\/whatsapp-150x150.jpg 150w, https:\/\/www.acusticauach.cl\/wp-content\/uploads\/2025\/09\/whatsapp-125x125.jpg 125w, https:\/\/www.acusticauach.cl\/wp-content\/uploads\/2025\/09\/whatsapp-75x75.jpg 75w\" sizes=\"(max-width: 90px) 100vw, 90px\" \/><\/a><a href=\"https:\/\/www.instagram.com\/acusticauach\/\" target=\"_blank\" rel=\"noopener\"><img decoding=\"async\" class=\"wp-image-17174 alignleft\" src=\"https:\/\/www.acusticauach.cl\/wp-content\/uploads\/2025\/09\/instagram.jpg\" alt=\"\" width=\"90\" height=\"90\" srcset=\"https:\/\/www.acusticauach.cl\/wp-content\/uploads\/2025\/09\/instagram.jpg 190w, https:\/\/www.acusticauach.cl\/wp-content\/uploads\/2025\/09\/instagram-150x150.jpg 150w, https:\/\/www.acusticauach.cl\/wp-content\/uploads\/2025\/09\/instagram-125x125.jpg 125w, https:\/\/www.acusticauach.cl\/wp-content\/uploads\/2025\/09\/instagram-75x75.jpg 75w\" sizes=\"(max-width: 90px) 100vw, 90px\" \/><\/a><\/p>\n<p><a href=\"https:\/\/www.facebook.com\/acusticauach\/\" target=\"_blank\" rel=\"noopener\"><img decoding=\"async\" class=\"alignleft wp-image-17173\" src=\"https:\/\/www.acusticauach.cl\/wp-content\/uploads\/2025\/09\/facebook.jpg\" alt=\"\" width=\"90\" height=\"90\" srcset=\"https:\/\/www.acusticauach.cl\/wp-content\/uploads\/2025\/09\/facebook.jpg 190w, https:\/\/www.acusticauach.cl\/wp-content\/uploads\/2025\/09\/facebook-150x150.jpg 150w, https:\/\/www.acusticauach.cl\/wp-content\/uploads\/2025\/09\/facebook-125x125.jpg 125w, https:\/\/www.acusticauach.cl\/wp-content\/uploads\/2025\/09\/facebook-75x75.jpg 75w\" sizes=\"(max-width: 90px) 100vw, 90px\" \/><\/a><\/p>\n<p>&nbsp;<\/p>\n<h2><\/h2>\n<h2><\/h2>\n<h2><\/h2>\n<p>&nbsp;<\/p>\n<p>&nbsp;<\/p>\n<h2 style=\"text-align: left;\"><strong>Ingenier\u00eda Civil Ac\u00fastica<\/strong><\/h2>\n<ul>\n<li><strong>Duraci\u00f3n<\/strong>: Once semestres lectivos.<\/li>\n<li><strong>R\u00e9gimen de Estudios<\/strong>: Semestral, Diurno<\/li>\n<li><strong>Ubicaci\u00f3n<\/strong>: Universidad Austral, Campus Miraflores &#8211; Valdivia.<\/li>\n<li><strong>Grados Acad\u00e9micos que otorga<\/strong>: Bachiller en Ciencias de la Ingenier\u00eda. Licenciado en Ciencias de la Ingenier\u00eda<\/li>\n<li><strong>Titulo Profesional que otorga<\/strong>: Ingeniero(a) Civil Ac\u00fastico(a)<\/li>\n<li><strong>Cupos<\/strong>: 20 vacantes.<\/li>\n<li><strong>Vacantes PACE<\/strong>: 8 vacantes<\/li>\n<li><strong>Derecho de Matr\u00edcula a\u00f1o 2026<\/strong> $ 270.000.-<\/li>\n<li><strong>Arancel Anual 2026:<\/strong> $ 5.923.000.-<\/li>\n<li><strong>Titulados por a\u00f1o:<\/strong> 12 (estimaci\u00f3n \u00faltimos a\u00f1os).<\/li>\n<li><strong>Ptje. \u00daltimo Seleccionado(a)<\/strong>: 572.25<\/li>\n<li><strong>Ptje Promedio PSU M\u00ednimo para postular:<\/strong> 485 puntos<\/li>\n<\/ul>\n<p><img decoding=\"async\" class=\"aligncenter size-full wp-image-8919\" src=\"https:\/\/www.acusticauach.cl\/wp-content\/uploads\/2017\/06\/bienvenida2016_01.jpg\" alt=\"\" width=\"800\" height=\"450\" srcset=\"https:\/\/www.acusticauach.cl\/wp-content\/uploads\/2017\/06\/bienvenida2016_01.jpg 800w, https:\/\/www.acusticauach.cl\/wp-content\/uploads\/2017\/06\/bienvenida2016_01-300x169.jpg 300w, https:\/\/www.acusticauach.cl\/wp-content\/uploads\/2017\/06\/bienvenida2016_01-768x432.jpg 768w, https:\/\/www.acusticauach.cl\/wp-content\/uploads\/2017\/06\/bienvenida2016_01-700x394.jpg 700w, https:\/\/www.acusticauach.cl\/wp-content\/uploads\/2017\/06\/bienvenida2016_01-500x281.jpg 500w\" sizes=\"(max-width: 800px) 100vw, 800px\" \/><\/p>\n<h5 style=\"text-align: center;\"><a href=\"https:\/\/www.uach.cl\/admision\/portada\" target=\"_blank\" rel=\"noopener\">Visita Admisi\u00f3n UACh<\/a><\/h5>\n<p>&nbsp;<\/p>\n<p><a href=\"https:\/\/www.uach.cl\/admision\/portada\"><img decoding=\"async\" class=\"aligncenter size-large wp-image-17183\" src=\"https:\/\/www.acusticauach.cl\/wp-content\/uploads\/2025\/09\/admisionuach_2026-1024x267.jpg\" alt=\"\" width=\"1024\" height=\"267\" srcset=\"https:\/\/www.acusticauach.cl\/wp-content\/uploads\/2025\/09\/admisionuach_2026-1024x267.jpg 1024w, https:\/\/www.acusticauach.cl\/wp-content\/uploads\/2025\/09\/admisionuach_2026-300x78.jpg 300w, https:\/\/www.acusticauach.cl\/wp-content\/uploads\/2025\/09\/admisionuach_2026-768x200.jpg 768w, https:\/\/www.acusticauach.cl\/wp-content\/uploads\/2025\/09\/admisionuach_2026-125x33.jpg 125w, https:\/\/www.acusticauach.cl\/wp-content\/uploads\/2025\/09\/admisionuach_2026-75x20.jpg 75w, https:\/\/www.acusticauach.cl\/wp-content\/uploads\/2025\/09\/admisionuach_2026-1536x400.jpg 1536w, https:\/\/www.acusticauach.cl\/wp-content\/uploads\/2025\/09\/admisionuach_2026.jpg 1920w\" sizes=\"(max-width: 1024px) 100vw, 1024px\" \/><\/a><\/p>\n<p><strong><a href=\"http:\/\/www.uach.cl\/admision\/principal\/becas-y-beneficios\" target=\"_blank\" rel=\"noopener noreferrer\"><br \/>\n<\/a><a href=\"https:\/\/www.uach.cl\/admision\/valdivia\/ingenieria-civil-acustica\" target=\"_blank\" rel=\"noopener noreferrer\">-&gt; Aranceles, Puntajes y Ponderaciones. Visitar p\u00e1gina de la UACh<\/a><\/strong><\/p>\n<p><strong><a href=\"https:\/\/dae.uach.cl\/bienestar-estudiantil\/becas-de-mantencion-uach\/\" target=\"_blank\" rel=\"noopener noreferrer\">-&gt; Becas y beneficios: visita la p\u00e1gina de Admisi\u00f3n UACh<\/a><\/strong><\/p>\n<p><strong><a href=\"http:\/\/portal.beneficiosestudiantiles.cl\/\" target=\"_blank\" rel=\"noopener noreferrer\">-&gt; Beneficios Estudiantiles Educaci\u00f3n Superior (P\u00e1gina MINEDUC)<\/a><\/strong><\/p>\n<p>En la p\u00e1gina del Ministerio de Educaci\u00f3n est\u00e1 la ficha de la\u00a0<a href=\"http:\/\/www.mifuturo.cl\/index.php\/donde-y-que-estudiar\/buscador-de-carreras?tecnico=false&amp;cmbregiones=0&amp;cmbareas=0&amp;cmbcanombres=0&amp;cmbinnombres=90\" target=\"_blank\" rel=\"noopener noreferrer\"><strong>Universidad Austral<\/strong>\u00a0<\/a>, buscar\u00a0la\u00a0<strong>Carrera de Ingenier\u00eda Civil Ac\u00fastica<\/strong>.<\/p>\n<div>\n<p><a href=\"http:\/\/www.mifuturo.cl\/index.php\/donde-y-que-estudiar\/buscador-de-carreras?tecnico=false&amp;cmbregiones=14&amp;cmbareas=10&amp;cmbcanombres=2247&amp;cmbinnombres=0\" target=\"_blank\" rel=\"noopener noreferrer\"><img decoding=\"async\" class=\"size-full wp-image-3808 aligncenter\" src=\"https:\/\/www.acusticauach.cl\/wp-content\/uploads\/2012\/09\/mifuturo.gif\" alt=\"mifuturo\" width=\"160\" height=\"130\" \/><\/a><\/p>\n<\/div>\n<h2><strong>1. Ingreso v\u00eda Ingreso Pruebas de Acceso a la Educaci\u00f3n Superior (PAES)<br \/>\n<\/strong><\/h2>\n<p>Para ingresar v\u00eda Ingreso Pruebas de Acceso a la Educaci\u00f3n Superior (PAES) 2025:<\/p>\n<ul>\n<li>Comprensi\u00f3n lectora: 10%<\/li>\n<li>Matem\u00e1ticas M1: 35%<\/li>\n<li>Ciencias: 10%<\/li>\n<li>Competencia Matem\u00e1tica M2:\u00a0 5%<\/li>\n<li>Notas Ense\u00f1anza Media: 10%<\/li>\n<li>Ranking: 30%<\/li>\n<\/ul>\n<div><a href=\"http:\/\/www.mifuturo.cl\/index.php\/donde-y-que-estudiar\/buscador-de-carreras?cmbregiones=0&amp;cmbareas=0&amp;cmbcanombres=452&amp;cmbinnombres=0\" target=\"_blank\" rel=\"noopener noreferrer\">\u00a0<\/a><\/div>\n<h2><a href=\"https:\/\/www.uach.cl\/admision\/ingresos-especiales\"><strong>2. Ingresos Especiales 2026<\/strong><\/a><\/h2>\n<p>Existen tres grupos de ingresos especiales: con PAES o PDT vigente o anteriores, con PAES o PDT vigente para proceso de admisi\u00f3n 2024 y sin PAES o PDT.<\/p>\n<h3>a) CON PAES VIGENTE O ANTERIORES:<\/h3>\n<ol>\n<li class=\"text-5 line-height-1 px-0\"><a class=\"text-transform-none text-decoration-none text-color-default\" href=\"https:\/\/www.uach.cl\/admision\/utiles\/Traslado-desde-otra-Institucion-de-Educacion-Superior\">Traslado desde otra Instituci\u00f3n de Educaci\u00f3n Superior<\/a><\/li>\n<li class=\"text-5 line-height-1 px-0\"><a class=\"text-transform-none text-decoration-none text-color-default\" href=\"https:\/\/www.uach.cl\/admision\/utiles\/deportistas-destacados\">Deportistas destacados<\/a><\/li>\n<li class=\"text-5 line-height-1 px-0\"><a class=\"text-transform-none text-decoration-none text-color-default\" href=\"https:\/\/www.uach.cl\/admision\/utiles\/cambio-de-carrera-dentro-de-la-uach\">Cambio de carrera dentro de la UACh<\/a><\/li>\n<li class=\"text-5 line-height-1 px-0\"><a class=\"text-transform-none text-decoration-none text-color-default\" href=\"https:\/\/www.uach.cl\/admision\/utiles\/estudiantes-destacados-en-ensenanza-media\">Estudiantes Destacados en Ense\u00f1anza Media<\/a><\/li>\n<li class=\"text-5 line-height-1 px-0\"><a class=\"text-transform-none text-decoration-none text-color-default\" href=\"https:\/\/www.uach.cl\/admision\/utiles\/estudiantes-egresados-de-liceos-tecnicos-profesionales\">Estudiantes Egresados de Liceos T\u00e9cnicos Profesionales<\/a><\/li>\n<li class=\"text-5 line-height-1 px-0\"><a class=\"text-transform-none text-decoration-none text-color-default\" href=\"https:\/\/www.uach.cl\/admision\/utiles\/mujer-uach\">Mujer UACh<\/a><\/li>\n<\/ol>\n<h4 class=\"font-weight-semi-bold mt-4\">b) SIN PAES<\/h4>\n<ol class=\"list list-icons list-icons-md\">\n<li class=\"text-5 line-height-1 px-0\"><a class=\"text-transform-none text-decoration-none text-color-default\" href=\"https:\/\/www.uach.cl\/admision\/utiles\/profesionales-o-graduados\">Profesionales o Graduados<\/a><\/li>\n<li class=\"text-5 line-height-1 px-0\"><a class=\"text-transform-none text-decoration-none text-color-default\" href=\"https:\/\/www.uach.cl\/admision\/utiles\/estudiantes-provenientes-del-extranjero\">Estudiantes provenientes del Extranjero<\/a><\/li>\n<li class=\"text-5 line-height-1 px-0\"><a class=\"text-transform-none text-decoration-none text-color-default\" href=\"https:\/\/www.uach.cl\/admision\/utiles\/trabajadores\">Trabajadores<\/a><\/li>\n<li class=\"text-5 line-height-1 px-0\"><a class=\"text-transform-none text-decoration-none text-color-default\" href=\"https:\/\/www.uach.cl\/admision\/utiles\/artistas-destacados\">Artistas Destacados<\/a><\/li>\n<li class=\"text-5 line-height-1 px-0\"><a class=\"text-transform-none text-decoration-none text-color-default\" href=\"https:\/\/www.uach.cl\/admision\/utiles\/talentos-especiales-en-alguna-disciplina\">Talentos Especiales en alguna disciplina<\/a><\/li>\n<li class=\"text-5 line-height-1 px-0\"><a class=\"text-transform-none text-decoration-none text-color-default\" href=\"https:\/\/www.uach.cl\/admision\/utiles\/ascendencia-indigena\">Ascendencia Ind\u00edgena<\/a><\/li>\n<li class=\"text-5 line-height-1 px-0\"><a class=\"text-transform-none text-decoration-none text-color-default\" href=\"https:\/\/www.uach.cl\/admision\/utiles\/personas-en-situacion-de-discapacidad\">Personas en Situaci\u00f3n de Discapacidad<\/a><\/li>\n<li class=\"text-5 line-height-1 px-0\"><a class=\"text-transform-none text-decoration-none text-color-default\" href=\"https:\/\/www.uach.cl\/admision\/utiles\/bachillerato-internacional-instituto-aleman-carlos-anwandter-de-valdivia\">Bachillerato Internacional Instituto Alem\u00e1n \u00abCarlos Anwandter\u00bb de Valdivia<\/a><\/li>\n<li class=\"text-5 line-height-1 px-0\"><a class=\"text-transform-none text-decoration-none text-color-default\" href=\"https:\/\/www.uach.cl\/admision\/utiles\/convenio-CFTE-los-rios\">Convenio CFTE Los R\u00edos<\/a><\/li>\n<\/ol>\n<h4 class=\"font-weight-semi-bold mt-4\">c) CON PAES VIGENTE PARA PROCESO DE ADMISI\u00d3N 2026<\/h4>\n<ol class=\"list list-icons list-icons-md\">\n<li class=\"text-5 line-height-1 px-0\"><a class=\"text-transform-none text-decoration-none text-color-default\" href=\"https:\/\/www.uach.cl\/admision\/utiles\/programa-PACE\">Programa PACE<\/a><\/li>\n<li class=\"text-5 line-height-1 px-0\"><a class=\"text-transform-none text-decoration-none text-color-default\" href=\"https:\/\/www.uach.cl\/admision\/utiles\/programa-propedeutico\">Programa Proped\u00e9utico<\/a><\/li>\n<li class=\"text-5 line-height-1 px-0\"><a class=\"text-transform-none text-decoration-none text-color-default\" href=\"https:\/\/www.uach.cl\/admision\/utiles\/programa-ranking-1000\">Programa Ranking 1000 (Ex 850)<\/a><\/li>\n<li class=\"text-5 line-height-1 px-0\"><a class=\"text-transform-none text-decoration-none text-color-default\" href=\"https:\/\/www.uach.cl\/admision\/utiles\/merito-academico\">M\u00e9rito Acad\u00e9mico<\/a><\/li>\n<li class=\"text-5 line-height-1 px-0\"><a class=\"text-transform-none text-decoration-none text-color-default\" href=\"https:\/\/www.uach.cl\/admision\/utiles\/programa-acceso-a-pedagogias-eleazar-huerta-valcarcel\">Programa Acceso a Pedagog\u00edas Eleazar Huerta Valc\u00e1rcel<\/a><\/li>\n<li class=\"text-5 line-height-1 px-0\"><a class=\"text-transform-none text-decoration-none text-color-default\" href=\"https:\/\/www.uach.cl\/admision\/utiles\/cupo-explora-UNESCO\">Cupo Explora-UNESCO<\/a><\/li>\n<li class=\"text-5 line-height-1 px-0\"><a class=\"text-transform-none text-decoration-none text-color-default\" href=\"https:\/\/www.uach.cl\/admision\/utiles\/escuela-de-talentos-alta-UACh\">Escuela de Talentos Alta UACh<\/a><\/li>\n<\/ol>\n<h4><a href=\"https:\/\/www.uach.cl\/admision\/ingresos-especiales\" target=\"_blank\" rel=\"noopener\">https:\/\/www.uach.cl\/admision\/ingresos-especiales<\/a><\/h4>\n<p><a href=\"http:\/\/www.uach.cl\/internacional\/principal\" target=\"_blank\" rel=\"noopener noreferrer\"><strong>-&gt; Informaci\u00f3n general para estudiantes extranjeros sobre estudiar en la UACh<\/strong>.<\/a><\/p>\n<p style=\"text-align: center;\"><a href=\"https:\/\/voyxacustica.cl\/\" target=\"_blank\" rel=\"noopener\"><img decoding=\"async\" class=\"aligncenter wp-image-17347 size-large\" src=\"https:\/\/www.acusticauach.cl\/wp-content\/uploads\/2025\/12\/BANNER-WEB-ACUSTICAUACH-1024x244.png\" alt=\"\" width=\"1024\" height=\"244\" srcset=\"https:\/\/www.acusticauach.cl\/wp-content\/uploads\/2025\/12\/BANNER-WEB-ACUSTICAUACH-1024x244.png 1024w, https:\/\/www.acusticauach.cl\/wp-content\/uploads\/2025\/12\/BANNER-WEB-ACUSTICAUACH-300x71.png 300w, https:\/\/www.acusticauach.cl\/wp-content\/uploads\/2025\/12\/BANNER-WEB-ACUSTICAUACH-768x183.png 768w, https:\/\/www.acusticauach.cl\/wp-content\/uploads\/2025\/12\/BANNER-WEB-ACUSTICAUACH-125x30.png 125w, https:\/\/www.acusticauach.cl\/wp-content\/uploads\/2025\/12\/BANNER-WEB-ACUSTICAUACH-75x18.png 75w, https:\/\/www.acusticauach.cl\/wp-content\/uploads\/2025\/12\/BANNER-WEB-ACUSTICAUACH.png 1311w\" sizes=\"(max-width: 1024px) 100vw, 1024px\" \/><strong>Visita https:\/\/voyxacustica.cl\/Visita\u00a0<\/strong><\/a><\/p>\n<h2><strong>M\u00e1s informaci\u00f3n:<\/strong><\/h2>\n<p><strong>Contactar a la <a href=\"https:\/\/www.acusticauach.cl\/?page_id=2932\">Escuela de Ingenier\u00eda Civil Ac\u00fastica<\/a>, tambi\u00e9n ir a <a title=\"Contacto Ac\u00fasticaUACh\" href=\"https:\/\/www.acusticauach.cl\/?page_id=19\">Contacto<\/a>, o escribir a:<\/strong><\/p>\n<address><strong>Prof. Jorge C\u00e1rdenas M.<\/strong><\/address>\n<address>Director de Escuela<\/address>\n<address>Ingenier\u00eda Civil Ac\u00fastica<\/address>\n<address>\u00a0<\/address>\n<address><strong>Sra. Rosa Gallardo<\/strong><\/address>\n<address>Secretaria<\/address>\n<address>Escuela Ingenier\u00eda Civil Ac\u00fastica<\/address>\n<address><a href=\"mailto:eacustic@uach.cl\">eacustic@uach.cl<\/a><\/address>\n<address>Tel\u00e9fono de contacto: +56 63 2221338<\/address>\n<address>\u00a0<\/address>\n<address>\u00a0<\/address>\n<address><strong>\u00a0<a href=\"https:\/\/www.uach.cl\/admision\/valdivia\/ingenieria-civil-acustica\" target=\"_blank\" rel=\"noopener noreferrer\">Informaci\u00f3n de la carrera en la p\u00e1gina web de la UACh.<\/a><\/strong><\/address>\n<address>\u00a0<\/address>\n","protected":false},"excerpt":{"rendered":"<p>Comun\u00edcate con nosotros: &nbsp; &nbsp; &nbsp; Ingenier\u00eda Civil Ac\u00fastica Duraci\u00f3n: Once semestres lectivos. R\u00e9gimen de Estudios: Semestral, Diurno Ubicaci\u00f3n: Universidad Austral, Campus Miraflores &#8211; Valdivia. Grados Acad\u00e9micos que otorga: Bachiller en Ciencias de la Ingenier\u00eda. Licenciado en Ciencias de la Ingenier\u00eda Titulo Profesional que otorga: Ingeniero(a) Civil Ac\u00fastico(a) Cupos: 20 vacantes. Vacantes PACE: 8 vacantes [&hellip;]<\/p>\n","protected":false},"author":2,"featured_media":8919,"parent":63,"menu_order":0,"comment_status":"closed","ping_status":"closed","template":"","meta":{"footnotes":""},"class_list":["post-789","page","type-page","status-publish","has-post-thumbnail","hentry"],"_links":{"self":[{"href":"https:\/\/www.acusticauach.cl\/index.php?rest_route=\/wp\/v2\/pages\/789","targetHints":{"allow":["GET"]}}],"collection":[{"href":"https:\/\/www.acusticauach.cl\/index.php?rest_route=\/wp\/v2\/pages"}],"about":[{"href":"https:\/\/www.acusticauach.cl\/index.php?rest_route=\/wp\/v2\/types\/page"}],"author":[{"embeddable":true,"href":"https:\/\/www.acusticauach.cl\/index.php?rest_route=\/wp\/v2\/users\/2"}],"replies":[{"embeddable":true,"href":"https:\/\/www.acusticauach.cl\/index.php?rest_route=%2Fwp%2Fv2%2Fcomments&post=789"}],"version-history":[{"count":20,"href":"https:\/\/www.acusticauach.cl\/index.php?rest_route=\/wp\/v2\/pages\/789\/revisions"}],"predecessor-version":[{"id":17368,"href":"https:\/\/www.acusticauach.cl\/index.php?rest_route=\/wp\/v2\/pages\/789\/revisions\/17368"}],"up":[{"embeddable":true,"href":"https:\/\/www.acusticauach.cl\/index.php?rest_route=\/wp\/v2\/pages\/63"}],"wp:featuredmedia":[{"embeddable":true,"href":"https:\/\/www.acusticauach.cl\/index.php?rest_route=\/wp\/v2\/media\/8919"}],"wp:attachment":[{"href":"https:\/\/www.acusticauach.cl\/index.php?rest_route=%2Fwp%2Fv2%2Fmedia&parent=789"}],"curies":[{"name":"wp","href":"https:\/\/api.w.org\/{rel}","templated":true}]}}