{"id":7843,"date":"2016-08-25T12:34:01","date_gmt":"2016-08-25T16:34:01","guid":{"rendered":"http:\/\/www.acusticauach.cl\/?page_id=7843"},"modified":"2023-10-28T21:51:23","modified_gmt":"2023-10-29T00:51:23","slug":"titulacion","status":"publish","type":"page","link":"https:\/\/www.acusticauach.cl\/?page_id=7843","title":{"rendered":"Titulaci\u00f3n"},"content":{"rendered":"<h5><strong>Proceso de Titulaci\u00f3n\u00a0de Ingeniero Civil Ac\u00fastico <\/strong><\/h5>\n<p>El proceso para obtener el t\u00edtulo de Ingeniero Civil Ac\u00fastico est\u00e1 establecido en\u00a0<a href=\"https:\/\/www.acusticauach.cl\/wp-content\/uploads\/2012\/10\/Reglamento-Carrera-ICA.pdf\" target=\"_blank\" rel=\"noopener noreferrer\">Reglamento Carrera ICA 2010<\/a>, la siguiente descripci\u00f3n es general, debe consultarse el reglamento para los detalles.<\/p>\n<p style=\"text-align: left;\"><strong><a href=\"https:\/\/www.acusticauach.cl\/wp-content\/uploads\/2012\/10\/Reglamento-Carrera-ICA.pdf\" target=\"_blank\" rel=\"noopener noreferrer\">Descargar Aqu\u00ed Reglamento de Titulaci\u00f3n 2010<\/a><\/strong><\/p>\n<p>Respecto a los requisitos, se establece, en lo medular<\/p>\n<ol>\n<li>Para optar al T\u00edtulo de Ingeniero Civil Ac\u00fastico, el postulante debe desarrollar un trabajo denominado <strong>Tesis o Trabajo de Titulaci\u00f3n,<\/strong> y rendir el Examen de Titulaci\u00f3n.<\/li>\n<li>Para casos especiales que se detallan en este Reglamento, existir\u00e1n Alternativas Extraordinarias de Titulaci\u00f3n, distintas a la Tesis o Trabajo de Titulaci\u00f3n y el respectivo Examen de Titulaci\u00f3n para optar al T\u00edtulo de Ingeniero Civil Ac\u00fastico.<\/li>\n<li>La Tesis o Trabajo Final de Titulaci\u00f3n (ACUS298) tiene como co-requisito la aprobaci\u00f3n del Plan de Estudios. Vale decir, el estudiante podr\u00e1 inscribir la Tesis en su \u00faltimo semestre de la carrera. Sin perjuicio de lo anterior, la Tesis debe inscribirse a m\u00e1s tardar en el semestre siguiente al egreso, en caso contrario se entender\u00e1 como abandono de estudios.<\/li>\n<\/ol>\n<p>En el reglamento se indican las condiciones de\u00a0la <strong>Comisi\u00f3n Evaluadora de la Tesis o Trabajo Final de Titulaci\u00f3n<\/strong> (Profesor Patrocinante y Miembros\u00a0Evaluadores).<\/p>\n<p>Adem\u00e1s, se definen los aspectos de la\u00a0<strong>Tesis o Trabajo Final de Titulaci\u00f3n<\/strong>, por nombrar algunos:<\/p>\n<ol>\n<li>El trabajo de Tesis o Trabajo Final de Titulaci\u00f3n, es una actividad que debiera programarse para ser realizada en un a\u00f1o acad\u00e9mico, con dedicaci\u00f3n parcial, o en un semestre con dedicaci\u00f3n exclusiva.<\/li>\n<li>En el programa del curso ACUS 298 deben estar las pautas de evaluaci\u00f3n y los dem\u00e1s aspectos relacionados con los requisitos de aprobaci\u00f3n pertinentes.<\/li>\n<li>El trabajo deber\u00e1 cumplir con los lineamientos y recomendaciones que la Escuela entregue en esta materia para el formato y otros aspectos pertinentes. En particular, el documento debe estar escrito en tama\u00f1o carta, y no podr\u00e1 exceder las cien p\u00e1ginas, sin contabilizar los anexos. As\u00ed mismo, se debe contemplar en un anexo la presentaci\u00f3n del trabajo en formato de publicaci\u00f3n cient\u00edfica, seg\u00fan las directrices que la Escuela disponga para tales efectos.<\/li>\n<li>El alumno una vez que finalice su trabajo de Tesis o Trabajo Final de Titulaci\u00f3n, lo entregar\u00e1 en la Direcci\u00f3n de la Escuela para su calificaci\u00f3n, quien enviar\u00e1 a cada miembro de la Comisi\u00f3n Evaluadora un ejemplar del trabajo para su evaluaci\u00f3n.<\/li>\n<li>Dentro de un plazo no mayor a 20 d\u00edas h\u00e1biles, los integrantes de la Comisi\u00f3n Evaluadora deber\u00e1n remitir al Director de Escuela el ejemplar con el informe y la calificaci\u00f3n correspondiente.<\/li>\n<li>Para la elaboraci\u00f3n y calificaci\u00f3n de la Tesis o Trabajo Final de Titulaci\u00f3n, se tendr\u00e1 en consideraci\u00f3n, entre otros aspectos: formato y presentaci\u00f3n, desarrollo de la investigaci\u00f3n, tratamiento del tema, y an\u00e1lisis de resultados y conclusiones.<\/li>\n<li>La nota del trabajo de titulaci\u00f3n se obtendr\u00e1 como promedio de las calificaciones emitidas por los integrantes de la Comisi\u00f3n Evaluadora. Para aprobarla ninguna de las notas individuales podr\u00e1 ser inferior a 4.0.<\/li>\n<li>Una vez que la Comisi\u00f3n Evaluadora ha aprobado el Trabajo, el estudiante deber\u00e1 entregar en la Direcci\u00f3n de la Escuela, los ejemplares definitivos del trabajo seg\u00fan los lineamientos y recomendaciones que la Escuela entregue en esta materia para el formato y otros aspectos pertinentes. Un ejemplar impreso se enviar\u00e1 a la Biblioteca de la Facultad de Ciencias de la Ingenier\u00eda junto al CD o DVD respectivo. Las otras copias (digitales), se destinar\u00e1n a la Escuela de Ingenier\u00eda Civil Ac\u00fastica, y para cada profesor de la Comisi\u00f3n. En total son cinco copias digitales m\u00e1s una impresa del trabajo, a las que debe agregarse una hoja con la calificaci\u00f3n de cada uno de los miembros de la Comisi\u00f3n Evaluadora. Adem\u00e1s debe entregarse en la Direcci\u00f3n de Escuela tres copias impresas en papel del trabajo en formato de publicaci\u00f3n cient\u00edfica (a modo de resumen del trabajo), para ser entregados a la Comisi\u00f3n del Examen de Titulaci\u00f3n en el examen.<\/li>\n<li>La reprobaci\u00f3n de la Tesis o Trabajo de Titulaci\u00f3n obligar\u00e1 al estudiante a mejorar considerablemente su trabajo para volver a ser presentado, o bien realizar uno completamente nuevo, que deber\u00e1 cumplir con todos los requisitos y procedimientos indicados en los art\u00edculos precedentes.<\/li>\n<li>La Tesis o Trabajo Final de Titulaci\u00f3n podr\u00e1 ser reprobada s\u00f3lo una vez en la carrera, la segunda reprobaci\u00f3n ser\u00e1 causa de inhabilitaci\u00f3n para obtener T\u00edtulo Profesional. Este mismo criterio se aplicar\u00e1 a las Alternativas Extraordinarias de Titulaci\u00f3n.<\/li>\n<\/ol>\n<p style=\"text-align: left;\"><strong><a href=\"https:\/\/www.acusticauach.cl\/wp-content\/uploads\/2012\/10\/Recomendaciones-Tesis.pdf\" target=\"_blank\" rel=\"noopener noreferrer\">Descargar Aqu\u00ed Gu\u00eda para Realizar Tesis o Trabajo de Fin de Carrera 2008<\/a>\u00a0<\/strong><\/p>\n<p>Por otro lado, indica sobre el <strong>Examen de Titulaci\u00f3n<\/strong>:<\/p>\n<ol>\n<li>Para rendir el Examen de Titulaci\u00f3n el alumno deber\u00e1 haber aprobado en su totalidad el Plan de Estudios de la Carrera, incluida la Pr\u00e1ctica Profesional.<\/li>\n<li>La Comisi\u00f3n de Examen de Titulaci\u00f3n, estar\u00e1 integrada por el Decano o su representante, quien la presidir\u00e1, y por los integrantes de la Comisi\u00f3n Evaluadora. El Secretario Acad\u00e9mico de la Facultad actuar\u00e1 como Ministro de Fe.<\/li>\n<li>El Examen ser\u00e1 oral y p\u00fablico, consistir\u00e1 en una exposici\u00f3n y defensa del tema de la Tesis o Trabajo de Fin de Carrera. El estudiante dispondr\u00e1 de 30 minutos para hacer su exposici\u00f3n. Terminada \u00e9sta, los integrantes de la Comisi\u00f3n Evaluadora y eventualmente el Decano, har\u00e1n preguntas sobre el tema, de las disciplinas b\u00e1sicas que lo fundamentan o de su proyecci\u00f3n al cargo profesional, seg\u00fan sea el caso.<\/li>\n<li>Para la evaluaci\u00f3n del Examen, se tendr\u00e1 en consideraci\u00f3n aspectos sobre\u00a0la presentaci\u00f3n y\u00a0dominio del tema.<\/li>\n<li>La Comisi\u00f3n calificar\u00e1 el Examen seg\u00fan la escala de notas vigentes en la Universidad, promediando las notas de cada uno de los examinadores. Reprobar\u00e1 el examen si alguna de estas notas es inferior a 4,0.<\/li>\n<\/ol>\n<p>La <strong>calificaci\u00f3n acad\u00e9mica final\u00a0<\/strong>de estudios ser\u00e1 el promedio ponderado un\u00a060% promedio de notas del curriculum total, un\u00a020% de la Tesis o Trabajo Final de Titulaci\u00f3n y un\u00a020% del Examen de Titulaci\u00f3n.<\/p>\n<p><img decoding=\"async\" class=\"aligncenter size-full wp-image-9458\" src=\"https:\/\/www.acusticauach.cl\/wp-content\/uploads\/2018\/01\/2018_01_04_Titulacion2017_01.jpg\" alt=\"\" width=\"800\" height=\"450\" srcset=\"https:\/\/www.acusticauach.cl\/wp-content\/uploads\/2018\/01\/2018_01_04_Titulacion2017_01.jpg 800w, https:\/\/www.acusticauach.cl\/wp-content\/uploads\/2018\/01\/2018_01_04_Titulacion2017_01-300x169.jpg 300w, https:\/\/www.acusticauach.cl\/wp-content\/uploads\/2018\/01\/2018_01_04_Titulacion2017_01-768x432.jpg 768w, https:\/\/www.acusticauach.cl\/wp-content\/uploads\/2018\/01\/2018_01_04_Titulacion2017_01-700x394.jpg 700w, https:\/\/www.acusticauach.cl\/wp-content\/uploads\/2018\/01\/2018_01_04_Titulacion2017_01-500x281.jpg 500w\" sizes=\"(max-width: 800px) 100vw, 800px\" \/><\/p>\n<h5><strong>Alternativas Extraordinarias\u00a0de Titulaci\u00f3n\u00a0de Ingeniero Civil Ac\u00fastico<\/strong><\/h5>\n<p>Existen <strong>Alternativas Extraordinarias de Titulaci\u00f3n<\/strong>, que deben ser solicitadas a la Direcci\u00f3n de Escuela, quien aprobar\u00e1 o rechazar\u00e1 esta del estudiante. La Escuela podr\u00e1 fijar un l\u00edmite de Alternativas Extraordinarias para Titulaci\u00f3n por a\u00f1o o por a\u00f1o de ingreso del estudiante, en cuyo caso, el promedio de notas del estudiante ser\u00e1 el principal antecedente a ponderar.<\/p>\n<p style=\"padding-left: 30px;\"><strong>1. Para la alternativa de Examen Final<\/strong> respecto a temas de la especialidad, se considerar\u00e1 necesario aprobar ACUS200 Proyecto Integrado de Ing. Civil Ac\u00fastica, y se proceder\u00e1 de la siguiente manera:<\/p>\n<p style=\"padding-left: 90px;\">a) El Examen Final ser\u00e1 oral y p\u00fablico, y se constituir\u00e1 una Comisi\u00f3n Evaluadora compuesta por tres profesores del Instituto de Ac\u00fastica de la Universidad, a propuesta de la Direcci\u00f3n de Escuela. Para todos los efectos, se proceder\u00e1 administrativamente de manera similar a un Examen de Titulaci\u00f3n.<br \/>\nb) El Examen Final constar\u00e1 de dos secciones:<\/p>\n<p style=\"padding-left: 150px;\">1. Primera secci\u00f3n: corresponder\u00e1 a una exposici\u00f3n de la materia de una asignatura de especialidad, donde se evaluar\u00e1 las destrezas de comunicaci\u00f3n oral, especialmente las relativas a la capacidad para exponer clara y convincentemente una materia cuyo dominio sustantivo se entiende adquirida. Para esta secci\u00f3n, el estudiante contar\u00e1 con 30 minutos.<br \/>\n2. Segunda secci\u00f3n: corresponder\u00e1 a la interrogaci\u00f3n sobre las materias correspondientes a tres asignaturas de la especialidad, incluyendo la asignatura sobre la que realiz\u00f3 previamente la exposici\u00f3n. En esta secci\u00f3n se evaluar\u00e1 el dominio de materias que se consideran fundamentales en un Ingeniero Civil Ac\u00fastico, por medio de respuestas a preguntas y problemas que permitan valorar las habilidades del postulante para la aplicaci\u00f3n de los conocimientos adquiridos en la realidad pr\u00e1ctica del ejercicio de la profesi\u00f3n.<\/p>\n<p style=\"padding-left: 90px;\">c) Tanto la asignatura a exponer en la primera secci\u00f3n como aquellas a interrogar en la segunda secci\u00f3n, ser\u00e1n propuestas por el estudiante y debe ser aprobada previa y oportunamente por la Escuela. El estudiante deber\u00e1 elegir tres entre aquellas asignaturas de ac\u00fastica obligatorias en el Plan de Estudio. Por ejemplo: Fundamentos de Ac\u00fastica, Ac\u00fastica Arquitect\u00f3nica, Refuerzo Sonoro, Control de Ruido, Electroac\u00fastica, T\u00e9cnicas de Grabaci\u00f3n I, Ac\u00fastica Ambiental, y Aislamiento y An\u00e1lisis de Vibraciones.<br \/>\nd) El plazo de rendici\u00f3n del Examen Final ser\u00e1 de un semestre una vez se egrese de la carrera.<br \/>\ne) Si el estudiante reprueba el Examen Final o no se presenta, tendr\u00e1 derecho a una nueva convocatoria, a fijarse dentro de los siguientes 180 d\u00edas. Si el estudiante vuelve a reprobar, deber\u00e1 someterse a un programa de actividades fijadas por el Decano a proposici\u00f3n del Director de Escuela, el que ser\u00e1 equivalente a un semestre acad\u00e9mico como alumno regular. Si luego de completar y aprobar este programa, el estudiante volviese a reprobar o no se presentare al Examen de Titulaci\u00f3n, perder\u00e1 la opci\u00f3n de titularse.<br \/>\nf) Para efectos de c\u00e1lculo de la nota final del estudiante, la calificaci\u00f3n de cada secci\u00f3n corresponder\u00e1 a un 20% de la nota final, y el 60% de la nota final corresponder\u00e1 al promedio de notas de su plan de estudios.<\/p>\n<p style=\"padding-left: 30px;\"><strong>2. Para la alternativa de Trabajo Especial a publicarse en una revista<\/strong>, se proceder\u00e1 de la siguiente manera:<\/p>\n<p style=\"padding-left: 90px;\">a) Se crear\u00e1 una Comisi\u00f3n Evaluadora compuesta por tres profesores de la especialidad aprobada por la Direcci\u00f3n de Escuela, quienes calificar\u00e1n el trabajo.<br \/>\nb) La revista en la que se publique el trabajo debe tener reconocimiento en la especialidad, y tener categor\u00eda de revista indexada (ISI).<br \/>\nc) El trabajo debe estar aceptado en la revista y el estudiante debe ser el autor principal.<br \/>\nd) El estudiante deber\u00e1 presentar el trabajo como si fuera su Trabajo de Titulaci\u00f3n, y ser\u00e1 evaluado por la Comisi\u00f3n Evaluadora, quien proceder\u00e1 a calificar el trabajo y la defensa como si se tratase del Trabajo de Titulaci\u00f3n y su respectiva defensa.<br \/>\ne) Corresponder\u00e1 a un 20% de la nota final cada calificaci\u00f3n mencionada, y el 60% de la nota final corresponder\u00e1 al promedio de notas de su plan de estudios.<br \/>\nf) Los plazos asociados y dem\u00e1s requisitos aplicables ser\u00e1n los mismos establecidos para una Tesis o Trabajo Final de Titulaci\u00f3n.<\/p>\n<p style=\"padding-left: 30px;\">3. <strong>Para aquel estudiante en vinculaci\u00f3n con el postgrado y que contin\u00fae en el programa de Magister<\/strong> correspondiente, el trabajo de Proyecto de Tesis de Mag\u00edster podr\u00e1 ser v\u00e1lido como Tesis de Pregrado, y el examen respectivo podr\u00e1 validarse como Examen de Titulaci\u00f3n o defensa de tesis (requisitos para obtener el t\u00edtulo profesional). Este proceso debe estar acorde con el reglamento del programa de Magister.<\/p>\n","protected":false},"excerpt":{"rendered":"<p>Proceso de Titulaci\u00f3n\u00a0de Ingeniero Civil Ac\u00fastico El proceso para obtener el t\u00edtulo de Ingeniero Civil Ac\u00fastico est\u00e1 establecido en\u00a0Reglamento Carrera ICA 2010, la siguiente descripci\u00f3n es general, debe consultarse el reglamento para los detalles. Descargar Aqu\u00ed Reglamento de Titulaci\u00f3n 2010 Respecto a los requisitos, se establece, en lo medular Para optar al T\u00edtulo de Ingeniero [&hellip;]<\/p>\n","protected":false},"author":2,"featured_media":15915,"parent":5906,"menu_order":0,"comment_status":"closed","ping_status":"closed","template":"","meta":{"footnotes":""},"class_list":["post-7843","page","type-page","status-publish","has-post-thumbnail","hentry"],"_links":{"self":[{"href":"https:\/\/www.acusticauach.cl\/index.php?rest_route=\/wp\/v2\/pages\/7843","targetHints":{"allow":["GET"]}}],"collection":[{"href":"https:\/\/www.acusticauach.cl\/index.php?rest_route=\/wp\/v2\/pages"}],"about":[{"href":"https:\/\/www.acusticauach.cl\/index.php?rest_route=\/wp\/v2\/types\/page"}],"author":[{"embeddable":true,"href":"https:\/\/www.acusticauach.cl\/index.php?rest_route=\/wp\/v2\/users\/2"}],"replies":[{"embeddable":true,"href":"https:\/\/www.acusticauach.cl\/index.php?rest_route=%2Fwp%2Fv2%2Fcomments&post=7843"}],"version-history":[{"count":0,"href":"https:\/\/www.acusticauach.cl\/index.php?rest_route=\/wp\/v2\/pages\/7843\/revisions"}],"up":[{"embeddable":true,"href":"https:\/\/www.acusticauach.cl\/index.php?rest_route=\/wp\/v2\/pages\/5906"}],"wp:featuredmedia":[{"embeddable":true,"href":"https:\/\/www.acusticauach.cl\/index.php?rest_route=\/wp\/v2\/media\/15915"}],"wp:attachment":[{"href":"https:\/\/www.acusticauach.cl\/index.php?rest_route=%2Fwp%2Fv2%2Fmedia&parent=7843"}],"curies":[{"name":"wp","href":"https:\/\/api.w.org\/{rel}","templated":true}]}}