{"id":7167,"date":"2015-12-04T10:25:26","date_gmt":"2015-12-04T13:25:26","guid":{"rendered":"http:\/\/www.acusticauach.cl\/?page_id=7167"},"modified":"2019-11-06T15:26:13","modified_gmt":"2019-11-06T18:26:13","slug":"fotos-2","status":"publish","type":"page","link":"https:\/\/www.acusticauach.cl\/?page_id=7167","title":{"rendered":"SIMPOSIO SOBRE CREATIVIDAD 2015 &#8211; Fotos"},"content":{"rendered":"<h5><strong>\u00c1lbum de fotograf\u00edas Simposio sobre Creatividad, Sonido y Tecnolog\u00eda\u00a0<\/strong><\/h5>\n<p><strong><a href=\"https:\/\/www.facebook.com\/media\/set\/?set=a.930205993727708.1073741860.194362960645352&amp;type=1&amp;l=224c89df43\" target=\"_blank\" rel=\"noopener noreferrer\">Aqu\u00ed el enlace directo a Facebook<\/a><\/strong><\/p>\n<p>\u00c1lbum de fotograf\u00edas en Facebook:<\/p>\n<div id=\"fb-root\"><\/div>\n<p><script>\/\/ <![CDATA[\n(function(d, s, id) { var js, fjs = d.getElementsByTagName(s)[0]; if (d.getElementById(id)) return; js = d.createElement(s); js.id = id; js.src = \"\/\/connect.facebook.net\/es_LA\/all.js#xfbml=1\"; fjs.parentNode.insertBefore(js, fjs); }(document, 'script', 'facebook-jssdk'));<br \/>\n\/\/ ]]><\/script><\/p>\n<div class=\"fb-post\" data-href=\"https:\/\/www.facebook.com\/media\/set\/?set=a.930205993727708.1073741860.194362960645352&amp;type=3\" data-width=\"700\">\n<div class=\"fb-xfbml-parse-ignore\"><a href=\"https:\/\/www.facebook.com\/media\/set\/?set=a.930205993727708.1073741860.194362960645352&amp;type=3\">Publicaci\u00f3n<\/a> de <a href=\"https:\/\/www.facebook.com\/acusticauach\">Acustica UACh<\/a>.<\/div>\n<\/div>\n<div class=\"fb-xfbml-parse-ignore\">\n<h4><\/h4>\n<ul>\n<li><strong><a href=\"https:\/\/www.acusticauach.cl\/?page_id=6882\">Inicio Simposio sobre Creatividad, Sonido y Tecnolog\u00eda<\/a><\/strong><\/li>\n<li><strong><a href=\"https:\/\/www.acusticauach.cl\/?page_id=6856\">Programa del Simposio sobre Creatividad, Sonido y Tecnolog\u00eda<\/a><\/strong><\/li>\n<li><strong><a href=\"https:\/\/www.acusticauach.cl\/?page_id=6907\">Ponencias del Simposio sobre Creatividad, Sonido y Tecnolog\u00eda<\/a><\/strong><\/li>\n<li><strong><a href=\"https:\/\/www.acusticauach.cl\/?page_id=7146\">Descargar Presentaciones del Simposio sobre Creatividad, Sonido y Tecnolog\u00eda<\/a><\/strong><\/li>\n<li><strong><a href=\"https:\/\/www.acusticauach.cl\/?page_id=7167\">Fotos del Simposio sobre Creatividad, Sonido y Tecnolog\u00eda<\/a><\/strong><\/li>\n<li><strong><a href=\"https:\/\/www.acusticauach.cl\/?page_id=7582\">Videos del Simposio sobre Creatividad, Sonido y Tecnolog\u00eda<\/a><\/strong><\/li>\n<\/ul>\n<\/div>\n","protected":false},"excerpt":{"rendered":"<p>\u00c1lbum de fotograf\u00edas Simposio sobre Creatividad, Sonido y Tecnolog\u00eda\u00a0 Aqu\u00ed el enlace directo a Facebook \u00c1lbum de fotograf\u00edas en Facebook: Publicaci\u00f3n de Acustica UACh. Inicio Simposio sobre Creatividad, Sonido y Tecnolog\u00eda Programa del Simposio sobre Creatividad, Sonido y Tecnolog\u00eda Ponencias del Simposio sobre Creatividad, Sonido y Tecnolog\u00eda Descargar Presentaciones del Simposio sobre Creatividad, Sonido y [&hellip;]<\/p>\n","protected":false},"author":2,"featured_media":6854,"parent":0,"menu_order":0,"comment_status":"closed","ping_status":"closed","template":"","meta":{"footnotes":""},"class_list":["post-7167","page","type-page","status-publish","has-post-thumbnail","hentry"],"_links":{"self":[{"href":"https:\/\/www.acusticauach.cl\/index.php?rest_route=\/wp\/v2\/pages\/7167","targetHints":{"allow":["GET"]}}],"collection":[{"href":"https:\/\/www.acusticauach.cl\/index.php?rest_route=\/wp\/v2\/pages"}],"about":[{"href":"https:\/\/www.acusticauach.cl\/index.php?rest_route=\/wp\/v2\/types\/page"}],"author":[{"embeddable":true,"href":"https:\/\/www.acusticauach.cl\/index.php?rest_route=\/wp\/v2\/users\/2"}],"replies":[{"embeddable":true,"href":"https:\/\/www.acusticauach.cl\/index.php?rest_route=%2Fwp%2Fv2%2Fcomments&post=7167"}],"version-history":[{"count":0,"href":"https:\/\/www.acusticauach.cl\/index.php?rest_route=\/wp\/v2\/pages\/7167\/revisions"}],"wp:featuredmedia":[{"embeddable":true,"href":"https:\/\/www.acusticauach.cl\/index.php?rest_route=\/wp\/v2\/media\/6854"}],"wp:attachment":[{"href":"https:\/\/www.acusticauach.cl\/index.php?rest_route=%2Fwp%2Fv2%2Fmedia&parent=7167"}],"curies":[{"name":"wp","href":"https:\/\/api.w.org\/{rel}","templated":true}]}}