{"id":7146,"date":"2015-12-03T23:10:01","date_gmt":"2015-12-04T02:10:01","guid":{"rendered":"http:\/\/www.acusticauach.cl\/?page_id=7146"},"modified":"2019-11-06T15:25:49","modified_gmt":"2019-11-06T18:25:49","slug":"presentaciones","status":"publish","type":"page","link":"https:\/\/www.acusticauach.cl\/?page_id=7146","title":{"rendered":"SIMPOSIO SOBRE CREATIVIDAD 2015 &#8211; Presentaciones"},"content":{"rendered":"<h5><strong>A continuaci\u00f3n podr\u00e1 descargar en formato pdf las presentaciones utilizadas en el\u00a0Simposio sobre Creatividad, Sonido y Tecnolog\u00eda 2015.<\/strong><\/h5>\n<p><img decoding=\"async\" class=\" size-full wp-image-7148 aligncenter\" src=\"https:\/\/www.acusticauach.cl\/wp-content\/uploads\/2015\/12\/simposio-3.jpg\" alt=\"simposio -3\" width=\"800\" height=\"450\" srcset=\"https:\/\/www.acusticauach.cl\/wp-content\/uploads\/2015\/12\/simposio-3.jpg 800w, https:\/\/www.acusticauach.cl\/wp-content\/uploads\/2015\/12\/simposio-3-300x169.jpg 300w, https:\/\/www.acusticauach.cl\/wp-content\/uploads\/2015\/12\/simposio-3-700x394.jpg 700w, https:\/\/www.acusticauach.cl\/wp-content\/uploads\/2015\/12\/simposio-3-500x281.jpg 500w\" sizes=\"(max-width: 800px) 100vw, 800px\" \/><\/p>\n<h2><\/h2>\n<ol>\n<li><strong>Se\u00f1ales Fisiol\u00f3gicas para la Creaci\u00f3n de Sistemas Interactivos de Sonido<\/strong>. Javier Jaimovich, U. de Chile.\u00a0<strong><a href=\"https:\/\/www.acusticauach.cl\/wp-content\/uploads\/2015\/12\/Presentacion_Javier_Jaimovich_Simposio_Valdivia_2015.pdf\" target=\"_blank\" rel=\"noopener noreferrer\">Descargar Presentaci\u00f3n<\/a><\/strong><\/li>\n<li><strong>Utilizando el sonido m\u00f3vil para explorar relaciones espaciales entre danza y m\u00fasica<\/strong>.\u00a0Felipe Otondo y Rodrigo Torres Instituto de Ac\u00fastica, Universidad Austral de Chile.\u00a0<strong><a href=\"https:\/\/www.acusticauach.cl\/wp-content\/uploads\/2015\/12\/Presentacion_Simposio_OtondoTorres_VF.pdf\" target=\"_blank\" rel=\"noopener noreferrer\">Descargar Presentaci\u00f3n<\/a><\/strong><\/li>\n<li><strong>Acusm\u00e1tica y cognici\u00f3n: de la m\u00fasica a la experiencia musical<\/strong>.\u00a0Federico Schumacher Claudio Fuentes Facultad de Psicolog\u00eda Universidad Diego Portales.\u00a0<strong><a href=\"https:\/\/www.acusticauach.cl\/wp-content\/uploads\/2015\/12\/Conferencia_Acusmatica_SchumacherFuentes.pdf\" target=\"_blank\" rel=\"noopener noreferrer\">Descargar Presentaci\u00f3n<\/a><\/strong><\/li>\n<li><strong>Dise\u00f1o y Aplicaci\u00f3n de Sistemas de Captura de Movimiento en la Composici\u00f3n<\/strong>. Sergio N\u00fa\u00f1ez.\u00a0<strong><a href=\"https:\/\/www.acusticauach.cl\/wp-content\/uploads\/2015\/12\/Sergio-Nunez-Presentacion-Simposio-Valdivia-2015.pdf\">Descargar Presentaci\u00f3n<\/a><\/strong><\/li>\n<\/ol>\n<p><img decoding=\"async\" class=\" size-full wp-image-7147 aligncenter\" src=\"https:\/\/www.acusticauach.cl\/wp-content\/uploads\/2015\/12\/simposio-2.jpg\" alt=\"simposio -2\" width=\"800\" height=\"450\" srcset=\"https:\/\/www.acusticauach.cl\/wp-content\/uploads\/2015\/12\/simposio-2.jpg 800w, https:\/\/www.acusticauach.cl\/wp-content\/uploads\/2015\/12\/simposio-2-300x169.jpg 300w, https:\/\/www.acusticauach.cl\/wp-content\/uploads\/2015\/12\/simposio-2-700x394.jpg 700w, https:\/\/www.acusticauach.cl\/wp-content\/uploads\/2015\/12\/simposio-2-500x281.jpg 500w\" sizes=\"(max-width: 800px) 100vw, 800px\" \/><\/p>\n<ul>\n<li><strong><a href=\"https:\/\/www.acusticauach.cl\/?page_id=6882\">Inicio Simposio sobre Creatividad, Sonido y Tecnolog\u00eda<\/a><\/strong><\/li>\n<li><strong><a href=\"https:\/\/www.acusticauach.cl\/?page_id=6856\">Programa del Simposio sobre Creatividad, Sonido y Tecnolog\u00eda<\/a><\/strong><\/li>\n<li><strong><a href=\"https:\/\/www.acusticauach.cl\/?page_id=6907\">Ponencias del Simposio sobre Creatividad, Sonido y Tecnolog\u00eda<\/a><\/strong><\/li>\n<li><strong><a href=\"https:\/\/www.acusticauach.cl\/?page_id=7146\">Descargar Presentaciones del Simposio sobre Creatividad, Sonido y Tecnolog\u00eda<\/a><\/strong><\/li>\n<li><strong><a href=\"https:\/\/www.acusticauach.cl\/?page_id=7167\">Fotos del Simposio sobre Creatividad, Sonido y Tecnolog\u00eda<\/a><\/strong><\/li>\n<li><strong><a href=\"https:\/\/www.acusticauach.cl\/?page_id=7582\">Videos del Simposio sobre Creatividad, Sonido y Tecnolog\u00eda<\/a><\/strong><\/li>\n<\/ul>\n","protected":false},"excerpt":{"rendered":"<p>A continuaci\u00f3n podr\u00e1 descargar en formato pdf las presentaciones utilizadas en el\u00a0Simposio sobre Creatividad, Sonido y Tecnolog\u00eda 2015. Se\u00f1ales Fisiol\u00f3gicas para la Creaci\u00f3n de Sistemas Interactivos de Sonido. Javier Jaimovich, U. de Chile.\u00a0Descargar Presentaci\u00f3n Utilizando el sonido m\u00f3vil para explorar relaciones espaciales entre danza y m\u00fasica.\u00a0Felipe Otondo y Rodrigo Torres Instituto de Ac\u00fastica, Universidad Austral [&hellip;]<\/p>\n","protected":false},"author":2,"featured_media":6854,"parent":0,"menu_order":0,"comment_status":"closed","ping_status":"closed","template":"","meta":{"footnotes":""},"class_list":["post-7146","page","type-page","status-publish","has-post-thumbnail","hentry"],"_links":{"self":[{"href":"https:\/\/www.acusticauach.cl\/index.php?rest_route=\/wp\/v2\/pages\/7146","targetHints":{"allow":["GET"]}}],"collection":[{"href":"https:\/\/www.acusticauach.cl\/index.php?rest_route=\/wp\/v2\/pages"}],"about":[{"href":"https:\/\/www.acusticauach.cl\/index.php?rest_route=\/wp\/v2\/types\/page"}],"author":[{"embeddable":true,"href":"https:\/\/www.acusticauach.cl\/index.php?rest_route=\/wp\/v2\/users\/2"}],"replies":[{"embeddable":true,"href":"https:\/\/www.acusticauach.cl\/index.php?rest_route=%2Fwp%2Fv2%2Fcomments&post=7146"}],"version-history":[{"count":0,"href":"https:\/\/www.acusticauach.cl\/index.php?rest_route=\/wp\/v2\/pages\/7146\/revisions"}],"wp:featuredmedia":[{"embeddable":true,"href":"https:\/\/www.acusticauach.cl\/index.php?rest_route=\/wp\/v2\/media\/6854"}],"wp:attachment":[{"href":"https:\/\/www.acusticauach.cl\/index.php?rest_route=%2Fwp%2Fv2%2Fmedia&parent=7146"}],"curies":[{"name":"wp","href":"https:\/\/api.w.org\/{rel}","templated":true}]}}