{"id":7015,"date":"2015-11-20T12:59:37","date_gmt":"2015-11-20T15:59:37","guid":{"rendered":"http:\/\/www.acusticauach.cl\/?page_id=7015"},"modified":"2016-08-25T09:00:05","modified_gmt":"2016-08-25T13:00:05","slug":"david-andres-fernandez","status":"publish","type":"page","link":"https:\/\/www.acusticauach.cl\/?page_id=7015","title":{"rendered":"David Andr\u00e9s Fern\u00e1ndez"},"content":{"rendered":"<p>[tabs tab1=\u00bbBiograf\u00eda\u00bb tab2=\u00bbFormaci\u00f3n\u00bb tab3=\u00bbArea Inter\u00e9s\u00bb tab4=\u00bbDocencia\u00bb tab5=\u00bbPublicaciones\u00bb ]<\/p>\n<p>[tab id=\u00bbtab1&#8243;]<\/p>\n<h2><img decoding=\"async\" class=\"alignright wp-image-7056 size-medium\" src=\"https:\/\/www.acusticauach.cl\/wp-content\/uploads\/2015\/11\/David_Andres_03-200x300.jpg\" alt=\"\" width=\"200\" height=\"300\" \/>T\u00edtulos y Grados<\/h2>\n<p>Doctor por la Universidad de Zaragoza (Espa\u00f1a).<br \/>\nLicenciado en Historia y Ciencias de la M\u00fasica, Universidad de Salamanca (Espa\u00f1a).<br \/>\nT\u00edtulo de Profesor de Piano, Conservatorio Profesional de M\u00fasica de Zaragoza<br \/>\nT\u00edtulo de Profesor de Solfeo, Teor\u00eda de la M\u00fasica, Transporte y Acompa\u00f1amiento, Conservatorio Profesional de M\u00fasica de Zaragoza<br \/>\nMaestro en Educaci\u00f3n Musical, Universidad de Zaragoza<\/p>\n<p>&nbsp;<\/p>\n<p>David Andr\u00e9s Fern\u00e1ndez es natural de Zaragoza, Espa\u00f1a, y reside en Chile desde 2013, a\u00f1o en el que obtuvo, por concurso internacional, una plaza de profesor de planta en la Universidad Austral de Chile. Adem\u00e1s de su formaci\u00f3n acad\u00e9mica, ha realizado estancias de formaci\u00f3n e investigaci\u00f3n en Australia, B\u00e9lgica, Espa\u00f1a, Estados Unidos, Francia y Reino Unido.<\/p>\n<p>&nbsp;<\/p>\n<p>Docente por vocaci\u00f3n, comenz\u00f3 a impartir clases en 2002. Desde entonces ha sido profesor, principalmente en el \u00e1rea musical, en diversos \u00e1mbitos y niveles educativos. Antes de llegar a la Universidad Austral de Chile trabaj\u00f3 en el Instituto de Estudios e Investigaci\u00f3n de Los Monegros, la Universidad de Zaragoza y la Junta de Andaluc\u00eda.<\/p>\n<p>&nbsp;<\/p>\n<p>En la actualidad es acad\u00e9mico del Instituto de Ac\u00fastica de la Universidad Austral de Chile, miembro del Comit\u00e9 Asesor de la Direcci\u00f3n de Investigaci\u00f3n y Desarrollo de esta misma universidad, evaluador del Programa Capital Humano Avanzado de Consejo Nacional de Investigaci\u00f3n, Ciencia y Desarrollo del Gobierno de Chile e investigador responsable del proyecto \u201cM\u00fasica lit\u00fargica de los siglos XVI-XIX en Chile\u201d (FONDECYT 11140832).<\/p>\n<h2>Contacto:<\/h2>\n<p>Instituto de Ac\u00fastica<\/p>\n<p>Facultad de Ciencias de la Ingenier\u00eda<\/p>\n<p>Universidad Austral de Chile<\/p>\n<p>Edificio 6000, Campus Miraflores, Casilla 567, Valdivia, Chile<\/p>\n<p>Fax: (56 63) 2 221012<\/p>\n<p>Fono: (56 63) 2 293049<\/p>\n<p>Email: dandres[at]uach[dot]cl<\/p>\n<p><strong>Actualizado el 30.12.2015.<\/strong><\/p>\n<p>[\/tab]<\/p>\n<p>[tab id=\u00bbtab2&#8243;]<\/p>\n<h2>Educaci\u00f3n universitaria:<\/h2>\n<ul>\n<li>2012 Doctor por la Universidad de Zaragoza (Espa\u00f1a).<\/li>\n<li>2006 Licenciado en Historia y Ciencias de la M\u00fasica, Universidad de Salamanca (Espa\u00f1a).<\/li>\n<li>2003 T\u00edtulo de Profesor de Piano, Conservatorio Profesional de M\u00fasica de Zaragoza.<\/li>\n<li>2003 T\u00edtulo de Profesor de Solfeo, Teor\u00eda de la M\u00fasica, Transporte y Acompa\u00f1amiento, Conservatorio Profesional de M\u00fasica de Zaragoza.<\/li>\n<li>2001 Maestro en Educaci\u00f3n Musical, Universidad de Zaragoza.<\/li>\n<\/ul>\n<p>[\/tab]<\/p>\n<p>[tab id=\u00bbtab3&#8243;]<\/p>\n<h2>Investigaci\u00f3n<\/h2>\n<p>&nbsp;<\/p>\n<p>Su l\u00ednea de investigaci\u00f3n, dentro de la musicolog\u00eda hist\u00f3rica, se centra en el estudio de los libros de canto llano de diversos periodos y territorios, habi\u00e9ndose especializado en el libro procesional y su repertorio desde un enfoque multidisciplinar en musicolog\u00eda, paleograf\u00eda y liturgia.<\/p>\n<p>&nbsp;<\/p>\n<p>Ha publicado en editoriales relevantes y revistas indexadas, as\u00ed como participado en congresos en Am\u00e9rica Latina, Estados Unidos, Europa y Ocean\u00eda. Asimismo, pertenece a cinco sociedades cient\u00edficas y colabora en diversos proyectos de investigaci\u00f3n internacionales, habiendo visitado, como invitado en varios casos, diversas instituciones de educaci\u00f3n superior, tales como la Universidad Aut\u00f3noma de Barcelona, Harvard University, el Centre d\u2019\u00c9tudes Sup\u00e9rieures de la Renaissance de Tours, la University of Bristol y la University of Sydney, entre otras.<\/p>\n<p>&nbsp;<\/p>\n<h2>Notaci\u00f3n e inform\u00e1tica musical<\/h2>\n<p>&nbsp;<\/p>\n<p>Ha organizado dos ediciones del Taller Internacional de Paleograf\u00eda musical, siendo uno dedicado a la notaci\u00f3n de las fuentes medievales hispanas y otro espec\u00edficamente a la notaci\u00f3n aquitana. Asimismo ha impartido cursos proped\u00e9uticos de inform\u00e1tica musical, edici\u00f3n de audio digital y MIDI, incluyendo\u00a0software de edici\u00f3n de partituras, de educaci\u00f3n musical, de edici\u00f3n de audio y MIDI, DAWs, VST, etc. En estos momentos otro de sus intereses es la implementaci\u00f3n de los nuevos sistemas de codificaci\u00f3n musical (como por ejemplo Music Encoding Initiative) en bases de datos y programas ofim\u00e1ticos.<\/p>\n<p>[\/tab]<\/p>\n<p>[tab id=\u00bbtab4&#8243;]<\/p>\n<h2>Pregrado<\/h2>\n<ol>\n<li>Cursos de m\u00fasica para la carrera de Ingenier\u00eda Civil Ac\u00fastica.<\/li>\n<\/ol>\n<p>&nbsp;<\/p>\n<p>[\/tab]<\/p>\n<p>[tab id=\u00bbtab5&#8243;]<\/p>\n<h2>Selecci\u00f3n de 3 productos acad\u00e9micos:<\/h2>\n<ol>\n<li>Andr\u00e9s Fern\u00e1ndez, D. (2015). M\u00fasica y liturgia en la Catedral de Huesca en la Edad Media (Zaragoza: Comuniter). ISBN 978-84-15126-94-2. Libro cofinanciado por el Instituto de Estudios Altoaragoneses y la Catedral de Huesca.<\/li>\n<\/ol>\n<ol start=\"2\">\n<li>Andr\u00e9s Fern\u00e1ndez, D. (2015). \u201cVestigios de canto llano en la catedral de Valdivia: redescubriendo un gradual del siglo XVI\u201d, en Aurelio Tello (ed.), Huellas del Mundo Misional (Santa Cruz de la Sierra, Bolivia: Fondo Editorial APAC), pp. 95-134. ISBN 978-99974-859-1-5.<\/li>\n<\/ol>\n<ol start=\"3\">\n<li>Andr\u00e9s Fern\u00e1ndez, D. (2015). \u201cCorpus processionalium in Late Medieval Aragon: Manuscripts, Attributes, and Special Features\u201d, in Tess Knighton &amp; Emilio Ros-F\u00e1bregas (eds.), New Perspectives on Early Music in Spain (Kassel: Reichenberger), pp. 78-87. ISBN 978-3-944244-15-0.<\/li>\n<\/ol>\n<p>[\/tab]<\/p>\n<p>[\/tabs]<\/p>\n","protected":false},"excerpt":{"rendered":"<p>[tabs tab1=\u00bbBiograf\u00eda\u00bb tab2=\u00bbFormaci\u00f3n\u00bb tab3=\u00bbArea Inter\u00e9s\u00bb tab4=\u00bbDocencia\u00bb tab5=\u00bbPublicaciones\u00bb ] [tab id=\u00bbtab1&#8243;] T\u00edtulos y Grados Doctor por la Universidad de Zaragoza (Espa\u00f1a). Licenciado en Historia y Ciencias de la M\u00fasica, Universidad de Salamanca (Espa\u00f1a). T\u00edtulo de Profesor de Piano, Conservatorio Profesional de M\u00fasica de Zaragoza T\u00edtulo de Profesor de Solfeo, Teor\u00eda de la M\u00fasica, Transporte y Acompa\u00f1amiento, [&hellip;]<\/p>\n","protected":false},"author":2,"featured_media":0,"parent":139,"menu_order":0,"comment_status":"closed","ping_status":"closed","template":"","meta":{"footnotes":""},"class_list":["post-7015","page","type-page","status-publish","hentry"],"_links":{"self":[{"href":"https:\/\/www.acusticauach.cl\/index.php?rest_route=\/wp\/v2\/pages\/7015","targetHints":{"allow":["GET"]}}],"collection":[{"href":"https:\/\/www.acusticauach.cl\/index.php?rest_route=\/wp\/v2\/pages"}],"about":[{"href":"https:\/\/www.acusticauach.cl\/index.php?rest_route=\/wp\/v2\/types\/page"}],"author":[{"embeddable":true,"href":"https:\/\/www.acusticauach.cl\/index.php?rest_route=\/wp\/v2\/users\/2"}],"replies":[{"embeddable":true,"href":"https:\/\/www.acusticauach.cl\/index.php?rest_route=%2Fwp%2Fv2%2Fcomments&post=7015"}],"version-history":[{"count":0,"href":"https:\/\/www.acusticauach.cl\/index.php?rest_route=\/wp\/v2\/pages\/7015\/revisions"}],"up":[{"embeddable":true,"href":"https:\/\/www.acusticauach.cl\/index.php?rest_route=\/wp\/v2\/pages\/139"}],"wp:attachment":[{"href":"https:\/\/www.acusticauach.cl\/index.php?rest_route=%2Fwp%2Fv2%2Fmedia&parent=7015"}],"curies":[{"name":"wp","href":"https:\/\/api.w.org\/{rel}","templated":true}]}}