{"id":6907,"date":"2015-11-05T16:45:04","date_gmt":"2015-11-05T19:45:04","guid":{"rendered":"http:\/\/www.acusticauach.cl\/?page_id=6907"},"modified":"2019-11-06T15:25:24","modified_gmt":"2019-11-06T18:25:24","slug":"simposio-sobre-creatividad-2015-ponencias","status":"publish","type":"page","link":"https:\/\/www.acusticauach.cl\/?page_id=6907","title":{"rendered":"Simposio sobre Creatividad 2015 &#8211; Ponencias"},"content":{"rendered":"<p><img decoding=\"async\" class=\"aligncenter size-full wp-image-6935\" src=\"https:\/\/www.acusticauach.cl\/wp-content\/uploads\/2015\/11\/Recorte02_Afiche_Simposio_Acustica.jpg\" alt=\"__Recorte02_Afiche_Simposio_Acustica\" width=\"1008\" height=\"504\" srcset=\"https:\/\/www.acusticauach.cl\/wp-content\/uploads\/2015\/11\/Recorte02_Afiche_Simposio_Acustica.jpg 1008w, https:\/\/www.acusticauach.cl\/wp-content\/uploads\/2015\/11\/Recorte02_Afiche_Simposio_Acustica-300x150.jpg 300w, https:\/\/www.acusticauach.cl\/wp-content\/uploads\/2015\/11\/Recorte02_Afiche_Simposio_Acustica-700x350.jpg 700w, https:\/\/www.acusticauach.cl\/wp-content\/uploads\/2015\/11\/Recorte02_Afiche_Simposio_Acustica-500x250.jpg 500w\" sizes=\"(max-width: 1008px) 100vw, 1008px\" \/><\/p>\n<h5><strong>Ponencias\u00a0del Simposio sobre Creatividad, Sonido y Tecnolog\u00eda<\/strong><\/h5>\n<p><strong>Pabell\u00f3n Docente, edificio 900, Facultad de Ciencias de la Ingenier\u00eda<\/strong><\/p>\n<p><strong>\u00a026 &amp; 27 de noviembre 2015<\/strong><\/p>\n<hr \/>\n<h5><strong>T\u00edtulo: Tecnolog\u00eda musical y creatividad<\/strong><\/h5>\n<p><strong><img decoding=\"async\" class=\"alignleft size-full wp-image-6913\" src=\"https:\/\/www.acusticauach.cl\/wp-content\/uploads\/2015\/11\/NCOLLINS.jpg\" alt=\"__NCOLLINS\" width=\"200\" height=\"300\" \/>Presentador: Nicolas Collins<\/strong><\/p>\n<p><strong>Taller<\/strong>:\u00a0Se trata de un taller pr\u00e1ctico a efectuarse el S\u00e1bado 28 de Noviembre a las 11:30 am. sobre modificaci\u00f3n de sistemas y circuitos b\u00e1sicos en d\u00f3nde los participantes construir\u00e1n dos instrumentos experimentales de bajo costo. Se trata de \u2018El Sintetizador Victoriana\u2019, construido en base a un parlante reciclado, una bater\u00eda de 9 volts y un par de trozos de alambre se combinan para hacer un instrumento electr\u00f3nico sencillo y l\u00fadico. Consiste en transformar una vieja radio port\u00e1til en un sintetizador an\u00e1logo y ruidoso el cual es activado tocando la placa del circuito directamente con los dedos. Inscripciones: ver <a href=\"http:\/\/relinchafestival.com\/\">http:\/\/relinchafestival.com\/<\/a><\/p>\n<p><strong>Nicolas Collins<\/strong> (1954, Nueva York) es compositor de m\u00fasica electr\u00f3nica y un reconocido investigador en el tema de use de hardware y circuitos electr\u00f3nicos en conexi\u00f3n con instrumentos ac\u00fasticos. Ha sido pionero en el uso de microcomputadoras, circuitos electr\u00f3nicos artesanales, radio, material sonoro encontrado e instrumentos musicales transformados para sus interpretaciones en vivo. Ha presentado m\u00e1s de 300 conciertos e instalaciones en Europa, Jap\u00f3n y Estados Unidos como solista y como miembro de varios conjuntos. Actualmente trabaja como catedr\u00e1tico de Sonido de la Escuela de Bellas Artes de Chicago, USA y es el editor jefe de la revista <em>Leonardo Music<\/em> <em>Journal<\/em>.<\/p>\n<p>M\u00e1s informaci\u00f3n en: <a href=\"http:\/\/www.nicolascollins.com\" target=\"_blank\" rel=\"noopener noreferrer\">http:\/\/www.nicolascollins.com<\/a><\/p>\n<hr \/>\n<h5><strong>T\u00edtulo: Se\u00f1ales Fisiol\u00f3gicas para la Creaci\u00f3n de Sistemas Interactivos de Sonido<\/strong><\/h5>\n<p><strong><img decoding=\"async\" class=\"alignleft size-full wp-image-6914\" src=\"https:\/\/www.acusticauach.cl\/wp-content\/uploads\/2015\/11\/JJAIMOVICH.jpg\" alt=\"__JJAIMOVICH\" width=\"200\" height=\"300\" \/>Presentador: Javier Jaimovich<\/strong><\/p>\n<p><strong>Resumen:\u00a0<\/strong>El desarrollo de nuevas tecnolog\u00edas ha impulsado la incursi\u00f3n de nuevos m\u00e9todos de medici\u00f3n ambulatorios que anteriormente solo estaban disponibles para laboratorios e instituciones. Estos avances han ayudado a expandir los campos de acci\u00f3n de obras art\u00edsticas, permitiendo el acceso a nuevos canales de interacci\u00f3n para int\u00e9rpretes y audiencias. Esta charla estar\u00e1 enfocada al uso de se\u00f1ales fisiol\u00f3gicas para la creaci\u00f3n de sistemas interactivos de sonido, presentando proyectos de investigaci\u00f3n donde se han analizado las respuestas fisiol\u00f3gicas de audiencias e int\u00e9rpretes en ambientes ecol\u00f3gicos, y la relaci\u00f3n con sus respuestas emocionales. Adem\u00e1s, se presentar\u00e1n algunas aplicaciones y creaciones art\u00edsticas interactivas que se han construido a partir de estos resultados, que han permitido desarrollar nuevas e innovadoras formas de arte interactivo.<\/p>\n<p><strong>Javier Jaimovich<\/strong> es un investigador y artista sonoro de Santiago, Chile. Licenciado en Artes con menci\u00f3n en Sonido de la Universidad de Chile, Javier curs\u00f3 estudios de posgrado en el Sonic Arts Research Centre (SARC), Queen\u2019s University Belfast en el Reino Unido. Sus intereses radican en el dise\u00f1o de sistemas interactivos de sonido, espec\u00edficamente mediante el uso de se\u00f1ales fisiol\u00f3gicas. Dentro de esta \u00e1rea, Javier ha desarrollado proyectos de investigaci\u00f3n como <em>Emotion in Motion<\/em> y en el proyecto EU SIEMPRE, entre otros. Adem\u00e1s, ha realizado proyectos de creaci\u00f3n con instalaciones sonoras y performances interactivas, buscando difuminar los l\u00edmites ente arte, ciencia y tecnolog\u00eda. Actualmente, Javier es Profesor Asistente del Departamento de M\u00fasica y Sonolog\u00eda de la Facultad de Artes en la Universidad de Chile. Aqu\u00ed realiza investigaci\u00f3n en base a respuestas fisiol\u00f3gicas de audiencias a la m\u00fasica, participa en proyectos interdisciplinarios de creaci\u00f3n, y desarrolla docencia de pregrado y posgrado para la carrera de Sonido y de Composici\u00f3n.<\/p>\n<p>M\u00e1s informaci\u00f3n en: <a href=\"http:\/\/javier.jaimovich.cl\">http:\/\/javier.jaimovich.cl<\/a><\/p>\n<hr \/>\n<h5><strong>T\u00edtulo: Acusm\u00e1tica y cognici\u00f3n: de la m\u00fasica a la experiencia musical.<\/strong><\/h5>\n<p><strong><img decoding=\"async\" class=\"alignleft size-full wp-image-6915\" src=\"https:\/\/www.acusticauach.cl\/wp-content\/uploads\/2015\/11\/FSCHUMACHER.jpg\" alt=\"__FSCHUMACHER\" width=\"200\" height=\"300\" \/>Presentadores: Federico Schumacher y Claudio Fuentes<\/strong><\/p>\n<p><strong>Resumen<\/strong>:\u00a0En esta conferencia describiremos algunos de los supuestos te\u00f3ricos, metodolog\u00edas y resultados obtenidos durante la realizaci\u00f3n del proyecto de investigaci\u00f3n Fondecyt 1130620 \u00ab\u00a0La construcci\u00f3n del contrato musical en la experiencia acusm\u00e1tica: desde las gram\u00e1ticas de composici\u00f3n hacia la emergencia de una comunidad acusm\u00e1tica\u00a0\u00bb En tanto proyecto interdisciplinario, abordaremos en esta conferencia diversos aspectos de la experiencia est\u00e9tica acusm\u00e1tica poniendo particular relevancia en una perspectiva situada de la cognici\u00f3n. Durante esta\u00a0investigaci\u00f3n, 40 auditores participaron de \u00abexperiencias de escucha\u00bb en donde se tomaron registros neurofisiol\u00f3gicos de sus repuestas a los est\u00edmulos sonoros (diversos tipos de \u00abm\u00fasica para parlantes\u00bb) Asi mismo, cada participante respondi\u00f3 a una entrevista semi estructurada, Esta\u00a0combinaci\u00f3n de datos\u00a0cualitativos y cuantitativos, pueden ampliar al comprensi\u00f3n de la experiencia musical, particularmente en lo que se relaciona con la est\u00e9tica acusm\u00e1tica.<\/p>\n<p><strong>Federico Schumacher<\/strong>. Compositor e investigador, doctorando en composici\u00f3n. Investigador adjunto, Facultad de Psicolog\u00eda Universidad Diego Portales. Ha compuesto una veintena de obras acusm\u00e1ticas. Dirigi\u00f3 el festival internacional de m\u00fasica electroac\u00fastica Ai-Maako (2008-2012). Es autor de la investigaci\u00f3n \u00ab\u00a0La M\u00fasica Electroac\u00fastica en Chile\u00a0\u00bb\u00a0 y actualmente dirige el Laboratorio de Creaci\u00f3n y Cognici\u00f3n Musical (AcusmaLab)<\/p>\n<p><strong><img decoding=\"async\" class=\"alignleft size-full wp-image-6916\" src=\"https:\/\/www.acusticauach.cl\/wp-content\/uploads\/2015\/11\/CFUENTES.jpg\" alt=\"__CFUENTES\" width=\"200\" height=\"300\" \/>Claudio Fuentes<\/strong>. Docente e investigador. Candidato a Doctor en L\u00f3gica. Director del Centro de Estudios de la Argumentaci\u00f3n y el Razonamiento (CEAR) de la Facultad de Psicolog\u00eda Universidad Diego Portales. Su linea principal de investigaci\u00f3n es la Cognici\u00f3n situada, desde la cual participa en distintos proyectos de investigaci\u00f3n en \u00e1mbitos como la m\u00fasica, la argumentaci\u00f3n, la biolog\u00eda y la arquitectura.<\/p>\n<p>M\u00e1s informaci\u00f3n en:\u00a0<a href=\"http:\/\/cear.udp.cl\/acusmalab\/acerca-del-acusmalab\/\" target=\"_blank\" rel=\"noopener noreferrer\">http:\/\/cear.udp.cl\/acusmalab\/acerca-del-acusmalab\/<\/a><\/p>\n<hr \/>\n<h5><strong>T\u00edtulo: Dise\u00f1o y aplicaci\u00f3n de sistemas de captura de movimiento en la composici\u00f3n musical<\/strong><\/h5>\n<p><strong><img decoding=\"async\" class=\"alignleft size-full wp-image-6917\" src=\"https:\/\/www.acusticauach.cl\/wp-content\/uploads\/2015\/11\/SNU\u00d1EZ.jpg\" alt=\"__SNU\u00d1EZ\" width=\"200\" height=\"300\" \/>Presentador: Sergio N\u00fa\u00f1ez<\/strong><\/p>\n<p><strong>Resumen:<\/strong> En la actualidad, los sistemas de captura de movimiento a trav\u00e9s de c\u00e1maras infrarrojas han alcanzado un alto desarrollo en el campo de la investigaci\u00f3n musical, en particular en el \u00e1rea de la <em>musician medicine<\/em>, la cual a trav\u00e9s de estos sistemas, busca mejorar la gestualidad, postura y movimientos que un int\u00e9rprete musical realiza durante su ejecuci\u00f3n. Pero, \u00bfes posible integrar estos sistemas de interacci\u00f3n a la composici\u00f3n musical? \u00bfQu\u00e9 elementos hay que considerar a la hora de dise\u00f1ar y aplicar un sistema de estas caracter\u00edsticas?<\/p>\n<p>La presente exposici\u00f3n, entonces, estar\u00e1 enfocada en el proceso de dise\u00f1o y desarrollo de un sistema de captura de movimiento basado en Microsoft Kinect y Max\/Jitter, programado espec\u00edficamente para el piano, el cual es parte de la investigaci\u00f3n para mi tesis en el Mag\u00edster en Composici\u00f3n de la Universidad de Chile, la que se encuentra en desarrollo.<\/p>\n<p><strong>Sergio N\u00fa\u00f1ez<\/strong> es compositor e investigador, enfocado en el estudio la problem\u00e1tica notaci\u00f3n-gesto-sonido en el \u00e1mbito de la m\u00fasica instrumental a trav\u00e9s de la utilizaci\u00f3n de sistemas interactivos. Su trabajo se ha desarrollado tanto en formatos instrumentales como en creaciones colaborativas, con \u00e9nfasis en el uso de nuevos medios. Es Licenciado en Composici\u00f3n y estudiante del Magister en Artes menci\u00f3n Composici\u00f3n en la Universidad de Chile, bajo la supervisi\u00f3n de los acad\u00e9micos Dr. Javier Jaimovich y Jorge Pepi-Alos. Actualmente, se desempe\u00f1a como Ayudante de C\u00e1tedra de Composici\u00f3n B\u00e1sica del profesor Jorge Pepi-Alos en la Universidad de Chile, y tambi\u00e9n como dise\u00f1ador sonoro en el proyecto \u201c<em>Emovere: Cuerpo, Sonido y Movimiento<\/em><em>.<\/em><\/p>\n<hr \/>\n<h5><strong>T\u00edtulo: S\u00edntesis de sonidos con tonos de distorsi\u00f3n auditiva<\/strong><\/h5>\n<p><strong> <img decoding=\"async\" class=\"alignleft size-full wp-image-6918\" src=\"https:\/\/www.acusticauach.cl\/wp-content\/uploads\/2015\/11\/RCADIZ.jpg\" alt=\"__RCADIZ\" width=\"200\" height=\"300\" \/>Presentador: Rodrigo C\u00e1diz<\/strong><\/p>\n<p><strong>Resumen:\u00a0<\/strong>Esta ponencia trata sobre m\u00e9todos de s\u00edntesis de sonido basados en tonos de distorsi\u00f3n auditiva, tambi\u00e9n conocidos como tonos de combinaci\u00f3n. En 1856, Helmholtz fue el primero en identificar los tonos de suma y diferencia como productos de una distorsi\u00f3n auditiva. Hoy en d\u00eda este fen\u00f3meno ha sido estudiado en el contexto de las emisiones otoac\u00fasticas y esta \u00abdistorsi\u00f3n\u00bb se entiende como un producto de lo que se denomina el amplificador coclear. Estos tonos han sido ricamente utilizados en la m\u00fasica a lo largo de la historia. Hasta ahora, el uso de tonos de distorsi\u00f3n en la m\u00fasica ha sido en gran medida rudimentario y dependiente de amplitudes extremadamente altas para que este efecto pueda ser escuchado por el p\u00fablico. En este trabajo se presentan m\u00e9todos de s\u00edntesis para presentar estos tonos de una forma m\u00e1s f\u00e1cilmente audible y proveerlos de algunas de las propiedades din\u00e1micas del sonido ac\u00fastico tradicional, otorgando a la distorsi\u00f3n auditiva una dimensi\u00f3n pr\u00e1ctica de aplicaci\u00f3n para la s\u00edntesis de sonidos en general.<\/p>\n<p><strong>Rodrigo C\u00e1diz:\u00a0<\/strong>Ingeniero Civil Industrial con menci\u00f3n en Ingenier\u00eda El\u00e9ctrica en la Pontificia Universidad Cat\u00f3lica de Chile y Licenciado en M\u00fasica con menci\u00f3n en Composici\u00f3n de la misma universidad. Obtuvo su doctorado (Ph.D) con menci\u00f3n en M\u00fasica y Tecnolog\u00eda en Northwestern University, EEUU. Ha estudiado composici\u00f3n con Alejandro Guarello, Aliocha Solovera, Augusta Read Thomas y Jay Alan Yim, y m\u00fasica computacional con Gary Kendall, Virgil Moorefield y Amnon Wolman.<\/p>\n<p>Su m\u00fasica abarca instrumentos solistas, grupos de c\u00e1mara, orquesta, m\u00fasica mixta, medios audiovisuales y m\u00fasica computacional y ha sido programada en diversos festivales y eventos en Chile, Estados Unidos y Europa. Sus temas de investigaci\u00f3n incluyen el procesamiento digital de audio, m\u00fasica computacional, nuevas interfaces de expresi\u00f3n musical, y aplicaciones musicales de la inteligencia artificial. Ha ganado varias becas y premios para creaci\u00f3n art\u00edstica e investigaci\u00f3n. Tambi\u00e9n ha recibido premios en distintos concursos de composici\u00f3n tanto en Chile como en Estados Unidos.<\/p>\n<p>Se desempe\u00f1a actualmente como Profesor Asociado del Instituto de M\u00fasica y Profesor Asociado Adjunto del Departamento de Ingenier\u00eda El\u00e9ctrica de la Pontificia Universidad Cat\u00f3lica de Chile y como Director del Programa de Doctorado en Artes de la misma universidad.<\/p>\n<p>M\u00e1s informaci\u00f3n en:\u00a0<a href=\"http:\/\/www.rodrigocadiz.com\" target=\"_blank\" rel=\"noopener noreferrer\">www.rodrigocadiz.com<\/a><\/p>\n<hr \/>\n<h5><strong>T\u00edtulo: Utilizando el sonido m\u00f3vil para explorar relaciones espaciales entre danza y m\u00fasica.<\/strong><\/h5>\n<p><strong><img decoding=\"async\" class=\"alignleft size-full wp-image-6919\" src=\"https:\/\/www.acusticauach.cl\/wp-content\/uploads\/2015\/11\/FOTONDO.jpg\" alt=\"__FOTONDO\" width=\"200\" height=\"300\" \/>Presentadores: Felipe Otondo y Rodrigo Torres<\/strong><\/p>\n<p>El rol del sonido espacializado en la m\u00fasica y la danza ha adquirido una considerable importancia en las \u00faltimas d\u00e9cadas principalmente debido al desarrollo de herramientas de software y hardware de mayor capacidad. Actualmente existen diversos tipos de sistemas de sonido m\u00f3vil en el mercado, pero muy pocas de estas aplicaciones proporcionan una respuesta ac\u00fastica \u00f3ptima y se pueden adaptar a las necesidades b\u00e1sicas de int\u00e9rpretes de las artes esc\u00e9nicas. El presente proyecto busca suplir estas falencias por medio de la consolidaci\u00f3n del dise\u00f1o e implementaci\u00f3n de un prototipo de chaleco sonoro utilizando un arreglo h\u00edbrido de altavoces \u201cfull-range\u201d con un dise\u00f1o ergon\u00f3mico para bailarines y m\u00fasicos. El prototipo implementado fue sometido a mediciones ac\u00fasticas y diversas pruebas con int\u00e9rpretes de modo de optimizar su comportamiento ac\u00fastico, tama\u00f1o y flexibilidad para la interpretaci\u00f3n de la danza y m\u00fasica electroac\u00fastica.<\/p>\n<p><strong>Felipe Otondo:\u00a0<\/strong>Felipe Otondo naci\u00f3 en Santiago de Chile, estudi\u00f3 ac\u00fastica en Chile y luego percepci\u00f3n del sonido en Dinamarca, donde trabaj\u00f3 varios a\u00f1os como investigador en ac\u00fastica musical. En Dinamarca estudi\u00f3 composici\u00f3n de forma privada con el compositor Anders Broedsgaard y en el a\u00f1o 2008 complet\u00f3 un doctorado en composici\u00f3n en la Universidad de York en Inglaterra con los compositores Roger Marsh y Ambrose Field como tutores. Ha realizado m\u00fasica electr\u00f3nica en diversos formatos, proyectos de teatro musical, obras interactivas e instalaciones sonoras. Sus composiciones han sido interpretadas en Europa, las Am\u00e9ricas y Australia y ha ganado premios de composici\u00f3n en Austria, China, Francia, Italia, Rusia y Rep\u00fablica Checa. Su trabajo de investigaci\u00f3n ha sido publicado por importantes revistas cient\u00edficas como Acta Acustica united with Acustica, Computer Music Journal y Organised Sound. Actualmente se desempe\u00f1a como profesor asociado en el Instituto de Ac\u00fastica de la Universidad Austral de Chile. M\u00e1s informaci\u00f3n en: <a href=\"http:\/\/www.otondo.net\/\" target=\"_blank\" rel=\"noopener noreferrer\">http:\/\/www.otondo.net\/<\/a><\/p>\n<p><strong><img decoding=\"async\" class=\"alignleft size-full wp-image-6920\" src=\"https:\/\/www.acusticauach.cl\/wp-content\/uploads\/2015\/11\/RTORRES.jpg\" alt=\"__RTORRES\" width=\"200\" height=\"300\" \/>Rodrigo Torres:\u00a0<\/strong>Ingeniero Ac\u00fastico de formaci\u00f3n, audi\u00f3filo y docente. Desde los inicios de mi formaci\u00f3n profesional me he vinculado con el quehacer art\u00edstico cultural, integrando diversos equipos de trabajo y desarrollando actividades relacionadas principalmente con m\u00fasica y audiovisual. Ingeniero de grabaci\u00f3n y post-producci\u00f3n de numerosos proyectos entre los cuales se destacan : Ciudad de Papel de La Desooorden; Construcci\u00f3n del cantautor Camilo Eque; Estirpe L\u00edtica de Hom\u00ednido; Gris El\u00e9ctrico de Gris El\u00e9ctrico.<\/p>\n<hr \/>\n<ul>\n<li><strong><a href=\"https:\/\/www.acusticauach.cl\/?page_id=6882\">Inicio Simposio sobre Creatividad, Sonido y Tecnolog\u00eda<\/a><\/strong><\/li>\n<li><strong><a href=\"https:\/\/www.acusticauach.cl\/?page_id=6856\">Programa del Simposio sobre Creatividad, Sonido y Tecnolog\u00eda<\/a><\/strong><\/li>\n<li><strong><a href=\"https:\/\/www.acusticauach.cl\/?page_id=6907\">Ponencias del Simposio sobre Creatividad, Sonido y Tecnolog\u00eda<\/a><\/strong><\/li>\n<li><strong><a href=\"https:\/\/www.acusticauach.cl\/?page_id=7146\">Descargar Presentaciones del Simposio sobre Creatividad, Sonido y Tecnolog\u00eda<\/a><\/strong><\/li>\n<li><strong><a href=\"https:\/\/www.acusticauach.cl\/?page_id=7167\">Fotos del Simposio sobre Creatividad, Sonido y Tecnolog\u00eda<\/a><\/strong><\/li>\n<li><strong><a href=\"https:\/\/www.acusticauach.cl\/?page_id=7582\">Videos del Simposio sobre Creatividad, Sonido y Tecnolog\u00eda<\/a><\/strong><\/li>\n<\/ul>\n<p><img decoding=\"async\" class=\"aligncenter size-full wp-image-6939\" src=\"https:\/\/www.acusticauach.cl\/wp-content\/uploads\/2015\/10\/Recorte03_Afiche_Simposio_Acustica.jpg\" alt=\"__Recorte03_Afiche_Simposio_Acustica\" width=\"660\" height=\"142\" srcset=\"https:\/\/www.acusticauach.cl\/wp-content\/uploads\/2015\/10\/Recorte03_Afiche_Simposio_Acustica.jpg 660w, https:\/\/www.acusticauach.cl\/wp-content\/uploads\/2015\/10\/Recorte03_Afiche_Simposio_Acustica-300x65.jpg 300w, https:\/\/www.acusticauach.cl\/wp-content\/uploads\/2015\/10\/Recorte03_Afiche_Simposio_Acustica-500x108.jpg 500w\" sizes=\"(max-width: 660px) 100vw, 660px\" \/><\/p>\n","protected":false},"excerpt":{"rendered":"<p>Ponencias\u00a0del Simposio sobre Creatividad, Sonido y Tecnolog\u00eda Pabell\u00f3n Docente, edificio 900, Facultad de Ciencias de la Ingenier\u00eda \u00a026 &amp; 27 de noviembre 2015 T\u00edtulo: Tecnolog\u00eda musical y creatividad Presentador: Nicolas Collins Taller:\u00a0Se trata de un taller pr\u00e1ctico a efectuarse el S\u00e1bado 28 de Noviembre a las 11:30 am. sobre modificaci\u00f3n de sistemas y circuitos b\u00e1sicos [&hellip;]<\/p>\n","protected":false},"author":2,"featured_media":6854,"parent":0,"menu_order":0,"comment_status":"closed","ping_status":"closed","template":"","meta":{"footnotes":""},"class_list":["post-6907","page","type-page","status-publish","has-post-thumbnail","hentry"],"_links":{"self":[{"href":"https:\/\/www.acusticauach.cl\/index.php?rest_route=\/wp\/v2\/pages\/6907","targetHints":{"allow":["GET"]}}],"collection":[{"href":"https:\/\/www.acusticauach.cl\/index.php?rest_route=\/wp\/v2\/pages"}],"about":[{"href":"https:\/\/www.acusticauach.cl\/index.php?rest_route=\/wp\/v2\/types\/page"}],"author":[{"embeddable":true,"href":"https:\/\/www.acusticauach.cl\/index.php?rest_route=\/wp\/v2\/users\/2"}],"replies":[{"embeddable":true,"href":"https:\/\/www.acusticauach.cl\/index.php?rest_route=%2Fwp%2Fv2%2Fcomments&post=6907"}],"version-history":[{"count":0,"href":"https:\/\/www.acusticauach.cl\/index.php?rest_route=\/wp\/v2\/pages\/6907\/revisions"}],"wp:featuredmedia":[{"embeddable":true,"href":"https:\/\/www.acusticauach.cl\/index.php?rest_route=\/wp\/v2\/media\/6854"}],"wp:attachment":[{"href":"https:\/\/www.acusticauach.cl\/index.php?rest_route=%2Fwp%2Fv2%2Fmedia&parent=6907"}],"curies":[{"name":"wp","href":"https:\/\/api.w.org\/{rel}","templated":true}]}}