{"id":6882,"date":"2015-10-28T21:16:16","date_gmt":"2015-10-29T00:16:16","guid":{"rendered":"http:\/\/www.acusticauach.cl\/?page_id=6882"},"modified":"2019-11-06T15:23:55","modified_gmt":"2019-11-06T18:23:55","slug":"simposio-sobre-creatividad-sonido-y-tecnologia-2015","status":"publish","type":"page","link":"https:\/\/www.acusticauach.cl\/?page_id=6882","title":{"rendered":"Simposio sobre Creatividad 2015 &#8211; Descripci\u00f3n"},"content":{"rendered":"<p><img decoding=\"async\" class=\"aligncenter size-full wp-image-6854\" src=\"https:\/\/www.acusticauach.cl\/wp-content\/uploads\/2015\/10\/banner-grande.jpg\" alt=\"banner-grande\" width=\"1002\" height=\"339\" srcset=\"https:\/\/www.acusticauach.cl\/wp-content\/uploads\/2015\/10\/banner-grande.jpg 1002w, https:\/\/www.acusticauach.cl\/wp-content\/uploads\/2015\/10\/banner-grande-300x101.jpg 300w, https:\/\/www.acusticauach.cl\/wp-content\/uploads\/2015\/10\/banner-grande-700x237.jpg 700w, https:\/\/www.acusticauach.cl\/wp-content\/uploads\/2015\/10\/banner-grande-500x169.jpg 500w\" sizes=\"(max-width: 1002px) 100vw, 1002px\" \/><\/p>\n<h5>Objetivo<\/h5>\n<p>El objetivo del simposio es generar un espacio para que investigadores y artistas nacionales ligados al sonido y los nuevos medios puedan mostrar y discutir sus trabajos de investigaci\u00f3n en un ambiente inclusivo y transdisciplinario.<\/p>\n<p>Los t\u00f3picos a tratar durante el simposio abarcan, entre otros, sonido espacializado, s\u00edntesis digital, percepci\u00f3n del sonido, sonido y danza, dise\u00f1o sonoro, interactividad y el dise\u00f1o e implementaci\u00f3n de aplicaciones de hardware y software para proyectos musicales.<\/p>\n<h5>Expositores<\/h5>\n<p>El simposio contar\u00e1 con la participaci\u00f3n del destacado compositor e investigador Nicolas Collins del School of the Art Institute of Chicago, quien realizar\u00e1 una clase magistral, un taller y un concierto ligado al festival Relincha que se realizar\u00e1 de forma paralela al simposio en el Museo de Arte Contempor\u00e1nea de Valdivia.<\/p>\n<h5>Entrada Liberada<\/h5>\n<p>El evento ser\u00e1 gratuito y contar\u00e1 con la participaci\u00f3n de docentes, investigadores y estudiantes de pregrado y posgrado de la Universidad Austral de Chile.<\/p>\n<ul>\n<li><a href=\"https:\/\/www.acusticauach.cl\/?page_id=6882\"><strong>Inicio <strong>Simposio sobre Creatividad, Sonido y Tecnolog\u00eda<\/strong><\/strong><\/a><\/li>\n<li><strong><a href=\"https:\/\/www.acusticauach.cl\/?page_id=6856\">Programa del Simposio sobre Creatividad, Sonido y Tecnolog\u00eda<\/a><\/strong><\/li>\n<li><strong><a href=\"https:\/\/www.acusticauach.cl\/?page_id=6907\">Ponencias del Simposio sobre Creatividad, Sonido y Tecnolog\u00eda<\/a><\/strong><\/li>\n<li><strong><a href=\"https:\/\/www.acusticauach.cl\/?page_id=7146\">Descargar Presentaciones del Simposio sobre Creatividad, Sonido y Tecnolog\u00eda<\/a><\/strong><\/li>\n<li><strong><a href=\"https:\/\/www.acusticauach.cl\/?page_id=7167\">Fotos del Simposio sobre Creatividad, Sonido y Tecnolog\u00eda<\/a><\/strong><\/li>\n<li><strong><a href=\"https:\/\/www.acusticauach.cl\/?page_id=7582\">Videos del Simposio sobre Creatividad, Sonido y Tecnolog\u00eda<\/a><\/strong><\/li>\n<\/ul>\n<p><a href=\"https:\/\/www.acusticauach.cl\/wp-content\/uploads\/2015\/10\/Afiche_Simposio_Acustica-2.jpg\"><img decoding=\"async\" class=\"aligncenter size-full wp-image-6924\" src=\"https:\/\/www.acusticauach.cl\/wp-content\/uploads\/2015\/10\/Afiche_Simposio_Acustica-2.jpg\" alt=\"Afiche_Simposio_Acustica-2\" width=\"1169\" height=\"1654\" srcset=\"https:\/\/www.acusticauach.cl\/wp-content\/uploads\/2015\/10\/Afiche_Simposio_Acustica-2.jpg 1169w, https:\/\/www.acusticauach.cl\/wp-content\/uploads\/2015\/10\/Afiche_Simposio_Acustica-2-212x300.jpg 212w, https:\/\/www.acusticauach.cl\/wp-content\/uploads\/2015\/10\/Afiche_Simposio_Acustica-2-724x1024.jpg 724w, https:\/\/www.acusticauach.cl\/wp-content\/uploads\/2015\/10\/Afiche_Simposio_Acustica-2-700x990.jpg 700w, https:\/\/www.acusticauach.cl\/wp-content\/uploads\/2015\/10\/Afiche_Simposio_Acustica-2-500x707.jpg 500w\" sizes=\"(max-width: 1169px) 100vw, 1169px\" \/><\/a><\/p>\n","protected":false},"excerpt":{"rendered":"<p>Objetivo El objetivo del simposio es generar un espacio para que investigadores y artistas nacionales ligados al sonido y los nuevos medios puedan mostrar y discutir sus trabajos de investigaci\u00f3n en un ambiente inclusivo y transdisciplinario. Los t\u00f3picos a tratar durante el simposio abarcan, entre otros, sonido espacializado, s\u00edntesis digital, percepci\u00f3n del sonido, sonido y [&hellip;]<\/p>\n","protected":false},"author":2,"featured_media":6854,"parent":6010,"menu_order":0,"comment_status":"closed","ping_status":"closed","template":"","meta":{"footnotes":""},"class_list":["post-6882","page","type-page","status-publish","has-post-thumbnail","hentry"],"_links":{"self":[{"href":"https:\/\/www.acusticauach.cl\/index.php?rest_route=\/wp\/v2\/pages\/6882","targetHints":{"allow":["GET"]}}],"collection":[{"href":"https:\/\/www.acusticauach.cl\/index.php?rest_route=\/wp\/v2\/pages"}],"about":[{"href":"https:\/\/www.acusticauach.cl\/index.php?rest_route=\/wp\/v2\/types\/page"}],"author":[{"embeddable":true,"href":"https:\/\/www.acusticauach.cl\/index.php?rest_route=\/wp\/v2\/users\/2"}],"replies":[{"embeddable":true,"href":"https:\/\/www.acusticauach.cl\/index.php?rest_route=%2Fwp%2Fv2%2Fcomments&post=6882"}],"version-history":[{"count":0,"href":"https:\/\/www.acusticauach.cl\/index.php?rest_route=\/wp\/v2\/pages\/6882\/revisions"}],"up":[{"embeddable":true,"href":"https:\/\/www.acusticauach.cl\/index.php?rest_route=\/wp\/v2\/pages\/6010"}],"wp:featuredmedia":[{"embeddable":true,"href":"https:\/\/www.acusticauach.cl\/index.php?rest_route=\/wp\/v2\/media\/6854"}],"wp:attachment":[{"href":"https:\/\/www.acusticauach.cl\/index.php?rest_route=%2Fwp%2Fv2%2Fmedia&parent=6882"}],"curies":[{"name":"wp","href":"https:\/\/api.w.org\/{rel}","templated":true}]}}