{"id":684,"date":"2012-09-22T12:54:43","date_gmt":"2012-09-22T15:54:43","guid":{"rendered":"http:\/\/190.114.255.83\/~acustic1\/?page_id=684"},"modified":"2023-09-25T20:17:59","modified_gmt":"2023-09-25T23:17:59","slug":"universidad-austral-de-chile","status":"publish","type":"page","link":"https:\/\/www.acusticauach.cl\/?page_id=684","title":{"rendered":"Universidad Austral de Chile UACh"},"content":{"rendered":"<p><img decoding=\"async\" class=\"aligncenter wp-image-15920 size-full\" src=\"https:\/\/www.acusticauach.cl\/wp-content\/uploads\/2023\/09\/UACH-Acreditada_6anos.png\" alt=\"\" width=\"1584\" height=\"431\" srcset=\"https:\/\/www.acusticauach.cl\/wp-content\/uploads\/2023\/09\/UACH-Acreditada_6anos.png 1584w, https:\/\/www.acusticauach.cl\/wp-content\/uploads\/2023\/09\/UACH-Acreditada_6anos-300x82.png 300w, https:\/\/www.acusticauach.cl\/wp-content\/uploads\/2023\/09\/UACH-Acreditada_6anos-1024x279.png 1024w, https:\/\/www.acusticauach.cl\/wp-content\/uploads\/2023\/09\/UACH-Acreditada_6anos-768x209.png 768w, https:\/\/www.acusticauach.cl\/wp-content\/uploads\/2023\/09\/UACH-Acreditada_6anos-125x34.png 125w, https:\/\/www.acusticauach.cl\/wp-content\/uploads\/2023\/09\/UACH-Acreditada_6anos-75x20.png 75w, https:\/\/www.acusticauach.cl\/wp-content\/uploads\/2023\/09\/UACH-Acreditada_6anos-1536x418.png 1536w\" sizes=\"(max-width: 1584px) 100vw, 1584px\" \/><\/p>\n<p>La Universidad Austral de Chile es una universidad tradicional, perteneciente al\u00a0<a title=\"CRUCh\" href=\"http:\/\/www.consejoderectores.cl\/\" target=\"_blank\" rel=\"noopener noreferrer\"><strong>Consejo de Rectores de las Universidades Chilenas<\/strong>. <\/a>Es una Corporaci\u00f3n de Derecho privado sin fines de lucro, constituida en 1954, en la ciudad de Valdivia, con el prop\u00f3sito de impulsar el desarrollo de la zona sur &#8211; austral del pa\u00eds, a trav\u00e9s del cultivo de las ciencias y de las artes. Adem\u00e1s, pertenece a la <a href=\"http:\/\/redg9.cl\/\" target=\"_blank\" rel=\"noopener noreferrer\"><strong>Red de Universidades P\u00fablicas No Estatales \u2013 G9<\/strong><\/a>, que agrupa a las universidades p\u00fablicas no estatales del Consejo de Rectores de las Universidades de Chile.<\/p>\n<p>La Universidad Austral de Chile se encuentra <strong>acreditada oficialmente por 6 a\u00f1os (2022 al 2028) en todas las \u00e1reas<\/strong> del quehacer universitario:\u00a0<span style=\"line-height: 24px;\">Gesti\u00f3n Institucional &#8211; Docencia de Pregrado &#8211; Docencia de Postgrado \u2013 Investigaci\u00f3n \u2013 Vinculaci\u00f3n con el Medio. (<strong><a href=\"https:\/\/diario.uach.cl\/cna-otorga-acreditacion-institucional-de-excelencia-a-la-uach-por-un-periodo-de-seis-anos\/\" target=\"_blank\" rel=\"noopener noreferrer\">ver detalles<\/a><\/strong>). Es relevante mencionar que la acreditaci\u00f3n anterior tambi\u00e9n fue tambi\u00e9n de 6 a\u00f1os (11 de noviembre 2009 al 11 de noviembre 2015), demostrando un sello de calidad en el tiempo.<\/span><\/p>\n<h5><strong>Transparencia<\/strong><\/h5>\n<p>Al conmemorar 60 a\u00f1os como corporaci\u00f3n de servicio p\u00fablico apoyada por el Estado, la Universidad Austral de Chile pone a disposici\u00f3n de la comunidad el <a href=\"http:\/\/www.uach.cl\/transparencia\/principal\/nuestra-universidad\" target=\"_blank\" rel=\"noopener noreferrer\">Portal de Transparencia<\/a>, que permite conocer los aspectos m\u00e1s relevantes de nuestra Instituci\u00f3n y cumplir activamente con el principio de transparencia que debe regir en todos los organismos que realizan una funci\u00f3n p\u00fablica. <a href=\"http:\/\/www.uach.cl\/transparencia\/principal\/nuestra-universidad\" target=\"_blank\" rel=\"noopener noreferrer\">Ir a Portal Transparencia.<\/a><\/p>\n<h5><strong>Algunas cifras<\/strong><\/h5>\n<p>La UACh ofrece <strong><a title=\"Admisi\u00f3n\" href=\"https:\/\/www.uach.cl\/admision\/portada\" target=\"_blank\" rel=\"noopener noreferrer\">m\u00e1s de 60 carreras de pregrado (ver)<\/a><\/strong>, cuenta con 9 facultades, dos campus en \u00a0Valdivia (Isla Teja y Miraflores), una Sede en \u00a0Puerto Montt y el Campus Patagonia en Coyhaique.<\/p>\n<p>Adem\u00e1s, la UACh ofrece m\u00e1s de 10 Programas de Doctorado acreditados por la Comisi\u00f3n Nacional de Acreditaci\u00f3n (CNA), m\u00e1s de 35 Programas de Mag\u00edster, numerosos de ellos acreditados por la CNA, otros en proceso de acreditaci\u00f3n, y m\u00e1s de 30 programas de post\u00edtulo (Diplomados y Especialidades). <strong><a title=\"Posgrados UACh\" href=\"https:\/\/www.uach.cl\/postgrado\/principal\" target=\"_blank\" rel=\"noopener noreferrer\">Ver m\u00e1s.<\/a><\/strong><\/p>\n<h5><strong>Ranking<\/strong><\/h5>\n<p>Son varios los rankings que se publican sobre las universidades. En particular, un estudio realizado por el Grupo de Estudios Avanzados Universitas y Diario el Mercurio analiza la calidad de las Universidades Chilenas en Calidad en la Docencia de Pregrado. Este an\u00e1lisis incluy\u00f3 a 49 universidades acreditadas que han reportado sus datos oficialmente al Ministerio de Educaci\u00f3n ranqueadas seg\u00fan la calidad de su docencia de pregrado.<\/p>\n<ul>\n<li><a href=\"https:\/\/www.acusticauach.cl\/?p=11463\"><strong>UACH nuevamente se posiciona en 6\u00b0 lugar en ranking de mejores universidades de Chile 2019<\/strong><\/a><\/li>\n<li><strong><a href=\"https:\/\/www.acusticauach.cl\/?p=10776\">UACh nuevamente destacada en Ranking de Universidades 2018 elaborado por La Tercera (La Tercera 2018)<\/a><\/strong><\/li>\n<li><a href=\"https:\/\/www.acusticauach.cl\/?p=9430\"><strong>UACh destaca en ranking de calidad de las universidades chilenas (El Mercurio 2017).<\/strong><\/a><\/li>\n<li><a href=\"https:\/\/www.acusticauach.cl\/?p=9187\"><strong>UACh destaca en el top 50 del ranking QS Latinoam\u00e9rica 2018.<\/strong><\/a><\/li>\n<li><a href=\"http:\/\/noticias.uach.cl\/principal.php?pag=noticia-externo&amp;cod=106506\" target=\"_blank\" rel=\"noopener noreferrer\"><strong>UACh destaca en ranking de revista Times Higher Education (2017).<\/strong><\/a><\/li>\n<li><strong><a href=\"https:\/\/www.acusticauach.cl\/?p=7959\">Ranking mundial destaca a UACh entre las mejores de Chile (2016)<\/a><a title=\"UACh destaca en Ranking de Calidad de las Universidades Chilenas 2013\" href=\"https:\/\/www.acusticauach.cl\/?p=3758\">.<\/a><\/strong><\/li>\n<li><b><a href=\"https:\/\/www.acusticauach.cl\/?p=5103\">Para el a\u00f1o 2014, por tercer a\u00f1o consecutivo la Universidad Austral de Chile se ubica en el cuarto lugar entre las Universidades de Investigaci\u00f3n y Doctorados y en el quinto puesto en Calidad en la Docencia de Pregrado<\/a><\/b><\/li>\n<li><strong><a title=\"UACh destaca en Ranking de Calidad de las Universidades Chilenas 2013\" href=\"https:\/\/www.acusticauach.cl\/?p=3758\">El estudio sit\u00fao a la Universidad Austral de Chile en el 5\u00ba lugar del ranking de las universidades con mejor calidad de docencia de pregrado y en 4\u00ba lugar de las universidades de investigaci\u00f3n y doctorados (a\u00f1os 2012 y 2013)<\/a><\/strong>.<\/li>\n<\/ul>\n<p><strong><a title=\"10 razones para estudiar en la UACh\" href=\"http:\/\/admision.uach.cl\/10razones.htm\" target=\"_blank\" rel=\"noopener noreferrer\">\u00a0<\/a><a href=\"http:\/\/issuu.com\/acusticauach\/docs\/uach_funcion_publica_2014\/1\" target=\"_blank\" rel=\"noopener noreferrer\"><img decoding=\"async\" class=\"aligncenter wp-image-6835 size-full\" src=\"https:\/\/www.acusticauach.cl\/wp-content\/uploads\/2012\/09\/60_a\u00f1os_de_funcion_publica.jpg\" alt=\"60_a\u00f1os_de_funcion_publica\" width=\"1000\" height=\"163\" srcset=\"https:\/\/www.acusticauach.cl\/wp-content\/uploads\/2012\/09\/60_a\u00f1os_de_funcion_publica.jpg 1000w, https:\/\/www.acusticauach.cl\/wp-content\/uploads\/2012\/09\/60_a\u00f1os_de_funcion_publica-300x49.jpg 300w, https:\/\/www.acusticauach.cl\/wp-content\/uploads\/2012\/09\/60_a\u00f1os_de_funcion_publica-700x114.jpg 700w, https:\/\/www.acusticauach.cl\/wp-content\/uploads\/2012\/09\/60_a\u00f1os_de_funcion_publica-500x82.jpg 500w\" sizes=\"(max-width: 1000px) 100vw, 1000px\" \/><\/a><\/strong><\/p>\n<div class=\"issuuembed\" style=\"width: 525px; height: 263px;\" data-configid=\"2439625\/30598564\"><\/div>\n<p><script src=\"\/\/e.issuu.com\/embed.js\" async=\"true\" type=\"text\/javascript\"><\/script><\/p>\n<h2><\/h2>\n<p style=\"text-align: center;\"><span style=\"text-align: center;\"><strong><a title=\"UACh\" href=\"http:\/\/www.uach.cl\" target=\"_blank\" rel=\"noopener noreferrer\">Visitar p\u00e1gina web de la Universidad Austral de Chile<\/a><\/strong><\/span><\/p>\n","protected":false},"excerpt":{"rendered":"<p>La Universidad Austral de Chile es una universidad tradicional, perteneciente al\u00a0Consejo de Rectores de las Universidades Chilenas. Es una Corporaci\u00f3n de Derecho privado sin fines de lucro, constituida en 1954, en la ciudad de Valdivia, con el prop\u00f3sito de impulsar el desarrollo de la zona sur &#8211; austral del pa\u00eds, a trav\u00e9s del cultivo de [&hellip;]<\/p>\n","protected":false},"author":2,"featured_media":15922,"parent":0,"menu_order":0,"comment_status":"closed","ping_status":"closed","template":"","meta":{"footnotes":""},"class_list":["post-684","page","type-page","status-publish","has-post-thumbnail","hentry"],"_links":{"self":[{"href":"https:\/\/www.acusticauach.cl\/index.php?rest_route=\/wp\/v2\/pages\/684","targetHints":{"allow":["GET"]}}],"collection":[{"href":"https:\/\/www.acusticauach.cl\/index.php?rest_route=\/wp\/v2\/pages"}],"about":[{"href":"https:\/\/www.acusticauach.cl\/index.php?rest_route=\/wp\/v2\/types\/page"}],"author":[{"embeddable":true,"href":"https:\/\/www.acusticauach.cl\/index.php?rest_route=\/wp\/v2\/users\/2"}],"replies":[{"embeddable":true,"href":"https:\/\/www.acusticauach.cl\/index.php?rest_route=%2Fwp%2Fv2%2Fcomments&post=684"}],"version-history":[{"count":0,"href":"https:\/\/www.acusticauach.cl\/index.php?rest_route=\/wp\/v2\/pages\/684\/revisions"}],"wp:featuredmedia":[{"embeddable":true,"href":"https:\/\/www.acusticauach.cl\/index.php?rest_route=\/wp\/v2\/media\/15922"}],"wp:attachment":[{"href":"https:\/\/www.acusticauach.cl\/index.php?rest_route=%2Fwp%2Fv2%2Fmedia&parent=684"}],"curies":[{"name":"wp","href":"https:\/\/api.w.org\/{rel}","templated":true}]}}