{"id":63,"date":"2012-08-30T22:22:59","date_gmt":"2012-08-31T02:22:59","guid":{"rendered":"http:\/\/190.114.255.83\/~acustic1\/?page_id=63"},"modified":"2025-10-13T06:33:14","modified_gmt":"2025-10-13T09:33:14","slug":"carrera","status":"publish","type":"page","link":"https:\/\/www.acusticauach.cl\/?page_id=63","title":{"rendered":"Ingenier\u00eda Civil Ac\u00fastica"},"content":{"rendered":"<p><iframe title=\"Ingenier\u00eda Civil Ac\u00fastica, se estudia en la UACh!\" width=\"1200\" height=\"675\" src=\"https:\/\/www.youtube.com\/embed\/MJEpSbZsA8s?feature=oembed\" frameborder=\"0\" allow=\"accelerometer; autoplay; clipboard-write; encrypted-media; gyroscope; picture-in-picture; web-share\" allowfullscreen><\/iframe><\/p>\n<h5><strong>Estudiar Ingenier\u00eda Civil Ac\u00fastica<\/strong><\/h5>\n<p>Somos pioneros desde 1967\u00a0en la formaci\u00f3n de profesionales de la ac\u00fastica y del sonido; ingenieros preparados para ofrecer soluciones innovadoras incorporando aspectos tecnol\u00f3gicos, econ\u00f3micos, ambientales y sociales.<\/p>\n<p>La malla curricular mezcla matem\u00e1tica, f\u00edsica, m\u00fasica, y s\u00f3lidos conocimientos y competencias en sonido y ac\u00fastica. Nuestros egresados logran un perfil profesional que les permite desempe\u00f1arse exitosamente en Chile u otro pa\u00eds. El 20% de nuestros \u00faltimos titulados se desempe\u00f1an en el extranjero.<\/p>\n<h5><strong>\u00bfPor qu\u00e9 estudiar Ac\u00fastica en la UACh?<\/strong><\/h5>\n<ol>\n<li><strong>Calidad<\/strong>: \u00a0la <strong><a title=\"Universidad Austral de Chile \u2013 UACh\" href=\"https:\/\/www.acusticauach.cl\/?page_id=684\">Universidad Austral<\/a><\/strong>, una universidad tradicional acreditada por<strong> 6 a\u00f1os\u00a0<\/strong>(hasta el 14 de septiembre de 2028) en<strong>\u00a0todas las \u00e1reas: Docencia de Pregrado, gesti\u00f3n Institucional, Docencia de Posgrado, Investigaci\u00f3n y Vinculaci\u00f3n con el Medio<\/strong> (<strong><a href=\"http:\/\/www.autoevaluacion.uach.cl\/\" target=\"_blank\" rel=\"noopener noreferrer\">ver detalle<\/a><\/strong>).<\/li>\n<li><strong><strong style=\"line-height: 24px;\">Tradici\u00f3n<\/strong><\/strong>:\u00a0la escuela de ac\u00fastica y sonido m\u00e1s antigua de Chile: <a title=\"Historia\" href=\"https:\/\/www.acusticauach.cl\/?page_id=101\"><strong>desde 1967<\/strong>.<\/a><\/li>\n<li><strong><strong style=\"line-height: 24px;\">Excelencia<\/strong><\/strong>: la mayor\u00eda de los <strong><a title=\"Profesores de Ac\u00fastica\" href=\"https:\/\/www.acusticauach.cl\/?page_id=139\">profesores de especialidad<\/a> <\/strong>tienen postgrado y son doctores. Gran productividad cient\u00edfica y proyectos de relevancia nacional.<\/li>\n<li><strong><strong style=\"line-height: 24px;\">Infraestructura<\/strong><\/strong>: la carrera cuenta con <strong><a title=\"Instalaciones\" href=\"https:\/\/www.acusticauach.cl\/?page_id=5545\">laboratorios y equipamiento<\/a><\/strong> de \u00faltima generaci\u00f3n,\u00a0fortalecidos\u00a0con la infraestructura de la\u00a0<strong><a title=\"Facultad de Ciencias de la Ingenier\u00eda \u2013 UACh\" href=\"https:\/\/www.acusticauach.cl\/?page_id=1558\">Facultad\u00a0de Ciencias de la Ingenier\u00eda<\/a>.<\/strong><\/li>\n<li><strong><strong style=\"line-height: 24px;\">Proyecci\u00f3n<\/strong><\/strong>: Es la \u00fanica carrera de especialidad con <a href=\"https:\/\/www.acusticauach.cl\/?page_id=6758\"><strong>vinculaci\u00f3n con el Mag\u00edster en Ac\u00fastica y\u00a0Vibraciones.<\/strong><\/a>\u00a0Adem\u00e1s, existen otros convenios con universidades extranjeras y becas.<\/li>\n<li><strong><strong style=\"line-height: 24px;\">Campo laboral<\/strong>:<\/strong>\u00a0en Ac\u00fastica,\u00a0el<strong> <a title=\"Campo Laboral\" href=\"https:\/\/www.acusticauach.cl\/?page_id=480\">campo laboral<\/a>\u00a0<\/strong>es mucho m\u00e1s amplio que estudiar sonido. Incluye el\u00a0\u00e1rea de audio profesional, como los estudios de grabaci\u00f3n, refuerzo sonoro, televisi\u00f3n, etc.,\u00a0y el\u00a0\u00e1rea de industria y ambiente, como el control de ruido y vibraciones, ac\u00fastica arquitect\u00f3nica, ac\u00fastica ambiental, entre otros.<\/li>\n<li><strong><strong style=\"line-height: 24px;\">Distintiva<\/strong><\/strong>: Es la \u00fanica Ingenier\u00eda donde se <a href=\"https:\/\/www.acusticauach.cl\/?page_id=8259\"><strong>mezclan las matem\u00e1ticas, la f\u00edsica y la m\u00fasica.<\/strong><\/a><\/li>\n<li><strong><strong style=\"line-height: 24px;\">Entorno<\/strong><\/strong>: <strong><a title=\"Panor\u00e1mica Valdivia\" href=\"https:\/\/www.acusticauach.cl\/?page_id=120\">Valdivia<\/a><\/strong>, es una ciudad hermosa, de naturaleza incomparable, y es una ciudad universitaria.<\/li>\n<\/ol>\n<p>La <strong><a href=\"http:\/\/www.uach.cl\/\" target=\"_blank\" rel=\"noopener noreferrer\">Universidad Austral de Chile<\/a> <\/strong>ofrece un excelente espacio de <strong><a href=\"http:\/\/www.ingenieria.uach.cl\/2-uncategorised\/8866-vida-universitaria.html\" target=\"_blank\" rel=\"noopener noreferrer\">vida universitaria<\/a><\/strong>, y una <strong><a href=\"http:\/\/www.ingenieria.uach.cl\/286-futuros-alumnos\/8862-futuros-alumnos.html\" target=\"_blank\" rel=\"noopener noreferrer\">red de apoyo para su estudiantes<\/a><\/strong>.<\/p>\n<p><img decoding=\"async\" class=\"aligncenter size-full wp-image-15920\" src=\"https:\/\/www.acusticauach.cl\/wp-content\/uploads\/2023\/09\/UACH-Acreditada_6anos.png\" alt=\"\" width=\"1584\" height=\"431\" srcset=\"https:\/\/www.acusticauach.cl\/wp-content\/uploads\/2023\/09\/UACH-Acreditada_6anos.png 1584w, https:\/\/www.acusticauach.cl\/wp-content\/uploads\/2023\/09\/UACH-Acreditada_6anos-300x82.png 300w, https:\/\/www.acusticauach.cl\/wp-content\/uploads\/2023\/09\/UACH-Acreditada_6anos-1024x279.png 1024w, https:\/\/www.acusticauach.cl\/wp-content\/uploads\/2023\/09\/UACH-Acreditada_6anos-768x209.png 768w, https:\/\/www.acusticauach.cl\/wp-content\/uploads\/2023\/09\/UACH-Acreditada_6anos-125x34.png 125w, https:\/\/www.acusticauach.cl\/wp-content\/uploads\/2023\/09\/UACH-Acreditada_6anos-75x20.png 75w, https:\/\/www.acusticauach.cl\/wp-content\/uploads\/2023\/09\/UACH-Acreditada_6anos-1536x418.png 1536w\" sizes=\"(max-width: 1584px) 100vw, 1584px\" \/><\/p>\n<h5><strong><a title=\"Admisi\u00f3n\" href=\"https:\/\/www.acusticauach.cl\/?page_id=789\">\u00bfComo ingresar a estudiar Ac\u00fastica en la UACh?<\/a><\/strong><a href=\"https:\/\/www.acusticauach.cl\/wp-content\/uploads\/2012\/10\/Sonido-Directo-2.jpg\"><img decoding=\"async\" class=\"size-full wp-image-1446 aligncenter\" src=\"https:\/\/www.acusticauach.cl\/wp-content\/uploads\/2012\/10\/Sonido-Directo-2.jpg\" alt=\"Monday 06, 08, 2012. (Stockchile \/ Alejandro Sotomayor)\" width=\"1000\" height=\"338\" srcset=\"https:\/\/www.acusticauach.cl\/wp-content\/uploads\/2012\/10\/Sonido-Directo-2.jpg 1000w, https:\/\/www.acusticauach.cl\/wp-content\/uploads\/2012\/10\/Sonido-Directo-2-300x101.jpg 300w, https:\/\/www.acusticauach.cl\/wp-content\/uploads\/2012\/10\/Sonido-Directo-2-700x236.jpg 700w, https:\/\/www.acusticauach.cl\/wp-content\/uploads\/2012\/10\/Sonido-Directo-2-500x169.jpg 500w\" sizes=\"(max-width: 1000px) 100vw, 1000px\" \/><\/a><\/h5>\n<h5><strong style=\"line-height: 24px;\">Ingeniero(a) Civil Ac\u00fastico(a)<\/strong><\/h5>\n<p>La Ingeniera\/el Ingeniero Civil Ac\u00fastico de la Universidad Austral de Chile es capaz\u00a0de dise\u00f1ar soluciones eficientes y eficaces al problema ac\u00fastico, evaluando las\u00a0variables involucradas, mediante procedimientos y uso de instrumentos id\u00f3neos\u00a0seg\u00fan est\u00e1ndares nacionales e internacionales.<\/p>\n<p>Del mismo modo, maneja sistemas\u00a0de audio profesional, grabaci\u00f3n, postproducci\u00f3n y sonido creativo, aplicando\u00a0criterios t\u00e9cnico, art\u00edstico y musical. Por otro lado, gestiona proyectos de sonido y\u00a0de ruido y vibraciones, desde una perspectiva de innovaci\u00f3n y emprendimiento.<\/p>\n<p><a href=\"https:\/\/www.acusticauach.cl\/?page_id=8259\">\u00a0<strong>Plan de Estudios<\/strong><\/a><\/p>\n<p><a href=\"https:\/\/www.acusticauach.cl\/?page_id=6758\"><b>Ver Acuerdo de Vinculaci\u00f3n de Pre-Posgrado con el Mag\u00edster en Ac\u00fastica y Vibraciones<\/b><\/a><\/p>\n<p><iframe title=\"Ingenieria Civil Acustica 2018\" width=\"1200\" height=\"675\" src=\"https:\/\/www.youtube.com\/embed\/44WR3D-mYnc?feature=oembed\" frameborder=\"0\" allow=\"accelerometer; autoplay; clipboard-write; encrypted-media; gyroscope; picture-in-picture; web-share\" allowfullscreen><\/iframe><\/p>\n<h5><strong style=\"line-height: 24px;\">Conoce m\u00e1s:<\/strong><\/h5>\n<div class=\"shortcode-accordion\"><h3 class=\"accordion-item-title\">Perfil de Egreso<\/h3><div class=\"accordion-item-content accordion-hide\"><h5><strong>S\u00edntesis del Perfil de Egreso<\/strong><\/h5>\n<p>El Ingeniero(a) Civil Ac\u00fastico(a) de la Universidad Austral de Chile ser\u00e1 capaz\u00a0de dise\u00f1ar soluciones eficaces para el control y disminuci\u00f3n de los niveles de ruido,\u00a0vibraciones y acondicionamiento ac\u00fastico desde una perspectiva multidisciplinar y\u00a0considerando la normativa nacional e internacional vigente en el contexto de la\u00a0construcci\u00f3n, industria y medio ambiente.<\/p>\n<p>Adem\u00e1s, dise\u00f1a, optimiza y opera sistemas de refuerzo sonoro, de grabaci\u00f3n y postproducci\u00f3n de sonido, sonido creativo, tecnolog\u00eda musical, siendo participe de equipo de trabajos \u00a0transdisciplinarios en el \u00e1mbito de la industria musical, audiovisual y del entretenimiento. Sumado a ello, gestiona proyectos profesionales de sonido y de ruido y vibraciones con un enfoque innovador, evaluando aspectos t\u00e9cnicos, tecnol\u00f3gicos, econ\u00f3micos y de impacto\u00a0ambiental.<\/p><\/div>\n<h3 class=\"accordion-item-title\">Campo Laboral<\/h3><div class=\"accordion-item-content accordion-hide\"><h5><strong>Amplio campo laboral para Ingenieros Civiles Ac\u00fasticos<\/strong><\/h5>\n<p>Los ingenieros egresados de la carrera se desempe\u00f1an actualmente en \u00a0empresas de sonorizaci\u00f3n y eventos, estudios de grabaci\u00f3n, producci\u00f3n de cine y televisi\u00f3n, dise\u00f1o e instalaci\u00f3n de sistemas de audio. En el \u00e1rea de industria y ambiente, los profesionales de Ac\u00fastica UACh est\u00e1n capacitados para\u00a0 el dise\u00f1o de mapas de ruido y ac\u00fastica ambiental, control de ruido, seguridad industrial, an\u00e1lisis y control de vibraciones mec\u00e1nicas. Adem\u00e1s se desempe\u00f1an en aspectos de gran miner\u00eda, empresas constructoras, dise\u00f1o y acondicionamiento ac\u00fastico, consultoras ac\u00fasticas, universidades, laboratorios y centros de investigaci\u00f3n.<\/p>\n<p>Nuestros profesionales se desarrollan con \u00e9xito en nuestro pa\u00eds como en el extranjero.<\/p>\n<p><strong><a title=\"Testimonios Titulados\" href=\"https:\/\/www.acusticauach.cl\/?page_id=10\">Ver testimonios de exalumnos<\/a><\/strong><\/p>\n<p>Por ejemplo, algunos de nuestros titulados est\u00e1n trabajando:<\/p>\n<h5><strong>En el extranjero:<\/strong><\/h5>\n<ul>\n<li>Agencia de Protecci\u00f3n Ambiental, Unidad de Coordinaci\u00f3n de Impacto Ac\u00fastico, Bs. Aires, Argentina<\/li>\n<li>Gerente-T\u00e9cnico Empresa Engenharia Acustica. Estudiante de Magister en Vibraciones y Ac\u00fastica, Dept. Ingenier\u00eda Mec\u00e1nica, Univ. Federal De Santa Catarina, Florian\u00f3polis, Brasil<\/li>\n<li>Departamento de Ac\u00fastica y Vibraciones, Benbow Environmental, Sydney, Australia<\/li>\n<li>Estudiante de Postgrado en el Laboratorio de Ac\u00fastica Y Vibraciones. Universidad Federal de Santa Catarina UFSC Florian\u00f3polis, Brasil.<\/li>\n<li>Empresa Akustikb\u00fcro Kr\u00e4mer Und Stegmaier, Berlin, Alemania<\/li>\n<li>Estudiante Posgrado Alemania Tu Berlin<\/li>\n<\/ul>\n<h5><strong>En Chile:<\/strong><\/h5>\n<ul>\n<li>Ingeniero de Estudios en CADETECH S.A.\u00a0 Design And Engineering, Concepci\u00f3n<\/li>\n<li>Due\u00f1o Empresa Renueva Ltda. Chill\u00e1n<\/li>\n<li>Acad\u00e9mico Centro de Docencia de Ciencias B\u00e1sicas para Ingenier\u00eda, UACh, Valdivia<\/li>\n<li>Estudiante Magister en Ac\u00fastica y Vibraciones. Profesor INACAP, Valdivia<\/li>\n<li>Encargado de Centro de Emprendimiento y Negocios, Municipalidad de Angol.<\/li>\n<li>Gerente Comercial y Socio de Ingenier\u00eda Ac\u00fastica J&amp;P Ltda., Santiago<\/li>\n<li>Engineering Coordinator\/Planner en Bechtel, Santiago<\/li>\n<li>Profesional de Unidad de Ac\u00fastica Ambiental, Seremi Salud RM, Santiago<\/li>\n<li>Ingeniero Predictivo en SOQUIMICH, Mar\u00eda Elena<\/li>\n<li>Jefe de Proyectos en Parma &amp; Asociados Consultores Ac\u00fasticos. Santiago<\/li>\n<li>Depto. Higiene, \u00c1rea de Salud, Compa\u00f1\u00eda Minera Cerro Colorado, BHP BILLITON .Iquique<\/li>\n<li>Ingeniero de Proyectos en Ingenier\u00eda En Control Ac\u00fastico Ltda., Santiago<\/li>\n<li>Asistente de Proyectos e Inspector T\u00e9cnico de Obras En D&amp;P, Santiago<\/li>\n<li>Socio Fundador de Consultora Ac\u00fastica Austral Ltda., Puerto Montt<\/li>\n<li>Ingeniero Consultor en Renueva Ltda. Chill\u00e1n<\/li>\n<li>Ingeniero de Proyectos y Desarrollo en IMACU. Santiago<\/li>\n<li>Ingeniero de Soporte Unidad de Ingenier\u00eda y Proyectos de SPEVI Ltda., Santiago<\/li>\n<li>Profesional en Terreno en Suracustica\/Conasudsuracustica\/Conasud, Puerto Montt<\/li>\n<li>Estudiante Magister en Ac\u00fastica y Vibraciones,\u00a0 UACh, Valdivia<\/li>\n<li>Ingeniero en Parma &amp; Asociados Consultores Ac\u00fasticos. Santiago<\/li>\n<li>Ingeniera en Spevi Ltda., Santiago.<\/li>\n<\/ul><\/div>\n<h3 class=\"accordion-item-title\">Historia: desde 1967<\/h3><div class=\"accordion-item-content accordion-hide\"><h5><strong>Creaci\u00f3n de la Escuela en 1967<\/strong><\/h5>\n<p>La motivaci\u00f3n inicial por la creaci\u00f3n de una carrera de car\u00e1cter musical tecnol\u00f3gico surge de parte del Profesor Sr. Siegfried Erber W. A su regreso de Alemania, el a\u00f1o 1965. En esa oportunidad realiz\u00f3 estudios de m\u00fasica electr\u00f3nica en el Instituto de M\u00fasica Experimental de Berl\u00edn.<\/p>\n<p>El 19 de diciembre de 1966, se crea en el Departamento de F\u00edsica y Matem\u00e1ticas una Secci\u00f3n Electr\u00f3nica con posibles proyecciones hacia un Departamento de Radiotelefon\u00eda y Televisi\u00f3n. El objetivo fue poner en marcha en 1967 el primer curso de T\u00e9cnicos del Sonido que tendr\u00eda una duraci\u00f3n de tres a\u00f1os. La descripci\u00f3n de la carrera informaba: \u201c\u00danica en el pa\u00eds, la Escuela de T\u00e9cnicos del Sonido se propone formar profesionales que asesoren, t\u00e9cnica y ac\u00fasticamente, a radio-emisoras, cines, teatros, televisi\u00f3n e industria fonot\u00e9cnica. La carrera es de tres a\u00f1os de duraci\u00f3n y ser\u00e1 sostenida por tres Facultades: la de Ciencias Naturales y Matem\u00e1ticas, la de Filosof\u00eda y Letras y la de Bellas Artes, que son las implicadas en el plan de estudios. Se espera la colaboraci\u00f3n activa, a trav\u00e9s de un convenio, de la Universidad T\u00e9cnica del Estado\u201d (<a href=\"https:\/\/www.acusticauach.cl\/wp-content\/uploads\/2012\/10\/Decreto-608-1966.pdf\" target=\"_blank\" rel=\"noopener noreferrer\">Decreto 608-1966<\/a>).<\/p>\n<p>Sin embargo, la especialidad de T\u00e9cnico en Sonido cambi\u00f3 a Ingeniero en Ejecuci\u00f3n en Sonido, con duraci\u00f3n de cuatro a\u00f1os. No alcanz\u00f3 a egresar ni titularse ning\u00fan T\u00e9cnico en Sonido del proyecto inicial. Los primeros egresados de la Escuela salieron de la carrera de Ingenier\u00eda de Ejecuci\u00f3n en Sonido.\u00a0Es as\u00ed como en 1974 se cambia el programa de la carrera, integrando a la preparaci\u00f3n del alumnado en el desempe\u00f1o eficaz de sistemas de grabaci\u00f3n, la posibilidad de comprender otras \u00e1reas donde estuviese involucrada la Ac\u00fastica.<\/p>\n<p style=\"text-align: left;\"><strong><a title=\"Nuestra Historia\" href=\"https:\/\/www.acusticauach.cl\/?page_id=1327\">Leer m\u00e1s de la historia de la Escuela y sus carreras<\/a><\/strong><\/p><\/div> <\/div>\n\n\n<p>&nbsp;<\/p>\n\n\n\n<iframe width=\"560\" height=\"315\" src=\"https:\/\/www.youtube.com\/embed\/535ZJr70IF4?si=zLhi6agjm5PWLVR9\" title=\"YouTube video player\" frameborder=\"0\" allow=\"accelerometer; autoplay; clipboard-write; encrypted-media; gyroscope; picture-in-picture; web-share\" allowfullscreen><\/iframe>\n","protected":false},"excerpt":{"rendered":"<p>Estudiar Ingenier\u00eda Civil Ac\u00fastica Somos pioneros desde 1967\u00a0en la formaci\u00f3n de profesionales de la ac\u00fastica y del sonido; ingenieros preparados para ofrecer soluciones innovadoras incorporando aspectos tecnol\u00f3gicos, econ\u00f3micos, ambientales y sociales. La malla curricular mezcla matem\u00e1tica, f\u00edsica, m\u00fasica, y s\u00f3lidos conocimientos y competencias en sonido y ac\u00fastica. Nuestros egresados logran un perfil profesional que les [&hellip;]<\/p>\n","protected":false},"author":1,"featured_media":3968,"parent":0,"menu_order":0,"comment_status":"closed","ping_status":"closed","template":"","meta":{"footnotes":""},"class_list":["post-63","page","type-page","status-publish","has-post-thumbnail","hentry"],"_links":{"self":[{"href":"https:\/\/www.acusticauach.cl\/index.php?rest_route=\/wp\/v2\/pages\/63","targetHints":{"allow":["GET"]}}],"collection":[{"href":"https:\/\/www.acusticauach.cl\/index.php?rest_route=\/wp\/v2\/pages"}],"about":[{"href":"https:\/\/www.acusticauach.cl\/index.php?rest_route=\/wp\/v2\/types\/page"}],"author":[{"embeddable":true,"href":"https:\/\/www.acusticauach.cl\/index.php?rest_route=\/wp\/v2\/users\/1"}],"replies":[{"embeddable":true,"href":"https:\/\/www.acusticauach.cl\/index.php?rest_route=%2Fwp%2Fv2%2Fcomments&post=63"}],"version-history":[{"count":1,"href":"https:\/\/www.acusticauach.cl\/index.php?rest_route=\/wp\/v2\/pages\/63\/revisions"}],"predecessor-version":[{"id":17207,"href":"https:\/\/www.acusticauach.cl\/index.php?rest_route=\/wp\/v2\/pages\/63\/revisions\/17207"}],"wp:featuredmedia":[{"embeddable":true,"href":"https:\/\/www.acusticauach.cl\/index.php?rest_route=\/wp\/v2\/media\/3968"}],"wp:attachment":[{"href":"https:\/\/www.acusticauach.cl\/index.php?rest_route=%2Fwp%2Fv2%2Fmedia&parent=63"}],"curies":[{"name":"wp","href":"https:\/\/api.w.org\/{rel}","templated":true}]}}