{"id":5903,"date":"2015-05-25T22:13:30","date_gmt":"2015-05-26T02:13:30","guid":{"rendered":"http:\/\/www.acusticauach.cl\/?page_id=5903"},"modified":"2019-03-05T23:25:13","modified_gmt":"2019-03-06T02:25:13","slug":"uach","status":"publish","type":"page","link":"https:\/\/www.acusticauach.cl\/?page_id=5903","title":{"rendered":"UACh"},"content":{"rendered":"<p><img decoding=\"async\" class=\" aligncenter wp-image-5987 size-full\" src=\"https:\/\/www.acusticauach.cl\/wp-content\/uploads\/2015\/05\/517693586c8561.jpg\" alt=\"\" width=\"800\" height=\"450\" srcset=\"https:\/\/www.acusticauach.cl\/wp-content\/uploads\/2015\/05\/517693586c8561.jpg 800w, https:\/\/www.acusticauach.cl\/wp-content\/uploads\/2015\/05\/517693586c8561-300x169.jpg 300w, https:\/\/www.acusticauach.cl\/wp-content\/uploads\/2015\/05\/517693586c8561-700x394.jpg 700w, https:\/\/www.acusticauach.cl\/wp-content\/uploads\/2015\/05\/517693586c8561-500x281.jpg 500w\" sizes=\"(max-width: 800px) 100vw, 800px\" \/><\/p>\n<p style=\"text-align: center;\"><a class=\"btn\" href=\"https:\/\/www.acusticauach.cl\/?page_id=684\">Universidad Austral de Chile<\/a> <a class=\"btn\" href=\"https:\/\/www.acusticauach.cl\/?page_id=1558\">Facultad de Cs. de la Ingenier\u00eda<\/a> <a class=\"btn\" href=\"https:\/\/www.acusticauach.cl\/?page_id=2038\">Instituto de Ac\u00fastica<\/a> <a class=\"btn\" href=\"https:\/\/www.acusticauach.cl\/?page_id=2932\">Escuela de Ing. Civil Ac\u00fastica<\/a> <a class=\"btn\" href=\"https:\/\/www.acusticauach.cl\/?page_id=112\">Panor\u00e1mica del Campus<\/a><br \/>\n<a class=\"btn\" href=\"https:\/\/www.acusticauach.cl\/?page_id=120\">Panor\u00e1mica Valdivia<\/a><\/p>\n<p style=\"text-align: justify;\">La Universidad Austral de Chile es una universidad tradicional, perteneciente al\u00a0<a title=\"CRUCh\" href=\"http:\/\/www.consejoderectores.cl\/\" target=\"_blank\" rel=\"noopener noreferrer\"><strong>Consejo de Rectores de las Universidades Chilenas<\/strong>.\u00a0<\/a>Es una Corporaci\u00f3n de Derecho privado sin fines de lucro, constituida en 1954, en la ciudad de Valdivia, con el prop\u00f3sito de impulsar el desarrollo de la zona sur \u2013 austral del pa\u00eds, a trav\u00e9s del cultivo de las ciencias y de las artes.<\/p>\n<p style=\"text-align: justify;\">La Universidad Austral de Chile se encuentra\u00a0<strong>nuevamente acreditada oficialmente por 6 a\u00f1os (2015-2021) en todas las \u00e1reas<\/strong>\u00a0del quehacer universitario:\u00a0Gesti\u00f3n Institucional \u2013 Docencia de Pregrado \u2013 Docencia de Postgrado \u2013 Investigaci\u00f3n \u2013 Vinculaci\u00f3n con el Medio. (Visitar <a href=\"http:\/\/www.autoevaluacion.uach.cl\/\" target=\"_blank\" rel=\"noopener noreferrer\">http:\/\/www.autoevaluacion.uach.cl\/<\/a>)<\/p>\n<p style=\"text-align: center;\"><a href=\"https:\/\/www.acusticauach.cl\/?page_id=684\">Universidad Austral de Chile<\/a>\u00a0|\u00a0<a href=\"https:\/\/www.acusticauach.cl\/?page_id=1558\">Facultad de Cs. de la Ingenier\u00eda<\/a>\u00a0|\u00a0<a href=\"https:\/\/www.acusticauach.cl\/?page_id=2038\">Instituto de Ac\u00fastica<\/a>\u00a0|\u00a0<a href=\"https:\/\/www.acusticauach.cl\/?page_id=2932\">Escuela de Ing. Civil Ac\u00fastica<\/a>\u00a0|\u00a0<a href=\"https:\/\/www.acusticauach.cl\/?page_id=112\">Panor\u00e1mica del Campus<\/a>\u00a0|\u00a0<a href=\"https:\/\/www.acusticauach.cl\/?page_id=120\">Panor\u00e1mica Valdivia<\/a><\/p>\n","protected":false},"excerpt":{"rendered":"<p>Universidad Austral de Chile Facultad de Cs. de la Ingenier\u00eda Instituto de Ac\u00fastica Escuela de Ing. Civil Ac\u00fastica Panor\u00e1mica del Campus Panor\u00e1mica Valdivia La Universidad Austral de Chile es una universidad tradicional, perteneciente al\u00a0Consejo de Rectores de las Universidades Chilenas.\u00a0Es una Corporaci\u00f3n de Derecho privado sin fines de lucro, constituida en 1954, en la ciudad [&hellip;]<\/p>\n","protected":false},"author":5,"featured_media":0,"parent":0,"menu_order":0,"comment_status":"closed","ping_status":"closed","template":"","meta":{"footnotes":""},"class_list":["post-5903","page","type-page","status-publish","hentry"],"_links":{"self":[{"href":"https:\/\/www.acusticauach.cl\/index.php?rest_route=\/wp\/v2\/pages\/5903","targetHints":{"allow":["GET"]}}],"collection":[{"href":"https:\/\/www.acusticauach.cl\/index.php?rest_route=\/wp\/v2\/pages"}],"about":[{"href":"https:\/\/www.acusticauach.cl\/index.php?rest_route=\/wp\/v2\/types\/page"}],"author":[{"embeddable":true,"href":"https:\/\/www.acusticauach.cl\/index.php?rest_route=\/wp\/v2\/users\/5"}],"replies":[{"embeddable":true,"href":"https:\/\/www.acusticauach.cl\/index.php?rest_route=%2Fwp%2Fv2%2Fcomments&post=5903"}],"version-history":[{"count":0,"href":"https:\/\/www.acusticauach.cl\/index.php?rest_route=\/wp\/v2\/pages\/5903\/revisions"}],"wp:attachment":[{"href":"https:\/\/www.acusticauach.cl\/index.php?rest_route=%2Fwp%2Fv2%2Fmedia&parent=5903"}],"curies":[{"name":"wp","href":"https:\/\/api.w.org\/{rel}","templated":true}]}}