{"id":572,"date":"2012-09-15T18:28:12","date_gmt":"2012-09-15T21:28:12","guid":{"rendered":"http:\/\/190.114.255.83\/~acustic1\/?page_id=572"},"modified":"2024-04-11T23:27:35","modified_gmt":"2024-04-12T03:27:35","slug":"mario-gonzalez-montenegro","status":"publish","type":"page","link":"https:\/\/www.acusticauach.cl\/?page_id=572","title":{"rendered":"Mario Gonz\u00e1lez Montenegro"},"content":{"rendered":"<h2>T\u00edtulos y Grados<img decoding=\"async\" class=\"alignright wp-image-5746 size-medium\" title=\"Prof Gonzalez\" src=\"https:\/\/www.acusticauach.cl\/wp-content\/uploads\/2012\/09\/ACUS-14-200x300.jpg\" alt=\"\" width=\"200\" height=\"300\" srcset=\"https:\/\/www.acusticauach.cl\/wp-content\/uploads\/2012\/09\/ACUS-14-200x300.jpg 200w, https:\/\/www.acusticauach.cl\/wp-content\/uploads\/2012\/09\/ACUS-14-500x750.jpg 500w, https:\/\/www.acusticauach.cl\/wp-content\/uploads\/2012\/09\/ACUS-14.jpg 667w\" sizes=\"(max-width: 200px) 100vw, 200px\" \/><\/h2>\n<p>Ingeniero Ac\u00fastico, Universidad Austral de Chile.<\/p>\n<p>Licenciado en Ac\u00fastica, Universidad Austral de Chile.<\/p>\n<p>Magister en Ing. Mec\u00e1nica,\u00a0Universidad Federal de Santa Catarina, Brasil.<\/p>\n<p>Doctor en Ing. Mec\u00e1nica (Ac\u00fastica y Vibraciones),\u00a0Universidad Federal de Santa Catarina, Brasil.<\/p>\n<p style=\"text-align: justify;\">Mario Gonz\u00e1lez Montenegro naci\u00f3 en Iquique, Chile en 1976. En el a\u00f1o 2004 recibi\u00f3 el t\u00edtulo de Ingeniero Ac\u00fastico de la Universidad Austral de Chile. En el mismo a\u00f1o se desempe\u00f1\u00f3 como profesor adjunto del Instituto de Matem\u00e1ticas de la Universidad Austral de Chile, donde trabaj\u00f3 en su proyecto de tesis sobre procesado de se\u00f1ales usando Wavelets. Entre los a\u00f1os 2006 y 2008, curs\u00f3 el Mag\u00edster en Ingenier\u00eda Mec\u00e1nica en la Universidad Federal de Santa Catarina en Brasil, recibiendo apoyo financiero de la instituci\u00f3n brasile\u00f1a CAPES\/CNPq. En marzo de 2008 obtuvo el grado de Mag\u00edster en Ingenier\u00eda Mec\u00e1nica. Ese mismo a\u00f1o comenz\u00f3 el programa de doctorado en Ingenier\u00eda Mec\u00e1nica, tambi\u00e9n en la Universidad Federal de Santa Catarina, y se doctor\u00f3 en febrero de 2014.<\/p>\n<p style=\"text-align: justify;\">Se desempe\u00f1a como docente en el Centro de Docencia de Ciencias B\u00e1sicas para Ingenier\u00eda de la UACh (\u00e1rea de F\u00edsica), y en nuestro Instituto de Ac\u00fastica, impartiendo asignaturas de postgrado. Sus l\u00edneas de investigaci\u00f3n son la modelaci\u00f3n num\u00e9rica y optimizaci\u00f3n de problemas ac\u00fasticos, vibratorios y viobroac\u00fasticos, a trav\u00e9s del M\u00e9todo de los Elementos Finitos (FEM) y la modelaci\u00f3n computacional de instrumentos musicales. Ha presentado numerosos trabajos en congresos de Brasil, Argentina y Chile.<\/p>\n<p style=\"text-align: justify;\"><strong>Actualizado el 30.12.2015.<\/strong><\/p>\n<h2><strong>Contacto<\/strong><\/h2>\n<ul>\n<li>Instituto de Ac\u00fastica<\/li>\n<li>Facultad de Ciencias de la Ingenier\u00eda<\/li>\n<li>Universidad Austral de Chile<\/li>\n<li>Edificio 6000, Campus Miraflores, Casilla 567, Valdivia, Chile<\/li>\n<li>Fax: (56 63) 2221013<\/li>\n<li>Fono: (56 63) 2221339<\/li>\n<li>Email: acustica@uach.cl<\/li>\n<\/ul>\n<div class=\"shortcode-accordion\"><h3 class=\"accordion-item-title\">Formaci\u00f3n acad\u00e9mica y perfeccionamiento<\/h3><div class=\"accordion-item-content accordion-hide\"><ul>\n<li>2014 Universidade Federal de Santa Catarina, Ph.D. Engenharia Mec\u00e2nica.<\/li>\n<li>2008 Universidade Federal de Santa Catarina, Mestre em Engenharia Mec\u00e2nica.<\/li>\n<li>2004 Universidad Austral de Chile, Licenciado en Ac\u00fastica, Ingeniero Ac\u00fastico.<\/li>\n<\/ul><\/div>\n<h3 class=\"accordion-item-title\">Investigaci\u00f3n<\/h3><div class=\"accordion-item-content accordion-hide\"><ul>\n<li>Mis \u00e1reas de inter\u00e9s en investigaci\u00f3n est\u00e1n relacionadas con la modelaci\u00f3n num\u00e9rica de sistemas ac\u00fasticos, vibratorios y vibroac\u00fasticos, a trav\u00e9s del M\u00e9todo de los Elementos Finitos, mediante la programaci\u00f3n y el uso de software. Aplicaci\u00f3n de algoritmos gen\u00e9ticos para la optimizaci\u00f3n de problemas vibroac\u00fasticos. Simulaci\u00f3n computacional de instrumentos musicales.\n<p>Gracias al financiamiento del proyecto DID-UACh S-2018-10 \u201cOptimizaci\u00f3n de la Potencia Sonora y Tibre de un Caj\u00f3n Peruano a trav\u00e9s del M\u00e9todo de los Elementos Finitos y Algoritmos Gen\u00e9ticos\u201d, se ha podido desarrollar la modelaci\u00f3n num\u00e9rica de dicho instrumento musical, adquirir un computador especializado (Workstation con CPU + GPU) e instrumentos musicales para ser estudiados. En ese marco se ha obtenido lo siguiente:<\/p>\n<p>&nbsp;<\/p>\n<ul>\n<li>Juan F. Chango, Crist\u00f3bal A. Navarro, <strong>Mario A. Gonz\u00e1lez-Montenegro <\/strong>Acoustic Vibration of a Fluid in a Three-Dimensional Cavity: Finite Element Method Simulation using CUDA and MATLAB. IEEE Transactions on Pattern Analysis and Machine Intelligence (Scopus).<\/li>\n<li>Chango, JF., Navarro, CA., <strong>Mario A. Gonz\u00e1lez-Montenegro <\/strong>GPU-accelerated rectangular decomposition for sound propagation modeling in 2D. 38th International Conference of the Chilean Computer Science Society (SCCC)<\/li>\n<\/ul>\n<p>&nbsp;<\/p>\n<p>Siguiendo en esta misma l\u00ednea de investigaci\u00f3n, actualmente se est\u00e1 trabajando en la sintonizaci\u00f3n de frecuencias de resonancia de un modelo de tubo unidimensional, a trav\u00e9s de elementos finitos y algoritmos gen\u00e9ticos, en lenguaje C++.<\/li>\n<\/ul><\/div>\n<h3 class=\"accordion-item-title\">Asignaturas de Pregrado como responsable<\/h3><div class=\"accordion-item-content accordion-hide\"><ul>\n<li><strong>\u00a0\u00a0\u00a0\u00a0\u00a0\u00a0\u00a0\u00a0\u00a0\u00a0\u00a0\u00a0\u00a0 <\/strong>BAIN085 F\u00edsica: Ondas y Electromagnetismo<\/li>\n<\/ul><\/div>\n<h3 class=\"accordion-item-title\">Asignaturas de Posgrado como responsable<\/h3><div class=\"accordion-item-content accordion-hide\"><ol>\n<li>ACUS360: M\u00e9todos Num\u00e9ricos en Vibroac\u00fastica (<a href=\"https:\/\/www.acusticauach.cl\/?page_id=166\">actualmente, curso del programa de Magister en Ac\u00fastica y Vibraciones<\/a>).<\/li>\n<\/ol><\/div>\n<h3 class=\"accordion-item-title\">Tesis de Pregrado Dirigidas (\u00faltimos a\u00f1os)<\/h3><div class=\"accordion-item-content accordion-hide\"><ul>\n<li>Galindo J., 2018 \u00abM\u00e9todos para reducir la eficiencia de radiaci\u00f3n de placas delgadas mediante adici\u00f3n de masas puntuales, algoritmos gen\u00e9ticos e y elementos finitos\u00bb. Tesis de Ingenier\u00eda Civil Ac\u00fastica, Universidad Austral de Chile.<\/li>\n<\/ul><\/div>\n<h3 class=\"accordion-item-title\">Tesis de Postgrado Dirigidas<\/h3><div class=\"accordion-item-content accordion-hide\"><ul>\n<li>Ramos C, 2017. \u00abEfectos del amortiguamiento estructural en la radicaci\u00f3n sonora de paneles rectangulares por elementos finitos\u00bb. Tesis de grado para Mag\u00edster en Ac\u00fastica y Vibraciones, Universidad Austral de Chile.<\/li>\n<\/ul><\/div>\n<h3 class=\"accordion-item-title\">Publicaciones<\/h3><div class=\"accordion-item-content accordion-hide\"><ul>\n<li><strong>Mario A. Gonz\u00e1lez-Montenegro<\/strong>, Roberto Jordan., Arcanjo Lenzi., Jorge P. Arenas A numerical approach to calculate the radiation efficiency of baffled planar structures using the far field. Archives of Acoustics. 39(2), 49 &#8211; 260. DOI:10.2478\/aoa-2014-0029.<\/li>\n<\/ul><\/div> <\/div>\n<p><a href=\"https:\/\/www.acusticauach.cl\/?page_id=139\">Profesores de Ac\u00fastica<\/a><\/p>\n<p><a href=\"https:\/\/www.acusticauach.cl\/?page_id=139\">Profesores de Ac\u00fastica<\/a><\/p>\n","protected":false},"excerpt":{"rendered":"<p>T\u00edtulos y Grados Ingeniero Ac\u00fastico, Universidad Austral de Chile. Licenciado en Ac\u00fastica, Universidad Austral de Chile. Magister en Ing. Mec\u00e1nica,\u00a0Universidad Federal de Santa Catarina, Brasil. Doctor en Ing. Mec\u00e1nica (Ac\u00fastica y Vibraciones),\u00a0Universidad Federal de Santa Catarina, Brasil. Mario Gonz\u00e1lez Montenegro naci\u00f3 en Iquique, Chile en 1976. En el a\u00f1o 2004 recibi\u00f3 el t\u00edtulo de Ingeniero [&hellip;]<\/p>\n","protected":false},"author":2,"featured_media":0,"parent":139,"menu_order":0,"comment_status":"closed","ping_status":"closed","template":"","meta":{"footnotes":""},"class_list":["post-572","page","type-page","status-publish","hentry"],"_links":{"self":[{"href":"https:\/\/www.acusticauach.cl\/index.php?rest_route=\/wp\/v2\/pages\/572","targetHints":{"allow":["GET"]}}],"collection":[{"href":"https:\/\/www.acusticauach.cl\/index.php?rest_route=\/wp\/v2\/pages"}],"about":[{"href":"https:\/\/www.acusticauach.cl\/index.php?rest_route=\/wp\/v2\/types\/page"}],"author":[{"embeddable":true,"href":"https:\/\/www.acusticauach.cl\/index.php?rest_route=\/wp\/v2\/users\/2"}],"replies":[{"embeddable":true,"href":"https:\/\/www.acusticauach.cl\/index.php?rest_route=%2Fwp%2Fv2%2Fcomments&post=572"}],"version-history":[{"count":0,"href":"https:\/\/www.acusticauach.cl\/index.php?rest_route=\/wp\/v2\/pages\/572\/revisions"}],"up":[{"embeddable":true,"href":"https:\/\/www.acusticauach.cl\/index.php?rest_route=\/wp\/v2\/pages\/139"}],"wp:attachment":[{"href":"https:\/\/www.acusticauach.cl\/index.php?rest_route=%2Fwp%2Fv2%2Fmedia&parent=572"}],"curies":[{"name":"wp","href":"https:\/\/api.w.org\/{rel}","templated":true}]}}