{"id":5555,"date":"2015-06-11T15:57:34","date_gmt":"2015-06-11T19:57:34","guid":{"rendered":"http:\/\/www.acusticauach.cl\/?page_id=5555"},"modified":"2015-11-20T18:35:16","modified_gmt":"2015-11-20T21:35:16","slug":"instituto","status":"publish","type":"page","link":"https:\/\/www.acusticauach.cl\/?page_id=5555","title":{"rendered":"Instituto Ac\u00fastica"},"content":{"rendered":"<h2>[special_font size=\u00bb24&#8243; unit=\u00bbpx\u00bb]Pioneros en la Ac\u00fastica en Chile[\/special_font]<\/h2>\n<p style=\"text-align: justify;\">Cada\u00a0d\u00eda son mayores las exigencias de una sociedad en desarrollo, que se hace consciente de los problemas vinculados a la ac\u00fastica. Nuestro Instituto est\u00e1 a la cabeza del desarrollo de la especialidad en Chile, nuestra gran trayectoria y experiencia se refleja en la realizaci\u00f3n de Investigaci\u00f3n, Tesis de Grado, Post Grado y Asesor\u00edas, considerando diversos temas como Aislamiento y Acondicionamiento Ac\u00fastico, Control de Ruido y Vibraciones, Ac\u00fastica Ambiental, Predicci\u00f3n de Emisiones de Ruido, Seguridad Industrial, An\u00e1lisis de Se\u00f1ales, Dise\u00f1o e Instalaci\u00f3n de Sistemas de Audio, Grabaci\u00f3n Sonora, Post-Producci\u00f3n de Audio, etc.<\/p>\n<h2>[special_font size=\u00bb24&#8243; unit=\u00bbpx\u00bb]Visi\u00f3n[\/special_font]<\/h2>\n<p style=\"text-align: justify;\">Ser l\u00edder en Chile en formaci\u00f3n de graduados y postgraduados, como tambi\u00e9n, en el desarrollo de investigaci\u00f3n en ciencias y tecnolog\u00edas de la Ingenier\u00eda Ac\u00fastica, con reconocimiento nacional e internacional.<\/p>\n<h2>[special_font size=\u00bb24&#8243; unit=\u00bbpx\u00bb]Misi\u00f3n[\/special_font]<\/h2>\n<p style=\"text-align: justify;\">Ser un Instituto destacado en el desarrollo de la Ingenier\u00eda Ac\u00fastica para entregar a sus alumnos una ense\u00f1anza de excelencia y calidad que les permita cumplir con los servicios requeridos por la sociedad<\/p>\n<table border=\"1\" cellspacing=\"0\" cellpadding=\"0\">\n<tbody>\n<tr>\n<td valign=\"top\" width=\"374\">\n<p style=\"text-align: left;\"><strong>[special_font size=\u00bb24&#8243; unit=\u00bbpx\u00bb]Director de Instituto de Ac\u00fastica[\/special_font]<\/strong><\/p>\n<p style=\"text-align: left;\"><a href=\"https:\/\/www.acusticauach.cl\/?page_id=144\">Dr. Jorge P. Arenas<\/a><\/p>\n<p style=\"text-align: left;\">Fono\/Fax: 56 63 2221339<\/p>\n<p style=\"text-align: left;\">e-mail: acustica@uach.cl<\/p>\n<\/td>\n<td valign=\"top\" width=\"374\">\n<h2><\/h2>\n<h2><\/h2>\n<h2><\/h2>\n<h2><\/h2>\n<p>&nbsp;<\/p>\n<h2><img decoding=\"async\" class=\"  alignright wp-image-5727\" src=\"https:\/\/www.acusticauach.cl\/wp-content\/uploads\/2012\/09\/ACUS-10-200x300.jpg\" alt=\"\" width=\"133\" height=\"200\" srcset=\"https:\/\/www.acusticauach.cl\/wp-content\/uploads\/2012\/09\/ACUS-10-200x300.jpg 200w, https:\/\/www.acusticauach.cl\/wp-content\/uploads\/2012\/09\/ACUS-10-500x750.jpg 500w, https:\/\/www.acusticauach.cl\/wp-content\/uploads\/2012\/09\/ACUS-10.jpg 667w\" sizes=\"(max-width: 133px) 100vw, 133px\" \/><\/h2>\n<p>&nbsp;<\/td>\n<\/tr>\n<tr>\n<td valign=\"top\" width=\"374\">\n<p style=\"text-align: left;\"><strong>[special_font size=\u00bb24&#8243; unit=\u00bbpx\u00bb]Secretaria de Instituto de Ac\u00fastica[\/special_font]<\/strong><\/p>\n<p style=\"text-align: left;\"><a href=\"https:\/\/www.acusticauach.cl\/?page_id=583\">Sra. Carolina Pontigo<\/a><\/p>\n<p style=\"text-align: left;\">Fono\/Fax: 56 63 2221339<\/p>\n<p style=\"text-align: left;\">e-mail: acustica@uach.cl<\/p>\n<\/td>\n<td valign=\"top\" width=\"374\">\n<h2><\/h2>\n<h2><\/h2>\n<h2><\/h2>\n<h2><\/h2>\n<h2><\/h2>\n<h2><\/h2>\n<h2><\/h2>\n<p>&nbsp;<\/p>\n<p><img decoding=\"async\" class=\"  alignright wp-image-5750\" src=\"https:\/\/www.acusticauach.cl\/wp-content\/uploads\/2012\/09\/ACUS-7-200x300.jpg\" alt=\"\" width=\"133\" height=\"200\" srcset=\"https:\/\/www.acusticauach.cl\/wp-content\/uploads\/2012\/09\/ACUS-7-200x300.jpg 200w, https:\/\/www.acusticauach.cl\/wp-content\/uploads\/2012\/09\/ACUS-7-500x750.jpg 500w, https:\/\/www.acusticauach.cl\/wp-content\/uploads\/2012\/09\/ACUS-7.jpg 667w\" sizes=\"(max-width: 133px) 100vw, 133px\" \/><\/p>\n<p>&nbsp;<\/td>\n<\/tr>\n<\/tbody>\n<\/table>\n<p>[info]<strong><a href=\"https:\/\/www.acusticauach.cl\/?page_id=139\">Profesores de Ac\u00fastica<\/a><\/strong>[\/info]<\/p>\n","protected":false},"excerpt":{"rendered":"<p>[special_font size=\u00bb24&#8243; unit=\u00bbpx\u00bb]Pioneros en la Ac\u00fastica en Chile[\/special_font] Cada\u00a0d\u00eda son mayores las exigencias de una sociedad en desarrollo, que se hace consciente de los problemas vinculados a la ac\u00fastica. Nuestro Instituto est\u00e1 a la cabeza del desarrollo de la especialidad en Chile, nuestra gran trayectoria y experiencia se refleja en la realizaci\u00f3n de Investigaci\u00f3n, Tesis [&hellip;]<\/p>\n","protected":false},"author":5,"featured_media":0,"parent":0,"menu_order":0,"comment_status":"closed","ping_status":"closed","template":"","meta":{"footnotes":""},"class_list":["post-5555","page","type-page","status-publish","hentry"],"_links":{"self":[{"href":"https:\/\/www.acusticauach.cl\/index.php?rest_route=\/wp\/v2\/pages\/5555","targetHints":{"allow":["GET"]}}],"collection":[{"href":"https:\/\/www.acusticauach.cl\/index.php?rest_route=\/wp\/v2\/pages"}],"about":[{"href":"https:\/\/www.acusticauach.cl\/index.php?rest_route=\/wp\/v2\/types\/page"}],"author":[{"embeddable":true,"href":"https:\/\/www.acusticauach.cl\/index.php?rest_route=\/wp\/v2\/users\/5"}],"replies":[{"embeddable":true,"href":"https:\/\/www.acusticauach.cl\/index.php?rest_route=%2Fwp%2Fv2%2Fcomments&post=5555"}],"version-history":[{"count":0,"href":"https:\/\/www.acusticauach.cl\/index.php?rest_route=\/wp\/v2\/pages\/5555\/revisions"}],"wp:attachment":[{"href":"https:\/\/www.acusticauach.cl\/index.php?rest_route=%2Fwp%2Fv2%2Fmedia&parent=5555"}],"curies":[{"name":"wp","href":"https:\/\/api.w.org\/{rel}","templated":true}]}}