{"id":5545,"date":"2015-03-15T23:30:15","date_gmt":"2015-03-16T02:30:15","guid":{"rendered":"http:\/\/www.acusticauach.cl\/?page_id=5545"},"modified":"2019-10-25T09:58:28","modified_gmt":"2019-10-25T12:58:28","slug":"instalaciones","status":"publish","type":"page","link":"https:\/\/www.acusticauach.cl\/?page_id=5545","title":{"rendered":"Instalaciones"},"content":{"rendered":"<p style=\"text-align: justify;\">En Ac\u00fastica UACh contamos con infraestructura y tecnolog\u00eda de primer nivel, lo que nos convierte en l\u00edderes del desarrollo de la especialidad en Chile. Gracias a los modernos laboratorios, entregamos asistencia y apoyo a nuestros estudiantes en\u00a0las distintas \u00e1reas de la ac\u00fastica.<\/p>\n<p><img decoding=\"async\" class=\"aligncenter wp-image-5966 size-full\" src=\"https:\/\/www.acusticauach.cl\/wp-content\/uploads\/2015\/03\/740581_10200335643092342_1466279202_o1.jpg\" alt=\"\" width=\"933\" height=\"525\" srcset=\"https:\/\/www.acusticauach.cl\/wp-content\/uploads\/2015\/03\/740581_10200335643092342_1466279202_o1.jpg 933w, https:\/\/www.acusticauach.cl\/wp-content\/uploads\/2015\/03\/740581_10200335643092342_1466279202_o1-300x169.jpg 300w, https:\/\/www.acusticauach.cl\/wp-content\/uploads\/2015\/03\/740581_10200335643092342_1466279202_o1-700x394.jpg 700w, https:\/\/www.acusticauach.cl\/wp-content\/uploads\/2015\/03\/740581_10200335643092342_1466279202_o1-500x281.jpg 500w\" sizes=\"(max-width: 933px) 100vw, 933px\" \/><\/p>\n<p style=\"text-align: center;\"><a href=\"https:\/\/www.acusticauach.cl\/?page_id=185\">Estudio de Grabaci\u00f3n<\/a>\u00a0| <a href=\"https:\/\/www.acusticauach.cl\/?page_id=187\">C\u00e1maras Reverberantes<\/a>\u00a0|\u00a0<a href=\"https:\/\/www.acusticauach.cl\/?page_id=189\">Salas Anecoicas<\/a>\u00a0|<a href=\"https:\/\/www.acusticauach.cl\/?page_id=8870\">Laboratorio FONDEQUIP<\/a>\u00a0|\u00a0<a href=\"https:\/\/www.acusticauach.cl\/?page_id=191\">Laboratorio Audio y Video<\/a>\u00a0|\u00a0<a href=\"https:\/\/www.acusticauach.cl\/?page_id=193\">Laboratorio de modelaciones ac\u00fasticas<\/a>\u00a0|\u00a0<a href=\"https:\/\/www.acusticauach.cl\/?page_id=197\">Laboratorio de Absorci\u00f3n y resistencia de flujo<\/a>\u00a0|\u00a0<a href=\"https:\/\/www.acusticauach.cl\/?page_id=199\">Laboratorios Integrados de la Facultad de Ciencias de la Ingenier\u00eda<\/a>\u00a0|\u00a0<a href=\"https:\/\/www.acusticauach.cl\/?page_id=195\">Laboratorios de computaci\u00f3n<\/a><\/p>\n","protected":false},"excerpt":{"rendered":"<p>En Ac\u00fastica UACh contamos con infraestructura y tecnolog\u00eda de primer nivel, lo que nos convierte en l\u00edderes del desarrollo de la especialidad en Chile. Gracias a los modernos laboratorios, entregamos asistencia y apoyo a nuestros estudiantes en\u00a0las distintas \u00e1reas de la ac\u00fastica. Estudio de Grabaci\u00f3n\u00a0| C\u00e1maras Reverberantes\u00a0|\u00a0Salas Anecoicas\u00a0|Laboratorio FONDEQUIP\u00a0|\u00a0Laboratorio Audio y Video\u00a0|\u00a0Laboratorio de modelaciones ac\u00fasticas\u00a0|\u00a0Laboratorio [&hellip;]<\/p>\n","protected":false},"author":5,"featured_media":12167,"parent":0,"menu_order":0,"comment_status":"closed","ping_status":"closed","template":"","meta":{"footnotes":""},"class_list":["post-5545","page","type-page","status-publish","has-post-thumbnail","hentry"],"_links":{"self":[{"href":"https:\/\/www.acusticauach.cl\/index.php?rest_route=\/wp\/v2\/pages\/5545","targetHints":{"allow":["GET"]}}],"collection":[{"href":"https:\/\/www.acusticauach.cl\/index.php?rest_route=\/wp\/v2\/pages"}],"about":[{"href":"https:\/\/www.acusticauach.cl\/index.php?rest_route=\/wp\/v2\/types\/page"}],"author":[{"embeddable":true,"href":"https:\/\/www.acusticauach.cl\/index.php?rest_route=\/wp\/v2\/users\/5"}],"replies":[{"embeddable":true,"href":"https:\/\/www.acusticauach.cl\/index.php?rest_route=%2Fwp%2Fv2%2Fcomments&post=5545"}],"version-history":[{"count":0,"href":"https:\/\/www.acusticauach.cl\/index.php?rest_route=\/wp\/v2\/pages\/5545\/revisions"}],"wp:featuredmedia":[{"embeddable":true,"href":"https:\/\/www.acusticauach.cl\/index.php?rest_route=\/wp\/v2\/media\/12167"}],"wp:attachment":[{"href":"https:\/\/www.acusticauach.cl\/index.php?rest_route=%2Fwp%2Fv2%2Fmedia&parent=5545"}],"curies":[{"name":"wp","href":"https:\/\/api.w.org\/{rel}","templated":true}]}}