{"id":534,"date":"2012-09-15T14:52:52","date_gmt":"2012-09-15T17:52:52","guid":{"rendered":"http:\/\/190.114.255.83\/~acustic1\/?page_id=534"},"modified":"2024-12-09T01:54:47","modified_gmt":"2024-12-09T04:54:47","slug":"victor-poblete-ramirez","status":"publish","type":"page","link":"https:\/\/www.acusticauach.cl\/?page_id=534","title":{"rendered":"V\u00edctor Poblete Ram\u00edrez"},"content":{"rendered":"<h2><strong>T\u00edtulos y Grados<\/strong><img decoding=\"async\" class=\"alignright wp-image-5735 size-medium\" title=\"Prof Poblete\" src=\"https:\/\/www.acusticauach.cl\/wp-content\/uploads\/2012\/09\/ACUS-8-200x300.jpg\" alt=\"\" width=\"200\" height=\"300\" srcset=\"https:\/\/www.acusticauach.cl\/wp-content\/uploads\/2012\/09\/ACUS-8-200x300.jpg 200w, https:\/\/www.acusticauach.cl\/wp-content\/uploads\/2012\/09\/ACUS-8-500x750.jpg 500w, https:\/\/www.acusticauach.cl\/wp-content\/uploads\/2012\/09\/ACUS-8.jpg 667w\" sizes=\"(max-width: 200px) 100vw, 200px\" \/><\/h2>\n<p>Ingeniero Ac\u00fastico, Universidad Austral de Chile.<\/p>\n<p>Licenciado en Ac\u00fastica, Universidad Austral de Chile.<\/p>\n<p>Mag\u00edster en F\u00edsica, Universidad Austral de Chile.<\/p>\n<p>Doctor en Ing. El\u00e9ctrica,\u00a0Universidad \u00a0de Chile.<\/p>\n<p style=\"text-align: justify;\">V\u00edctor Poblete Ram\u00edrez naci\u00f3 en Santiago de Chile en 1967. Finaliz\u00f3 sus estudios de ense\u00f1anza media en el Colegio San Ignacio, El Bosque, el a\u00f1o 1984, en el glorioso 4\u00baG. Se vino a la ciudad de Valdivia en 1985 para ingresar a la Universidad Austral de Chile donde estudi\u00f3 Ingenier\u00eda Ac\u00fastica, obteniendo el Grado Acad\u00e9mico de Licenciado en Ac\u00fastica y el correspondiente T\u00edtulo Profesional de Ingeniero Ac\u00fastico.<\/p>\n<p style=\"text-align: justify;\">En 1993, inici\u00f3 su carrera acad\u00e9mica ingresando al Instituto de Ac\u00fastica en categor\u00eda Ayudante, de acuerdo al escalaf\u00f3n acad\u00e9mico vigente. Posteriormente, estudi\u00f3 tambi\u00e9n en el Instituto de Verano de F\u00edsica de la Facultad de Ciencias de la Universidad Austral de Chile y recibi\u00f3 el Grado Acad\u00e9mico de Mag\u00edster en F\u00edsica (2001). Desde el a\u00f1o 2006, es Profesor Asociado y miembro acad\u00e9mico del Instituto de Ac\u00fastica de la Universidad Austral de Chile. Tiene preocupaci\u00f3n preferente por el desarrollo, actualizaci\u00f3n y mejoramiento de la educaci\u00f3n en ingenier\u00eda ac\u00fastica. En el a\u00f1o 2014 obtuvo el grado de Doctor en la Facultad de Ciencias F\u00edsicas y Matem\u00e1ticas de la Universidad de Chile.<\/p>\n<h2><strong>Contacto:<\/strong><\/h2>\n<ul>\n<li>Instituto de Ac\u00fastica<\/li>\n<li>Facultad de Ciencias de la Ingenier\u00eda<\/li>\n<li>Universidad Austral de Chile<\/li>\n<li>Edificio 6000, Campus Miraflores, Casilla 567, Valdivia, Chile<\/li>\n<li>Fax: (56 63) 2221013<\/li>\n<li>Fono: (56 63) 2221339<\/li>\n<li>Email: vpoblete[at]uach[dot]cl<\/li>\n<\/ul>\n<p><strong>Actualizado el 20.07.2021.<\/strong><\/p>\n<p><a href=\"https:\/\/orcid.org\/0000-0003-2894-0267\" target=\"_blank\" rel=\"noopener\"><img decoding=\"async\" class=\"aligncenter size-full wp-image-15778\" src=\"https:\/\/www.acusticauach.cl\/wp-content\/uploads\/2023\/05\/orcid.jpg\" alt=\"\" width=\"190\" height=\"107\" srcset=\"https:\/\/www.acusticauach.cl\/wp-content\/uploads\/2023\/05\/orcid.jpg 190w, https:\/\/www.acusticauach.cl\/wp-content\/uploads\/2023\/05\/orcid-125x70.jpg 125w, https:\/\/www.acusticauach.cl\/wp-content\/uploads\/2023\/05\/orcid-75x42.jpg 75w\" sizes=\"(max-width: 190px) 100vw, 190px\" \/><\/a><\/p>\n<p style=\"text-align: center;\"><a href=\"https:\/\/orcid.org\/0000-0003-2894-0267\" target=\"_blank\" rel=\"noopener\">https:\/\/orcid.org\/0000-0003-2894-0267<\/a><\/p>\n<div class=\"shortcode-accordion\"><h3 class=\"accordion-item-title\">Formaci\u00f3n acad\u00e9mica y perfeccionamiento<\/h3><div class=\"accordion-item-content accordion-hide\"><h5><strong>1) Mi educaci\u00f3n universitaria es la siguiente:<\/strong><\/h5>\n<ul>\n<li>2014 Universidad de Chile, Ph.D. Ingenier\u00eda El\u00e9ctrica.<\/li>\n<li>2001 Universidad Austral de Chile, Magister en F\u00edsica.<\/li>\n<li>1993 Universidad Austral de Chile, Licenciado en Ac\u00fastica, Ingeniero Ac\u00fastico.<\/li>\n<\/ul>\n<h5><strong>2) Mi formaci\u00f3n y posiciones acad\u00e9micas han sido:<\/strong><\/h5>\n<ul>\n<li>Profesor Asociado Instituto de Ac\u00fastica, Universidad Austral de Chile, 01 de Septiembre de 2006, Decreto No318\/2006 Categor\u00eda II.<\/li>\n<li>Profesor Auxiliar Instituto de Ac\u00fastica, Universidad Austral de Chile, 06 de Septiembre de 2001, Decreto N\u00ba303\/2001, Categor\u00eda III.<\/li>\n<li>Profesor Instructor Instituto de Ac\u00fastica, Universidad Austral de Chile, 26 de Septiembre de 1996, Decreto N\u00ba370\/1996. Categor\u00eda IV.<\/li>\n<li>Profesor Ayudante Instituto de Ac\u00fastica, 01 de Noviembre de 1993, Ingreso a Universidad Austral de Chile. Categor\u00eda V.<\/li>\n<\/ul>\n<h5><strong>3) Becas recibidas para perfeccionamiento:<\/strong><\/h5>\n<ul>\n<li>Beca CONICYT 2010-2014.\u00a0Programa Beca para Estudios de Doctorado Nacional. Doctorado en Ingenier\u00eda El\u00e9ctrica, Departamento de Ingenier\u00eda El\u00e9ctrica, Universidad de Chile.<\/li>\n<li>Beca CONICYT 2013.\u00a0Beca para Gastos Operacionales Proyecto Tesis Doctorado, Asistencia a exponer trabajo en Congreso Internacional Interspeech 2013, Lyon, France.<\/li>\n<li>Beca MECESUP 2008.\u00a0Programa de Responsabilidad Social UCO-0303.\u00a0Estad\u00eda en Centro Internacional para la Investigaci\u00f3n sobre el Compromiso C\u00edvico, University of Minnesota, Minnesota, EE.UU.<\/li>\n<li>Beca The British Council 1995.\u00a0Advanced Course in Noise and Vibration, Institute of Sound and Vibration Research, University of Southampton, Southampton, United Kingdom.<\/li>\n<li>Beca Fundaci\u00f3n Andes 1995.\u00a0Curso de Postgrado de Magister en F\u00edsica, Instituto de Verano de F\u00edsica, Facultad de Ciencias, Universidad Austral de Chile.<\/li>\n<li>Beca CONICYT 1994.\u00a0Curso de Postgrado de Magister en F\u00edsica, Instituto de Verano de F\u00edsica, Facultad de Ciencias, Universidad Austral de Chile.<\/li>\n<\/ul><\/div>\n<h3 class=\"accordion-item-title\">Investigaci\u00f3n<\/h3><div class=\"accordion-item-content accordion-hide\"><p>Mis \u00e1reas de inter\u00e9s en investigaci\u00f3n cubren disciplinas tales como procesamiento digital de se\u00f1ales de voz, verificaci\u00f3n de locutor, modelamiento del sistema auditivo perif\u00e9rico, reconocimiento de patrones, extracci\u00f3n de caracter\u00edsticas, music information retrieval, programaci\u00f3n computacional, entre otros.<\/p>\n<h5><strong>1) Investigaci\u00f3n<\/strong><\/h5>\n<p>Mis \u00e1reas de inter\u00e9s en investigaci\u00f3n cubren disciplinas tales como procesamiento digital de se\u00f1ales, reconocimiento de patrones, miner\u00eda de datos ac\u00fasticos, audio machine learning, programaci\u00f3n computacional, procesamiento de se\u00f1ales s\u00edsmicas, y an\u00e1lisis de se\u00f1ales m\u00e9dicas.<\/p>\n<p>Gracias al financiamiento del proyecto Fondecyt 1190722 del Profesor Felipe Otondo del Instituto de Ac\u00fastica, se ha podido desarrollar el procesamiento digital de se\u00f1ales ac\u00fasticas proveniente de ambientes naturales como son los humedales urbanos de Valdivia. En este marco se ha obtenido lo siguiente:<\/p>\n<ul>\n<li>Otondo, F., Poblete, V. 2020. Using a sonic time-lapse method as a compositional tool. Organised Sound, 25 (2), 198-204.<\/li>\n<li>Espejo, D., Poblete, V., Otondo, F., Huijse, P. 2020. High performance tools to generate and visualize sound time lapse. International Computer Music Conference 2021, Pontificia Universidad Cat\u00f3lica de Chile, Santiago, Chile.<\/li>\n<li>Espejo, D., Poblete, V. 2020 El uso de espectrogramas largos para analizar ambientes sonoros en humedales urbanos basados en \u00edndices ac\u00fasticos. X Congreso Internacional de Ac\u00fastica y Audio Profesional. Universidad Austral de Chile, Valdivia, Chile.<\/li>\n<li>Poblete, V., Espejo, D., Vargas, V., Otondo, F., Huijse, P. 2021. Characterization of sonic events present in natural-urban hybrid habitats using UMAP and SEDnet: The case of the urban wetlands. Submitted to Applied Sciences, 30 June, 2021.<\/li>\n<\/ul>\n<p>Siguiendo en esta misma l\u00ednea de investigaci\u00f3n, actualmente se est\u00e1n desarrollando herramientas de miner\u00eda de datos ac\u00fasticos y algoritmos de audio machine learning para detectar y monitorear la composici\u00f3n ac\u00fastica de los entornos anteriormente mencionados.<\/p>\n<p>Paralelamente, gracias al financiamiento del proyecto Fondef ID20I10212 del Profesor N\u00e9stor Becerra Yoma, del Departamento de Ingenier\u00eda El\u00e9ctrica de la Universidad de Chile, se est\u00e1 procesando informaci\u00f3n proveniente de se\u00f1ales s\u00edsmicas con el objetivo de analizar sus propiedades y mejorar la detecci\u00f3n y precisi\u00f3n de la estimaci\u00f3n de sismos.<\/p>\n<p>Adem\u00e1s, en el marco del proyecto Fondef ID20I10333, del Profesor Enrique Su\u00e1rez, del Instituto de Ac\u00fastica, se participa en el equipo que desarrolla audio machine learning enfocado a se\u00f1ales ac\u00fasticas de ambientes urbanos.<\/p>\n<h5><strong>2) Disposici\u00f3n para recibir estudiantes de Ingenier\u00eda o Magister en este proyecto: Si<\/strong><\/h5>\n<ul>\n<li>Si est\u00e1s interesado, te puedes contactar: +56-63-2-221011 (Instituto de Ac\u00fastica); vpoblete@uach.cl.<\/li>\n<li>Se pide como requisitos a un estudiante para trabajar en este proyecto mucho inter\u00e9s en: procesamiento digital de se\u00f1ales, programaci\u00f3n en Matlab (muy necesario), C++ (se puede aprender!)<\/li>\n<\/ul><\/div>\n<h3 class=\"accordion-item-title\">Asignaturas de Pregrado como responsable<\/h3><div class=\"accordion-item-content accordion-hide\"><ol>\n<li>ACUS099 Procesamiento digital de se\u00f1ales.<\/li>\n<li>ACUS125 Aislamiento y an\u00e1lisis de vibraciones.<\/li>\n<li>ACUS220 Ac\u00fastica computacional con Python.<\/li>\n<\/ol><\/div>\n<h3 class=\"accordion-item-title\">Asignaturas de Posgrado como responsable<\/h3><div class=\"accordion-item-content accordion-hide\"><ol>\n<li>ACUS340 An\u00e1lisis de se\u00f1ales en ac\u00fastica y vibraciones (<a href=\"https:\/\/www.acusticauach.cl\/?page_id=166\">actualmente, curso del programa de Magister en Ac\u00fastica y Vibraciones<\/a>).<\/li>\n<\/ol><\/div>\n<h3 class=\"accordion-item-title\">Tesis de Pregrado Dirigidas (\u00faltimos a\u00f1os)<\/h3><div class=\"accordion-item-content accordion-hide\"><ul>\n<li>Vargas, V. 2020. Sistema de reconocimiento autom\u00e1tico de gestos est\u00e1ticos del alfabeto de la lengua de se\u00f1as chilena. Tesis Ingeniero Civil en Inform\u00e1tica, Universidad Austral de Chile.<\/li>\n<li>Gonz\u00e1lez, Y. 2020. Dise\u00f1o e implementaci\u00f3n de sistema de traducci\u00f3n de voz o texto, a lengua de se\u00f1as Chilena mediante un avatar. Tesis Ingeniera Civil Ac\u00fastica, Universidad Austral de Chile.<\/li>\n<\/ul><\/div>\n<h3 class=\"accordion-item-title\">Tesis de Postgrado Dirigidas<\/h3><div class=\"accordion-item-content accordion-hide\"><ul>\n<li>\u00a0<strong>Aplicaci\u00f3n de redes neuronales profundas en reconocimiento autom\u00e1tico de acordes musicales<\/strong>. Alvarado, L. 2020.\u00a0 Tesis de Magister en Ac\u00fastica y Vibraciones, Universidad Austral de Chile.<\/li>\n<li><strong>Comparaci\u00f3n de m\u00e9todos de reducci\u00f3n de dimensionalidad en una tarea de reconocimiento autom\u00e1tico de rostros<\/strong>. Janio Amable Allauca Campos. 2018. Magister en Ac\u00fastica y Vibraciones, Universidad Austral de Chile.<\/li>\n<li><strong>Evaluaci\u00f3n del efecto de ruido aditivo y variaciones de distancia micr\u00f3fono-fuente en condiciones de c\u00e1mara anecoica, sobre una tarea de verificaci\u00f3n de locutor<\/strong>. Isaac David Gonz\u00e1lez Paulsen. 2017. Magister en Ac\u00fastica y Vibraciones, Universidad Austral de Chile.<\/li>\n<li><strong>Robustez de los coeficientes cepstrales localmente normalizados LNCC, bajo ambientes reverberantes en tareas de reconocimiento de locutor<\/strong>. Juan Pablo Escudero L\u00f3pez. 2016. Magister en Ac\u00fastica y Vibraciones, Universidad Austral de Chile.<\/li>\n<\/ul><\/div>\n<h3 class=\"accordion-item-title\">Horario de Atenci\u00f3n<\/h3><div class=\"accordion-item-content accordion-hide\"><p>Mi horario de atenci\u00f3n de alumnos es: lunes y martes, 10-11 horas, Instituto de Ac\u00fastica.<\/p><\/div>\n<h3 class=\"accordion-item-title\">Publicaciones<\/h3><div class=\"accordion-item-content accordion-hide\"><h5><strong>1) Publicaciones ISI de los \u00faltimos a\u00f1os:<\/strong><\/h5>\n<ol>\n<li><strong>Urrutia, R.; Espejo, D.;<\/strong> Evens, N.; Guerra, M.; S\u00fchn, T.; Boese, A.; Hansen, C.; Fuentealba, P.; Illanes, A.; <strong>Poblete, V<\/strong>. Clustering Methods for Vibro-Acoustic Sensing Features as a Potential Approach to Tissue Characterisation in Robot-Assisted Interventions. Sensors 2023, 23, 9297. <a href=\"https:\/\/doi.org\/10.3390\/s23239297\" target=\"_blank\" rel=\"noopener\">https:\/\/doi.org\/10.3390\/s23239297<\/a><\/li>\n<li><strong>V\u00edctor Poblete, Diego Espejo,<\/strong> V\u00edctor Vargas, <strong>Felipe Otondo,<\/strong> Pablo Huijse. (2021). Characterization of Sonic Events Present in Natural-Urban Hybrid Habitats Using UMAP and SEDnet: The Case of the Urban Wetlands. Applied Sciences. Vol. 11(17), 8175.\n<a href=\"https:\/\/www.mdpi.com\/2076-3417\/11\/17\/8175\" target=\"_blank\" rel=\"noopener noreferrer\">https:\/\/www.mdpi.com\/2076-3417\/11\/17\/8175<\/a><\/li>\n<li>Otondo, F., Poblete, V. 2020. Using a sonic time-lapse method as a compositional tool. Organised Sound, 25 (2), 198-204.<\/li>\n<li>Poblete, V., Espejo, D., Vargas, V., Otondo, F., Huijse, P. 2021. Characterization of sonic events present in natural-urban hybrid habitats using UMAP and SEDnet: The case of the urban wetlands. Submitted to Applied Sciences, 30 June, 2021.<\/li>\n<li>J. Novoa, J. Fredes, V. Poblete, N. Becerra Yoma, Uncertainty weighting and propagation in DNN-HMM-based speech recognition. COMPUTER SPEECH &amp; LANGUAGE (2018) Vol. 47 , Pages 30-46.<\/li>\n<li>V. Poblete, F. Espic, S. King, R. M. Stern, F. Huenup\u00e1n, J. Fredes, and N. Becerra Yoma, \u201cA perceptually-motivated low-complexity instantaneous linear channel normalization technique applied to speaker verification,\u201dComputer Speech and Language, vol. 31, no. 1, pp. 1-27, 2015.<\/li>\n<li>V. Poblete, N. Becerra Yoma, R. M. Stern, \u201cOptimization of the parameters characterizing sigmoidal rate-level functions based on acoustic features,\u201dSpeech Communication, vol. 56, pp. 19-34, 2014.<\/li>\n<\/ol>\n<h5><strong>2) Mis publicaciones en el \u00e1rea de Aprendizaje-Servicio (Service-Learning) y Compromiso C\u00edvico:<\/strong><\/h5>\n<ol>\n<li>Poblete, V., Gonz\u00e1lez, I., Escudero, J.P., Alvarado, L., Briones, R., Astudillo, A. Producci\u00f3n de dos videos tutoriales educacionales para un curso de procesamiento digital de se\u00f1ales. XXIX Congreso Chileno de Educaci\u00f3n en Ingenier\u00eda 2016, Puc\u00f3n, Chile, pp. 44, Resumen. (2016).<\/li>\n<li>V. Poblete, R. Urra, T. Victoriano, C. Guti\u00e9rrez, D. L\u00fchr, G. Santander, L. Podest\u00e1, J. Oberreuter, V. Aguilar, S. Briones, and W. Andler, \u201cExperiencias de Aprendizaje-Servicio en la Universidad Austral de Chile.\u201d Revista Cient\u00edfica Tzhoecoen, Universidad Se\u00f1or de Sip\u00e1n, vol. 3, no. 5, pp. 204-208, 2010, Chiclayo, Per\u00fa.<\/li>\n<li>J. Oberreuter, V. Aguilar, S. Briones, V. Poblete, \u00abDescubriendo la matem\u00e1tica con innovaci\u00f3n y tecnolog\u00eda,\u00bb Cuarto Encuentro Nacional y Segundo Encuentro Internacional de Educaci\u00f3n para la Responsabilidad Social: Estrategias de Ense\u00f1anza y Evaluaci\u00f3n, Universidad de Concepci\u00f3n, 2009.<\/li>\n<\/ol>\n<h5><strong>3) Presentaciones en Congresos Internacionales de los \u00faltimos a\u00f1os:<\/strong><\/h5>\n<ol>\n<li>Espejo, D., Poblete, V. 2020 El uso de espectrogramas largos para analizar ambientes sonoros en humedales urbanos basados en \u00edndices ac\u00fasticos. X Congreso Internacional de Ac\u00fastica y Audio Profesional. Universidad Austral de Chile, Valdivia, Chile.<\/li>\n<li>Espejo, D., Poblete, V., Otondo, F., Huijse, P. 2021. High performance tools to generate and visualize sound time lapse. International Computer Music Conference 2021, Pontificia Universidad Cat\u00f3lica de Chile, Santiago, Chile.<\/li>\n<li>Poblete, V., Gonz\u00e1lez, I., Astudillo, A., Vergara, G. Compensating acoustic mismatch for robust speaker verification. Submitted to 24th International Congress on Sound and Vibration, London, UK. (2017)<\/li>\n<li>Poblete, V., Escudero, J.P., Fredes, J., Novoa, J., Stern, R., Becerra Yoma, N. The use of Locally Normalized Cepstral Coefficients (LNCC) to improve speaker recognition accuracy in highly reverberant rooms. In Proceedings of Interspeech 2016, San Francisco, USA, pp. 2373-2377. (2016).<\/li>\n<li>J.Fredes,J.Novoa,V.Poblete,S.King,R.M.Stern,N.BecerraYoma, \u201cRobustness to additive noise of Locally-Normalized Cepstral Coefficients in speaker verification,\u201d Accepted to INTERSPEECH 2015 &#8211; 16th Annual Conference of the International Speech Communication Association, September 6-10, Dresden, Germany, 2015.<\/li>\n<li>V. Poblete, N. Becerra Yoma, R. M. Stern, \u201cOptimization of sigmoidal rate- level function based on acoustic features,\u201dINTERSPEECH 2013 &#8211; 14th Annual Conference of the International Speech Communication Association, August 25-29, Lyon, France, Proceedings, 2013, pp. 896-900.<\/li>\n<\/ol><\/div> <\/div>\n<p><a href=\"https:\/\/www.acusticauach.cl\/?page_id=139\">Profesores de Ac\u00fastica<\/a><\/p>\n","protected":false},"excerpt":{"rendered":"<p>T\u00edtulos y Grados Ingeniero Ac\u00fastico, Universidad Austral de Chile. Licenciado en Ac\u00fastica, Universidad Austral de Chile. Mag\u00edster en F\u00edsica, Universidad Austral de Chile. Doctor en Ing. El\u00e9ctrica,\u00a0Universidad \u00a0de Chile. V\u00edctor Poblete Ram\u00edrez naci\u00f3 en Santiago de Chile en 1967. Finaliz\u00f3 sus estudios de ense\u00f1anza media en el Colegio San Ignacio, El Bosque, el a\u00f1o 1984, [&hellip;]<\/p>\n","protected":false},"author":2,"featured_media":0,"parent":139,"menu_order":0,"comment_status":"closed","ping_status":"closed","template":"","meta":{"footnotes":""},"class_list":["post-534","page","type-page","status-publish","hentry"],"_links":{"self":[{"href":"https:\/\/www.acusticauach.cl\/index.php?rest_route=\/wp\/v2\/pages\/534","targetHints":{"allow":["GET"]}}],"collection":[{"href":"https:\/\/www.acusticauach.cl\/index.php?rest_route=\/wp\/v2\/pages"}],"about":[{"href":"https:\/\/www.acusticauach.cl\/index.php?rest_route=\/wp\/v2\/types\/page"}],"author":[{"embeddable":true,"href":"https:\/\/www.acusticauach.cl\/index.php?rest_route=\/wp\/v2\/users\/2"}],"replies":[{"embeddable":true,"href":"https:\/\/www.acusticauach.cl\/index.php?rest_route=%2Fwp%2Fv2%2Fcomments&post=534"}],"version-history":[{"count":0,"href":"https:\/\/www.acusticauach.cl\/index.php?rest_route=\/wp\/v2\/pages\/534\/revisions"}],"up":[{"embeddable":true,"href":"https:\/\/www.acusticauach.cl\/index.php?rest_route=\/wp\/v2\/pages\/139"}],"wp:attachment":[{"href":"https:\/\/www.acusticauach.cl\/index.php?rest_route=%2Fwp%2Fv2%2Fmedia&parent=534"}],"curies":[{"name":"wp","href":"https:\/\/api.w.org\/{rel}","templated":true}]}}