{"id":5242,"date":"2014-12-30T17:26:46","date_gmt":"2014-12-30T20:26:46","guid":{"rendered":"http:\/\/www.acusticauach.cl\/?page_id=5242"},"modified":"2019-10-21T23:25:27","modified_gmt":"2019-10-22T02:25:27","slug":"ingeacus-2014","status":"publish","type":"page","link":"https:\/\/www.acusticauach.cl\/?page_id=5242","title":{"rendered":"INGEACUS 2014"},"content":{"rendered":"<h2><a href=\"https:\/\/www.acusticauach.cl\/wp-content\/uploads\/2014\/12\/ingecaus2014-afiche.jpg\"><img decoding=\"async\" class=\"aligncenter wp-image-5246 size-full\" src=\"https:\/\/www.acusticauach.cl\/wp-content\/uploads\/2014\/12\/ingecaus2014-afiche.jpg\" alt=\"ingecaus2014-afiche\" width=\"637\" height=\"960\" srcset=\"https:\/\/www.acusticauach.cl\/wp-content\/uploads\/2014\/12\/ingecaus2014-afiche.jpg 637w, https:\/\/www.acusticauach.cl\/wp-content\/uploads\/2014\/12\/ingecaus2014-afiche-199x300.jpg 199w, https:\/\/www.acusticauach.cl\/wp-content\/uploads\/2014\/12\/ingecaus2014-afiche-500x753.jpg 500w\" sizes=\"(max-width: 637px) 100vw, 637px\" \/><\/a><\/h2>\n<h5>INGEACUS 2014-&nbsp;Encuentro de Estudiantes de Ac\u00fastica y Audio Profesional &#8211;&nbsp;IX Congreso Iberoamericano de Ac\u00fastica FIA2014<\/h5>\n<p>Se llev\u00f3 a cabo los d\u00edas 29 y 30 de noviembre del a\u00f1o 2014&nbsp;en la Universidad Austral de Chile, en Valdivia, en coordinaci\u00f3n con el <a href=\"https:\/\/www.acusticauach.cl\/fia2014.cl\/\">IX Congreso Iberoamericano de Ac\u00fastica FIA2014<\/a>&nbsp;(01 al 03 de diciembre de 2014)<\/p>\n<p>Dentro de las actividades que se realizaron durante el INGEACUS 2014, se pueden nombrar:<\/p>\n<p><strong>Charlas. <\/strong><\/p>\n<p>Se &nbsp;dise\u00f1\u00f3 este espacio para charlas de lenguaje menos&nbsp;t\u00e9cnico, m\u00e1s cercano y comprensible. Las exposiciones estuvieron a cargo de importantes profesionales del \u00e1rea: <strong>Prof. Felipe Otondo<\/strong> (Universidad Austral de Chile) :\u201cSonido, Espacio y Transdisciplinariedad\u201d; <strong>Prof. Nestor Becerra Yoma<\/strong> (U. de Chile) \u201cProcesamiento Digital del Se\u00f1ales en Procesamiento de Voz y Otras Aplicaciones\u201d; <strong>Prof. Jorge C\u00e1rdenas<\/strong> (Universidad Austral de Chile): \u201cGrabaci\u00f3n y Mezcla de Sonido en Producci\u00f3n Musical\u201d; <strong>Ing. Nicol\u00e1s Basti\u00e1n <\/strong>(Empresa Silentium) \u201cControl de Vibraciones y Restricci\u00f3n S\u00edsmica de Componentes y Sistemas no Estructurales en Chile\u201d; <strong>Ing. Pablo Kogan<\/strong> (Universidad Nacional de C\u00f3rdoba, Argentina): \u201cEl Paisaje Sonoro Urbano y su Medici\u00f3n\u201d; &nbsp;<strong>Ing. Jonathan Oberreuter<\/strong> (Centro de Estudios Cient\u00edficos CECs): \u00abAc\u00fastica Submarina para Glaciolog\u00eda: Una Experencia en Fiordo Parry (Cordillera Darwin)\u201d, <strong>Prof. Carla Badanibadani<\/strong> (U. de Chile): \u00abAc\u00fastica en la Voz Profesional: Un Estudio Sobre Voz y Emoci\u00f3n en Actores\u201d; <strong>Prof. Jorge Sommerhoff<\/strong> (Universidad Austral de Chile): \u201cLa Ac\u00fastica Arquitect\u00f3nica y su Relaci\u00f3n con la Sustentabilidad\u201d.<\/p>\n<p><strong>Feria de Proyectos<\/strong><\/p>\n<p>Se realiz\u00f3 la \u00abI Feria de Proyectos\u201d, concurso que tiene como objetivo principal la divulgaci\u00f3n de los trabajos realizados por estudiantes en un entorno arm\u00f3nico con un esp\u00edritu de compa\u00f1erismo y respeto por el trabajo del otro, para as\u00ed fomentar la retroalimentaci\u00f3n, consejos, alianzas, etc. y de esta forma, poder fortalecerse como futuro profesional en trabajos y\/o proyectos posteriores.<\/p>\n<p><a href=\"https:\/\/www.acusticauach.cl\/?p=5126\">Ver noticia.<\/a><\/p>\n<h5>Comisi\u00f3n Organizadora<\/h5>\n<p>La organizaci\u00f3n, como es tradici\u00f3n, estuvo a cargo de los propios estudiantes de Ingenier\u00eda Civil Ac\u00fastica de la Universidad Austral de Chile, con apoyo del Instituto de Ac\u00fastica, Escuela de Ac\u00fastica y de la Universidad Austral de Chile. En esta ocasi\u00f3n, la comisi\u00f3n organizadora est\u00e1 conformada por:<\/p>\n<p>Coordinador General:&nbsp;Fabi\u00e1n Ritter,&nbsp;Estudiante de Ingenier\u00eda Civil Ac\u00fastica.<br \/>\n\u00c1rea de Finanzas: Gabriel D\u00edaz, Estudiante de Ingenier\u00eda Civil Ac\u00fastica.<br \/>\n\u00c1rea de Log\u00edstica: \u00c1lvaro Blanco, Camila Valenzuela, Nelson Ibacache, Estudiantes Ingenier\u00eda Civil Ac\u00fastica<br \/>\n\u00c1rea Dise\u00f1o: Valentina Salgado.<\/p>\n<h5>Comisi\u00f3n Colaboradora<\/h5>\n<p>Instituto de Ac\u00fastica, Escuela de Ac\u00fastica y de la Universidad Austral de Chile<\/p>\n<h5>Patrocinadores:<\/h5>\n<p>Facultad de Ciencias de la Ingenier\u00eda, UACh; Vicerrector\u00eda Acad\u00e9mica, UACh; Direcci\u00f3n de Investigaci\u00f3n, UACh.<\/p>\n<h5>Auspiciadores<\/h5>\n<p>IX Congreso Iberoamericano de Ac\u00fastica FIA2014; AcusticaUACh; Facultad de Cs. de la Ingenier\u00eda de la UACh.<\/p>\n<h5>Fotos en Flickr<\/h5>\n<p><a data-flickr-embed=\"true\" href=\"https:\/\/www.flickr.com\/photos\/acusticauach\/albums\/72157689106869521\" title=\"INGEACUS 2014\"><img decoding=\"async\" src=\"https:\/\/live.staticflickr.com\/4577\/26996328849_c2821c60a4_z.jpg\" width=\"425\" height=\"640\" alt=\"INGEACUS 2014\"><\/a><script async=\"\" src=\"\/\/embedr.flickr.com\/assets\/client-code.js\" charset=\"utf-8\"><\/script><\/p>\n<h5>&nbsp;\u00c1lbum de Fotograf\u00edas en nuestro <a href=\"https:\/\/www.facebook.com\/acusticauach\" target=\"_blank\" rel=\"noopener noreferrer\">Facebook.con\/acusticauach<\/a><\/h5>\n<div id=\"fb-root\">&nbsp;<\/div>\n<p><script>\/\/ <![CDATA[ (function(d, s, id) { var js, fjs = d.getElementsByTagName(s)[0]; if (d.getElementById(id)) return; js = d.createElement(s); js.id = id; js.src = \"\/\/connect.facebook.net\/es_LA\/all.js#xfbml=1\"; fjs.parentNode.insertBefore(js, fjs); }(document, 'script', 'facebook-jssdk')); \/\/ ]]><\/script><\/p>\n<div class=\"fb-post\" data-href=\"https:\/\/www.facebook.com\/media\/set\/?set=a.750462981702011.1073741838.194362960645352&amp;type=1\" data-width=\"700\">\n<div class=\"fb-xfbml-parse-ignore\"><a href=\"https:\/\/www.facebook.com\/media\/set\/?set=a.750462981702011.1073741838.194362960645352&amp;type=1\">Publicaci\u00f3n<\/a> de <a href=\"https:\/\/www.facebook.com\/acusticauach\">Acustica UACh<\/a>.<\/div>\n<\/div>\n","protected":false},"excerpt":{"rendered":"<p>INGEACUS 2014-&nbsp;Encuentro de Estudiantes de Ac\u00fastica y Audio Profesional &#8211;&nbsp;IX Congreso Iberoamericano de Ac\u00fastica FIA2014 Se llev\u00f3 a cabo los d\u00edas 29 y 30 de noviembre del a\u00f1o 2014&nbsp;en la Universidad Austral de Chile, en Valdivia, en coordinaci\u00f3n con el IX Congreso Iberoamericano de Ac\u00fastica FIA2014&nbsp;(01 al 03 de diciembre de 2014) Dentro de las [&hellip;]<\/p>\n","protected":false},"author":2,"featured_media":9677,"parent":4506,"menu_order":0,"comment_status":"closed","ping_status":"closed","template":"","meta":{"footnotes":""},"class_list":["post-5242","page","type-page","status-publish","has-post-thumbnail","hentry"],"_links":{"self":[{"href":"https:\/\/www.acusticauach.cl\/index.php?rest_route=\/wp\/v2\/pages\/5242","targetHints":{"allow":["GET"]}}],"collection":[{"href":"https:\/\/www.acusticauach.cl\/index.php?rest_route=\/wp\/v2\/pages"}],"about":[{"href":"https:\/\/www.acusticauach.cl\/index.php?rest_route=\/wp\/v2\/types\/page"}],"author":[{"embeddable":true,"href":"https:\/\/www.acusticauach.cl\/index.php?rest_route=\/wp\/v2\/users\/2"}],"replies":[{"embeddable":true,"href":"https:\/\/www.acusticauach.cl\/index.php?rest_route=%2Fwp%2Fv2%2Fcomments&post=5242"}],"version-history":[{"count":0,"href":"https:\/\/www.acusticauach.cl\/index.php?rest_route=\/wp\/v2\/pages\/5242\/revisions"}],"up":[{"embeddable":true,"href":"https:\/\/www.acusticauach.cl\/index.php?rest_route=\/wp\/v2\/pages\/4506"}],"wp:featuredmedia":[{"embeddable":true,"href":"https:\/\/www.acusticauach.cl\/index.php?rest_route=\/wp\/v2\/media\/9677"}],"wp:attachment":[{"href":"https:\/\/www.acusticauach.cl\/index.php?rest_route=%2Fwp%2Fv2%2Fmedia&parent=5242"}],"curies":[{"name":"wp","href":"https:\/\/api.w.org\/{rel}","templated":true}]}}