{"id":487,"date":"2012-09-14T17:55:49","date_gmt":"2012-09-14T20:55:49","guid":{"rendered":"http:\/\/190.114.255.83\/~acustic1\/?page_id=487"},"modified":"2024-12-09T11:33:31","modified_gmt":"2024-12-09T14:33:31","slug":"jose-luis-barros","status":"publish","type":"page","link":"https:\/\/www.acusticauach.cl\/?page_id=487","title":{"rendered":"Jos\u00e9 Luis Barros"},"content":{"rendered":"<h2>T\u00edtulos y Grados<img decoding=\"async\" class=\"alignright wp-image-5729 size-medium\" title=\"Prof Barros\" src=\"https:\/\/www.acusticauach.cl\/wp-content\/uploads\/2012\/09\/ACUS-12-200x300.jpg\" alt=\"\" width=\"200\" height=\"300\" srcset=\"https:\/\/www.acusticauach.cl\/wp-content\/uploads\/2012\/09\/ACUS-12-200x300.jpg 200w, https:\/\/www.acusticauach.cl\/wp-content\/uploads\/2012\/09\/ACUS-12-500x750.jpg 500w, https:\/\/www.acusticauach.cl\/wp-content\/uploads\/2012\/09\/ACUS-12.jpg 667w\" sizes=\"(max-width: 200px) 100vw, 200px\" \/><\/h2>\n<p>Ingeniero Ac\u00fastico, Universidad Austral de Chile.<br \/>\nLicenciado en Ac\u00fastica, Universidad Austral de Chile.<br \/>\nDiplomado en Eficiencia Energ\u00e9tica y Calidad Ambiental en la Construcci\u00f3n, Universidad Austral de Chile.<br \/>\nDoctor en Ciencias de la Ingenier\u00eda (Ac\u00fastica), Technische Universit\u00e4t Berlin, Alemania.<\/p>\n<p>Jos\u00e9 Luis Barros nace en Santiago de Chile en 1962. En el a\u00f1o 1989 recibe el t\u00edtulo de Ingeniero Ac\u00fastico de la Universidad Austral de Chile. Desde 1989 se ha desempe\u00f1ado como acad\u00e9mico del Instituto de Ac\u00fastica de la UACh. En 1995 recibe una beca del servicio alem\u00e1n de intercambio acad\u00e9mico (DAAD) para realizar estudios de postgrado en Alemania. Entre los a\u00f1os 1996 y 2000, desarrolla su tesis doctoral en el Institut f\u00fcr Technische Akustik, Technische Universit\u00e4t Berlin, Alemania. En julio del 2000 recibe el grado de Doctor en Ciencias de la Ingenier\u00eda de la universidad alemana, tras lo cual regresa a Chile a continuar con su trabajo como acad\u00e9mico del Instituto de Ac\u00fastica de la UACh.<\/p>\n<p>Durante su carrera acad\u00e9mica ha participado como profesor en un gran n\u00famero de tesis y ha sido investigador responsable y co-investigador de diversos proyectos de Investigaci\u00f3n y de Innovaci\u00f3n Tecnol\u00f3gica. Ha publicado sus trabajos cient\u00edficos en revistas indexadas de prestigio internacional y en actas de congresos nacionales e internacionales. En el a\u00f1o 2004 publica, en coautor\u00eda con el destacado ac\u00fastico alem\u00e1n Prof. Dr. Michael M\u00f6ser, el libro \u201cIngenier\u00eda Ac\u00fastica\u201d. Ha participado como profesor en el programa de Doctorado en Ingenier\u00eda Ac\u00fastica de la Univ. Polit\u00e9cnica de Madrid.<\/p>\n<p>Entre el 2007 y 2011 se desempe\u00f1a como Director del Instituto de Ac\u00fastica. Entre el a\u00f1o 2014 y el 2019, se desempe\u00f1a como director de la carrera de Ingenier\u00eda Civil Ac\u00fastica de la Universidad Austral de Chile.<\/p>\n<p>Sus l\u00edneas de investigaci\u00f3n se relacionan con el Control de Ruido, Ac\u00fastica Arquitect\u00f3nica, An\u00e1lisis de Se\u00f1ales de Ac\u00fasticas, Localizaci\u00f3n de Fuentes Mediante Beamforming (c\u00e1mara ac\u00fastica) y Modelaci\u00f3n Matem\u00e1tica de Fen\u00f3menos Ac\u00fasticos.<\/p>\n<p>En el a\u00f1o 2009 publica la segunda edici\u00f3n del libro \u201cIngenier\u00eda Ac\u00fastica\u201d a trav\u00e9s de la prestigiosa editorial Springer Verlag. El a\u00f1o 2010 da inicio en Alemania, como co-fundador, al desarrollo del sistema de c\u00e1lculos ac\u00fasticos en l\u00ednea dBWaves (www.dbwaves.com). Desde febrero del 2012 a mayo de 2014 desarroll\u00f3 investigaci\u00f3n en el \u00e1rea de predicciones de ruido en embarcaciones, en la Universidad T\u00e9cnica de Berlin (Institut f\u00fcr Str\u00f6mungsmechanik und Technische Akustik). En el a\u00f1o 2014 da inicio como fundador y director a la compa\u00f1\u00eda Ingenier\u00eda Ac\u00fastica iidav Ltda. Cuya actividad principal consiste en consultor\u00eda, innovaci\u00f3n y desarrollo en el \u00e1rea de ac\u00fastica y vibraciones.<\/p>\n<h2><strong>Contacto:<\/strong><\/h2>\n<ul>\n<li>Instituto de Ac\u00fastica<\/li>\n<li>Facultad de Ciencias de la Ingenier\u00eda<\/li>\n<li>Universidad Austral de Chile<\/li>\n<li>Edificio 6000, Campus Miraflores, Casilla 567, Valdivia, Chile<\/li>\n<li>Fono: (56 63) 2211338\/9<\/li>\n<li>Email: jbarros[at]uach[dot]cl<\/li>\n<\/ul>\n<p><strong>Actualizado el 09.12.2024.<\/strong><\/p>\n<div class=\"shortcode-accordion\"><h3 class=\"accordion-item-title\">Formaci\u00f3n acad\u00e9mica y perfeccionamiento<\/h3><div class=\"accordion-item-content accordion-hide\"><p><strong>1) Mi educaci\u00f3n universitaria es la siguiente:<\/strong><\/p>\n<p>2019 Universidad Austral de Chile, Diplomado en Eficiencia Energ\u00e9tica y Calidad Ambiental en la Construcci\u00f3n.<\/p>\n<p>2000 Technische Universit\u00e4t Berlin, Alemania. Doctor en Ciencias de la Ingenier\u00eda.<\/p>\n<p>1988 Universidad Austral de Chile, Licenciado en Ac\u00fastica, Ingeniero Ac\u00fastico.<\/p>\n<p><strong>2) Mi formaci\u00f3n y posiciones acad\u00e9micas han sido:<\/strong><\/p>\n<p>2014-2019 Director de la Carrera de Ingenier\u00eda Civil Ac\u00fastica, Universidad Austral de Chile.<\/p>\n<p>2012-2014 Investigador en el Institut f\u00fcr Str\u00f6mungsmechanik und Technische Akustik, Technische Universit\u00e4t Berlin.<\/p>\n<p>2007-2011 Director del Instituto de Ac\u00fastica, Universidad Austral de Chile<\/p>\n<p>Profesor Asociado Instituto de Ac\u00fastica, Universidad Austral de Chile, 2005, Categor\u00eda II.<\/p>\n<p>Profesor Auxiliar Instituto de Ac\u00fastica, Universidad Austral de Chile, 2000, Categor\u00eda III.<\/p>\n<p>Profesor Instructor Instituto de Ac\u00fastica, Universidad Austral de Chile, 1992. Categor\u00eda IV.<\/p>\n<p>Profesor Ayudante Instituto de Ac\u00fastica, 1988, Ingreso a Universidad Austral de Chile. Categor\u00eda V.<\/p>\n<p><strong>3) Becas recibidas para perfeccionamiento:<\/strong><\/p>\n<p>Beca del Servicio Alem\u00e1n de Intercambio Acad\u00e9mico DAAD (1995-2000). Programa Beca para Estudios de Doctorado en Alemania. Doctorado en Ciencias de la Ingenier\u00eda, Institut f\u00fcr Technische Akustik, Technische Universit\u00e4t Berlin.<\/p>\n<p>Beca del Servicio Alem\u00e1n de Intercambio Acad\u00e9mico DAAD \u2013 DLR German Aerospace Center (2017). Programa Senior Scientist. Recearch area: Aeronautics, Institute of Aeroelasticity, G\u00f6ttingen, Alemania.<\/p><\/div>\n<h3 class=\"accordion-item-title\">Investigaci\u00f3n<\/h3><div class=\"accordion-item-content accordion-hide\"><p>Los \u00faltimos proyectos en los que he participado:<\/p>\n<p><strong>Patrimonio Sonoro Natural de la Reserva Vodudahue (PaSoVo) UACh-Fundaci\u00f3n Alerce 3000<\/strong>. Investigador responsable: J.L.Barros., Instituto de Ac\u00fastica, Universidad Austral de Chile. Co-Investigador: Rodrigo Torres, Instituto de Ac\u00fastica, Universidad Austral de Chile.<\/p>\n<p>El proyecto Patrimonio Sonoro Natural de la Reserva Vodudahue busca preservar, valorar y difundir la riqueza de la Reserva Vodudahue como paraje de preservaci\u00f3n \u00fanica. Su objetivo general es caracterizar y documentar el patrimonio sonoro de la reserva, mediante el registro sistem\u00e1tico del paisaje sonoro en diferentes lugares y \u00e9pocas del a\u00f1o. Se realizan grabaciones del paisaje sonoro en diferentes zonas de la reserva durante un a\u00f1o calendario, se implementa una plataforma audiovisual interactiva y de visualizaci\u00f3n web asociada al paisaje sonoro de la reserva, se dise\u00f1a una instalaci\u00f3n audiovisual inmersiva (Audio 3D) que permita a los asistentes percibir las caracter\u00edsticas temporales, espaciales y din\u00e1micas del paisaje sonoro caracter\u00edstico de la reserva y, se genera una colecci\u00f3n de registros sonoros representativos de un recorrido auditivo de la reserva disponible para plataformas de Streaming.<\/p>\n<p><strong>FONDECYT 1120347<\/strong>. Investigador Responsable: Alfredo Aguilera (Instituto de Tecnolog\u00eda de Productos Forestales). Coinvestigadores: J.L. Barros (Instituto de Ac\u00fastica), C. Aguilar, A. Rolleri<\/p>\n<p>An experimental study of tool wear progression based on cutting forces and sound pressure variation and its relationship with the surface quality during radiata pine solid wood machining with high speed steel inserts.The determination of cutting conditions when machining wood, represents a useful strategy to control the manufacture process. The complexity of the cutting operation has increased by the appearance of new cutting materials and high-speed cutting techniques. However, independent of the kind of wood, a proper surface roughness and safe work are mandatory. This work deals with the analysis of tool wear phenomena for high-speed steel inserts when milling Radiata pine solid wood. The measurement of forces and sound pressure have been conducted, in order to detect the recession of the cutting edge with regard to the surface quality at various machining conditions.<\/p>\n<p><strong>DID-UACH 2015-70<\/strong>. Proyecto del la Direcci\u00f3n de Investigaci\u00f3n de la Universidad Austral de Chile. Investigador principal: Dr.-Ing. Alfio Yori, Instituto de Ac\u00fastica, Universidad Austral de Chile. Co-Investigador: Dr.-Ing. Jos\u00e9 Luis Barros, Instituto de Ac\u00fastica, Universidad Austral de Chile.<\/p>\n<p>A medida que un pa\u00eds se va desarrollando, se incrementan los proyectos que involucran emisiones de ruido de gran nivel. El ruido subacu\u00e1tico de origen antropog\u00e9nico a\u00fan no ha sido claramente abordado en Chile. Faltan conocimientos respecto al equipamiento, procedimientos de monitoreo y evaluaci\u00f3n del ruido subacu\u00e1tico, como tambi\u00e9n de los potenciales efectos que \u00e9ste tiene sobre el medio ambiente marino. Este proyecto tiene como objetivo evaluar la contaminaci\u00f3n ac\u00fastica en algunos sectores de los r\u00edos en la ciudad de Valdivia. Junto con cuantificar los niveles de ruido presentes en los ambientes sonoros subacu\u00e1ticos del lugar, se busca relacionar las emisiones sonoras procedentes de fuentes de ruido, tanto al interior como al exterior del agua, con los niveles obtenidos al interior de los cuerpos de agua. Adem\u00e1s, se propondr\u00e1 una metodolog\u00eda de bajo costo para una apropiada medici\u00f3n del ruido bajo el agua. Se pretende dar inicio a una nueva l\u00ednea de investigaci\u00f3n, y as\u00ed establecer un punto de partida para futuros proyectos relacionados con la evaluaci\u00f3n del impacto que los niveles de ruido bajo el agua, y los efectos que pueden generar en los seres vivos, espec\u00edficamente en los mam\u00edferos marinos.<\/p>\n<p><strong>EPES \u2013 Effiziente Prognose vibroakustischer Eigenschaften in der Schiffsentwurfsphase<\/strong>. Bundesministerium f\u00fcr Wirtschaft und Technologie. BMWi, Alemania. 2011 \u2013 2014<\/p>\n<p>Proyecto financiado por el ministerio de econom\u00eda y tecnolog\u00eda, desarrollado por astilleros y universidades alemanas con el objetivo de mejorar los procedimientos de predicci\u00f3n del comportamiento vibroac\u00fastico de barcos en la etapa de dise\u00f1o. Participaci\u00f3n como investigador responsable de predicci\u00f3n de niveles de ruido mediante An\u00e1lisis Estad\u00edstico de Energ\u00eda (SEA) en el equipo de investigadores de la Universidad T\u00e9cnica de Berl\u00ednn.<\/p><\/div>\n<h3 class=\"accordion-item-title\">Asignaturas de Pregrado<\/h3><div class=\"accordion-item-content accordion-hide\"><ol>\n<li>Control de Ruido<\/li>\n<li>Proyecto de Control de Ruido<\/li>\n<li>Taller de Mediciones Ac\u00fasticas<\/li>\n<li>Taller de Simulaci\u00f3n de Ruido Industrial<\/li>\n<\/ol><\/div>\n<h3 class=\"accordion-item-title\">Horario de Atenci\u00f3n<\/h3><div class=\"accordion-item-content accordion-hide\"><p>Mi horario de atenci\u00f3n de alumnos es: lunes y martes, 15-17 horas, Instituto de Ac\u00fastica.<\/p><\/div>\n<h3 class=\"accordion-item-title\">Publicaciones<\/h3><div class=\"accordion-item-content accordion-hide\"><p><strong>1) Publicaciones wos de los \u00faltimos a\u00f1os:<\/strong><\/p>\n<ol>\n<li>Wentzel, M., Sep\u00falveda-Villarroel, V., Barros, J. L., Anan\u00edas, R. A., and Rolleri, A. (2024). \u201cChemical structural characteristics and some mechanical and physical properties of thermally modified Nothofagus alpina thinning wood from three different silvicultural conditions,\u201d BioResources 19(3), 6009-6024. DOI: 10.15376\/biores.19.3.6009-6024<\/li>\n<li>A. Rolleri, M. Wentzel, A. Aguilera &amp; J. L. Barros Vibroacoustic properties as a function of crystallinity changes in heat-treated Pinus radiata D. Don wood, Wood Material Science &amp; Engineering, 2023. DOI: 10.1080\/17480272.2023.2236960<\/li>\n<li>A. Aguilera, P.J. M\u00e9ausoone, A. Rolleri, J.L. Barros, F. Burgos, C. Aguilar. Advances on indirect methods to evaluate tool wear for Radiata pine solid wood molding. International Journal on the Science and Technology of Friction, Lubrication and Wear (Wear) Volumes 350\u2013351, 15 March (2016), Pages 27-34.<\/li>\n<li>J.L.Barros, O.Thiers, F.Torres. Feasibility study of estimating the porosity of soils from sound absorption measurements. Measurement 77 (2016) 213-221.<\/li>\n<li>Su\u00e1rez E, Barros JL, Traffic noise mapping of the city of Santiago de Chile, SCIENCE OF THE TOTAL ENVIRONMENT 466\u2013467(1): 539\u2013546. 2014.<\/li>\n<li>Aguilera, A; Barros, JL. Surface roughness assessment on medium density fibreboard rip sawing using acoustic signals, EUROPEAN JOURNAL OF WOOD AND WOOD PRODUCTS, 70(1-3): 369-372, (2012).<\/li>\n<li>Aguilera, A; Barros, JL. Sound pressure as a tool in the assesment of the surface roughness on medium density fibreboard rip sawing process, MADERAS-CIENCIA Y TECNOLOGIA, 12(3): 159-169, (2010).<\/li>\n<li>Barros, JL; Cardenas, J; Sommerhoff J. Study of the directional characteristics of a piston mounted on a surface of zero acoustic impedance, JOURNAL OF THE AUDIO ENGINEERING SOCIETY 52(12), 1254-1258, 2004<\/li>\n<li>Barros, JL; Moser, M. Acoustic effects of broadening and contracting transition between ducts of different cross-section. Part II: Numerical results and measurements, ACTA ACUSTICA UNITED WITH ACUSTICA 90(2), 221-231, 2004.<\/li>\n<li>Barros, JL; Moser, M. Acoustic effects of broadening and contracting transition between ducts of different cross-section. Part I: Theoretical treatment, ACTA ACUSTICA UNITED WITH ACUSTICA 89(3), 416-425, 2003<\/li>\n<\/ol>\n<p><strong>2) Presentaciones en Congresos Internacionales de los \u00faltimos a\u00f1os:<\/strong><\/p>\n<ol>\n<li>Barros, J.L., Alvarez, J.P. Measurements, modeling and analysis of industrial noise in the city of coronel (Chile) \u2013 Advantages of using acoustic camera for source location. 22nd International Congress on Acoustic 2016. Buenos Aires, Argentina.<\/li>\n<li>Barros, J.L., Aguilera, A. Experimental study of the relationship between radiated sound and machining conditions of a wood shaper machine based on acoustic camera measurements. 22nd International Congress on Acoustic 2016. Buenos Aires, Argentina.<\/li>\n<li>Su\u00e1rez E., Barros J. L., \u00c1lvarez J. P., Romero R., Gonz\u00e1lez C., B\u00e1ez L., Saavedra C. Mapa de Ruido del Gran Santiago Mediante Modelaci\u00f3n. IX Congreso Iberoamericano de Ac\u00fastica, Valdivia, Chile, 01-03 diciembre 2014.<\/li>\n<li>Figueroa F.; Aguilera A.; Barros J. L.; C\u00e1rdenas J. Monitoreo de Condiciones de Maquinado en Base a Emisi\u00f3n Sonora. IX Congreso Iberoamericano de Ac\u00fastica, Valdivia, Chile, 01-03 diciembre 2014.<\/li>\n<li>Aguilera, A., Barros, J.L., Rolleri, A., C\u00e1rdenas, J., M\u00e9ausoone, P.J., &amp; Aguilar, C. Assessment of Machining Performance for Solid Wood Moulding. Advances on Trials Running with Sharp Cutting Edge. Proceedings of the International Conference \u201cWood Science and Engineering in the Third Millennium\u201d \u2013 ICWSE 2013, Brasov, Rumania, 7-9 november 2013.<\/li>\n<li>E. Su\u00e1rez, J.L. Barros, A. B\u00e1ez, J. Stevens, R. Romero, J.P. Alvarez, C. Gonz\u00e1lez, G. Rey. Estudio de percepci\u00f3n de ruido ambiental en la Comuna de Santiago de Chile. Congreso Internacional de Ac\u00fastica y Audio Profesional. INGEACUS 2011. Valdivia-Chile.<\/li>\n<li>E. Su\u00e1rez, J.L. Barros, A. B\u00e1ez, J. Stevens, R. Romero, J.P. Alvarez, C. Gonz\u00e1lez, G. Rey. Mapa de Ruido de la Comuna de Santiago de Chile Mediante Modelaci\u00f3n. Congreso Internacional de Ac\u00fastica y Audio Profesional. INGEACUS 2011. Valdivia-Chile.<\/li>\n<li>F. Torres, J.L. Barros, O. Thiers. Relaci\u00f3n entre la absorci\u00f3n ac\u00fastica y la porosidad total en un suelo volc\u00e1nico. Primeras Jornadas Regionales de Ac\u00fastica AdAA 2009. Rosario, Argentina.<\/li>\n<\/ol><\/div> <\/div>\n<p><a href=\"https:\/\/www.acusticauach.cl\/?page_id=139\">Profesores de Ac\u00fastica<\/a><\/p>\n","protected":false},"excerpt":{"rendered":"<p>T\u00edtulos y Grados Ingeniero Ac\u00fastico, Universidad Austral de Chile. Licenciado en Ac\u00fastica, Universidad Austral de Chile. Diplomado en Eficiencia Energ\u00e9tica y Calidad Ambiental en la Construcci\u00f3n, Universidad Austral de Chile. Doctor en Ciencias de la Ingenier\u00eda (Ac\u00fastica), Technische Universit\u00e4t Berlin, Alemania. Jos\u00e9 Luis Barros nace en Santiago de Chile en 1962. En el a\u00f1o 1989 [&hellip;]<\/p>\n","protected":false},"author":2,"featured_media":0,"parent":139,"menu_order":0,"comment_status":"closed","ping_status":"closed","template":"","meta":{"footnotes":""},"class_list":["post-487","page","type-page","status-publish","hentry"],"_links":{"self":[{"href":"https:\/\/www.acusticauach.cl\/index.php?rest_route=\/wp\/v2\/pages\/487","targetHints":{"allow":["GET"]}}],"collection":[{"href":"https:\/\/www.acusticauach.cl\/index.php?rest_route=\/wp\/v2\/pages"}],"about":[{"href":"https:\/\/www.acusticauach.cl\/index.php?rest_route=\/wp\/v2\/types\/page"}],"author":[{"embeddable":true,"href":"https:\/\/www.acusticauach.cl\/index.php?rest_route=\/wp\/v2\/users\/2"}],"replies":[{"embeddable":true,"href":"https:\/\/www.acusticauach.cl\/index.php?rest_route=%2Fwp%2Fv2%2Fcomments&post=487"}],"version-history":[{"count":0,"href":"https:\/\/www.acusticauach.cl\/index.php?rest_route=\/wp\/v2\/pages\/487\/revisions"}],"up":[{"embeddable":true,"href":"https:\/\/www.acusticauach.cl\/index.php?rest_route=\/wp\/v2\/pages\/139"}],"wp:attachment":[{"href":"https:\/\/www.acusticauach.cl\/index.php?rest_route=%2Fwp%2Fv2%2Fmedia&parent=487"}],"curies":[{"name":"wp","href":"https:\/\/api.w.org\/{rel}","templated":true}]}}