{"id":4852,"date":"2014-10-01T12:18:56","date_gmt":"2014-10-01T15:18:56","guid":{"rendered":"http:\/\/www.acusticauach.cl\/?page_id=4852"},"modified":"2025-06-22T18:57:29","modified_gmt":"2025-06-22T22:57:29","slug":"expo-proyectos","status":"publish","type":"page","link":"https:\/\/www.acusticauach.cl\/?page_id=4852","title":{"rendered":"Expo-Proyectos"},"content":{"rendered":"<p>La Carrera de Ingenier\u00eda Civil Ac\u00fastica realiza anualmente la Exposici\u00f3n de Proyectos Ac\u00fasticos, donde se presenta una selecci\u00f3n de trabajos realizados por los estudiantes de \u00faltimos a\u00f1os en los cursos de Proyectos de Ingenier\u00eda Civil Ac\u00fastica. Estos cursos son:<\/p>\n<p>Nueva malla:<\/p>\n<ul>\n<li><a href=\"https:\/\/www.acusticauach.cl\/?p=14543\">ACUS201 PROYECTO AC\u00daSTICO: AC\u00daSTICA AMBIENTAL<\/a><\/li>\n<li><a href=\"https:\/\/www.acusticauach.cl\/?p=15036\">ACUS207 PROYECTO AC\u00daSTICO: REFUERZO SONORO<\/a><\/li>\n<li><a href=\"https:\/\/www.acusticauach.cl\/?p=14554\">ACUS210 PROYECTO AC\u00daSTICO: RUIDO Y VIBRACIONES<\/a><\/li>\n<li><a href=\"https:\/\/www.acusticauach.cl\/?p=15039\">ACUS213 PROYECTO AC\u00daSTICO: ACONDICIONAMIENTO AC\u00daSTICO<\/a><\/li>\n<\/ul>\n<p>Malla Antigua.<\/p>\n<ul>\n<li>ACUS160 Proyecto en Ac\u00fastica Arquitect\u00f3nica<\/li>\n<li>ACUS182 Proyecto en Control de Ruido<\/li>\n<li>ACUS183 Proyecto en Ac\u00fastica Ambiental<\/li>\n<li>ACUS181 Proyecto en Refuerzo Sonoro<\/li>\n<li>ACUS184 Proyecto en Postproducci\u00f3n de Audio<\/li>\n<li>ACUS273 Proyecto Audiovisual<\/li>\n<li>ACUS200 Proyecto Integrado de Ing. Civil Ac\u00fastica<\/li>\n<\/ul>\n<p><a href=\"https:\/\/www.acusticauach.cl\/wp-content\/uploads\/2014\/10\/Expo-Proyectos_2014_09.jpg\"><img decoding=\"async\" class=\"wp-image-5325 alignnone\" src=\"https:\/\/www.acusticauach.cl\/wp-content\/uploads\/2014\/10\/Expo-Proyectos_2014_09.jpg\" alt=\"Expo-Proyectos_2014_09\" width=\"700\" height=\"393\" srcset=\"https:\/\/www.acusticauach.cl\/wp-content\/uploads\/2014\/10\/Expo-Proyectos_2014_09.jpg 1600w, https:\/\/www.acusticauach.cl\/wp-content\/uploads\/2014\/10\/Expo-Proyectos_2014_09-300x168.jpg 300w, https:\/\/www.acusticauach.cl\/wp-content\/uploads\/2014\/10\/Expo-Proyectos_2014_09-1024x575.jpg 1024w, https:\/\/www.acusticauach.cl\/wp-content\/uploads\/2014\/10\/Expo-Proyectos_2014_09-700x393.jpg 700w, https:\/\/www.acusticauach.cl\/wp-content\/uploads\/2014\/10\/Expo-Proyectos_2014_09-500x280.jpg 500w\" sizes=\"(max-width: 700px) 100vw, 700px\" \/><\/a><\/p>\n<p>La exposici\u00f3n se realiza los segundos semestres de cada a\u00f1o, e incluye trabajos realizados el segundo semestre del a\u00f1o anterior y el primer semestre del a\u00f1o en curso. Registro de las \u00faltimas actividades<\/p>\n<ul>\n<li><a href=\"https:\/\/www.acusticauach.cl\/?p=9406\"><strong>S\u00e9ptima Exposici\u00f3n de Proyecto Ac\u00fasticos 2017<\/strong><\/a><\/li>\n<li><strong><a href=\"https:\/\/www.acusticauach.cl\/?p=7603\">Sexta\u00a0Exposici\u00f3n de Proyectos Ac\u00fasticos 2015<\/a><\/strong><\/li>\n<li><strong><a title=\"Realizan Exposici\u00f3n de Proyectos Ac\u00fasticos 2014\" href=\"https:\/\/www.acusticauach.cl\/?p=5126\">Quinta Exposici\u00f3n de Proyectos Ac\u00fasticos 2014<\/a><\/strong><\/li>\n<li><a href=\"https:\/\/www.acusticauach.cl\/?p=3710\"><strong>Cuarta Exposici\u00f3n\u00a0\u00a0de Proyectos Ac\u00fasticos 2013<\/strong><\/a>\u00a0&#8211; <a href=\"https:\/\/www.acusticauach.cl\/?p=3732\"><strong>Exposici\u00f3n de Proyectos Audiovisuales 2013<\/strong><\/a><\/li>\n<li><a href=\"https:\/\/www.acusticauach.cl\/?p=238\"><strong>Tercera\u00a0Exposici\u00f3n\u00a0\u00a0de Proyectos Ac\u00fasticos 2012<\/strong><\/a><\/li>\n<\/ul>\n","protected":false},"excerpt":{"rendered":"<p>La Carrera de Ingenier\u00eda Civil Ac\u00fastica realiza anualmente la Exposici\u00f3n de Proyectos Ac\u00fasticos, donde se presenta una selecci\u00f3n de trabajos realizados por los estudiantes de \u00faltimos a\u00f1os en los cursos de Proyectos de Ingenier\u00eda Civil Ac\u00fastica. Estos cursos son: Nueva malla: ACUS201 PROYECTO AC\u00daSTICO: AC\u00daSTICA AMBIENTAL ACUS207 PROYECTO AC\u00daSTICO: REFUERZO SONORO ACUS210 PROYECTO AC\u00daSTICO: RUIDO [&hellip;]<\/p>\n","protected":false},"author":2,"featured_media":5136,"parent":0,"menu_order":0,"comment_status":"closed","ping_status":"closed","template":"","meta":{"footnotes":""},"class_list":["post-4852","page","type-page","status-publish","has-post-thumbnail","hentry"],"_links":{"self":[{"href":"https:\/\/www.acusticauach.cl\/index.php?rest_route=\/wp\/v2\/pages\/4852","targetHints":{"allow":["GET"]}}],"collection":[{"href":"https:\/\/www.acusticauach.cl\/index.php?rest_route=\/wp\/v2\/pages"}],"about":[{"href":"https:\/\/www.acusticauach.cl\/index.php?rest_route=\/wp\/v2\/types\/page"}],"author":[{"embeddable":true,"href":"https:\/\/www.acusticauach.cl\/index.php?rest_route=\/wp\/v2\/users\/2"}],"replies":[{"embeddable":true,"href":"https:\/\/www.acusticauach.cl\/index.php?rest_route=%2Fwp%2Fv2%2Fcomments&post=4852"}],"version-history":[{"count":3,"href":"https:\/\/www.acusticauach.cl\/index.php?rest_route=\/wp\/v2\/pages\/4852\/revisions"}],"predecessor-version":[{"id":17077,"href":"https:\/\/www.acusticauach.cl\/index.php?rest_route=\/wp\/v2\/pages\/4852\/revisions\/17077"}],"wp:featuredmedia":[{"embeddable":true,"href":"https:\/\/www.acusticauach.cl\/index.php?rest_route=\/wp\/v2\/media\/5136"}],"wp:attachment":[{"href":"https:\/\/www.acusticauach.cl\/index.php?rest_route=%2Fwp%2Fv2%2Fmedia&parent=4852"}],"curies":[{"name":"wp","href":"https:\/\/api.w.org\/{rel}","templated":true}]}}