{"id":4835,"date":"2014-09-30T17:29:43","date_gmt":"2014-09-30T20:29:43","guid":{"rendered":"http:\/\/www.acusticauach.cl\/?page_id=4835"},"modified":"2021-07-05T12:07:52","modified_gmt":"2021-07-05T16:07:52","slug":"bienvenida-a-estudiantes","status":"publish","type":"page","link":"https:\/\/www.acusticauach.cl\/?page_id=4835","title":{"rendered":"Bienvenida a Estudiantes"},"content":{"rendered":"<p>El Centro de Estudiantes y los acad\u00e9micos de Ingenier\u00eda Civil Ac\u00fastica organizan habitualmente una bienvenida a los nuevos estudiantes de la carrera (\u00abMechones\u00bb). Aqu\u00ed un registro de los \u00faltimos a\u00f1os:<\/p>\n<p><iframe title=\"Bienvenida promoci\u00f3n 2021 Facultad de Ciencias de la Ingenier\u00eda UACh\" width=\"1200\" height=\"675\" src=\"https:\/\/www.youtube.com\/embed\/DrLqJGW-YJc?feature=oembed\" frameborder=\"0\" allow=\"accelerometer; autoplay; clipboard-write; encrypted-media; gyroscope; picture-in-picture\" allowfullscreen><\/iframe><\/p>\n<h5><strong>Bienvenida 2021<\/strong><\/h5>\n<p><img decoding=\"async\" class=\"aligncenter size-full wp-image-13286\" src=\"https:\/\/www.acusticauach.cl\/wp-content\/uploads\/2020\/03\/bienvenida2020b.jpg\" alt=\"\" width=\"800\" height=\"450\" srcset=\"https:\/\/www.acusticauach.cl\/wp-content\/uploads\/2020\/03\/bienvenida2020b.jpg 800w, https:\/\/www.acusticauach.cl\/wp-content\/uploads\/2020\/03\/bienvenida2020b-300x169.jpg 300w, https:\/\/www.acusticauach.cl\/wp-content\/uploads\/2020\/03\/bienvenida2020b-768x432.jpg 768w, https:\/\/www.acusticauach.cl\/wp-content\/uploads\/2020\/03\/bienvenida2020b-125x70.jpg 125w, https:\/\/www.acusticauach.cl\/wp-content\/uploads\/2020\/03\/bienvenida2020b-75x42.jpg 75w\" sizes=\"(max-width: 800px) 100vw, 800px\" \/><\/p>\n<h5><strong>Bienvenida 2020<\/strong><\/h5>\n<p><a href=\"https:\/\/www.acusticauach.cl\/?p=13281\">Ver Noticia 1 <\/a>\/ <a href=\"https:\/\/www.acusticauach.cl\/?p=13324\">Ver Noticia 2<\/a><\/p>\n<p><img decoding=\"async\" class=\"aligncenter wp-image-8106\" src=\"https:\/\/www.acusticauach.cl\/wp-content\/uploads\/2014\/09\/promocion_2016a.jpg\" alt=\"promocion_2016a\" width=\"700\" height=\"467\" srcset=\"https:\/\/www.acusticauach.cl\/wp-content\/uploads\/2014\/09\/promocion_2016a.jpg 1000w, https:\/\/www.acusticauach.cl\/wp-content\/uploads\/2014\/09\/promocion_2016a-300x200.jpg 300w, https:\/\/www.acusticauach.cl\/wp-content\/uploads\/2014\/09\/promocion_2016a-768x512.jpg 768w, https:\/\/www.acusticauach.cl\/wp-content\/uploads\/2014\/09\/promocion_2016a-700x467.jpg 700w, https:\/\/www.acusticauach.cl\/wp-content\/uploads\/2014\/09\/promocion_2016a-500x334.jpg 500w\" sizes=\"(max-width: 700px) 100vw, 700px\" \/><\/p>\n<h5><strong>Bienvenida 2019<\/strong><\/h5>\n<p><a href=\"https:\/\/www.acusticauach.cl\/?p=10971\"><strong>Ver Noticia\u00a0\/<\/strong><\/a><\/p>\n<p><a href=\"https:\/\/www.acusticauach.cl\/wp-content\/uploads\/2019\/03\/Mechones_2019-1066x1600.jpg\"><img decoding=\"async\" class=\"aligncenter wp-image-10973 size-large\" src=\"https:\/\/www.acusticauach.cl\/wp-content\/uploads\/2019\/03\/Mechones_2019-1066x1600-682x1024.jpg\" alt=\"\" width=\"682\" height=\"1024\" srcset=\"https:\/\/www.acusticauach.cl\/wp-content\/uploads\/2019\/03\/Mechones_2019-1066x1600-682x1024.jpg 682w, https:\/\/www.acusticauach.cl\/wp-content\/uploads\/2019\/03\/Mechones_2019-1066x1600-200x300.jpg 200w, https:\/\/www.acusticauach.cl\/wp-content\/uploads\/2019\/03\/Mechones_2019-1066x1600-768x1153.jpg 768w, https:\/\/www.acusticauach.cl\/wp-content\/uploads\/2019\/03\/Mechones_2019-1066x1600-700x1051.jpg 700w, https:\/\/www.acusticauach.cl\/wp-content\/uploads\/2019\/03\/Mechones_2019-1066x1600-500x750.jpg 500w, https:\/\/www.acusticauach.cl\/wp-content\/uploads\/2019\/03\/Mechones_2019-1066x1600.jpg 1066w\" sizes=\"(max-width: 682px) 100vw, 682px\" \/><\/a><\/p>\n<h5><strong>Bienvenida 2018<\/strong><\/h5>\n<p><a href=\"https:\/\/www.acusticauach.cl\/?p=9529\">\u00a0<\/a><strong><a href=\"https:\/\/www.acusticauach.cl\/?p=9529\">Ver Noticia\u00a0<\/a>\/ \u00a0<\/strong><\/p>\n<p><a href=\"https:\/\/www.acusticauach.cl\/?p=9529\"><img decoding=\"async\" class=\"aligncenter wp-image-9533 size-full\" src=\"https:\/\/www.acusticauach.cl\/wp-content\/uploads\/2018\/03\/2018_03_05_Desayuno_Bienvenida_02.jpg\" alt=\"\" width=\"1000\" height=\"563\" srcset=\"https:\/\/www.acusticauach.cl\/wp-content\/uploads\/2018\/03\/2018_03_05_Desayuno_Bienvenida_02.jpg 1000w, https:\/\/www.acusticauach.cl\/wp-content\/uploads\/2018\/03\/2018_03_05_Desayuno_Bienvenida_02-300x169.jpg 300w, https:\/\/www.acusticauach.cl\/wp-content\/uploads\/2018\/03\/2018_03_05_Desayuno_Bienvenida_02-768x432.jpg 768w, https:\/\/www.acusticauach.cl\/wp-content\/uploads\/2018\/03\/2018_03_05_Desayuno_Bienvenida_02-700x394.jpg 700w, https:\/\/www.acusticauach.cl\/wp-content\/uploads\/2018\/03\/2018_03_05_Desayuno_Bienvenida_02-500x282.jpg 500w\" sizes=\"(max-width: 1000px) 100vw, 1000px\" \/><\/a><\/p>\n<h5><strong>Bienvenida 2017<\/strong><\/h5>\n<p><a href=\"https:\/\/www.acusticauach.cl\/?p=10228\">\u00a0<\/a><strong><a href=\"https:\/\/www.acusticauach.cl\/?p=10228\">Ver Noticia<\/a>\u00a0\/ \u00a0<\/strong><\/p>\n<p><a href=\"https:\/\/www.acusticauach.cl\/?p=10228\"><img decoding=\"async\" class=\"aligncenter wp-image-10229 size-full\" src=\"https:\/\/www.acusticauach.cl\/wp-content\/uploads\/2018\/07\/Bienvenida-ICA_2017_06.jpg\" alt=\"\" width=\"900\" height=\"506\" srcset=\"https:\/\/www.acusticauach.cl\/wp-content\/uploads\/2018\/07\/Bienvenida-ICA_2017_06.jpg 900w, https:\/\/www.acusticauach.cl\/wp-content\/uploads\/2018\/07\/Bienvenida-ICA_2017_06-300x169.jpg 300w, https:\/\/www.acusticauach.cl\/wp-content\/uploads\/2018\/07\/Bienvenida-ICA_2017_06-768x432.jpg 768w, https:\/\/www.acusticauach.cl\/wp-content\/uploads\/2018\/07\/Bienvenida-ICA_2017_06-700x394.jpg 700w, https:\/\/www.acusticauach.cl\/wp-content\/uploads\/2018\/07\/Bienvenida-ICA_2017_06-500x281.jpg 500w\" sizes=\"(max-width: 900px) 100vw, 900px\" \/><\/a><\/p>\n<h5 style=\"text-align: left;\"><strong>Bienvenida 2016<\/strong><\/h5>\n<p style=\"text-align: left;\"><a href=\"https:\/\/www.acusticauach.cl\/?p=6491\">\u00a0<\/a><strong><a href=\"https:\/\/www.acusticauach.cl\/?p=8918\">Ver Noticia<\/a>\u00a0\/ \u00a0<\/strong><\/p>\n<p style=\"text-align: left;\"><iframe src=\"https:\/\/www.youtube.com\/embed\/rvA66y-yIeo\" width=\"350\" height=\"197\" frameborder=\"0\" allowfullscreen=\"allowfullscreen\"><\/iframe><\/p>\n<h5 style=\"text-align: left;\"><strong>Bienvenida 2015<\/strong><\/h5>\n<p style=\"text-align: left;\"><a href=\"https:\/\/www.acusticauach.cl\/?p=6491\">\u00a0<\/a><strong><a href=\"https:\/\/www.acusticauach.cl\/?p=6491\">Ver Noticia<\/a>\u00a0\/ \u00a0<a href=\"https:\/\/www.facebook.com\/media\/set\/?set=a.881729201908721.1073741858.194362960645352&amp;type=3\" target=\"_blank\" rel=\"noopener noreferrer\">Ver\u00a0\u00c1lbum\u00a0de Fotos 1<\/a>\u00a0\/\u00a0<a href=\"https:\/\/www.facebook.com\/media\/set\/?set=a.881733815241593.1073741859.194362960645352&amp;type=3\" target=\"_blank\" rel=\"noopener noreferrer\">Ver\u00a0\u00c1lbum\u00a0de Fotos 2<\/a><\/strong><a href=\"https:\/\/www.facebook.com\/media\/set\/?set=a.881733815241593.1073741859.194362960645352&amp;type=3\" target=\"_blank\" rel=\"noopener noreferrer\">.<\/a><br \/>\n<iframe src=\"\/\/www.youtube.com\/embed\/gURle--N4M0?list=PL_DO5LlHuBcvz2TzUhMSfdezW4tzbVL2H\" width=\"350\" height=\"197\" frameborder=\"0\" allowfullscreen=\"allowfullscreen\"><\/iframe><\/p>\n<h5 style=\"text-align: left;\"><strong>Bienvenida 2014<\/strong><\/h5>\n<p style=\"text-align: left;\"><strong><a href=\"https:\/\/www.acusticauach.cl\/?p=3941\">Programa<\/a> \/\u00a0<a href=\"https:\/\/www.acusticauach.cl\/?p=3967\">Leer m\u00e1s&#8230;<\/a><\/strong>\u00a0\/ <strong><a href=\"https:\/\/www.acusticauach.cl\/?p=4034\">Ver Noticia<\/a>\u00a0\/ \u00a0<a href=\"https:\/\/www.facebook.com\/media\/set\/?set=a.614430611971916.1073741829.194362960645352&amp;type=3\" target=\"_blank\" rel=\"noopener noreferrer\">Ver\u00a0\u00c1lbum\u00a0de Fotos 1<\/a>\u00a0\/\u00a0<a href=\"https:\/\/www.facebook.com\/media\/set\/?set=a.625723994175911.1073741830.194362960645352&amp;type=3\" target=\"_blank\" rel=\"noopener noreferrer\">Ver\u00a0\u00c1lbum\u00a0de Fotos 2<\/a><\/strong>.<\/p>\n<p style=\"text-align: left;\"><iframe src=\"\/\/www.youtube.com\/embed\/3W75rg2VZmg?list=PL_DO5LlHuBcvz2TzUhMSfdezW4tzbVL2H\" width=\"350\" height=\"197\" frameborder=\"0\" allowfullscreen=\"allowfullscreen\"><\/iframe><\/p>\n<h5 style=\"text-align: left;\"><strong>Bienvenida 2013<\/strong><\/h5>\n<p style=\"text-align: left;\"><strong><a href=\"https:\/\/www.facebook.com\/media\/set\/?set=a.448218941926418.1073741825.194362960645352&amp;type=3\" target=\"_blank\" rel=\"noopener noreferrer\">Ver \u00c1lbum de Fotos1<\/a>\u00a0\/ <a href=\"https:\/\/www.facebook.com\/media\/set\/?set=a.480662818682030.1073741826.194362960645352&amp;type=3\" target=\"_blank\" rel=\"noopener noreferrer\">Ver \u00c1lbum de Fotos 2<\/a><\/strong><\/p>\n<p style=\"text-align: left;\"><iframe src=\"\/\/www.youtube.com\/embed\/hpgXVJYLvK0?list=PL_DO5LlHuBcvz2TzUhMSfdezW4tzbVL2H\" width=\"350\" height=\"197\" frameborder=\"0\" allowfullscreen=\"allowfullscreen\"><\/iframe>\u00a0\u00a0<iframe src=\"\/\/www.youtube.com\/embed\/a53ecPgcHqw?list=PL_DO5LlHuBcvz2TzUhMSfdezW4tzbVL2H\" width=\"350\" height=\"197\" frameborder=\"0\" allowfullscreen=\"allowfullscreen\"><\/iframe><\/p>\n<h5 style=\"text-align: left;\"><strong>Bienvenida 2012<\/strong><\/h5>\n<h2 style=\"text-align: left;\"><iframe src=\"\/\/www.youtube.com\/embed\/j9s8Ena2bPk?list=PL_DO5LlHuBcvz2TzUhMSfdezW4tzbVL2H\" width=\"350\" height=\"197\" frameborder=\"0\" allowfullscreen=\"allowfullscreen\"><\/iframe><\/h2>\n<h5 style=\"text-align: left;\"><strong>Bienvenida 2011<\/strong><\/h5>\n<h2 style=\"text-align: left;\"><iframe src=\"\/\/www.youtube.com\/embed\/9FZ7Lp3Klds?list=PL_DO5LlHuBcvz2TzUhMSfdezW4tzbVL2H\" width=\"350\" height=\"197\" frameborder=\"0\" allowfullscreen=\"allowfullscreen\"><\/iframe><\/h2>\n","protected":false},"excerpt":{"rendered":"<p>El Centro de Estudiantes y los acad\u00e9micos de Ingenier\u00eda Civil Ac\u00fastica organizan habitualmente una bienvenida a los nuevos estudiantes de la carrera (\u00abMechones\u00bb). Aqu\u00ed un registro de los \u00faltimos a\u00f1os: Bienvenida 2021 Bienvenida 2020 Ver Noticia 1 \/ Ver Noticia 2 Bienvenida 2019 Ver Noticia\u00a0\/ Bienvenida 2018 \u00a0Ver Noticia\u00a0\/ \u00a0 Bienvenida 2017 \u00a0Ver Noticia\u00a0\/ \u00a0 [&hellip;]<\/p>\n","protected":false},"author":2,"featured_media":12100,"parent":0,"menu_order":0,"comment_status":"closed","ping_status":"closed","template":"","meta":{"footnotes":""},"class_list":["post-4835","page","type-page","status-publish","has-post-thumbnail","hentry"],"_links":{"self":[{"href":"https:\/\/www.acusticauach.cl\/index.php?rest_route=\/wp\/v2\/pages\/4835","targetHints":{"allow":["GET"]}}],"collection":[{"href":"https:\/\/www.acusticauach.cl\/index.php?rest_route=\/wp\/v2\/pages"}],"about":[{"href":"https:\/\/www.acusticauach.cl\/index.php?rest_route=\/wp\/v2\/types\/page"}],"author":[{"embeddable":true,"href":"https:\/\/www.acusticauach.cl\/index.php?rest_route=\/wp\/v2\/users\/2"}],"replies":[{"embeddable":true,"href":"https:\/\/www.acusticauach.cl\/index.php?rest_route=%2Fwp%2Fv2%2Fcomments&post=4835"}],"version-history":[{"count":0,"href":"https:\/\/www.acusticauach.cl\/index.php?rest_route=\/wp\/v2\/pages\/4835\/revisions"}],"wp:featuredmedia":[{"embeddable":true,"href":"https:\/\/www.acusticauach.cl\/index.php?rest_route=\/wp\/v2\/media\/12100"}],"wp:attachment":[{"href":"https:\/\/www.acusticauach.cl\/index.php?rest_route=%2Fwp%2Fv2%2Fmedia&parent=4835"}],"curies":[{"name":"wp","href":"https:\/\/api.w.org\/{rel}","templated":true}]}}