{"id":480,"date":"2012-09-14T17:43:35","date_gmt":"2012-09-14T20:43:35","guid":{"rendered":"http:\/\/190.114.255.83\/~acustic1\/?page_id=480"},"modified":"2019-10-25T10:05:01","modified_gmt":"2019-10-25T13:05:01","slug":"campo-laboral","status":"publish","type":"page","link":"https:\/\/www.acusticauach.cl\/?page_id=480","title":{"rendered":"Campo Laboral"},"content":{"rendered":"<h5><strong>Amplio campo laboral para Ingenieros Civiles Ac\u00fasticos<\/strong><\/h5>\n<p>Los ingenieros egresados de la carrera se desempe\u00f1an actualmente en \u00a0empresas de sonorizaci\u00f3n y eventos, estudios de grabaci\u00f3n, producci\u00f3n de cine y televisi\u00f3n, dise\u00f1o e instalaci\u00f3n de sistemas de audio. En el \u00e1rea de industria y ambiente, los profesionales de Ac\u00fastica UACh est\u00e1n capacitados para\u00a0 el dise\u00f1o de mapas de ruido y ac\u00fastica ambiental, control de ruido, seguridad industrial, an\u00e1lisis y control de vibraciones mec\u00e1nicas. Adem\u00e1s se desempe\u00f1an en aspectos de gran miner\u00eda, empresas constructoras, dise\u00f1o y acondicionamiento ac\u00fastico, consultoras ac\u00fasticas, universidades, laboratorios y centros de investigaci\u00f3n.<\/p>\n<p>Nuestros profesionales se desarrollan con \u00e9xito en nuestro pa\u00eds como en el extranjero.<\/p>\n<p><strong><a title=\"Testimonios Titulados\" href=\"https:\/\/www.acusticauach.cl\/?page_id=10\">Ver testimonios de exalumnos<\/a><\/strong><\/p>\n<p>Por ejemplo, algunos de nuestros titulados est\u00e1n trabajando:<\/p>\n<h5><strong><strong>En el extranjero:<\/strong><\/strong><\/h5>\n<ul>\n<li>Agencia de Protecci\u00f3n Ambiental, Unidad de Coordinaci\u00f3n de Impacto Ac\u00fastico, Bs. Aires, Argentina<\/li>\n<li>Gerente-T\u00e9cnico Empresa Engenharia Acustica. Estudiante de Magister en Vibraciones y Ac\u00fastica, Dept. Ingenier\u00eda Mec\u00e1nica, Univ. Federal De Santa Catarina, Florian\u00f3polis, Brasil<\/li>\n<li>Departamento de Ac\u00fastica y Vibraciones, Benbow Environmental, Sydney, Australia<\/li>\n<li>Estudiante de Postgrado en el Laboratorio de Ac\u00fastica Y Vibraciones. Universidad Federal de Santa Catarina UFSC Florian\u00f3polis, Brasil.<\/li>\n<li>Empresa Akustikb\u00fcro Kr\u00e4mer Und Stegmaier, Berlin, Alemania<\/li>\n<li>Estudiante Posgrado Alemania Tu Berlin<\/li>\n<\/ul>\n<h5><strong><strong>En Chile:<\/strong><\/strong><\/h5>\n<ul>\n<li>Ingeniero de Estudios en CADETECH S.A.\u00a0 Design And Engineering, Concepci\u00f3n<\/li>\n<li>Due\u00f1o Empresa Renueva Ltda. Chill\u00e1n<\/li>\n<li>Acad\u00e9mico Centro de Docencia de Ciencias B\u00e1sicas para Ingenier\u00eda, UACh, Valdivia<\/li>\n<li>Estudiante Magister en Ac\u00fastica y Vibraciones. Profesor INACAP, Valdivia<\/li>\n<li>Encargado de Centro de Emprendimiento y Negocios, Municipalidad de Angol.<\/li>\n<li>Gerente Comercial y Socio de Ingenier\u00eda Ac\u00fastica J&amp;P Ltda., Santiago<\/li>\n<li>Engineering Coordinator\/Planner en Bechtel, Santiago<\/li>\n<li>Profesional de Unidad de Ac\u00fastica Ambiental, Seremi Salud RM, Santiago<\/li>\n<li>Ingeniero Predictivo en SOQUIMICH, Mar\u00eda Elena<\/li>\n<li>Jefe de Proyectos en Parma &amp; Asociados Consultores Ac\u00fasticos. Santiago<\/li>\n<li>Depto. Higiene, \u00c1rea de Salud, Compa\u00f1\u00eda Minera Cerro Colorado, BHP BILLITON .Iquique<\/li>\n<li>Ingeniero de Proyectos en Ingenier\u00eda En Control Ac\u00fastico Ltda., Santiago<\/li>\n<li>Asistente de Proyectos e Inspector T\u00e9cnico de Obras En D&amp;P, Santiago<\/li>\n<li>Socio Fundador de Consultora Ac\u00fastica Austral Ltda., Puerto Montt<\/li>\n<li>Ingeniero Consultor en Renueva Ltda. Chill\u00e1n<\/li>\n<li>Ingeniero de Proyectos y Desarrollo en IMACU. Santiago<\/li>\n<li>Ingeniero de Soporte Unidad de Ingenier\u00eda y Proyectos de SPEVI Ltda., Santiago<\/li>\n<li>Profesional en Terreno en Suracustica\/Conasudsuracustica\/Conasud, Puerto Montt<\/li>\n<li>Estudiante Magister en Ac\u00fastica y Vibraciones,\u00a0 UACh, Valdivia<\/li>\n<li>Ingeniero en Parma &amp; Asociados Consultores Ac\u00fasticos. Santiago<\/li>\n<li>Ingeniera en Spevi Ltda., Santiago.<\/li>\n<\/ul>\n<p><a href=\"https:\/\/www.acusticauach.cl\/?page_id=139\"><strong>Profesores de Ac\u00fastica<\/strong><\/a><\/p>\n","protected":false},"excerpt":{"rendered":"<p>Amplio campo laboral para Ingenieros Civiles Ac\u00fasticos Los ingenieros egresados de la carrera se desempe\u00f1an actualmente en \u00a0empresas de sonorizaci\u00f3n y eventos, estudios de grabaci\u00f3n, producci\u00f3n de cine y televisi\u00f3n, dise\u00f1o e instalaci\u00f3n de sistemas de audio. En el \u00e1rea de industria y ambiente, los profesionales de Ac\u00fastica UACh est\u00e1n capacitados para\u00a0 el dise\u00f1o de [&hellip;]<\/p>\n","protected":false},"author":2,"featured_media":12172,"parent":63,"menu_order":0,"comment_status":"closed","ping_status":"closed","template":"","meta":{"footnotes":""},"class_list":["post-480","page","type-page","status-publish","has-post-thumbnail","hentry"],"_links":{"self":[{"href":"https:\/\/www.acusticauach.cl\/index.php?rest_route=\/wp\/v2\/pages\/480","targetHints":{"allow":["GET"]}}],"collection":[{"href":"https:\/\/www.acusticauach.cl\/index.php?rest_route=\/wp\/v2\/pages"}],"about":[{"href":"https:\/\/www.acusticauach.cl\/index.php?rest_route=\/wp\/v2\/types\/page"}],"author":[{"embeddable":true,"href":"https:\/\/www.acusticauach.cl\/index.php?rest_route=\/wp\/v2\/users\/2"}],"replies":[{"embeddable":true,"href":"https:\/\/www.acusticauach.cl\/index.php?rest_route=%2Fwp%2Fv2%2Fcomments&post=480"}],"version-history":[{"count":0,"href":"https:\/\/www.acusticauach.cl\/index.php?rest_route=\/wp\/v2\/pages\/480\/revisions"}],"up":[{"embeddable":true,"href":"https:\/\/www.acusticauach.cl\/index.php?rest_route=\/wp\/v2\/pages\/63"}],"wp:featuredmedia":[{"embeddable":true,"href":"https:\/\/www.acusticauach.cl\/index.php?rest_route=\/wp\/v2\/media\/12172"}],"wp:attachment":[{"href":"https:\/\/www.acusticauach.cl\/index.php?rest_route=%2Fwp%2Fv2%2Fmedia&parent=480"}],"curies":[{"name":"wp","href":"https:\/\/api.w.org\/{rel}","templated":true}]}}