{"id":4753,"date":"2014-09-29T08:48:56","date_gmt":"2014-09-29T11:48:56","guid":{"rendered":"http:\/\/www.acusticauach.cl\/?page_id=4753"},"modified":"2023-10-30T02:00:50","modified_gmt":"2023-10-30T05:00:50","slug":"conciertos-y-clinicas","status":"publish","type":"page","link":"https:\/\/www.acusticauach.cl\/?page_id=4753","title":{"rendered":"Conciertos y Clinicas"},"content":{"rendered":"<p>Una de las caracter\u00edsticas de la Ingenier\u00eda Civil Ac\u00fastica es su cercan\u00eda con el fen\u00f3meno de sonido, y por supuesto, la m\u00fasica. No es raro, entonces, que AcusticaUACh frecuentemente se organicen, o se participe de la organizaci\u00f3n, de conciertos y encuentros musicales. Aqu\u00ed una selecci\u00f3n de algunos eventos.<\/p>\n<h5><strong>2019 &#8211; Taller \u201cEl m\u00fasico en el estudio de grabaci\u00f3n\u201d<\/strong><\/h5>\n<p><a href=\"https:\/\/www.acusticauach.cl\/wp-content\/uploads\/2019\/10\/El_musico_en_el_estudio_de_grabacion_1000X340.jpeg\"><img decoding=\"async\" class=\"aligncenter wp-image-11459 size-full\" src=\"https:\/\/www.acusticauach.cl\/wp-content\/uploads\/2019\/10\/El_musico_en_el_estudio_de_grabacion_1000X340.jpeg\" alt=\"\" width=\"1000\" height=\"340\" srcset=\"https:\/\/www.acusticauach.cl\/wp-content\/uploads\/2019\/10\/El_musico_en_el_estudio_de_grabacion_1000X340.jpeg 1000w, https:\/\/www.acusticauach.cl\/wp-content\/uploads\/2019\/10\/El_musico_en_el_estudio_de_grabacion_1000X340-300x102.jpeg 300w, https:\/\/www.acusticauach.cl\/wp-content\/uploads\/2019\/10\/El_musico_en_el_estudio_de_grabacion_1000X340-768x261.jpeg 768w, https:\/\/www.acusticauach.cl\/wp-content\/uploads\/2019\/10\/El_musico_en_el_estudio_de_grabacion_1000X340-700x238.jpeg 700w, https:\/\/www.acusticauach.cl\/wp-content\/uploads\/2019\/10\/El_musico_en_el_estudio_de_grabacion_1000X340-500x170.jpeg 500w\" sizes=\"(max-width: 1000px) 100vw, 1000px\" \/><\/a><\/p>\n<p>El taller que se llev\u00f3 a cabo el viernes 11 de octubre a las 18 horas en el Estudio de grabaci\u00f3n \u201cSiegfried Erber\u201d del Instituto de Ac\u00fastica UACh ubicado en el campus Cultural en calle Los Laureles s\/n. La actividad se enmarca en el proyecto \u00abBackline para estudio de grabaci\u00f3n 408817\u00bb financiado por el Fondo para el Fomento de la M\u00fasica Nacional, convocatoria 2017 que dirige y ejecuta el acad\u00e9mico de Ac\u00fastica UACh, Jorge C\u00e1rdenas. El taller fue gratuito estuvo dirigido a m\u00fasicos que tengan experiencia b\u00e1sica en estudio de grabaci\u00f3n y ser\u00e1 dictado por el ingeniero ac\u00fastico y productor musical Claudius Rieth.<\/p>\n<p><a href=\"https:\/\/www.acusticauach.cl\/?p=11455\">Ver noticia.<\/a><\/p>\n<h5><b>2019 &#8211; Cl\u00ednica de Bater\u00eda para Bateristas y\/o Percusionistas con o sin Estudios Regulares del Instrumento<\/b><\/h5>\n<p><a href=\"https:\/\/www.acusticauach.cl\/wp-content\/uploads\/2019\/10\/El_musico_en_el_estudio_de_grabacion_1000X340.jpeg\"><img decoding=\"async\" class=\"aligncenter wp-image-11515 size-full\" src=\"https:\/\/www.acusticauach.cl\/wp-content\/uploads\/2019\/10\/clinica-bateria-slide-100.jpg\" alt=\"\" width=\"1000\" height=\"340\" srcset=\"https:\/\/www.acusticauach.cl\/wp-content\/uploads\/2019\/10\/clinica-bateria-slide-100.jpg 1000w, https:\/\/www.acusticauach.cl\/wp-content\/uploads\/2019\/10\/clinica-bateria-slide-100-300x102.jpg 300w, https:\/\/www.acusticauach.cl\/wp-content\/uploads\/2019\/10\/clinica-bateria-slide-100-768x261.jpg 768w, https:\/\/www.acusticauach.cl\/wp-content\/uploads\/2019\/10\/clinica-bateria-slide-100-700x238.jpg 700w, https:\/\/www.acusticauach.cl\/wp-content\/uploads\/2019\/10\/clinica-bateria-slide-100-500x170.jpg 500w\" sizes=\"(max-width: 1000px) 100vw, 1000px\" \/><\/a><\/p>\n<p>Actividad organizada por el Instituto de Ac\u00fastica UACh fue gratuita y se enmarc\u00f3 en proyecto del Fondo para el Fomento de la M\u00fasica Nacional, convocatoria 2017. La Master Class se llev\u00f3 a cabo el mi\u00e9rcoles 23 de octubre a las 18 horas en el Estudio de grabaci\u00f3n \u201cSiegfried Erber\u201d del Instituto de Ac\u00fastica UACh ubicado en el campus Cultural en calle Los Laureles s\/n, en Isla Teja.<\/p>\n<p>La actividad se enmarca en el proyecto \u00abBackline para estudio de grabaci\u00f3n 408817\u00bb financiado por el Fondo para el Fomento de la M\u00fasica Nacional, convocatoria 2017 que dirige y ejecuta el acad\u00e9mico de Ac\u00fastica UACh, Ing. Jorge C\u00e1rdenas.<\/p>\n<p><a href=\"https:\/\/www.acusticauach.cl\/?p=11513\">Ver noticia.<\/a><\/p>\n<h5><strong>2017 &#8211; Concierto \u201cYankeelandia 2017\u201d<\/strong><\/h5>\n<p><a href=\"https:\/\/www.acusticauach.cl\/wp-content\/uploads\/2017\/11\/Yankeelandia_banner_2017_1002x339-2.jpeg\"><img decoding=\"async\" class=\"alignnone wp-image-9279 size-full\" src=\"https:\/\/www.acusticauach.cl\/wp-content\/uploads\/2017\/11\/Yankeelandia_banner_2017_1002x339-2.jpeg\" alt=\"\" width=\"1002\" height=\"339\" srcset=\"https:\/\/www.acusticauach.cl\/wp-content\/uploads\/2017\/11\/Yankeelandia_banner_2017_1002x339-2.jpeg 1002w, https:\/\/www.acusticauach.cl\/wp-content\/uploads\/2017\/11\/Yankeelandia_banner_2017_1002x339-2-300x101.jpeg 300w, https:\/\/www.acusticauach.cl\/wp-content\/uploads\/2017\/11\/Yankeelandia_banner_2017_1002x339-2-768x260.jpeg 768w, https:\/\/www.acusticauach.cl\/wp-content\/uploads\/2017\/11\/Yankeelandia_banner_2017_1002x339-2-700x237.jpeg 700w, https:\/\/www.acusticauach.cl\/wp-content\/uploads\/2017\/11\/Yankeelandia_banner_2017_1002x339-2-500x169.jpeg 500w\" sizes=\"(max-width: 1002px) 100vw, 1002px\" \/><\/a><\/p>\n<p>El s\u00e1bado 25 de noviembre, desde las 15:00 horas, en el Frontis del Edificio 7000 Campus Miraflores UACh, se realiz\u00f3 el Festival Yankeelandia 2017. En esta versi\u00f3n, present\u00f3 a las bandas Nacho Forttes, Malicia, Ensalada Jet, La Pesc\u00e1 y Alexcy C\u00e1rdenas.<\/p>\n<p><a href=\"https:\/\/www.flickr.com\/photos\/acusticauach\/albums\/72157690226638194\" target=\"_blank\" rel=\"noopener noreferrer\"><strong>Ver galer\u00eda de fotos en Flickr<\/strong>.<\/a>\u00a0\u2013\u00a0<a href=\"https:\/\/www.acusticauach.cl\/?p=9218\">Ver noticia<\/a>.\u00a0<a href=\"https:\/\/www.acusticauach.cl\/?p=9357\">Ver noticia.<\/a><\/p>\n<h5><strong>2017 &#8211; Cl\u00ednica gratuita de guitarra y t\u00e9cnicas en producci\u00f3n musical<\/strong><\/h5>\n<p><a href=\"https:\/\/www.acusticauach.cl\/?p=8593\"><img decoding=\"async\" class=\"aligncenter wp-image-8602 size-full\" src=\"https:\/\/www.acusticauach.cl\/wp-content\/uploads\/2017\/05\/Clinica_WaldoV_03.jpg\" width=\"1002\" height=\"339\" srcset=\"https:\/\/www.acusticauach.cl\/wp-content\/uploads\/2017\/05\/Clinica_WaldoV_03.jpg 1002w, https:\/\/www.acusticauach.cl\/wp-content\/uploads\/2017\/05\/Clinica_WaldoV_03-300x101.jpg 300w, https:\/\/www.acusticauach.cl\/wp-content\/uploads\/2017\/05\/Clinica_WaldoV_03-768x260.jpg 768w, https:\/\/www.acusticauach.cl\/wp-content\/uploads\/2017\/05\/Clinica_WaldoV_03-700x237.jpg 700w, https:\/\/www.acusticauach.cl\/wp-content\/uploads\/2017\/05\/Clinica_WaldoV_03-500x169.jpg 500w\" sizes=\"(max-width: 1002px) 100vw, 1002px\" \/><\/a><\/p>\n<p>La cl\u00ednica se realiz\u00f3 el d\u00eda lunes 15 de mayo a las 16:00 hrs. en la sala Sergio Pineda del Conservatorio de M\u00fasica UACh. La actividad incluy\u00f3 diversas tem\u00e1ticas de guitarra el\u00e9ctrica, entre ellas: tipos de pickups, true bypass pedals, amplificadores a tubos y transistores, t\u00e9cnicas de microfoneo, reamp, amps virtuales, repertorio, estilo, elecci\u00f3n de instrumento, diferentes escalas de construcci\u00f3n, etc.s.<\/p>\n<p><strong><a href=\"https:\/\/www.acusticauach.cl\/?p=8593\">Ver noticia y video de la cl\u00ednica AQU\u00cd.<\/a><\/strong><\/p>\n<p><strong>Video directamente en <a href=\"https:\/\/youtu.be\/UGU7YuJOVG0\" target=\"_blank\" rel=\"noopener\">https:\/\/youtu.be\/UGU7YuJOVG0<\/a> ; <a href=\"https:\/\/www.acusticauach.cl\/?p=8593\">Ver Noticia 1<\/a>; <a href=\"https:\/\/www.acusticauach.cl\/?p=8653\">Ver Noticia 2<\/a>; <a href=\"https:\/\/www.facebook.com\/media\/set\/?set=a.1361508717264098.1073741877.194362960645352&amp;type=1&amp;l=8cb655e459\" target=\"_blank\" rel=\"noopener noreferrer\">Ver Fotos<\/a><\/strong><\/p>\n<h5><strong>2015 &#8211; Concierto \u201cYankeelandia 2015\u201d<\/strong><\/h5>\n<p><a href=\"https:\/\/www.acusticauach.cl\/wp-content\/uploads\/2015\/10\/banner_yankeelandia_2015b.jpg\"><img decoding=\"async\" class=\" size-full wp-image-6876 alignleft\" src=\"https:\/\/www.acusticauach.cl\/wp-content\/uploads\/2015\/10\/banner_yankeelandia_2015b.jpg\" alt=\"banner_yankeelandia_2015b\" width=\"1002\" height=\"339\" srcset=\"https:\/\/www.acusticauach.cl\/wp-content\/uploads\/2015\/10\/banner_yankeelandia_2015b.jpg 1002w, https:\/\/www.acusticauach.cl\/wp-content\/uploads\/2015\/10\/banner_yankeelandia_2015b-300x101.jpg 300w, https:\/\/www.acusticauach.cl\/wp-content\/uploads\/2015\/10\/banner_yankeelandia_2015b-700x237.jpg 700w, https:\/\/www.acusticauach.cl\/wp-content\/uploads\/2015\/10\/banner_yankeelandia_2015b-500x169.jpg 500w\" sizes=\"(max-width: 1002px) 100vw, 1002px\" \/><\/a><\/p>\n<p>El jueves 29 de octubre, desde las 15:00 horas, en el Frontis del Edificio 7000 Campus Miraflores UACh, se realiz\u00f3 el Yankeelandia.\u00a0En su versi\u00f3n 2015, present\u00f3 a las bandas\u00a0Magnetismo Cero,\u00a0La Mano Falluca,\u00a0Flor de Lote,\u00a0Gris El\u00e9ctrico,\u00a0Hom\u00ednido y\u00a0Como Asesinar a Felipes.<\/p>\n<p>La comisi\u00f3n organizadora 2015 estuvo integrada por el profesor Rodrigo Torres, y los estudiantes de Ingenier\u00eda Civil Ac\u00fastica Diego Vergara, Felipe Toro, Felipe Ramos, Alexandra Astudillo y Felipe Orellana.<\/p>\n<p><a href=\"https:\/\/www.facebook.com\/media\/set\/?set=a.930265933721714.1073741861.194362960645352&amp;type=1&amp;l=f12be386f6\" target=\"_blank\" rel=\"noopener noreferrer\"><strong>Ver Fotos<\/strong><\/a> \/<strong><a href=\"https:\/\/www.acusticauach.cl\/?p=6859\">\u00a0Leer : Reviviendo Yankeelandia, el hist\u00f3rico Festival de M\u00fasica Universitario<\/a><\/strong><\/p>\n<h5><strong>2014 &#8211; Concierto \u201cYankeelandia 2014\u201d<\/strong><\/h5>\n<p><a href=\"https:\/\/www.acusticauach.cl\/wp-content\/uploads\/2014\/09\/2014_Yankeelandia_Banner_01.jpg\"><img decoding=\"async\" class=\"size-full wp-image-5333 alignnone\" src=\"https:\/\/www.acusticauach.cl\/wp-content\/uploads\/2014\/09\/2014_Yankeelandia_Banner_01.jpg\" alt=\"2014_Yankeelandia_Banner_01\" width=\"1000\" height=\"421\" srcset=\"https:\/\/www.acusticauach.cl\/wp-content\/uploads\/2014\/09\/2014_Yankeelandia_Banner_01.jpg 1000w, https:\/\/www.acusticauach.cl\/wp-content\/uploads\/2014\/09\/2014_Yankeelandia_Banner_01-300x126.jpg 300w, https:\/\/www.acusticauach.cl\/wp-content\/uploads\/2014\/09\/2014_Yankeelandia_Banner_01-700x294.jpg 700w, https:\/\/www.acusticauach.cl\/wp-content\/uploads\/2014\/09\/2014_Yankeelandia_Banner_01-500x210.jpg 500w\" sizes=\"(max-width: 1000px) 100vw, 1000px\" \/><\/a><\/p>\n<p>El domingo 30 de noviembre\u00a0de 2014, se realiz\u00f3 el concierto \u00abYankeelandia 2014\u201c en el Campus Miraflores de la Facultad de Ciencias de la Ingenier\u00eda de la Universidad Austral de Chile. Acustica UACh, organizadora hist\u00f3ricamente este concierto, que en esta oportunidad, luego de seis a\u00f1os de su \u00faltima versi\u00f3n, cont\u00f3 con las bandas valdivianas Hom\u00ednidos, Omelette du Fromage, Algo Gerald y Cristi\u00e1n Barr\u00eda y la Groove House.<\/p>\n<p>La comisi\u00f3n organizadora 2014 estuvo integrada por el profesor Rodrigo Torres, y los estudiantes de Ingenier\u00eda Civil Ac\u00fastica Diego Vergara, Felipe Toro y Felipe Orellana.<\/p>\n<p><strong><a href=\"http:\/\/youtu.be\/sbsoIWc-NRo\" target=\"_blank\" rel=\"noopener noreferrer\">Ver Video<\/a> \/<a href=\"https:\/\/www.acusticauach.cl\/?p=5189\">\u00a0Ver Prensa<\/a>\u00a0\/ <a href=\"https:\/\/www.facebook.com\/media\/set\/?set=a.751201884961454.1073741841.194362960645352&amp;type=3&amp;uploaded=2\" target=\"_blank\" rel=\"noopener noreferrer\">Ver Fotos<\/a><\/strong><\/p>\n<h5><strong>2014 &#8211; Concierto \u201cBeatriz Pichi Mal\u00e9n\u201d<\/strong><\/h5>\n<p><a href=\"https:\/\/www.acusticauach.cl\/wp-content\/uploads\/2014\/09\/Invitacion-Pichi-Malen-VF.jpg\"><img decoding=\"async\" class=\"size-full wp-image-5300 alignnone\" src=\"https:\/\/www.acusticauach.cl\/wp-content\/uploads\/2014\/09\/Invitacion-Pichi-Malen-VF.jpg\" alt=\"Invitacion Pichi Malen (VF)\" width=\"1063\" height=\"561\" srcset=\"https:\/\/www.acusticauach.cl\/wp-content\/uploads\/2014\/09\/Invitacion-Pichi-Malen-VF.jpg 1063w, https:\/\/www.acusticauach.cl\/wp-content\/uploads\/2014\/09\/Invitacion-Pichi-Malen-VF-300x158.jpg 300w, https:\/\/www.acusticauach.cl\/wp-content\/uploads\/2014\/09\/Invitacion-Pichi-Malen-VF-1024x540.jpg 1024w, https:\/\/www.acusticauach.cl\/wp-content\/uploads\/2014\/09\/Invitacion-Pichi-Malen-VF-700x369.jpg 700w, https:\/\/www.acusticauach.cl\/wp-content\/uploads\/2014\/09\/Invitacion-Pichi-Malen-VF-500x263.jpg 500w\" sizes=\"(max-width: 1063px) 100vw, 1063px\" \/><\/a><\/p>\n<p>El martes 02 de diciembre de 2014, se realiz\u00f3 el concierto \u201cBeatriz Pichi Mal\u00e9n\u201d en\u00a0el Aula Magna de la Universidad Austral de Chile. Acustica UACh, organizadora del IX\u00a0Congreso Iberoamericano de Ac\u00fastica- FIA 2014, realizado entre el 1 y 3 de diciembre, incluy\u00f3 en su programaci\u00f3n un concierto de m\u00fasica y cultura latinoamericana con la destacada artista de origen mapuche\u00a0Beatriz Pichi Malen. El concierto fue abierto a la comunidad valdiviana, sin costo.<\/p>\n<p><strong><a href=\"http:\/\/videoteca.uach.cl\/videos\/video\/1040\/\" target=\"_blank\" rel=\"noopener noreferrer\">Ver Video<\/a> \/<a href=\"https:\/\/www.acusticauach.cl\/?p=5292\"> Leer m\u00e1s<\/a> \/ Ver Fotos<\/strong><\/p>\n<h5><strong>2013 &#8211; Concierto \u201cG3 Guitarras en Los R\u00edos\u201d<\/strong><\/h5>\n<p><img decoding=\"async\" class=\"aligncenter size-full wp-image-3411\" src=\"https:\/\/www.acusticauach.cl\/wp-content\/uploads\/2013\/09\/GUITARRAS_EN_LOS_RIOS_10.jpg\" alt=\"GUITARRAS_EN_LOS_RIOS_10\" width=\"1000\" height=\"562\" srcset=\"https:\/\/www.acusticauach.cl\/wp-content\/uploads\/2013\/09\/GUITARRAS_EN_LOS_RIOS_10.jpg 1000w, https:\/\/www.acusticauach.cl\/wp-content\/uploads\/2013\/09\/GUITARRAS_EN_LOS_RIOS_10-300x168.jpg 300w, https:\/\/www.acusticauach.cl\/wp-content\/uploads\/2013\/09\/GUITARRAS_EN_LOS_RIOS_10-700x393.jpg 700w, https:\/\/www.acusticauach.cl\/wp-content\/uploads\/2013\/09\/GUITARRAS_EN_LOS_RIOS_10-500x281.jpg 500w\" sizes=\"(max-width: 1000px) 100vw, 1000px\" \/><br \/>\nCon entrada liberada el\u00a0<strong>lunes 2 de septiembre de 2013<\/strong>, se realiz\u00f3 el concierto \u201cG3 Guitarras en Los R\u00edos\u201d, organizado por la Escuela de Ingenier\u00eda Civil Ac\u00fastica de la Facultad de Ciencias de la Ingenier\u00eda de la Universidad Austral de Chile, el cual fue disfrutado por m\u00e1s de cien personas en el Teatro Municipal Lord Cochrane de Valdivia.<\/p>\n<p>En la oportunidad participaron los connotados m\u00fasicos Claudio Cordero, Gabriel Hidalgo y Gonzalo Sanhueza y como teloneros el reci\u00e9n titulado Nicol\u00e1s Basti\u00e1n y los estudiantes de la carrera de Ingenier\u00eda Civil Ac\u00fastica, Cristian Barr\u00eda y Pablo C\u00e1rcamo.<\/p>\n<p><strong><a href=\"http:\/\/youtu.be\/Woy65AQzyFk\" target=\"_blank\" rel=\"noopener noreferrer\">Ver Video<\/a>\u00a0\/\u00a0<\/strong><strong><a href=\"https:\/\/www.acusticauach.cl\/?p=3350\">Leer m\u00e1s<\/a>\u00a0\/\u00a0<\/strong><strong><a href=\"https:\/\/www.acusticauach.cl\/?p=3382\">Leer m\u00e1s<\/a>\u00a0\/ <a href=\"https:\/\/www.facebook.com\/media\/set\/?set=a.522804604467851.1073741827.194362960645352&amp;type=3\" target=\"_blank\" rel=\"noopener noreferrer\">Ver Fotos<\/a><\/strong><\/p>\n<h5><strong>2013 &#8211; Concierto del Compositor Gabriel Brncic<\/strong><\/h5>\n<p><img decoding=\"async\" class=\"aligncenter wp-image-4755 size-full\" src=\"https:\/\/www.acusticauach.cl\/wp-content\/uploads\/2014\/09\/130508_02481.jpg\" alt=\"Concierto musica electroacustica Gabriel Gabriel Brncic\" width=\"1200\" height=\"800\" srcset=\"https:\/\/www.acusticauach.cl\/wp-content\/uploads\/2014\/09\/130508_02481.jpg 1200w, https:\/\/www.acusticauach.cl\/wp-content\/uploads\/2014\/09\/130508_02481-300x200.jpg 300w, https:\/\/www.acusticauach.cl\/wp-content\/uploads\/2014\/09\/130508_02481-1024x682.jpg 1024w, https:\/\/www.acusticauach.cl\/wp-content\/uploads\/2014\/09\/130508_02481-700x466.jpg 700w, https:\/\/www.acusticauach.cl\/wp-content\/uploads\/2014\/09\/130508_02481-500x333.jpg 500w\" sizes=\"(max-width: 1200px) 100vw, 1200px\" \/><\/p>\n<p>En un Teatro Municipal Lord Cochrane lleno, se realiz\u00f3 le <strong>mi\u00e9rcoles 08 de mayo del 2013<\/strong> el conciertode m\u00fasica electroac\u00fastica \u201cCincuenta a\u00f1os de Creaci\u00f3n Musical\u201d del destacado compositor chileno radicado en Espa\u00f1a Gabriel Brncic. La entrada fue liberada.<\/p>\n<p>El p\u00fablico disfrut\u00f3 deun espect\u00e1culo con una alta calidad art\u00edstica y t\u00e9cnica, donde se creo un cuadril\u00e1tero sonoro, trabajo de profesionales de la Carrera de Ingenier\u00eda Ac\u00fastica de la UACh, otorgando un ambiente donde flu\u00edan las composiciones de Brncic entre los asistentes, envolviendo de sensaciones mel\u00f3dicas al espectador de este evento.<\/p>\n<p>En el escenario se pudo disfrutar de la presencia de destacados artistas como el flautista y quenista Patricio de la Cuadra, el cellista Jorge Fa\u00fandez y la destacada pianista Ximena Cabello.<\/p>\n<p><strong><a href=\"https:\/\/www.acusticauach.cl\/?page_id=2963\">Leer m\u00e1s<\/a>\u00a0\/\u00a0<\/strong><strong><a href=\"https:\/\/www.acusticauach.cl\/?p=3072\">Leer m\u00e1s<\/a>\u00a0<\/strong><\/p>\n<h5><strong>2013 &#8211; Transmisi\u00f3n radial binaural con bandas en vivo<\/strong><\/h5>\n<p><a href=\"https:\/\/www.acusticauach.cl\/wp-content\/uploads\/2013\/12\/Transmisi\u00f3n-binaural.jpg\"><img decoding=\"async\" class=\"aligncenter size-full wp-image-3829\" src=\"https:\/\/www.acusticauach.cl\/wp-content\/uploads\/2013\/12\/Transmisi\u00f3n-binaural.jpg\" alt=\"Transmisi\u00f3n-binaural\" width=\"1000\" height=\"562\" srcset=\"https:\/\/www.acusticauach.cl\/wp-content\/uploads\/2013\/12\/Transmisi\u00f3n-binaural.jpg 1000w, https:\/\/www.acusticauach.cl\/wp-content\/uploads\/2013\/12\/Transmisi\u00f3n-binaural-300x168.jpg 300w, https:\/\/www.acusticauach.cl\/wp-content\/uploads\/2013\/12\/Transmisi\u00f3n-binaural-700x393.jpg 700w, https:\/\/www.acusticauach.cl\/wp-content\/uploads\/2013\/12\/Transmisi\u00f3n-binaural-500x281.jpg 500w\" sizes=\"(max-width: 1000px) 100vw, 1000px\" \/><\/a><\/p>\n<p>Fueron cinco los programas radiales binaurales realizados este 2013, utilizando una cabeza artificial recientemente adquirida por el Instituto de Ac\u00fastica. Desde Octubre a Noviembre de 2013 se llev\u00f3 a cabo la transmisi\u00f3n radial binaural de cinco bandas Valdivianas (<strong>Mage`s, Panorama, M\u00e1quina Verde, Jocks y La Rata Bluesera<\/strong>). Este proyecto, el primero de su tipo en el pa\u00eds, fue posible gracias a la alianza estrat\u00e9gica entre Acusticauach y Sonido Nacional.<\/p>\n<p><strong><a href=\"http:\/\/youtu.be\/1KdHJOgajGE\" target=\"_blank\" rel=\"noopener noreferrer\">Ver Video<\/a> \/\u00a0<a href=\"https:\/\/www.acusticauach.cl\/?p=3828\">Leer m\u00e1s.<\/a><\/strong><\/p>\n<h5><strong>2013 &#8211; Cl\u00ednica de Guitarra con Claudio Cordero, Gabriel Hidalgo y Gonzalo Sanhueza<\/strong><\/h5>\n<p>Una actividad realizada previa al concierto \u00abG3 Guitarras en Los R\u00edos\u201d del\u00a0lunes 2 de septiembre de 2013, a las 19:00 hrs. en el Teatro Municipal Lord Cochrane de Valdivia, se realiz\u00f3 una cl\u00ednica de guitarra, sin costo. Participaron, al igual que en el concierto, los connotados m\u00fasicos Claudio Cordero, Gabriel Hidalgo y Gonzalo Sanhueza.<\/p>\n<p><a href=\"http:\/\/youtu.be\/gRa3GVf6RKw\" target=\"_blank\" rel=\"noopener noreferrer\"><strong>Ver Video<\/strong><\/a><strong>\u00a0\/ \u00a0<\/strong><strong><a href=\"https:\/\/www.acusticauach.cl\/?p=3350\">Leer m\u00e1s<\/a>\u00a0 \/ \u00a0<\/strong><strong><a href=\"https:\/\/www.acusticauach.cl\/?p=3382\">Leer m\u00e1s<\/a>\u00a0\/ <a href=\"https:\/\/www.facebook.com\/media\/set\/?set=a.522804604467851.1073741827.194362960645352&amp;type=3\" target=\"_blank\" rel=\"noopener noreferrer\">Ver Fotos<\/a><\/strong><\/p>\n<h5><strong>2013 &#8211; Cl\u00ednica de Bajo con Jorge Campos<\/strong><\/h5>\n<p><a href=\"https:\/\/www.acusticauach.cl\/wp-content\/uploads\/2013\/09\/2013_08_09_Clinica_Bajo-Jorge_Campos_06.jpg\"><img decoding=\"async\" class=\"alignnone wp-image-3425 size-full\" src=\"https:\/\/www.acusticauach.cl\/wp-content\/uploads\/2013\/09\/2013_08_09_Clinica_Bajo-Jorge_Campos_06.jpg\" alt=\"\" width=\"1000\" height=\"563\" srcset=\"https:\/\/www.acusticauach.cl\/wp-content\/uploads\/2013\/09\/2013_08_09_Clinica_Bajo-Jorge_Campos_06.jpg 1000w, https:\/\/www.acusticauach.cl\/wp-content\/uploads\/2013\/09\/2013_08_09_Clinica_Bajo-Jorge_Campos_06-300x168.jpg 300w, https:\/\/www.acusticauach.cl\/wp-content\/uploads\/2013\/09\/2013_08_09_Clinica_Bajo-Jorge_Campos_06-700x394.jpg 700w, https:\/\/www.acusticauach.cl\/wp-content\/uploads\/2013\/09\/2013_08_09_Clinica_Bajo-Jorge_Campos_06-500x281.jpg 500w\" sizes=\"(max-width: 1000px) 100vw, 1000px\" \/><\/a><\/p>\n<p>El viernes 09 de agosto de 2013, en dependencias del Conservatorio de M\u00fasica de la Universidad Austral, se llev\u00f3 a cabo una Cl\u00ednica de Bajo El\u00e9ctrico impartida por el reconocido m\u00fasico Jorge Campos. A la actividad asistieron m\u00e1s de treinta de entusiastas m\u00fasicos de todas las edades y niveles de conocimientos musicales. Entre los participantes se encontraban estudiantes de colegios, universitarios, y profesores de m\u00fasica.<\/p>\n<p><strong><a href=\"https:\/\/www.acusticauach.cl\/?p=3423\">Leer m\u00e1s<\/a>\u00a0\/\u00a0<\/strong><strong><a href=\"https:\/\/www.facebook.com\/media\/set\/?set=a.522822684466043.1073741828.194362960645352&amp;type=3\" target=\"_blank\" rel=\"noopener noreferrer\">Ver Fotos<\/a><\/strong><\/p>\n<h5><strong>2012 &#8211; Cl\u00ednica de Bater\u00eda de Camilo Torres<\/strong><\/h5>\n<p>El S\u00e1bado, 15 de diciembre del 2012 se efectu\u00f3 la\u00a0M\u00e1ster Class de Camilo Torres en Valdiva (http:\/\/www.camilotorres.cl\/). Se realiz\u00f3 en la\u00a0UACH, Campus Miraflores (Pabell\u00f3n Docente),\u00a0de\u00a0Hora:16-18 hrs.<\/p>\n<p><strong><a href=\"https:\/\/www.acusticauach.cl\/?p=2607\">Leer m\u00e1s<\/a>.<\/strong><\/p>\n<h5><strong>2010 &#8211; Concierto Carolina Nissen<\/strong><\/h5>\n<p><a href=\"https:\/\/www.acusticauach.cl\/wp-content\/uploads\/2014\/09\/afiche-carolina-nissen-ch.jpg\"><img decoding=\"async\" class=\" size-full wp-image-6673 aligncenter\" src=\"https:\/\/www.acusticauach.cl\/wp-content\/uploads\/2014\/09\/afiche-carolina-nissen-ch.jpg\" alt=\"afiche carolina nissen ch\" width=\"400\" height=\"654\" srcset=\"https:\/\/www.acusticauach.cl\/wp-content\/uploads\/2014\/09\/afiche-carolina-nissen-ch.jpg 400w, https:\/\/www.acusticauach.cl\/wp-content\/uploads\/2014\/09\/afiche-carolina-nissen-ch-183x300.jpg 183w\" sizes=\"(max-width: 400px) 100vw, 400px\" \/><\/a><\/p>\n<p>El S\u00e1bado 29 de mayo del 2010 se realiz\u00f3 un masivo concierto donde Carolina Nissen (<a href=\"http:\/\/www.carolinanissen.cl\/\" target=\"_blank\" rel=\"noopener noreferrer\">www.carolinanissen.cl<\/a>)present\u00f3 su disco debut en Aula Magna UACh, a las 19:00 h. El evento fue organizado por AcusticaUACh en colaboraci\u00f3n con la\u00a0Vicerrector\u00eda Acad\u00e9mica, Relaciones P\u00fablicas, y la Facultad de Cs. de la Ingenier\u00eda.<\/p>\n<p><a href=\"https:\/\/www.acusticauach.cl\/wp-content\/uploads\/2014\/09\/2010_05_29_Concierto_Carolina_Nissen_01.jpg\"><img decoding=\"async\" class=\"alignright size-full wp-image-6664\" src=\"https:\/\/www.acusticauach.cl\/wp-content\/uploads\/2014\/09\/2010_05_29_Concierto_Carolina_Nissen_01.jpg\" alt=\"2010_05_29_Concierto_Carolina_Nissen_01\" width=\"1000\" height=\"562\" srcset=\"https:\/\/www.acusticauach.cl\/wp-content\/uploads\/2014\/09\/2010_05_29_Concierto_Carolina_Nissen_01.jpg 1000w, https:\/\/www.acusticauach.cl\/wp-content\/uploads\/2014\/09\/2010_05_29_Concierto_Carolina_Nissen_01-300x169.jpg 300w, https:\/\/www.acusticauach.cl\/wp-content\/uploads\/2014\/09\/2010_05_29_Concierto_Carolina_Nissen_01-700x393.jpg 700w, https:\/\/www.acusticauach.cl\/wp-content\/uploads\/2014\/09\/2010_05_29_Concierto_Carolina_Nissen_01-500x281.jpg 500w\" sizes=\"(max-width: 1000px) 100vw, 1000px\" \/><\/a><\/p>\n<p><strong><a href=\"http:\/\/archivo.tvaustral.uach.cl\/buscar.aspx?q=nissen\" target=\"_blank\" rel=\"noopener noreferrer\">Ver concierto en TV Austral<\/a>\/ <a href=\"http:\/\/noticias.uach.cl\/principal.php?pag=noticia-externo&amp;cod=19697\" target=\"_blank\" rel=\"noopener noreferrer\">Escuchar entrevista<\/a> \/<a href=\"http:\/\/noticias.uach.cl\/principal.php?pag=noticia-externo&amp;cod=19688\" target=\"_blank\" rel=\"noopener noreferrer\">Leer m\u00e1s<\/a> \/\u00a0<a href=\"http:\/\/noticias.uach.cl\/principal.php?pag=noticia-externo&amp;cod=19504\" target=\"_blank\" rel=\"noopener noreferrer\">Leer m\u00e1s<\/a> \/ <a href=\"http:\/\/noticias.uach.cl\/principal.php?pag=noticia-externo&amp;cod=19820\" target=\"_blank\" rel=\"noopener noreferrer\">Leer m\u00e1s<\/a>.<\/strong><\/p>\n","protected":false},"excerpt":{"rendered":"<p>Una de las caracter\u00edsticas de la Ingenier\u00eda Civil Ac\u00fastica es su cercan\u00eda con el fen\u00f3meno de sonido, y por supuesto, la m\u00fasica. No es raro, entonces, que AcusticaUACh frecuentemente se organicen, o se participe de la organizaci\u00f3n, de conciertos y encuentros musicales. Aqu\u00ed una selecci\u00f3n de algunos eventos. 2019 &#8211; Taller \u201cEl m\u00fasico en el [&hellip;]<\/p>\n","protected":false},"author":2,"featured_media":8651,"parent":0,"menu_order":0,"comment_status":"closed","ping_status":"closed","template":"","meta":{"footnotes":""},"class_list":["post-4753","page","type-page","status-publish","has-post-thumbnail","hentry"],"_links":{"self":[{"href":"https:\/\/www.acusticauach.cl\/index.php?rest_route=\/wp\/v2\/pages\/4753","targetHints":{"allow":["GET"]}}],"collection":[{"href":"https:\/\/www.acusticauach.cl\/index.php?rest_route=\/wp\/v2\/pages"}],"about":[{"href":"https:\/\/www.acusticauach.cl\/index.php?rest_route=\/wp\/v2\/types\/page"}],"author":[{"embeddable":true,"href":"https:\/\/www.acusticauach.cl\/index.php?rest_route=\/wp\/v2\/users\/2"}],"replies":[{"embeddable":true,"href":"https:\/\/www.acusticauach.cl\/index.php?rest_route=%2Fwp%2Fv2%2Fcomments&post=4753"}],"version-history":[{"count":0,"href":"https:\/\/www.acusticauach.cl\/index.php?rest_route=\/wp\/v2\/pages\/4753\/revisions"}],"wp:featuredmedia":[{"embeddable":true,"href":"https:\/\/www.acusticauach.cl\/index.php?rest_route=\/wp\/v2\/media\/8651"}],"wp:attachment":[{"href":"https:\/\/www.acusticauach.cl\/index.php?rest_route=%2Fwp%2Fv2%2Fmedia&parent=4753"}],"curies":[{"name":"wp","href":"https:\/\/api.w.org\/{rel}","templated":true}]}}