{"id":4506,"date":"2014-09-26T14:03:47","date_gmt":"2014-09-26T17:03:47","guid":{"rendered":"http:\/\/www.acusticauach.cl\/?page_id=4506"},"modified":"2022-09-19T22:27:07","modified_gmt":"2022-09-20T01:27:07","slug":"ingeacus","status":"publish","type":"page","link":"https:\/\/www.acusticauach.cl\/?page_id=4506","title":{"rendered":"INGEACUS"},"content":{"rendered":"<h3><strong>INGEACUS: Tradici\u00f3n desde 1992<\/strong><\/h3>\n<p><img decoding=\"async\" class=\"size-thumbnail wp-image-9690 alignright\" src=\"https:\/\/www.acusticauach.cl\/wp-content\/uploads\/2018\/04\/logo-leyenda-150x150.png\" alt=\"\" width=\"150\" height=\"150\" srcset=\"https:\/\/www.acusticauach.cl\/wp-content\/uploads\/2018\/04\/logo-leyenda-150x150.png 150w, https:\/\/www.acusticauach.cl\/wp-content\/uploads\/2018\/04\/logo-leyenda-65x65.png 65w, https:\/\/www.acusticauach.cl\/wp-content\/uploads\/2018\/04\/logo-leyenda-55x55.png 55w, https:\/\/www.acusticauach.cl\/wp-content\/uploads\/2018\/04\/logo-leyenda-94x94.png 94w, https:\/\/www.acusticauach.cl\/wp-content\/uploads\/2018\/04\/logo-leyenda-86x86.png 86w, https:\/\/www.acusticauach.cl\/wp-content\/uploads\/2018\/04\/logo-leyenda-120x120.png 120w, https:\/\/www.acusticauach.cl\/wp-content\/uploads\/2018\/04\/logo-leyenda-215x215.png 215w\" sizes=\"(max-width: 150px) 100vw, 150px\" \/>Los estudiantes de Ingenier\u00eda Ac\u00fastica de la Universidad Austral de Chile han tenido, desde hace muchos a\u00f1os, iniciativas tendientes a reunir a sus pares y a profesionales del \u00e1rea a trav\u00e9s de jornadas y encuentros, tanto nacionales como internacionales.<\/p>\n<p>En sus inicios en 1992, y s\u00f3lo como un evento local, INGEACUS fue el instrumento utilizado por estudiantes e investigadores del \u00e1rea de Ingenier\u00eda Ac\u00fastica de la Universidad Austral de Chile, para dar a conocer sus trabajos. Ante el creciente inter\u00e9s manifestado por los participantes (estudiantes y profesionales), y gracias a la experiencia adquirida por los organizadores, en 1994 INGEACUS se abre al resto del pa\u00eds y el extranjero. En tal ocasi\u00f3n se obtuvo una respuesta que super\u00f3 con creces las expectativas iniciales, reuniendo personalidades tanto nacionales como extranjeras, convirti\u00e9ndose en el \u00abPrimer Encuentro Internacional de Ac\u00fastica en Chile\u00bb.\u00a0 <a href=\"https:\/\/www.acusticauach.cl\/?page_id=4595\">Ver. <\/a>En 1995, el \u00e9xito se repetir\u00eda en una nueva versi\u00f3n de este gran evento. <a href=\"https:\/\/www.acusticauach.cl\/?page_id=4599\">Ver.<\/a><\/p>\n<p>Luego de tres a\u00f1os de inactividad y mediante la SOCHA (Sociedad Chilena de Ac\u00fastica) se convoca el Encuentro Chileno de Ac\u00fastica 1998, realizado en la entonces Universidad Tecnol\u00f3gica Vicente P\u00e9rez Rosales (hoy INACAP, sede Vicente P\u00e9rez Rosales), en Santiago, reuniendo cursos, conferencias, foros y el seminario taller de la CONAMA en un exitoso evento.<\/p>\n<p>En noviembre del siguiente a\u00f1o, Valdivia vuelve a ser la sede del 2do Encuentro Chileno de Ac\u00fastica y 5as Jornadas de Estudiantes de Ingenier\u00eda Ac\u00fastica, INGEACUS 99, logr\u00e1ndose un evento de gran participaci\u00f3n tanto nacional como internacional.<\/p>\n<p>El a\u00f1o 2004, se opt\u00f3 por incluir la tem\u00e1tica arquitect\u00f3nica, d\u00e1ndole una caracter\u00edstica interdisciplinaria, proyectando a la Universidad Austral de Chile como pionera formadora de ac\u00fasticos y arquitectos de Am\u00e9rica Latina.<a href=\"https:\/\/www.acusticauach.cl\/?page_id=4605\"> Ver.<\/a><\/p>\n<p>El a\u00f1o 2011 el INGEACUS se llev\u00f3 a cabo bajo el nombre de Congreso Internacional de Ingenier\u00eda. Participaron en este encuentro m\u00e1s de 100 profesionales y estudiantes de Estados Unidos, Espa\u00f1a, Brasil, Argentina, Colombia y Ecuador. La actividad reuni\u00f3 a destacados expositores e incluy\u00f3 interesantes workshops y sesiones t\u00e9cnicas. <a href=\"https:\/\/www.acusticauach.cl\/?page_id=4609\">Ver.<\/a><\/p>\n<p>En el a\u00f1o 2014 se llev\u00f3 a cabo los d\u00edas 29 y 30 de noviembre del a\u00f1o 2014 en la Universidad Austral de Chile, en Valdivia, en coordinaci\u00f3n con el IX Congreso Iberoamericano de Ac\u00fastica FIA2014 (01 al 03 de diciembre de 2014). Se llam\u00f3\u00a0INGEACUS 2014- Encuentro de Estudiantes de Ac\u00fastica y Audio Profesional. <a href=\"https:\/\/www.acusticauach.cl\/?page_id=5242\">Ver.<\/a><\/p>\n<p>El a\u00f1o 2017 se realiz\u00f3 el INGEACUS 2017, la IX Edici\u00f3n del Congreso Internacional de Ac\u00fastica y Audio Profesional, durante los d\u00edas 22, 23, 24 y 25 de noviembre de 2017 en la Universidad Austral de Chile, en Valdivia. <a href=\"https:\/\/www.acusticauach.cl\/?page_id=9683\">Ver.<\/a><\/p>\n<p>La \u00faltima versi\u00f3n del congreso se realiz\u00f3 el 17 y el 20 de noviembre de 2020, esta vez en modo virtual. Se trat\u00f3 del X Congreso Internacional de Ac\u00fastica y Audio Profesional INGEACUS <a href=\"https:\/\/www.acusticauach.cl\/?page_id=15473\">Ver<\/a>.<\/p>\n<p><img decoding=\"async\" class=\"aligncenter size-full wp-image-13505\" src=\"https:\/\/www.acusticauach.cl\/wp-content\/uploads\/2020\/07\/INGEACUS__Twitter_01v2_1000.jpg\" alt=\"\" width=\"1000\" height=\"500\" srcset=\"https:\/\/www.acusticauach.cl\/wp-content\/uploads\/2020\/07\/INGEACUS__Twitter_01v2_1000.jpg 1000w, https:\/\/www.acusticauach.cl\/wp-content\/uploads\/2020\/07\/INGEACUS__Twitter_01v2_1000-300x150.jpg 300w, https:\/\/www.acusticauach.cl\/wp-content\/uploads\/2020\/07\/INGEACUS__Twitter_01v2_1000-768x384.jpg 768w, https:\/\/www.acusticauach.cl\/wp-content\/uploads\/2020\/07\/INGEACUS__Twitter_01v2_1000-125x63.jpg 125w, https:\/\/www.acusticauach.cl\/wp-content\/uploads\/2020\/07\/INGEACUS__Twitter_01v2_1000-75x38.jpg 75w\" sizes=\"(max-width: 1000px) 100vw, 1000px\" \/><\/p>\n<p><strong>M\u00e1s Informaci\u00f3n del INGEACUS en <a href=\"http:\/\/www.ingeacus.cl\/\" target=\"_blank\" rel=\"noopener noreferrer\">http:\/\/www.ingeacus.cl\/<\/a><\/strong><\/p>\n<p><center><iframe src=\"https:\/\/www.youtube.com\/embed\/blGqhZC4gjE\" width=\"560\" height=\"315\" frameborder=\"0\" allowfullscreen=\"allowfullscreen\"><\/iframe><\/center><\/p>\n<h5><strong>Registro Hist\u00f3rico<\/strong><\/h5>\n<p>Se incluyen fotograf\u00edas, memorias del congreso (conferencias, sesiones t\u00e9cnicas), programas del congreso, etc.<\/p>\n<div class=\"shortcode-accordion\"><h3 class=\"accordion-item-title\">INGEACUS 2020 - X Edici\u00f3n del Congreso Internacional de Ac\u00fastica y Audio Profesional<\/h3><div class=\"accordion-item-content accordion-hide\"><p><img decoding=\"async\" class=\"wp-image-15479 size-full alignleft\" src=\"https:\/\/www.acusticauach.cl\/wp-content\/uploads\/2022\/09\/FLYER_POST_ch.jpg\" alt=\"\" width=\"169\" height=\"300\" srcset=\"https:\/\/www.acusticauach.cl\/wp-content\/uploads\/2022\/09\/FLYER_POST_ch.jpg 169w, https:\/\/www.acusticauach.cl\/wp-content\/uploads\/2022\/09\/FLYER_POST_ch-70x125.jpg 70w, https:\/\/www.acusticauach.cl\/wp-content\/uploads\/2022\/09\/FLYER_POST_ch-42x75.jpg 42w\" sizes=\"(max-width: 169px) 100vw, 169px\" \/><strong>INGEACUS 2020- X Edici\u00f3n del Congreso Internacional de Ac\u00fastica y Audio Profesional<\/strong><\/p>\n<p>Se llev\u00f3 a cabo los d\u00edas 17, 18, 19 y 20 de noviembre de 2020 de manera virtual.\nPor primera vez en la historia de INGEACUS, en contexto de la pandemia debido al COVID-19, esta versi\u00f3n del congreso se realiz\u00f3 en una modalidad no presencial. Con la motivaci\u00f3n de seguir reforzando los espacios de la ac\u00fastica y su divulgaci\u00f3n, tanto para estudiantes como acad\u00e9micos, y continuar con la tradici\u00f3n de este congreso realizado por estudiantes de Ingenier\u00eda Civil Ac\u00fastica de la Universidad Austral de Chile desde el a\u00f1o 1992, es que se acept\u00f3 el desaf\u00edo de la realizaci\u00f3n de este congreso y se adapt\u00f3 a las condiciones necesarias para la situaci\u00f3n<\/p>\n<p><a href=\"https:\/\/www.acusticauach.cl\/?page_id=15473\"><strong>Ver m\u00e1s<\/strong>.<\/a><\/p><\/div>\n<h3 class=\"accordion-item-title\">INGEACUS 2017 - IX Edici\u00f3n del Congreso Internacional de Ac\u00fastica y Audio Profesional<\/h3><div class=\"accordion-item-content accordion-hide\"><p><img decoding=\"async\" class=\"wp-image-9708 size-full alignleft\" src=\"https:\/\/www.acusticauach.cl\/wp-content\/uploads\/2014\/09\/AFICHE_INGEACUS_2017chch.jpg\" alt=\"\" width=\"205\" height=\"300\" \/><strong>INGEACUS 2017- IX Edici\u00f3n del Congreso Internacional de Ac\u00fastica y Audio Profesional<\/strong><\/p>\n<p>Se llev\u00f3 a cabo los d\u00edas 22, 23, 24 y 25 de noviembre de 2017 en la Universidad Austral de Chile, en Valdivia.\nDentro de las actividades que se realizaron durante el INGEACUS 2017, se pueden nombrar Sesiones T\u00e9cnicas, Charlas, Plenarias, Concurso de P\u00f3ster y Cursos Tutoriales. Adem\u00e1s, se realizar\u00f3 un Concierto de Apertura (22 de noviembre), el Festival Yankeelandia (25 de noviembre) y Relincha Festival (23, 24 y 25 de noviembre)<\/p>\n<p><a href=\"https:\/\/www.acusticauach.cl\/?page_id=9683\"><strong>Ver m\u00e1s<\/strong>.<\/a><\/p><\/div>\n<h3 class=\"accordion-item-title\">INGEACUS 2014 - Encuentro de Estudiantes de Ac\u00fastica y Audio Profesional - IX Congreso Iberoamericano de Ac\u00fastica FIA2014<\/h3><div class=\"accordion-item-content accordion-hide\"><p><a title=\"INGEACUS 1994\" href=\"https:\/\/www.acusticauach.cl\/wp-content\/uploads\/2014\/12\/ingecaus2014-afiche.jpg\"><img decoding=\"async\" class=\"alignleft wp-image-5246 size-medium\" src=\"https:\/\/www.acusticauach.cl\/wp-content\/uploads\/2014\/12\/ingecaus2014-afiche-199x300.jpg\" alt=\"\" width=\"199\" height=\"300\" srcset=\"https:\/\/www.acusticauach.cl\/wp-content\/uploads\/2014\/12\/ingecaus2014-afiche-199x300.jpg 199w, https:\/\/www.acusticauach.cl\/wp-content\/uploads\/2014\/12\/ingecaus2014-afiche-500x753.jpg 500w, https:\/\/www.acusticauach.cl\/wp-content\/uploads\/2014\/12\/ingecaus2014-afiche.jpg 637w\" sizes=\"(max-width: 199px) 100vw, 199px\" \/><\/a><strong>INGEACUS 2014- Encuentro de Estudiantes de Ac\u00fastica y Audio Profesional &#8211; IX Congreso Iberoamericano de Ac\u00fastica FIA2014<\/strong><\/p>\n<p>Se llev\u00f3 a cabo los d\u00edas 29 y 30 de noviembre del a\u00f1o 2014 en la Universidad Austral de Chile, en Valdivia, en coordinaci\u00f3n con el <a href=\"https:\/\/www.acusticauach.cl\/fia2014.cl\/\">IX Congreso Iberoamericano de Ac\u00fastica FIA2014 (01 al 03 de diciembre de 2014).<\/a>\nSe realizaron charlas\u00a0invitadas:\u00a0Prof. Felipe Otondo (Universidad Austral de Chile), \u00a0Prof. Nestor Becerra Yoma (U. de Chile), Prof. Jorge C\u00e1rdenas (Universidad Austral de Chile), Ing. Nicol\u00e1s Basti\u00e1n (Empresa Silentium), Ing. Pablo Kogan (Universidad Nacional de C\u00f3rdoba, Argentina), Ing. Jonathan Oberreuter (Centro de Estudios Cient\u00edficos CECs), Prof. Carla Badanibadani (U. de Chile), Prof. Jorge Sommerhoff (Universidad Austral de Chile).\nAdem\u00e1s, se incluyeron exposiciones de proyectos en la\u00a0\u201cI Feria de Proyectos\u201d, trabajos realizados por estudiantes de ac\u00fastica.<\/p>\n<p><a href=\"https:\/\/www.acusticauach.cl\/?page_id=5242\"><strong>Ver m\u00e1s<\/strong>.<\/a><\/p><\/div>\n<h3 class=\"accordion-item-title\">INGEACUS 2011- Congreso Internacional de Ingenier\u00eda Ac\u00fastica y Audio Profesional<\/h3><div class=\"accordion-item-content accordion-hide\"><p><a title=\"INGEACUS 2011\" href=\"https:\/\/www.acusticauach.cl\/?page_id=4609\"><img decoding=\"async\" class=\"size-medium wp-image-4593 alignleft\" src=\"https:\/\/www.acusticauach.cl\/wp-content\/uploads\/2014\/09\/AFICHE_INGEACUS2011-202x300.jpg\" alt=\"AFICHE_INGEACUS2011\" width=\"202\" height=\"300\" srcset=\"https:\/\/www.acusticauach.cl\/wp-content\/uploads\/2014\/09\/AFICHE_INGEACUS2011-202x300.jpg 202w, https:\/\/www.acusticauach.cl\/wp-content\/uploads\/2014\/09\/AFICHE_INGEACUS2011.jpg 662w, https:\/\/www.acusticauach.cl\/wp-content\/uploads\/2014\/09\/AFICHE_INGEACUS2011-500x741.jpg 500w\" sizes=\"(max-width: 202px) 100vw, 202px\" \/><\/a><strong>INGEACUS 2011- Congreso Internacional de Ingenier\u00eda Ac\u00fastica y Audio Profesional<\/strong><\/p>\n<p>Se llev\u00f3 a cabo los d\u00edas 9,10 y 11 Noviembre en la Universidad Austral de Chile, en Valdivia.<\/p>\n<p>Se realizaron cinco\u00a0 conferencias invitadas: \u00a0Prof. Luis Gaete (Universidad de Santiago de Chile), Prof. Ricardo Burdisso (Virginia Tech, Estados Unidos),\u00a0 Prof. Jaime Ramis (Universidad de Alicante, Espa\u00f1a), \u00a0Ing. Carlos Poirot (Univision Network, Miami, Estados Unidos), Ing. Joaqu\u00edn Garc\u00eda (Independiente).<\/p>\n<p>Adem\u00e1s, se incluyeron 38 sesiones t\u00e9cnicas y otras actividades.<\/p>\n<p><strong><a title=\"INGEACUS 2011\" href=\"https:\/\/www.acusticauach.cl\/?page_id=4609\">Ver m\u00e1s<\/a><\/strong>.<\/p><\/div>\n<h3 class=\"accordion-item-title\">INGEACUS 2004 - 6as Jornadas de Estudiantes de Ingenier\u00eda Ac\u00fastica - 3er Encuentro Internacional de Ac\u00fastica en Chile - 1er Congreso Ac\u00fastica + Arquitectura<\/h3><div class=\"accordion-item-content accordion-hide\"><p><a title=\"INGEACUS 2004\" href=\"https:\/\/www.acusticauach.cl\/?page_id=4605\"><img decoding=\"async\" class=\"size-medium wp-image-4592 alignleft\" src=\"https:\/\/www.acusticauach.cl\/wp-content\/uploads\/2014\/09\/AFICHE_INGEACUS2004-227x300.jpg\" alt=\"AFICHE_INGEACUS2004\" width=\"227\" height=\"300\" srcset=\"https:\/\/www.acusticauach.cl\/wp-content\/uploads\/2014\/09\/AFICHE_INGEACUS2004-227x300.jpg 227w, https:\/\/www.acusticauach.cl\/wp-content\/uploads\/2014\/09\/AFICHE_INGEACUS2004-500x660.jpg 500w, https:\/\/www.acusticauach.cl\/wp-content\/uploads\/2014\/09\/AFICHE_INGEACUS2004.jpg 622w\" sizes=\"(max-width: 227px) 100vw, 227px\" \/><\/a><strong>INGEACUS 2004 &#8211; 6as Jornadas de Estudiantes de Ingenier\u00eda Ac\u00fastica &#8211; 3er Encuentro Internacional de Ac\u00fastica en Chile &#8211; 1er Congreso Ac\u00fastica + Arquitectura<\/strong><\/p>\n<p>Se llev\u00f3 a cabo del 01 al 03 de Diciembre de 2004\u00a0en la Universidad Austral de Chile, en Valdivia.\nSe realizaron ocho \u00a0conferencias invitadas: Prof. Manuel Recuero (Universidad Polit\u00e9cnica de Madrid, Espa\u00f1a), Prof. Samir Gerges (Universidad Federal de Santa Catarina, Brasil), Prof. Julio Gonz\u00e1lez (Universidad de Valladolid, Espa\u00f1a), Prof. Alice H. Suter (Suter &amp; Associates, Orge\u00f3n, Estados Unidos), Prof. Antonio Moreno (Instituto de Ac\u00fastica, CSIC, Espa\u00f1a), Prof. Pedro Cobo (Instituto de Ac\u00fastica, CSIC, Espa\u00f1a), Prof. Malcolm J. Crocker (Auburn University, Estados Unidos), Prof. Bjorn Van Munster (Systems for Improved Acoustic Perfomance B.V. Holanda)\nAdem\u00e1s, se incluyeron 18 sesiones t\u00e9cnicas y otras actividades.<\/p>\n<p><strong><a title=\"INGEACUS 2004\" href=\"https:\/\/www.acusticauach.cl\/?page_id=4605\">Ver m\u00e1s<\/a><\/strong>.<\/p><\/div>\n<h3 class=\"accordion-item-title\">INGEACUS 1995 - 4as Jornadas de Estudiantes de Ingenier\u00eda Ac\u00fastica - 2o Encuentro Internacional de Ac\u00fastica en Chile<\/h3><div class=\"accordion-item-content accordion-hide\"><p><a title=\"INGEACUS 1995\" href=\"https:\/\/www.acusticauach.cl\/?page_id=4599\"><img decoding=\"async\" class=\"size-medium wp-image-4591 alignleft\" src=\"https:\/\/www.acusticauach.cl\/wp-content\/uploads\/2014\/09\/AFICHE_INGEACUS1995-233x300.jpg\" alt=\"AFICHE_INGEACUS1995\" width=\"233\" height=\"300\" srcset=\"https:\/\/www.acusticauach.cl\/wp-content\/uploads\/2014\/09\/AFICHE_INGEACUS1995-233x300.jpg 233w, https:\/\/www.acusticauach.cl\/wp-content\/uploads\/2014\/09\/AFICHE_INGEACUS1995-500x642.jpg 500w, https:\/\/www.acusticauach.cl\/wp-content\/uploads\/2014\/09\/AFICHE_INGEACUS1995.jpg 640w\" sizes=\"(max-width: 233px) 100vw, 233px\" \/><\/a><strong>INGEACUS 1995 &#8211; 4as Jornadas de Estudiantes de Ingenier\u00eda Ac\u00fastica &#8211; 2o Encuentro Internacional de Ac\u00fastica en Chile<\/strong><\/p>\n<p>Se llev\u00f3 a cabo del 20 al 22 de Octubre de 1995 en la Universidad Austral de Chile, en Valdivia.<\/p>\n<p>Se realizaron siete conferencias invitadas: Prof. Leo L. Beranek, Prof. Antonio Calvo Manzano (Sociedad Espa\u00f1ola de Ac\u00fastica), Prof. Eugenio Collados (Universidad de Santiago, Chile), Prof. Malcolm J. Crocker (Auburn University, Estados Unidos), Prof. Samir Gerges (Universidad Federal de Santa Catarina, Brasil), Prof. Michael M\u00f6ser (Technische Universit\u00e4t Berl\u00edn, Alemania), Prof. Jiri Tichy (Pennsylvania State University, Estados Unidos)\nAdem\u00e1s, se incluyeron 27 sesiones t\u00e9cnicas y otras actividades.<\/p>\n<p><strong><a title=\"INGEACUS 1995\" href=\"https:\/\/www.acusticauach.cl\/?page_id=4599\">Ver m\u00e1s<\/a><\/strong>.<\/p><\/div>\n<h3 class=\"accordion-item-title\">INGEACUS 1994 - 3as Jornadas de Estudiantes de Ingenier\u00eda Ac\u00fastica - 1er Encuentro Internacional de Ac\u00fastica en Chile<\/h3><div class=\"accordion-item-content accordion-hide\"><p><a title=\"INGEACUS 1994\" href=\"https:\/\/www.acusticauach.cl\/?page_id=4595\"><img decoding=\"async\" class=\"size-medium wp-image-4590 alignleft\" src=\"https:\/\/www.acusticauach.cl\/wp-content\/uploads\/2014\/09\/AFICHE_INGEACUS1994-235x300.jpg\" alt=\"AFICHE_INGEACUS1994\" width=\"235\" height=\"300\" srcset=\"https:\/\/www.acusticauach.cl\/wp-content\/uploads\/2014\/09\/AFICHE_INGEACUS1994-235x300.jpg 235w, https:\/\/www.acusticauach.cl\/wp-content\/uploads\/2014\/09\/AFICHE_INGEACUS1994-500x638.jpg 500w, https:\/\/www.acusticauach.cl\/wp-content\/uploads\/2014\/09\/AFICHE_INGEACUS1994.jpg 644w\" sizes=\"(max-width: 235px) 100vw, 235px\" \/><\/a><strong>INGEACUS 1994 &#8211; 3as Jornadas de Estudiantes de Ingenier\u00eda Ac\u00fastica &#8211; 1er Encuentro Internacional de Ac\u00fastica en Chile<\/strong><\/p>\n<p>Se llev\u00f3 a cabo del 07 al 10 de Diciembre de 1994 en la Universidad Austral de Chile, en Valdivia.\nSe realizaron siete conferencias invitadas: Prof. Gabriel Rodr\u00edguez (IDIEM, Universidad de Chile), Prof. Michael M\u00f6ser (Technische Universit\u00e4t Berl\u00edn, Alemania), Prof. Samir Gerges (Universidad Federal de Santa Catarina, Brasil), Prof. Oscar Garc\u00eda (Centro At\u00f3mico Bariloche, Argentina), Prof. Eugenio Collados (Universidad de Santiago, Chile), Prof. Jorge Arenas (Universidad Austral, Chile), y el Prof. Pedro Saavedra (Universidad de Concepci\u00f3n, Chile).\nAdem\u00e1s, se incluyeron 18 sesiones t\u00e9cnicas, dos exposiciones especiales, una mesa redonda y una reuni\u00f3n de sociedades de ac\u00fastica latinoamericanas.<\/p>\n<p><strong><a title=\"INGEACUS 1994\" href=\"https:\/\/www.acusticauach.cl\/?page_id=4595\">Ver m\u00e1s<\/a><\/strong>.<\/p><\/div> <\/div>\n<p>Para las siguientes versiones no hay disponible (a\u00fan) registros, si Ud. posee material, agradecemos enviarlo a nuestro <strong><a href=\"https:\/\/www.acusticauach.cl\/?page_id=19\">contacto<\/a><\/strong>:<\/p>\n<ul>\n<li>INGEACUS 1992 &#8211; 1as Jornadas de Estudiantes de Ingenier\u00eda Ac\u00fastica<\/li>\n<li>INGEACUS 1993 &#8211; 2as Jornadas de Estudiantes de Ingenier\u00eda Ac\u00fastica<\/li>\n<li>INGEACUS 1999 &#8211; 5as Jornadas de Estudiantes de Ingenier\u00eda Ac\u00fastica.<\/li>\n<\/ul>\n","protected":false},"excerpt":{"rendered":"<p>INGEACUS: Tradici\u00f3n desde 1992 Los estudiantes de Ingenier\u00eda Ac\u00fastica de la Universidad Austral de Chile han tenido, desde hace muchos a\u00f1os, iniciativas tendientes a reunir a sus pares y a profesionales del \u00e1rea a trav\u00e9s de jornadas y encuentros, tanto nacionales como internacionales. En sus inicios en 1992, y s\u00f3lo como un evento local, INGEACUS [&hellip;]<\/p>\n","protected":false},"author":2,"featured_media":12090,"parent":0,"menu_order":0,"comment_status":"closed","ping_status":"closed","template":"","meta":{"footnotes":""},"class_list":["post-4506","page","type-page","status-publish","has-post-thumbnail","hentry"],"_links":{"self":[{"href":"https:\/\/www.acusticauach.cl\/index.php?rest_route=\/wp\/v2\/pages\/4506","targetHints":{"allow":["GET"]}}],"collection":[{"href":"https:\/\/www.acusticauach.cl\/index.php?rest_route=\/wp\/v2\/pages"}],"about":[{"href":"https:\/\/www.acusticauach.cl\/index.php?rest_route=\/wp\/v2\/types\/page"}],"author":[{"embeddable":true,"href":"https:\/\/www.acusticauach.cl\/index.php?rest_route=\/wp\/v2\/users\/2"}],"replies":[{"embeddable":true,"href":"https:\/\/www.acusticauach.cl\/index.php?rest_route=%2Fwp%2Fv2%2Fcomments&post=4506"}],"version-history":[{"count":0,"href":"https:\/\/www.acusticauach.cl\/index.php?rest_route=\/wp\/v2\/pages\/4506\/revisions"}],"wp:featuredmedia":[{"embeddable":true,"href":"https:\/\/www.acusticauach.cl\/index.php?rest_route=\/wp\/v2\/media\/12090"}],"wp:attachment":[{"href":"https:\/\/www.acusticauach.cl\/index.php?rest_route=%2Fwp%2Fv2%2Fmedia&parent=4506"}],"curies":[{"name":"wp","href":"https:\/\/api.w.org\/{rel}","templated":true}]}}