{"id":426,"date":"2012-09-13T19:10:25","date_gmt":"2012-09-13T22:10:25","guid":{"rendered":"http:\/\/190.114.255.83\/~acustic1\/?page_id=426"},"modified":"2024-04-07T19:43:55","modified_gmt":"2024-04-07T23:43:55","slug":"libros","status":"publish","type":"page","link":"https:\/\/www.acusticauach.cl\/?page_id=426","title":{"rendered":"Libros"},"content":{"rendered":"<h5 style=\"text-align: left;\"><strong>Libros y cap\u00edtulos de libros<\/strong><\/h5>\n<ul>\n<li>Crocker, M.J. and\u00a0Arenas, J.P.\u00a0Engineering Acoustics: Noise and Vibration Control, John Wiley and Sons, Chichester, UK (2021). 784 pages. ISBN 978-1118496428.<\/li>\n<li>Arenas, J.P<b>.<\/b>\u00a0and Li, Z. Composites and Biocomposites for Noise and Vibration Control in Automotive Structures, Chapter 12 in Biocomposite and Synthetic Composites for Automotive Applications (Eds. S.M. Sapuan and R.A. Ilyas), Elsevier, Cambridge, MA (2021), pp. 305-345. ISBN: 978-0128-2-0559-4.<\/li>\n<li>Enrique Su\u00e1rez S., Jorge C\u00e1rdenas M. Mapa Sonoro de la Zona Centro del Gran Santiago. Imprenta Am\u00e9rica Ltda. Valdivia, Chile. 65 P\u00e1ginas. 2018. ISBN: 9978-956-390-067-5 \/ ISBN DISCO: 978-956-390-068-2. Versi\u00f3n web: <a href=\"http:\/\/www.mapa.acusticauach.cl\/\" target=\"_blank\" rel=\"noopener noreferrer\">www.mapa.acusticauach.cl<\/a><\/li>\n<li>Arenas J.P. and Asdrubali, F., Eco-Materials with Noise Reduction Properties, Chapter 123 in Handbook of Ecomaterials (Eds. L.M.T. Martinez, O. Kharissova, and B. Kharisov), Springer, Cham, 3031-3056 (2018). ISBN: 978-3-319-48281-1.<\/li>\n<li>Jorge P. Arenas, Applications of Acoustic Textiles in Automotive\/Transportation, In: Acoustic Textiles (Ed. R. Padhye and R. Nayak), Springer, Singapore, pp. 143-163, 2016. ISBN: 978-981-10-1476-5. 2016.<\/li>\n<li>Enrique Su\u00e1rez S., Jorge C\u00e1rdenas M. Mapa Sonoro de Valdivia.\u00a0Impresi\u00f3n: Imprenta Maval Ltda. Santiago. 61 P\u00e1ginas. 2015.\u00a0ISBN: 978-956-9412-29-5 \/ ISBN DISCO: 978-956-9412-30-1. Versi\u00f3n web: <a href=\"http:\/\/www.mapa.acusticauach.cl\/\" target=\"_blank\" rel=\"noopener noreferrer\">www.mapa.acusticauach.cl<\/a><\/li>\n<li>Otondo, F., Influence of temporal attributes in timbre streaming, Lambert Academic Publishing, Saarbr\u00fccken, 2014. ISBN: 978-3-659-52408-0<\/li>\n<li>Jorge P. Arenas, Jes\u00fas Alba, Romina del Rey, Jaime Ramis &amp; Enrique Su\u00e1rez Materiales Absorbentes Ecol\u00f3gicos para Pantallas Ac\u00fasticas, 2da Ed., Publicaciones Universidad de Alicante, Espa\u00f1a, 184 p., 2013. ISBN 978-84-9717-274-5.<\/li>\n<li>Jorge P. Arenas, Jes\u00fas Alba, Romina del Rey, Jaime Ramis &amp; Enrique Su\u00e1rez Materiales Absorbentes Ecol\u00f3gicos para Pantallas Ac\u00fasticas, Ed. Univ. Austral de Chile, Valdivia, 184 p., 2011. ISBN 978-956-7105-67-0<\/li>\n<li>Samir N.Y. Gerges y Jorge P. Arenas, Fundamentos del Control del Ruido y Vibraciones. 2da Edicion, NR Editora, Florian\u00f3polis, Brasil, 2010. ISBN: 85-87550-04-7.<\/li>\n<li>Moser, M., Barros, J.L. Ingenier\u00eda Ac\u00fastica &#8211; Teor\u00eda y aplicaciones. Segunda Edici\u00f3n. Springer-Verlag Berlin Heidelberg 2009. ISBN 978-3-642-02543-3, e-ISBN 978-3-642-02544-0.<\/li>\n<li>J.P. Arenas Sound power radiated from retangular plates with unconstrained damping layers, in Computational Structures Technology (Ed. B.H.V. Topping and M. Papadrakakis), Civil-Comp Press, Stirlingshire, Scotland, 2008. ISBN: 978-1-905088-23-2<\/li>\n<li>M.J. Crocker, J.P. Arenas . \u00abUse of Sound-Absorbing Materials, Chap. 57 in Handbook of Noise and Vibration Control (Ed. M.J. Crocker)\u00bb. John Wiley and Sons, ISBN 978-0471395997, New York, USA, 2007<\/li>\n<li>J.P. Arenas , M.J. Crocker. \u00abUse of Enclosures, Chap. 56 in Handbook of Noise and Vibration Control (Ed. M.J. Crocker)\u00bb. John Wiley and Sons, ISBN 978-0471395997, New York, USA, 2007<\/li>\n<li>J.P. Arenas . \u00abUse of Barriers, Chap. 58 in Handbook of Noise and Vibration Control (Ed. M.J. Crocker)\u00bb. John Wiley and Sons, ISBN 978-0471395997, New York, USA, 2007<\/li>\n<li>M\u00f6ser M., Barros J.L. . \u00abIngenier\u00eda Ac\u00fastica &#8211; Teor\u00eda y Aplicaciones\u00bb. ISBN 3-00-014278-9, Berl\u00edn, 2004<\/li>\n<li>S.N.Y. Gerges, J.P. Arenas . \u00abFundamentos y control del ruido y vibraciones\u00bb. 1ra edicion. NR Editora, ISBN 85-87550-04-7, Florian\u00f3polis, Brasil, 2004<\/li>\n<li>M.J. Crocker, A.R. Patil, J.P. Arenas . \u00abTheoretical and experimental studies on the acoustical design of vehicle cabs-A review of truck noise sources and cab design using statistical energy analysis, in Designing for Quietness (Ed. M.L. Munjal), Solid Mechanics and its Applications book series<\/li>\n<li>Barros, J.L. . \u00abKanalschald\u00e4mpfer mit ortsh\u00e4ngigen Eigenschaften\u00bb. LOGOS VERLAG, ISBN 3-89722-452-6, Berl\u00edn, 2000<\/li>\n<li>J.P. Arenas . \u00abA numerical approach for the free vibration of isotropic triangular plates, in Computational Acoustics and its Environmental Applications (Ed. C.A. Brebbia)\u00bb. Computational Mechanics Publications, ISBN 1-85312-308-0, Southampton, UK, 1995<\/li>\n<\/ul>\n<p><a href=\"https:\/\/www.acusticauach.cl\/?page_id=2998\"><strong>Asistencias T\u00e9cnicas<\/strong><\/a><\/p>\n","protected":false},"excerpt":{"rendered":"<p>Libros y cap\u00edtulos de libros Crocker, M.J. and\u00a0Arenas, J.P.\u00a0Engineering Acoustics: Noise and Vibration Control, John Wiley and Sons, Chichester, UK (2021). 784 pages. ISBN 978-1118496428. Arenas, J.P.\u00a0and Li, Z. Composites and Biocomposites for Noise and Vibration Control in Automotive Structures, Chapter 12 in Biocomposite and Synthetic Composites for Automotive Applications (Eds. S.M. Sapuan and R.A. [&hellip;]<\/p>\n","protected":false},"author":2,"featured_media":16008,"parent":0,"menu_order":0,"comment_status":"closed","ping_status":"closed","template":"","meta":{"footnotes":""},"class_list":["post-426","page","type-page","status-publish","has-post-thumbnail","hentry"],"_links":{"self":[{"href":"https:\/\/www.acusticauach.cl\/index.php?rest_route=\/wp\/v2\/pages\/426","targetHints":{"allow":["GET"]}}],"collection":[{"href":"https:\/\/www.acusticauach.cl\/index.php?rest_route=\/wp\/v2\/pages"}],"about":[{"href":"https:\/\/www.acusticauach.cl\/index.php?rest_route=\/wp\/v2\/types\/page"}],"author":[{"embeddable":true,"href":"https:\/\/www.acusticauach.cl\/index.php?rest_route=\/wp\/v2\/users\/2"}],"replies":[{"embeddable":true,"href":"https:\/\/www.acusticauach.cl\/index.php?rest_route=%2Fwp%2Fv2%2Fcomments&post=426"}],"version-history":[{"count":0,"href":"https:\/\/www.acusticauach.cl\/index.php?rest_route=\/wp\/v2\/pages\/426\/revisions"}],"wp:featuredmedia":[{"embeddable":true,"href":"https:\/\/www.acusticauach.cl\/index.php?rest_route=\/wp\/v2\/media\/16008"}],"wp:attachment":[{"href":"https:\/\/www.acusticauach.cl\/index.php?rest_route=%2Fwp%2Fv2%2Fmedia&parent=426"}],"curies":[{"name":"wp","href":"https:\/\/api.w.org\/{rel}","templated":true}]}}