{"id":4163,"date":"2014-07-01T00:19:36","date_gmt":"2014-07-01T04:19:36","guid":{"rendered":"http:\/\/www.acusticauach.cl\/?page_id=4163"},"modified":"2019-11-08T20:12:31","modified_gmt":"2019-11-08T23:12:31","slug":"e-felipe-vergara","status":"publish","type":"page","link":"https:\/\/www.acusticauach.cl\/?page_id=4163","title":{"rendered":"E. Felipe Vergara"},"content":{"rendered":"<h2><strong>Profesor Universidad Federal de Santa Catarina, Brasil<\/strong><img decoding=\"async\" class=\"alignright size-full wp-image-4164\" src=\"https:\/\/www.acusticauach.cl\/wp-content\/uploads\/2014\/07\/Dr_FVergara.jpg\" alt=\"Dr_FVergara\" width=\"200\" height=\"300\"><\/h2>\n<p>Naci\u00f3 en 1970 en Santiago, Chile. Estudi\u00f3 Ingenier\u00eda Ac\u00fastica en la Universidad Austral de Chile (UACH), donde se gradu\u00f3 en 1995. Durante el per\u00edodo de 1995 a 1997 trabaj\u00f3 en la empresa privada, en Santiago, en proyectos de consultor\u00eda en el campo de la ac\u00fastica arquitect\u00f3nica, ruido industrial y control de ruido activo. Obtuvo una beca del gobierno de Brasil en 1996 para desarrollar el m\u00e1ster a trav\u00e9s del Programa de Postgrado (Acuerdo de Estudiantes PEC-PG), proporcionada por la Coordinaci\u00f3n de Perfeccionamiento de Personal de Nivel Superior (CAPES). El M\u00e1ster se inici\u00f3 en 1997 en la Universidad Federal de Santa Catarina (UFSC), en el Departamento de Ingenier\u00eda<\/p>\n<p>Mec\u00e1nica, en el \u00e1rea de Ac\u00fastica y Vibraciones. En 1999 termin\u00f3 su maestr\u00eda y sigui\u00f3 el curso de doctorado en la misma \u00e1rea investigaci\u00f3n, concluyendo en 2003. Durante el proceso de formaci\u00f3n en postgrado en la UFSC particip\u00f3 en algunas conferencias nacionales e internacionales, la publicaci\u00f3n de art\u00edculos cient\u00edficos sobre el tema de la protecci\u00f3n audici\u00f3n, ruido impulsivo y simulaci\u00f3n num\u00e9rica por el m\u00e9todo de los elementos finitos. Ha publicado art\u00edculos cient\u00edficos en revistas especializadas como Applied Acoustics, Shock and Vibration y el Journal of the Acoustical Society of Am\u00e9rica. Fue profesor de la Universidad Federal de Santa Mar\u00eda (UFSM) en Brasil y desde 2012 trabaja como profesor del Departamento de Ingenier\u00eda Mec\u00e1nica de la UFSC y de los Programas de Postgrado en Ingenier\u00eda Mec\u00e1nica (PosMEC) y de Arquitectura y Urbanismo (PosARQ) de la UFSC. Desarrolla investigaci\u00f3n y publicaciones cient\u00edficas sobre calidad sonora de ambientes, ac\u00fastica de edificios, evaluaci\u00f3n de exposici\u00f3n a ruido industrial, ruido vehicular y ambiental, control de ruido y vibraciones.<\/p>\n<p>Colabora con nuestro Instituto mediante visitas, dictaci\u00f3n de seminarios, proyectos de investigaci\u00f3n y publicaciones conjuntas, y la supervisi\u00f3n de nuestros estudiantes en la UFSC en Brasil.<\/p>\n<h2><strong>Contacto<\/strong><\/h2>\n<ul>\n<li>Instituto de Ac\u00fastica<\/li>\n<li>Facultad de Ciencias de la Ingenier\u00eda<\/li>\n<li>Universidad Austral de Chile<\/li>\n<li>Edificio 6000, Campus Miraflores, Casilla 567, Valdivia, Chile<\/li>\n<\/ul>\n<p><a href=\"https:\/\/www.acusticauach.cl\/?page_id=139\">Profesores de Ac\u00fastica<\/a><\/p>\n","protected":false},"excerpt":{"rendered":"<p>Profesor Universidad Federal de Santa Catarina, Brasil Naci\u00f3 en 1970 en Santiago, Chile. Estudi\u00f3 Ingenier\u00eda Ac\u00fastica en la Universidad Austral de Chile (UACH), donde se gradu\u00f3 en 1995. Durante el per\u00edodo de 1995 a 1997 trabaj\u00f3 en la empresa privada, en Santiago, en proyectos de consultor\u00eda en el campo de la ac\u00fastica arquitect\u00f3nica, ruido industrial [&hellip;]<\/p>\n","protected":false},"author":2,"featured_media":0,"parent":139,"menu_order":0,"comment_status":"closed","ping_status":"closed","template":"","meta":{"footnotes":""},"class_list":["post-4163","page","type-page","status-publish","hentry"],"_links":{"self":[{"href":"https:\/\/www.acusticauach.cl\/index.php?rest_route=\/wp\/v2\/pages\/4163","targetHints":{"allow":["GET"]}}],"collection":[{"href":"https:\/\/www.acusticauach.cl\/index.php?rest_route=\/wp\/v2\/pages"}],"about":[{"href":"https:\/\/www.acusticauach.cl\/index.php?rest_route=\/wp\/v2\/types\/page"}],"author":[{"embeddable":true,"href":"https:\/\/www.acusticauach.cl\/index.php?rest_route=\/wp\/v2\/users\/2"}],"replies":[{"embeddable":true,"href":"https:\/\/www.acusticauach.cl\/index.php?rest_route=%2Fwp%2Fv2%2Fcomments&post=4163"}],"version-history":[{"count":0,"href":"https:\/\/www.acusticauach.cl\/index.php?rest_route=\/wp\/v2\/pages\/4163\/revisions"}],"up":[{"embeddable":true,"href":"https:\/\/www.acusticauach.cl\/index.php?rest_route=\/wp\/v2\/pages\/139"}],"wp:attachment":[{"href":"https:\/\/www.acusticauach.cl\/index.php?rest_route=%2Fwp%2Fv2%2Fmedia&parent=4163"}],"curies":[{"name":"wp","href":"https:\/\/api.w.org\/{rel}","templated":true}]}}