{"id":4144,"date":"2014-06-14T11:37:48","date_gmt":"2014-06-14T15:37:48","guid":{"rendered":"http:\/\/www.acusticauach.cl\/?page_id=4144"},"modified":"2019-11-11T09:07:35","modified_gmt":"2019-11-11T12:07:35","slug":"concurso-de-bandas-escolares-2014","status":"publish","type":"page","link":"https:\/\/www.acusticauach.cl\/?page_id=4144","title":{"rendered":"4\u00b0 Concurso de Bandas 2014"},"content":{"rendered":"<p><a href=\"https:\/\/www.acusticauach.cl\/wp-content\/uploads\/2014\/06\/afiche-final-concurso-2014-ch1.jpg\"><img decoding=\"async\" class=\"alignright wp-image-6501 size-medium\" src=\"https:\/\/www.acusticauach.cl\/wp-content\/uploads\/2014\/06\/afiche-final-concurso-2014-ch1-120x300.jpg\" alt=\"\" width=\"120\" height=\"300\" srcset=\"https:\/\/www.acusticauach.cl\/wp-content\/uploads\/2014\/06\/afiche-final-concurso-2014-ch1-120x300.jpg 120w, https:\/\/www.acusticauach.cl\/wp-content\/uploads\/2014\/06\/afiche-final-concurso-2014-ch1.jpg 399w\" sizes=\"(max-width: 120px) 100vw, 120px\" \/><\/a>Por cuarto&nbsp;a\u00f1o consecutivo la Escuela de Ingenier\u00eda Civil Ac\u00fastica de la Universidad Austral de Chile invit\u00f3 a todos los estudiantes secundarios del pa\u00eds a participar en una nueva versi\u00f3n del Concurso de Bandas Escolares 2014. El concurso est\u00e1 dirigido a bandas y solistas de todo Chile, que sean estudiantes regulares de ense\u00f1anza media y que posean alg\u00fan demo o canci\u00f3n in\u00e9dita de su propia autor\u00eda.<\/p>\n<h5><strong>Ganadores<\/strong><\/h5>\n<p>De las 17&nbsp;bandas concursantes, el primer lugar lo obtuvo la solista&nbsp;Karina Ruiz del&nbsp;Colegio Rep\u00fablica del Brasil de Concepci\u00f3n, con el tema \u201cHablar de ti\u201d. La&nbsp;ganadora grab\u00f3 dos canciones originales en el estudio profesional del Instituto de Ac\u00fastica de la Universidad Austral de Chile. El premio incluy\u00f3 el traslado desde la ciudad de origen a Valdivia, adem\u00e1s de alojamiento.<\/p>\n<p>El Segundo lugar fue para la banda Mangor\u00e9 del Colegio Regina Pacis de Providencia, Santiago, mientras que el tercer puesto fue para la banda Legado del Liceo Manuel Jes\u00fas de Chonchi. El segundo lugar recibi\u00f3 como premio un pack de grabaci\u00f3n Presonus MR (Presonus Audiobox Studio), que incluye interfaz Audiobox, fonos HD7, micr\u00f3fono M7 y software de grabaci\u00f3n Studio One Artist. El tercer lugar recibi\u00f3 una Interfaz Audiobox de Presonus.<\/p>\n<p><img decoding=\"async\" class=\"aligncenter size-full wp-image-6504\" src=\"https:\/\/www.acusticauach.cl\/wp-content\/uploads\/2014\/06\/Concurso_Bandas_2014-banner-800.jpg\" alt=\"Concurso_Bandas_2014-banner-800\" width=\"800\" height=\"271\" srcset=\"https:\/\/www.acusticauach.cl\/wp-content\/uploads\/2014\/06\/Concurso_Bandas_2014-banner-800.jpg 800w, https:\/\/www.acusticauach.cl\/wp-content\/uploads\/2014\/06\/Concurso_Bandas_2014-banner-800-300x102.jpg 300w, https:\/\/www.acusticauach.cl\/wp-content\/uploads\/2014\/06\/Concurso_Bandas_2014-banner-800-700x237.jpg 700w, https:\/\/www.acusticauach.cl\/wp-content\/uploads\/2014\/06\/Concurso_Bandas_2014-banner-800-500x169.jpg 500w\" sizes=\"(max-width: 800px) 100vw, 800px\" \/><\/p>\n<p><a href=\"https:\/\/www.acusticauach.cl\/wp-content\/uploads\/2014\/06\/afiche-final-concurso-2014-ch1.jpg\" target=\"_blank\" rel=\"noopener noreferrer\">Descargar Afiche<\/a>.<\/p>\n<h5><strong>Fotograf\u00edas<\/strong><\/h5>\n<p>Galer\u00eda de Fotograf\u00edas de Karina Ruiz , en el Estudio de Grabaci\u00f3n (<a href=\"https:\/\/www.facebook.com\/media\/set\/?set=a.782241185190857.1073741851.194362960645352&amp;type=3\" target=\"_blank\" rel=\"noopener noreferrer\">Ver en Facebook<\/a>).<\/p>\n<p><a href=\"https:\/\/www.acusticauach.cl\/wp-content\/uploads\/2014\/06\/Karina_Ruiz_06.jpg\"><img decoding=\"async\" class=\" wp-image-6512 size-thumbnail alignleft\" src=\"https:\/\/www.acusticauach.cl\/wp-content\/uploads\/2014\/06\/Karina_Ruiz_06-150x150.jpg\" alt=\"Karina_Ruiz_06\" width=\"150\" height=\"150\" srcset=\"https:\/\/www.acusticauach.cl\/wp-content\/uploads\/2014\/06\/Karina_Ruiz_06-150x150.jpg 150w, https:\/\/www.acusticauach.cl\/wp-content\/uploads\/2014\/06\/Karina_Ruiz_06-65x65.jpg 65w, https:\/\/www.acusticauach.cl\/wp-content\/uploads\/2014\/06\/Karina_Ruiz_06-55x55.jpg 55w, https:\/\/www.acusticauach.cl\/wp-content\/uploads\/2014\/06\/Karina_Ruiz_06-94x94.jpg 94w, https:\/\/www.acusticauach.cl\/wp-content\/uploads\/2014\/06\/Karina_Ruiz_06-86x86.jpg 86w, https:\/\/www.acusticauach.cl\/wp-content\/uploads\/2014\/06\/Karina_Ruiz_06-120x120.jpg 120w, https:\/\/www.acusticauach.cl\/wp-content\/uploads\/2014\/06\/Karina_Ruiz_06-215x215.jpg 215w\" sizes=\"(max-width: 150px) 100vw, 150px\" \/><\/a> <a href=\"https:\/\/www.acusticauach.cl\/wp-content\/uploads\/2014\/06\/Karina_Ruiz_05.jpg\"><img decoding=\"async\" class=\" wp-image-6511 size-thumbnail alignright\" src=\"https:\/\/www.acusticauach.cl\/wp-content\/uploads\/2014\/06\/Karina_Ruiz_05-150x150.jpg\" alt=\"Karina_Ruiz_05\" width=\"150\" height=\"150\" srcset=\"https:\/\/www.acusticauach.cl\/wp-content\/uploads\/2014\/06\/Karina_Ruiz_05-150x150.jpg 150w, https:\/\/www.acusticauach.cl\/wp-content\/uploads\/2014\/06\/Karina_Ruiz_05-65x65.jpg 65w, https:\/\/www.acusticauach.cl\/wp-content\/uploads\/2014\/06\/Karina_Ruiz_05-55x55.jpg 55w, https:\/\/www.acusticauach.cl\/wp-content\/uploads\/2014\/06\/Karina_Ruiz_05-94x94.jpg 94w, https:\/\/www.acusticauach.cl\/wp-content\/uploads\/2014\/06\/Karina_Ruiz_05-86x86.jpg 86w, https:\/\/www.acusticauach.cl\/wp-content\/uploads\/2014\/06\/Karina_Ruiz_05-120x120.jpg 120w, https:\/\/www.acusticauach.cl\/wp-content\/uploads\/2014\/06\/Karina_Ruiz_05-215x215.jpg 215w\" sizes=\"(max-width: 150px) 100vw, 150px\" \/><\/a> <a href=\"https:\/\/www.acusticauach.cl\/wp-content\/uploads\/2014\/06\/Karina_Ruiz_04.jpg\"><img decoding=\"async\" class=\" wp-image-6510 size-thumbnail alignleft\" src=\"https:\/\/www.acusticauach.cl\/wp-content\/uploads\/2014\/06\/Karina_Ruiz_04-150x150.jpg\" alt=\"Karina_Ruiz_04\" width=\"150\" height=\"150\" srcset=\"https:\/\/www.acusticauach.cl\/wp-content\/uploads\/2014\/06\/Karina_Ruiz_04-150x150.jpg 150w, https:\/\/www.acusticauach.cl\/wp-content\/uploads\/2014\/06\/Karina_Ruiz_04-65x65.jpg 65w, https:\/\/www.acusticauach.cl\/wp-content\/uploads\/2014\/06\/Karina_Ruiz_04-55x55.jpg 55w, https:\/\/www.acusticauach.cl\/wp-content\/uploads\/2014\/06\/Karina_Ruiz_04-94x94.jpg 94w, https:\/\/www.acusticauach.cl\/wp-content\/uploads\/2014\/06\/Karina_Ruiz_04-86x86.jpg 86w, https:\/\/www.acusticauach.cl\/wp-content\/uploads\/2014\/06\/Karina_Ruiz_04-120x120.jpg 120w, https:\/\/www.acusticauach.cl\/wp-content\/uploads\/2014\/06\/Karina_Ruiz_04-215x215.jpg 215w\" sizes=\"(max-width: 150px) 100vw, 150px\" \/><\/a> <a href=\"https:\/\/www.acusticauach.cl\/wp-content\/uploads\/2014\/06\/Karina_Ruiz_03.jpg\"><img decoding=\"async\" class=\" wp-image-6509 size-thumbnail alignright\" src=\"https:\/\/www.acusticauach.cl\/wp-content\/uploads\/2014\/06\/Karina_Ruiz_03-150x150.jpg\" alt=\"Karina_Ruiz_03\" width=\"150\" height=\"150\" srcset=\"https:\/\/www.acusticauach.cl\/wp-content\/uploads\/2014\/06\/Karina_Ruiz_03-150x150.jpg 150w, https:\/\/www.acusticauach.cl\/wp-content\/uploads\/2014\/06\/Karina_Ruiz_03-65x65.jpg 65w, https:\/\/www.acusticauach.cl\/wp-content\/uploads\/2014\/06\/Karina_Ruiz_03-55x55.jpg 55w, https:\/\/www.acusticauach.cl\/wp-content\/uploads\/2014\/06\/Karina_Ruiz_03-94x94.jpg 94w, https:\/\/www.acusticauach.cl\/wp-content\/uploads\/2014\/06\/Karina_Ruiz_03-86x86.jpg 86w, https:\/\/www.acusticauach.cl\/wp-content\/uploads\/2014\/06\/Karina_Ruiz_03-120x120.jpg 120w, https:\/\/www.acusticauach.cl\/wp-content\/uploads\/2014\/06\/Karina_Ruiz_03-215x215.jpg 215w\" sizes=\"(max-width: 150px) 100vw, 150px\" \/><\/a> <a href=\"https:\/\/www.acusticauach.cl\/wp-content\/uploads\/2014\/06\/Karina_Ruiz_02.jpg\"><img decoding=\"async\" class=\" wp-image-6508 size-thumbnail alignleft\" src=\"https:\/\/www.acusticauach.cl\/wp-content\/uploads\/2014\/06\/Karina_Ruiz_02-150x150.jpg\" alt=\"Karina_Ruiz_02\" width=\"150\" height=\"150\" srcset=\"https:\/\/www.acusticauach.cl\/wp-content\/uploads\/2014\/06\/Karina_Ruiz_02-150x150.jpg 150w, https:\/\/www.acusticauach.cl\/wp-content\/uploads\/2014\/06\/Karina_Ruiz_02-65x65.jpg 65w, https:\/\/www.acusticauach.cl\/wp-content\/uploads\/2014\/06\/Karina_Ruiz_02-55x55.jpg 55w, https:\/\/www.acusticauach.cl\/wp-content\/uploads\/2014\/06\/Karina_Ruiz_02-94x94.jpg 94w, https:\/\/www.acusticauach.cl\/wp-content\/uploads\/2014\/06\/Karina_Ruiz_02-86x86.jpg 86w, https:\/\/www.acusticauach.cl\/wp-content\/uploads\/2014\/06\/Karina_Ruiz_02-120x120.jpg 120w, https:\/\/www.acusticauach.cl\/wp-content\/uploads\/2014\/06\/Karina_Ruiz_02-215x215.jpg 215w\" sizes=\"(max-width: 150px) 100vw, 150px\" \/><\/a> <a href=\"https:\/\/www.acusticauach.cl\/wp-content\/uploads\/2014\/06\/Karina_Ruiz_01.jpg\"><img decoding=\"async\" class=\" wp-image-6507 size-thumbnail alignright\" src=\"https:\/\/www.acusticauach.cl\/wp-content\/uploads\/2014\/06\/Karina_Ruiz_01-150x150.jpg\" alt=\"Karina_Ruiz_01\" width=\"150\" height=\"150\" srcset=\"https:\/\/www.acusticauach.cl\/wp-content\/uploads\/2014\/06\/Karina_Ruiz_01-150x150.jpg 150w, https:\/\/www.acusticauach.cl\/wp-content\/uploads\/2014\/06\/Karina_Ruiz_01-65x65.jpg 65w, https:\/\/www.acusticauach.cl\/wp-content\/uploads\/2014\/06\/Karina_Ruiz_01-55x55.jpg 55w, https:\/\/www.acusticauach.cl\/wp-content\/uploads\/2014\/06\/Karina_Ruiz_01-94x94.jpg 94w, https:\/\/www.acusticauach.cl\/wp-content\/uploads\/2014\/06\/Karina_Ruiz_01-86x86.jpg 86w, https:\/\/www.acusticauach.cl\/wp-content\/uploads\/2014\/06\/Karina_Ruiz_01-120x120.jpg 120w, https:\/\/www.acusticauach.cl\/wp-content\/uploads\/2014\/06\/Karina_Ruiz_01-215x215.jpg 215w\" sizes=\"(max-width: 150px) 100vw, 150px\" \/><\/a> <a href=\"https:\/\/www.acusticauach.cl\/wp-content\/uploads\/2014\/06\/Karina_Ruiz_07.jpg\"><img decoding=\"async\" class=\" wp-image-6506 size-thumbnail aligncenter\" src=\"https:\/\/www.acusticauach.cl\/wp-content\/uploads\/2014\/06\/Karina_Ruiz_07-150x150.jpg\" alt=\"Karina_Ruiz_07\" width=\"150\" height=\"150\" srcset=\"https:\/\/www.acusticauach.cl\/wp-content\/uploads\/2014\/06\/Karina_Ruiz_07-150x150.jpg 150w, https:\/\/www.acusticauach.cl\/wp-content\/uploads\/2014\/06\/Karina_Ruiz_07-65x65.jpg 65w, https:\/\/www.acusticauach.cl\/wp-content\/uploads\/2014\/06\/Karina_Ruiz_07-55x55.jpg 55w, https:\/\/www.acusticauach.cl\/wp-content\/uploads\/2014\/06\/Karina_Ruiz_07-94x94.jpg 94w, https:\/\/www.acusticauach.cl\/wp-content\/uploads\/2014\/06\/Karina_Ruiz_07-86x86.jpg 86w, https:\/\/www.acusticauach.cl\/wp-content\/uploads\/2014\/06\/Karina_Ruiz_07-120x120.jpg 120w, https:\/\/www.acusticauach.cl\/wp-content\/uploads\/2014\/06\/Karina_Ruiz_07-215x215.jpg 215w\" sizes=\"(max-width: 150px) 100vw, 150px\" \/><\/a><\/p>\n<p><a href=\"https:\/\/www.flickr.com\/photos\/acusticauach\/sets\/72157690293323704\/\" target=\"_blank\" rel=\"noopener noreferrer\" data-wplink-edit=\"true\"><img decoding=\"async\" class=\"aligncenter size-full wp-image-9353\" src=\"https:\/\/www.acusticauach.cl\/wp-content\/uploads\/2017\/11\/flickr-app-fotografia.jpg\" alt=\"\" width=\"421\" height=\"171\" srcset=\"https:\/\/www.acusticauach.cl\/wp-content\/uploads\/2017\/11\/flickr-app-fotografia.jpg 421w, https:\/\/www.acusticauach.cl\/wp-content\/uploads\/2017\/11\/flickr-app-fotografia-300x122.jpg 300w\" sizes=\"(max-width: 421px) 100vw, 421px\" \/><\/a><\/p>\n<p><a title=\"4\u00b0 Concurso de Bandas 2014\" href=\"https:\/\/www.flickr.com\/photos\/acusticauach\/albums\/72157690293323704\" data-flickr-embed=\"true\" data-header=\"true\" data-footer=\"true\"><img decoding=\"async\" class=\"aligncenter\" src=\"https:\/\/live.staticflickr.com\/4636\/24168104907_8601212666_n.jpg\" alt=\"4\u00b0 Concurso de Bandas 2014\" width=\"320\" height=\"302\"><\/a><script async=\"\" src=\"\/\/embedr.flickr.com\/assets\/client-code.js\" charset=\"utf-8\"><\/script><\/p>\n<p><img decoding=\"async\" class=\"aligncenter size-full wp-image-6503\" src=\"https:\/\/www.acusticauach.cl\/wp-content\/uploads\/2014\/06\/Karina_Ruiz_Grabando02.jpg\" alt=\"Karina_Ruiz_Grabando02\" width=\"800\" height=\"267\" srcset=\"https:\/\/www.acusticauach.cl\/wp-content\/uploads\/2014\/06\/Karina_Ruiz_Grabando02.jpg 800w, https:\/\/www.acusticauach.cl\/wp-content\/uploads\/2014\/06\/Karina_Ruiz_Grabando02-300x100.jpg 300w, https:\/\/www.acusticauach.cl\/wp-content\/uploads\/2014\/06\/Karina_Ruiz_Grabando02-700x234.jpg 700w, https:\/\/www.acusticauach.cl\/wp-content\/uploads\/2014\/06\/Karina_Ruiz_Grabando02-500x167.jpg 500w\" sizes=\"(max-width: 800px) 100vw, 800px\" \/><\/p>\n<h5><strong>Audios<\/strong><\/h5>\n<p>Grabaci\u00f3n de&nbsp;Karina Ruiz, las canciones grabadas en el Estudio de Grabaci\u00f3n de AcusticaUACh:<\/p>\n<pre>Tema: Hablar de t\u00ed&nbsp;(Karina Ruiz)<\/pre>\n<audio class=\"wp-audio-shortcode\" id=\"audio-4144-1\" preload=\"none\" style=\"width: 100%;\" controls=\"controls\"><source type=\"audio\/mpeg\" src=\"https:\/\/www.acusticauach.cl\/wp-content\/uploads\/2014\/06\/KRuizHablardeti.mp3?_=1\" \/><a href=\"https:\/\/www.acusticauach.cl\/wp-content\/uploads\/2014\/06\/KRuizHablardeti.mp3\">https:\/\/www.acusticauach.cl\/wp-content\/uploads\/2014\/06\/KRuizHablardeti.mp3<\/a><\/audio>\n<pre> Tema: El Sendero (Karina Ruiz)<\/pre>\n<audio class=\"wp-audio-shortcode\" id=\"audio-4144-2\" preload=\"none\" style=\"width: 100%;\" controls=\"controls\"><source type=\"audio\/mpeg\" src=\"https:\/\/www.acusticauach.cl\/wp-content\/uploads\/2014\/06\/KRuizElsenderodelavida.mp3?_=2\" \/><a href=\"https:\/\/www.acusticauach.cl\/wp-content\/uploads\/2014\/06\/KRuizElsenderodelavida.mp3\">https:\/\/www.acusticauach.cl\/wp-content\/uploads\/2014\/06\/KRuizElsenderodelavida.mp3<\/a><\/audio>\n<p><img decoding=\"async\" class=\"aligncenter size-full wp-image-6502\" src=\"https:\/\/www.acusticauach.cl\/wp-content\/uploads\/2014\/06\/Karina_Ruiz_Grabando.jpg\" alt=\"Karina_Ruiz_Grabando\" width=\"800\" height=\"267\" srcset=\"https:\/\/www.acusticauach.cl\/wp-content\/uploads\/2014\/06\/Karina_Ruiz_Grabando.jpg 800w, https:\/\/www.acusticauach.cl\/wp-content\/uploads\/2014\/06\/Karina_Ruiz_Grabando-300x100.jpg 300w, https:\/\/www.acusticauach.cl\/wp-content\/uploads\/2014\/06\/Karina_Ruiz_Grabando-700x234.jpg 700w, https:\/\/www.acusticauach.cl\/wp-content\/uploads\/2014\/06\/Karina_Ruiz_Grabando-500x167.jpg 500w\" sizes=\"(max-width: 800px) 100vw, 800px\" \/><\/p>\n<h5><strong>Prensa<\/strong><\/h5>\n<ul>\n<li><a href=\"https:\/\/www.acusticauach.cl\/?p=5001\">Comenz\u00f3 la etapa final del 4\u00ba Concurso de Bandas Escolares Ac\u00fasticaUACh.<\/a><\/li>\n<li><a href=\"https:\/\/www.acusticauach.cl\/?p=5001\">De las 17 bandas inscritas s\u00f3lo 10 competir\u00e1n por el primer lugar &#8230;<\/a><\/li>\n<li><a href=\"https:\/\/www.acusticauach.cl\/?p=5096\">Karina Ruiz gana primer lugar del 4\u00ba Concurso de Bandas Escolares.<\/a><\/li>\n<li><a href=\"https:\/\/www.acusticauach.cl\/?p=5096\">La concursante del Colegio Rep\u00fablica de Brasil de Concepci\u00f3n, viajar\u00e1 a Valdivia en enero de 2015&#8230;<\/a><\/li>\n<\/ul>\n<h5><strong>Jurado<\/strong><\/h5>\n<p>En esta oportunidad el&nbsp;jurado estuvo compuesto por:<\/p>\n<ol>\n<li><strong><a title=\"pedro santa cruz\" href=\"http:\/\/www.pedrosantacruz.com\/\" target=\"_blank\" rel=\"noopener noreferrer\">Pedro Santa Cruz<\/a><\/strong>,&nbsp;Master of Music, Scoring for Films, Television and Video Games en Berklee School of Music,&nbsp;destacado compositor nacional, especializado en medios visuales y productor musical en diversos proyectos.<\/li>\n<li><strong><a title=\"Jorge Cardenas\" href=\"https:\/\/www.acusticauach.cl\/?page_id=528\">Jorge C\u00e1rdenas<\/a>,&nbsp;<\/strong>Ingeniero Ac\u00fastico y docente del Instituto de Ac\u00fastica UACh. Su trabajo se ha concentrado principalmente en la grabaci\u00f3n y el refuerzo sonoro. Ha sido responsable de la grabaci\u00f3n de numerosas producciones musicales de car\u00e1cter regional y nacional.<\/li>\n<li><strong><a title=\"Felipe Otondo\" href=\"http:\/\/www.otondo.net\/\" target=\"_blank\" rel=\"noopener noreferrer\">Felipe Otondo<\/a><\/strong>, Ingeniero Ac\u00fastico y m\u00fasico,&nbsp;Mag\u00edster en Ingenier\u00eda (Ac\u00fastica), Universidad de Aalborg, Dinamarca y&nbsp;Doctor en M\u00fasica (Composici\u00f3n), Universidad de York (Reino Unido). Adem\u00e1s es&nbsp;docente del Instituto de Ac\u00fastica UACh.<\/li>\n<li><strong><a href=\"http:\/\/www.uach.cl\/conservatorio\/noticia.php?codigo=15415\" target=\"_blank\" rel=\"noopener noreferrer\">David Andr\u00e9s<\/a><\/strong>&nbsp;, Doctor en Musicolog\u00eda en la Universidad de Zaragoza, profesor del Conservatorio de M\u00fasica de la Universidad Austral de Chile.<\/li>\n<li><strong><a href=\"http:\/\/camiloeque.wix.com\/oficial\" target=\"_blank\" rel=\"noopener noreferrer\">Camilo Eque<\/a>,&nbsp;<\/strong>cantautor valdiviano, que figura entre los nombres con mayor proyecci\u00f3n de la escena nacional.<\/li>\n<\/ol>\n<h5><strong>Concursos Anteriores<\/strong><\/h5>\n<p><strong><a href=\"https:\/\/www.acusticauach.cl\/?page_id=4642\">Concurso de Bandas Escolares (Principal)<\/a><\/strong><\/p>\n<ul id=\"menu-concursobandas\" class=\"menu\">\n<li class=\"menu-item menu-item-type-post_type menu-item-object-page menu-item-6559\"><a href=\"https:\/\/www.acusticauach.cl\/?page_id=11030\">8\u00b0 Concurso de Bandas 2018<\/a><\/li>\n<li class=\"menu-item menu-item-type-post_type menu-item-object-page menu-item-6559\"><a href=\"https:\/\/www.acusticauach.cl\/?page_id=9482\">7\u00b0 Concurso de Bandas 2017<\/a><\/li>\n<li class=\"menu-item menu-item-type-post_type menu-item-object-page menu-item-6559\"><a href=\"https:\/\/www.acusticauach.cl\/?page_id=9175\">6\u00b0 Concurso de Bandas 2016<\/a><\/li>\n<li id=\"menu-item-6559\" class=\"menu-item menu-item-type-post_type menu-item-object-page menu-item-6559\"><a href=\"https:\/\/www.acusticauach.cl\/?page_id=6548\">5\u00b0 Concurso de Bandas 2015<\/a><\/li>\n<li id=\"menu-item-4637\" class=\"menu-item menu-item-type-post_type menu-item-object-page menu-item-4637\"><a href=\"https:\/\/www.acusticauach.cl\/?page_id=4144\">4o Concurso de Bandas 2014<\/a><\/li>\n<li id=\"menu-item-4640\" class=\"menu-item menu-item-type-post_type menu-item-object-page menu-item-4640\"><a href=\"https:\/\/www.acusticauach.cl\/?page_id=3162\">3er Concurso de Bandas 2013<\/a><\/li>\n<li id=\"menu-item-4639\" class=\"menu-item menu-item-type-post_type menu-item-object-page menu-item-4639\"><a href=\"https:\/\/www.acusticauach.cl\/?page_id=3173\">2o Concurso de Bandas 2012<\/a><\/li>\n<li id=\"menu-item-4638\" class=\"menu-item menu-item-type-post_type menu-item-object-page menu-item-4638\"><a href=\"https:\/\/www.acusticauach.cl\/?page_id=3242\">1er Concurso de Bandas 2011<\/a><\/li>\n<\/ul>\n","protected":false},"excerpt":{"rendered":"<p>Por cuarto&nbsp;a\u00f1o consecutivo la Escuela de Ingenier\u00eda Civil Ac\u00fastica de la Universidad Austral de Chile invit\u00f3 a todos los estudiantes secundarios del pa\u00eds a participar en una nueva versi\u00f3n del Concurso de Bandas Escolares 2014. El concurso est\u00e1 dirigido a bandas y solistas de todo Chile, que sean estudiantes regulares de ense\u00f1anza media y que [&hellip;]<\/p>\n","protected":false},"author":2,"featured_media":4138,"parent":4642,"menu_order":5,"comment_status":"closed","ping_status":"closed","template":"","meta":{"footnotes":""},"class_list":["post-4144","page","type-page","status-publish","has-post-thumbnail","hentry"],"_links":{"self":[{"href":"https:\/\/www.acusticauach.cl\/index.php?rest_route=\/wp\/v2\/pages\/4144","targetHints":{"allow":["GET"]}}],"collection":[{"href":"https:\/\/www.acusticauach.cl\/index.php?rest_route=\/wp\/v2\/pages"}],"about":[{"href":"https:\/\/www.acusticauach.cl\/index.php?rest_route=\/wp\/v2\/types\/page"}],"author":[{"embeddable":true,"href":"https:\/\/www.acusticauach.cl\/index.php?rest_route=\/wp\/v2\/users\/2"}],"replies":[{"embeddable":true,"href":"https:\/\/www.acusticauach.cl\/index.php?rest_route=%2Fwp%2Fv2%2Fcomments&post=4144"}],"version-history":[{"count":0,"href":"https:\/\/www.acusticauach.cl\/index.php?rest_route=\/wp\/v2\/pages\/4144\/revisions"}],"up":[{"embeddable":true,"href":"https:\/\/www.acusticauach.cl\/index.php?rest_route=\/wp\/v2\/pages\/4642"}],"wp:featuredmedia":[{"embeddable":true,"href":"https:\/\/www.acusticauach.cl\/index.php?rest_route=\/wp\/v2\/media\/4138"}],"wp:attachment":[{"href":"https:\/\/www.acusticauach.cl\/index.php?rest_route=%2Fwp%2Fv2%2Fmedia&parent=4144"}],"curies":[{"name":"wp","href":"https:\/\/api.w.org\/{rel}","templated":true}]}}