{"id":3936,"date":"2014-03-23T21:29:12","date_gmt":"2014-03-24T01:29:12","guid":{"rendered":"http:\/\/www.acusticauach.cl\/?page_id=3936"},"modified":"2014-03-23T21:32:17","modified_gmt":"2014-03-24T01:32:17","slug":"ix-congreso-iberoamericano-de-acustica","status":"publish","type":"page","link":"https:\/\/www.acusticauach.cl\/?page_id=3936","title":{"rendered":"FIA 2014"},"content":{"rendered":"<h2>IX Congreso Iberoamericano de Ac\u00fastica, 1-3 diciembre 2014, Valdivia, Chile<\/h2>\n<p>Volviendo a sus ra\u00edces, y habiendo la FIA adjudicado el IX Congreso a\u00a0<strong>Chile<\/strong>\u00a0durante su consejo directivo de Canc\u00fan 2012 en M\u00e9xico, el a\u00f1o 2014, la organizaci\u00f3n de Noveno Congreso Iberoamericano de Ac\u00fastica, recae en la Sociedad Chilena de Ac\u00fastica, quien en conjunto con el Instituto de Ac\u00fastica y la Escuela de Ingenier\u00eda Ac\u00fastica de la Universidad Austral de Chile, y con el apoyo de personalidades tanto del Ministerio del Medio Ambiente y de la Autoridad Sanitaria del Ministerio de Salud ha decidido que se realice en la hermosa ciudad de\u00a0<strong>Valdivia,\u00a0<\/strong><strong>Regi\u00f3n de Los R\u00edos<\/strong>\u00a0en Chile.<\/p>\n<h2><a style=\"font-size: 16px;\" href=\"http:\/\/www.FIA2014.cl\/\" target=\"_blank\">Visite www.FIA2014.cl, la web oficial del IX Congreso Iberoamericano de Ac\u00fastica.<\/a><\/h2>\n<p><a href=\"http:\/\/www.FIA2014.cl\/\" target=\"_blank\"><img decoding=\"async\" class=\"aligncenter size-full wp-image-3937\" alt=\"web-fia2014-cl\" src=\"https:\/\/www.acusticauach.cl\/wp-content\/uploads\/2014\/03\/web-fia2014-cl.jpg\" width=\"800\" height=\"450\" srcset=\"https:\/\/www.acusticauach.cl\/wp-content\/uploads\/2014\/03\/web-fia2014-cl.jpg 800w, https:\/\/www.acusticauach.cl\/wp-content\/uploads\/2014\/03\/web-fia2014-cl-300x168.jpg 300w, https:\/\/www.acusticauach.cl\/wp-content\/uploads\/2014\/03\/web-fia2014-cl-700x393.jpg 700w, https:\/\/www.acusticauach.cl\/wp-content\/uploads\/2014\/03\/web-fia2014-cl-500x281.jpg 500w\" sizes=\"(max-width: 800px) 100vw, 800px\" \/><\/a><\/p>\n","protected":false},"excerpt":{"rendered":"<p>IX Congreso Iberoamericano de Ac\u00fastica, 1-3 diciembre 2014, Valdivia, Chile Volviendo a sus ra\u00edces, y habiendo la FIA adjudicado el IX Congreso a\u00a0Chile\u00a0durante su consejo directivo de Canc\u00fan 2012 en M\u00e9xico, el a\u00f1o 2014, la organizaci\u00f3n de Noveno Congreso Iberoamericano de Ac\u00fastica, recae en la Sociedad Chilena de Ac\u00fastica, quien en conjunto con el Instituto [&hellip;]<\/p>\n","protected":false},"author":2,"featured_media":0,"parent":0,"menu_order":0,"comment_status":"closed","ping_status":"closed","template":"","meta":{"footnotes":""},"class_list":["post-3936","page","type-page","status-publish","hentry"],"_links":{"self":[{"href":"https:\/\/www.acusticauach.cl\/index.php?rest_route=\/wp\/v2\/pages\/3936","targetHints":{"allow":["GET"]}}],"collection":[{"href":"https:\/\/www.acusticauach.cl\/index.php?rest_route=\/wp\/v2\/pages"}],"about":[{"href":"https:\/\/www.acusticauach.cl\/index.php?rest_route=\/wp\/v2\/types\/page"}],"author":[{"embeddable":true,"href":"https:\/\/www.acusticauach.cl\/index.php?rest_route=\/wp\/v2\/users\/2"}],"replies":[{"embeddable":true,"href":"https:\/\/www.acusticauach.cl\/index.php?rest_route=%2Fwp%2Fv2%2Fcomments&post=3936"}],"version-history":[{"count":0,"href":"https:\/\/www.acusticauach.cl\/index.php?rest_route=\/wp\/v2\/pages\/3936\/revisions"}],"wp:attachment":[{"href":"https:\/\/www.acusticauach.cl\/index.php?rest_route=%2Fwp%2Fv2%2Fmedia&parent=3936"}],"curies":[{"name":"wp","href":"https:\/\/api.w.org\/{rel}","templated":true}]}}