{"id":3436,"date":"2013-09-11T16:29:37","date_gmt":"2013-09-11T19:29:37","guid":{"rendered":"http:\/\/www.acusticauach.cl\/?page_id=3436"},"modified":"2025-08-29T15:21:25","modified_gmt":"2025-08-29T19:21:25","slug":"centro-de-alumnos","status":"publish","type":"page","link":"https:\/\/www.acusticauach.cl\/?page_id=3436","title":{"rendered":"Centro de Estudiantes"},"content":{"rendered":"<p><a href=\"https:\/\/www.instagram.com\/p\/DN6Q5kakfC-\/?utm_source=ig_web_copy_link&amp;igsh=MzRlODBiNWFlZA==\" target=\"_blank\" rel=\"noopener\"><img decoding=\"async\" class=\"aligncenter wp-image-17154 size-full\" src=\"https:\/\/www.acusticauach.cl\/wp-content\/uploads\/2025\/08\/CEE_ACUSTICA.jpg\" alt=\"\" width=\"640\" height=\"360\" srcset=\"https:\/\/www.acusticauach.cl\/wp-content\/uploads\/2025\/08\/CEE_ACUSTICA.jpg 640w, https:\/\/www.acusticauach.cl\/wp-content\/uploads\/2025\/08\/CEE_ACUSTICA-300x169.jpg 300w, https:\/\/www.acusticauach.cl\/wp-content\/uploads\/2025\/08\/CEE_ACUSTICA-125x70.jpg 125w, https:\/\/www.acusticauach.cl\/wp-content\/uploads\/2025\/08\/CEE_ACUSTICA-75x42.jpg 75w\" sizes=\"(max-width: 640px) 100vw, 640px\" \/><\/a><\/p>\n<p>El Centro de Estudiantes de la carrera de Ingenier\u00eda Civil Ac\u00fastica 2025 est\u00e1 conformado por:<\/p>\n<ul>\n<li>\n<div dir=\"auto\">\u00a0Mateo Su\u00e1rez -Presidente<\/div>\n<\/li>\n<li>\n<div dir=\"auto\">Tom\u00e1s Alvarado -Vicepresidente<\/div>\n<\/li>\n<li>\n<div dir=\"auto\">\u00a0Ariadna Parra-Secretaria<\/div>\n<\/li>\n<li>\n<div dir=\"auto\">Giorgio Belmar &#8211; Tesorero<\/div>\n<\/li>\n<li>\n<div dir=\"auto\">Kamila Gamboa y Yanira Villa -Delegadas CAF<\/div>\n<\/li>\n<\/ul>\n<p><strong>Email de contacto: <a href=\"mailto:ceeica@uach.cl\" target=\"_blank\" rel=\"noopener\">ceeica@uach.cl<\/a><\/strong><\/p>\n<p>&nbsp;<\/p>\n<p><strong><a href=\"https:\/\/www.facebook.com\/profile.php?id=100009294445009\" target=\"_blank\" rel=\"noopener\"><img decoding=\"async\" class=\"alignleft wp-image-10746 size-full\" src=\"https:\/\/www.acusticauach.cl\/wp-content\/uploads\/2018\/12\/facebook32x32v2.png\" alt=\"\" width=\"32\" height=\"32\" \/><\/a>S\u00edguenos <\/strong><strong>Facebook\u00a0<a href=\"https:\/\/www.facebook.com\/profile.php?id=100009294445009\" target=\"_blank\" rel=\"noopener noreferrer\">https:\/\/www.facebook.com\/profile.php?id=100009294445009<\/a><\/strong><\/p>\n<p>&nbsp;<\/p>\n<p><strong><a href=\"https:\/\/www.instagram.com\/cee_acustica\/\" target=\"_blank\" rel=\"noopener\"><img decoding=\"async\" class=\"alignleft wp-image-10740 size-full\" src=\"https:\/\/www.acusticauach.cl\/wp-content\/uploads\/2018\/12\/instagram32x32v.png\" alt=\"\" width=\"32\" height=\"32\" \/><\/a>S\u00edguenos en Instagram en @cee_acustica <a href=\"https:\/\/www.instagram.com\/cee_acustica\/\" target=\"_blank\" rel=\"noopener\">https:\/\/www.instagram.com\/cee_acustica\/<\/a><\/strong><\/p>\n","protected":false},"excerpt":{"rendered":"<p>El Centro de Estudiantes de la carrera de Ingenier\u00eda Civil Ac\u00fastica 2025 est\u00e1 conformado por: \u00a0Mateo Su\u00e1rez -Presidente Tom\u00e1s Alvarado -Vicepresidente \u00a0Ariadna Parra-Secretaria Giorgio Belmar &#8211; Tesorero Kamila Gamboa y Yanira Villa -Delegadas CAF Email de contacto: ceeica@uach.cl &nbsp; S\u00edguenos Facebook\u00a0https:\/\/www.facebook.com\/profile.php?id=100009294445009 &nbsp; S\u00edguenos en Instagram en @cee_acustica https:\/\/www.instagram.com\/cee_acustica\/<\/p>\n","protected":false},"author":2,"featured_media":16251,"parent":0,"menu_order":0,"comment_status":"closed","ping_status":"closed","template":"","meta":{"footnotes":""},"class_list":["post-3436","page","type-page","status-publish","has-post-thumbnail","hentry"],"_links":{"self":[{"href":"https:\/\/www.acusticauach.cl\/index.php?rest_route=\/wp\/v2\/pages\/3436","targetHints":{"allow":["GET"]}}],"collection":[{"href":"https:\/\/www.acusticauach.cl\/index.php?rest_route=\/wp\/v2\/pages"}],"about":[{"href":"https:\/\/www.acusticauach.cl\/index.php?rest_route=\/wp\/v2\/types\/page"}],"author":[{"embeddable":true,"href":"https:\/\/www.acusticauach.cl\/index.php?rest_route=\/wp\/v2\/users\/2"}],"replies":[{"embeddable":true,"href":"https:\/\/www.acusticauach.cl\/index.php?rest_route=%2Fwp%2Fv2%2Fcomments&post=3436"}],"version-history":[{"count":4,"href":"https:\/\/www.acusticauach.cl\/index.php?rest_route=\/wp\/v2\/pages\/3436\/revisions"}],"predecessor-version":[{"id":17158,"href":"https:\/\/www.acusticauach.cl\/index.php?rest_route=\/wp\/v2\/pages\/3436\/revisions\/17158"}],"wp:featuredmedia":[{"embeddable":true,"href":"https:\/\/www.acusticauach.cl\/index.php?rest_route=\/wp\/v2\/media\/16251"}],"wp:attachment":[{"href":"https:\/\/www.acusticauach.cl\/index.php?rest_route=%2Fwp%2Fv2%2Fmedia&parent=3436"}],"curies":[{"name":"wp","href":"https:\/\/api.w.org\/{rel}","templated":true}]}}