{"id":3242,"date":"2013-06-27T16:19:59","date_gmt":"2013-06-27T20:19:59","guid":{"rendered":"http:\/\/www.acusticauach.cl\/?page_id=3242"},"modified":"2019-11-11T09:08:58","modified_gmt":"2019-11-11T12:08:58","slug":"1er-concurso-de-bandas-escolares-2011","status":"publish","type":"page","link":"https:\/\/www.acusticauach.cl\/?page_id=3242","title":{"rendered":"1\u00b0 Concurso de Bandas 2011"},"content":{"rendered":"<p><a href=\"https:\/\/www.acusticauach.cl\/wp-content\/uploads\/2013\/06\/AFICHE_2011.jpg\"><img decoding=\"async\" class=\" wp-image-3243 alignright\" src=\"https:\/\/www.acusticauach.cl\/wp-content\/uploads\/2013\/06\/AFICHE_2011.jpg\" alt=\"AFICHE_2011\" width=\"138\" height=\"346\"><\/a>Por primer a\u00f1o la Escuela de Ingenier\u00eda Civil Ac\u00fastica de la Universidad Austral de Chile invit\u00f3 a todos los estudiantes secundarios del pa\u00eds a participar en una Primera versi\u00f3n del Concurso de Bandas Escolares 2011. El concurso estaba dirigido a bandas de todo Chile, que sean estudiantes regulares de ense\u00f1anza media y que posean alg\u00fan demo o canci\u00f3n in\u00e9dita de su propia autoridad.<\/p>\n<h5><strong>Ganadores<\/strong><\/h5>\n<p>En su primera versi\u00f3n, el concurso de Bandas Ac\u00fastica UACh recibi\u00f3 demos desde la ciudad de Santiago hasta Valdivia, resultando ganadores los valdivianos de R14 con el tema \u201cWelcome to Valdivia\u201d, banda integrada por estudiantes del Instituto Alem\u00e1n Carlos Anwandter y Colegio San Luis de Alba. Los participantes de la primera versi\u00f3n agradecieron la oportunidad que les abre el concurso en el \u00e1mbito cultural, sinti\u00e9ndose orgullosos de participar y vivir la experiencia de ser evaluados por profesionales.<\/p>\n<div><\/div>\n<p><img decoding=\"async\" class=\"aligncenter size-full wp-image-3245\" src=\"https:\/\/www.acusticauach.cl\/wp-content\/uploads\/2013\/06\/AFICHE_2011a.jpg\" alt=\"AFICHE_2011a\" width=\"800\" height=\"267\" srcset=\"https:\/\/www.acusticauach.cl\/wp-content\/uploads\/2013\/06\/AFICHE_2011a.jpg 800w, https:\/\/www.acusticauach.cl\/wp-content\/uploads\/2013\/06\/AFICHE_2011a-300x100.jpg 300w, https:\/\/www.acusticauach.cl\/wp-content\/uploads\/2013\/06\/AFICHE_2011a-700x233.jpg 700w, https:\/\/www.acusticauach.cl\/wp-content\/uploads\/2013\/06\/AFICHE_2011a-500x166.jpg 500w\" sizes=\"(max-width: 800px) 100vw, 800px\" \/><\/p>\n<p><span style=\"color: #ffffff;\">.<\/span><\/p>\n<p><strong><a href=\"https:\/\/www.acusticauach.cl\/wp-content\/uploads\/2013\/06\/AFICHE_2011.jpg\">Descargar afiche del concurs<\/a><\/strong><strong><a href=\"https:\/\/www.acusticauach.cl\/wp-content\/uploads\/2013\/06\/AFICHE_2011.jpg\">o<\/a>.<\/strong><\/p>\n<p><span style=\"color: #ffffff;\">.<\/span><\/p>\n<h5><strong><span style=\"color: #000000;\">Fotograf\u00edas<\/span><\/strong><\/h5>\n<p><strong><img decoding=\"async\" class=\"aligncenter size-full wp-image-3247\" src=\"https:\/\/www.acusticauach.cl\/wp-content\/uploads\/2013\/06\/r14b.jpg\" alt=\"r14b\" width=\"800\" height=\"266\" srcset=\"https:\/\/www.acusticauach.cl\/wp-content\/uploads\/2013\/06\/r14b.jpg 800w, https:\/\/www.acusticauach.cl\/wp-content\/uploads\/2013\/06\/r14b-300x99.jpg 300w, https:\/\/www.acusticauach.cl\/wp-content\/uploads\/2013\/06\/r14b-700x232.jpg 700w, https:\/\/www.acusticauach.cl\/wp-content\/uploads\/2013\/06\/r14b-500x166.jpg 500w\" sizes=\"(max-width: 800px) 100vw, 800px\" \/><\/strong><\/p>\n<p style=\"text-align: center;\"><a href=\"https:\/\/www.flickr.com\/photos\/acusticauach\/sets\/72157663610408728\/\" target=\"_blank\" rel=\"noopener noreferrer\"><img decoding=\"async\" class=\"alignnone size-medium wp-image-9353\" src=\"https:\/\/www.acusticauach.cl\/wp-content\/uploads\/2017\/11\/flickr-app-fotografia-300x122.jpg\" alt=\"\" width=\"300\" height=\"122\" srcset=\"https:\/\/www.acusticauach.cl\/wp-content\/uploads\/2017\/11\/flickr-app-fotografia-300x122.jpg 300w, https:\/\/www.acusticauach.cl\/wp-content\/uploads\/2017\/11\/flickr-app-fotografia.jpg 421w\" sizes=\"(max-width: 300px) 100vw, 300px\" \/><\/a><\/p>\n<p><a title=\"1\u00b0 Concurso de Bandas 2011\" href=\"https:\/\/www.flickr.com\/photos\/acusticauach\/albums\/72157663610408728\" data-flickr-embed=\"true\" data-header=\"true\" data-footer=\"true\"><img decoding=\"async\" class=\"aligncenter\" src=\"https:\/\/live.staticflickr.com\/4522\/24168881157_4144432c86_q.jpg\" alt=\"1\u00b0 Concurso de Bandas 2011\" width=\"300\" height=\"300\"><\/a><script async=\"\" src=\"\/\/embedr.flickr.com\/assets\/client-code.js\" charset=\"utf-8\"><\/script><\/p>\n<h5><strong>Audios<\/strong><\/h5>\n<p>Grabaci\u00f3n de&nbsp;<strong>R14<\/strong>, las canciones grabadas en el Estudio de Grabaci\u00f3n de AcusticaUACh:<\/p>\n<h5><strong>Tema: Falta de Control(Banda R14)<\/strong><\/h5>\n<audio class=\"wp-audio-shortcode\" id=\"audio-3242-1\" preload=\"none\" style=\"width: 100%;\" controls=\"controls\"><source type=\"audio\/mpeg\" src=\"https:\/\/www.acusticauach.cl\/wp-content\/uploads\/2012\/10\/FDControlMix1.mp3?_=1\" \/><a href=\"https:\/\/www.acusticauach.cl\/wp-content\/uploads\/2012\/10\/FDControlMix1.mp3\">https:\/\/www.acusticauach.cl\/wp-content\/uploads\/2012\/10\/FDControlMix1.mp3<\/a><\/audio>\n<h5><strong>Tema: Welcome to Valdivia (Banda R14)<\/strong><\/h5>\n<audio class=\"wp-audio-shortcode\" id=\"audio-3242-2\" preload=\"none\" style=\"width: 100%;\" controls=\"controls\"><source type=\"audio\/mpeg\" src=\"https:\/\/www.acusticauach.cl\/wp-content\/uploads\/2012\/10\/WTValdiviaRadialMix2.mp3?_=2\" \/><a href=\"https:\/\/www.acusticauach.cl\/wp-content\/uploads\/2012\/10\/WTValdiviaRadialMix2.mp3\">https:\/\/www.acusticauach.cl\/wp-content\/uploads\/2012\/10\/WTValdiviaRadialMix2.mp3<\/a><\/audio>\n<p><img decoding=\"async\" class=\"aligncenter size-full wp-image-3248\" src=\"https:\/\/www.acusticauach.cl\/wp-content\/uploads\/2013\/06\/r14.jpg\" alt=\"r14\" width=\"800\" height=\"267\" srcset=\"https:\/\/www.acusticauach.cl\/wp-content\/uploads\/2013\/06\/r14.jpg 800w, https:\/\/www.acusticauach.cl\/wp-content\/uploads\/2013\/06\/r14-300x100.jpg 300w, https:\/\/www.acusticauach.cl\/wp-content\/uploads\/2013\/06\/r14-700x233.jpg 700w, https:\/\/www.acusticauach.cl\/wp-content\/uploads\/2013\/06\/r14-500x166.jpg 500w\" sizes=\"(max-width: 800px) 100vw, 800px\" \/><\/p>\n<p><span style=\"color: #ffffff;\">.<\/span><\/p>\n<h5><strong>Videos<\/strong><\/h5>\n<p>En el canal de<a href=\"http:\/\/www.youtube.com\/acusticauach\" target=\"_blank\" rel=\"noopener noreferrer\">&nbsp;Youtube de AcusticaUACh<\/a>,est\u00e1n los videos con las <a href=\"http:\/\/www.youtube.com\/watch?v=6zg9xkz6mXk&amp;list=PL_DO5LlHuBcvN-93BOq-1_0cqk_txb4my\" target=\"_blank\" rel=\"noopener noreferrer\">bandas concursantes<\/a>.<\/p>\n<p><span style=\"color: #ffffff;\">.<\/span><br \/>\n<iframe src=\"\/\/www.youtube.com\/embed\/v_oEPjUnZ1s?list=PL_DO5LlHuBcvN-93BOq-1_0cqk_txb4my\" width=\"640\" height=\"360\" frameborder=\"0\" allowfullscreen=\"allowfullscreen\"><\/iframe><\/p>\n<h5><strong>Jurado<\/strong><\/h5>\n<p>El jurado en esta primera versi\u00f3n estuvo compuesto por&nbsp;cinco personas relevantes en el mundo musical nacional, quienes aportaron sus distintas formaciones musicales y trabajos, conformando una variada, completa y seria evaluaci\u00f3n del material:<\/p>\n<ol>\n<li><strong><a href=\"http:\/\/www.claudiusrieth.com\/blog\/Home.html\" target=\"_blank\" rel=\"noopener noreferrer\">Claudius Rieth<\/a>,&nbsp;<\/strong>m\u00fasico, productor y due\u00f1o de <a href=\"http:\/\/www.estudiostriana.cl\/el-equipo\/claudius-rieth\/\" target=\"_blank\" rel=\"noopener noreferrer\">Estudios Triana<\/a>.<\/li>\n<li><strong><a href=\"http:\/\/www.orquestavaldivia.cl\/index.php\/la-orquesta\/equipo-administrativo\" target=\"_blank\" rel=\"noopener noreferrer\">Crist\u00f3bal Urrutia<\/a>,<\/strong>&nbsp;violinista y reconocido m\u00fasico, Director de la Orquesta de C\u00e1mara de Valdivia.<\/li>\n<li><strong><a href=\"https:\/\/www.acusticauach.cl\/?page_id=528\" target=\"_blank\" rel=\"noopener noreferrer\">Jorge C\u00e1rdenas<\/a>,&nbsp;<\/strong>docente de reconocida trayectoria, encargado de las \u00e1reas de T\u00e9cnicas de Grabaci\u00f3n y Refuerzo Sonoro en el instituto de Ac\u00fastica.<\/li>\n<li><strong><a href=\"https:\/\/www.facebook.com\/Laratablueserasur\" target=\"_blank\" rel=\"noopener noreferrer\">Javier Aravena<\/a>,&nbsp;<\/strong>m\u00fasico y gestor musical valdiviano, vocalista de la Rata Blusera.<\/li>\n<li><a href=\"https:\/\/es.wikipedia.org\/wiki\/Ismael_Odd%C3%B3_M%C3%A9ndez\" target=\"_blank\" rel=\"noopener noreferrer\"><strong>Ismael Odd\u00f3,<\/strong> <\/a>joven m\u00fasico que destaca a nivel nacional, participa en Quilapay\u00fan desde 2003.<\/li>\n<\/ol>\n<h5><strong>Concursos Anteriores<\/strong><\/h5>\n<p><strong><a href=\"https:\/\/www.acusticauach.cl\/?page_id=4642\">Concurso de Bandas Escolares (Principal)<\/a><\/strong><\/p>\n<ul id=\"menu-concursobandas\" class=\"menu\">\n<li class=\"menu-item menu-item-type-post_type menu-item-object-page menu-item-6559\"><a href=\"https:\/\/www.acusticauach.cl\/?page_id=11030\">8\u00b0 Concurso de Bandas 2018<\/a><\/li>\n<li class=\"menu-item menu-item-type-post_type menu-item-object-page menu-item-6559\"><a href=\"https:\/\/www.acusticauach.cl\/?page_id=9482\">7\u00b0 Concurso de Bandas 2017<\/a><\/li>\n<li class=\"menu-item menu-item-type-post_type menu-item-object-page menu-item-6559\"><a href=\"https:\/\/www.acusticauach.cl\/?page_id=9175\">6\u00b0 Concurso de Bandas 2016<\/a><\/li>\n<li id=\"menu-item-6559\" class=\"menu-item menu-item-type-post_type menu-item-object-page menu-item-6559\"><a href=\"https:\/\/www.acusticauach.cl\/?page_id=6548\">5\u00b0 Concurso de Bandas 2015<\/a><\/li>\n<li id=\"menu-item-4637\" class=\"menu-item menu-item-type-post_type menu-item-object-page menu-item-4637\"><a href=\"https:\/\/www.acusticauach.cl\/?page_id=4144\">4o Concurso de Bandas 2014<\/a><\/li>\n<li id=\"menu-item-4640\" class=\"menu-item menu-item-type-post_type menu-item-object-page menu-item-4640\"><a href=\"https:\/\/www.acusticauach.cl\/?page_id=3162\">3er Concurso de Bandas 2013<\/a><\/li>\n<li id=\"menu-item-4639\" class=\"menu-item menu-item-type-post_type menu-item-object-page menu-item-4639\"><a href=\"https:\/\/www.acusticauach.cl\/?page_id=3173\">2o Concurso de Bandas 2012<\/a><\/li>\n<li id=\"menu-item-4638\" class=\"menu-item menu-item-type-post_type menu-item-object-page menu-item-4638\"><a href=\"https:\/\/www.acusticauach.cl\/?page_id=3242\">1er Concurso de Bandas 2011<\/a><\/li>\n<\/ul>\n","protected":false},"excerpt":{"rendered":"<p>Por primer a\u00f1o la Escuela de Ingenier\u00eda Civil Ac\u00fastica de la Universidad Austral de Chile invit\u00f3 a todos los estudiantes secundarios del pa\u00eds a participar en una Primera versi\u00f3n del Concurso de Bandas Escolares 2011. El concurso estaba dirigido a bandas de todo Chile, que sean estudiantes regulares de ense\u00f1anza media y que posean alg\u00fan [&hellip;]<\/p>\n","protected":false},"author":2,"featured_media":3245,"parent":4642,"menu_order":8,"comment_status":"closed","ping_status":"closed","template":"","meta":{"footnotes":""},"class_list":["post-3242","page","type-page","status-publish","has-post-thumbnail","hentry"],"_links":{"self":[{"href":"https:\/\/www.acusticauach.cl\/index.php?rest_route=\/wp\/v2\/pages\/3242","targetHints":{"allow":["GET"]}}],"collection":[{"href":"https:\/\/www.acusticauach.cl\/index.php?rest_route=\/wp\/v2\/pages"}],"about":[{"href":"https:\/\/www.acusticauach.cl\/index.php?rest_route=\/wp\/v2\/types\/page"}],"author":[{"embeddable":true,"href":"https:\/\/www.acusticauach.cl\/index.php?rest_route=\/wp\/v2\/users\/2"}],"replies":[{"embeddable":true,"href":"https:\/\/www.acusticauach.cl\/index.php?rest_route=%2Fwp%2Fv2%2Fcomments&post=3242"}],"version-history":[{"count":0,"href":"https:\/\/www.acusticauach.cl\/index.php?rest_route=\/wp\/v2\/pages\/3242\/revisions"}],"up":[{"embeddable":true,"href":"https:\/\/www.acusticauach.cl\/index.php?rest_route=\/wp\/v2\/pages\/4642"}],"wp:featuredmedia":[{"embeddable":true,"href":"https:\/\/www.acusticauach.cl\/index.php?rest_route=\/wp\/v2\/media\/3245"}],"wp:attachment":[{"href":"https:\/\/www.acusticauach.cl\/index.php?rest_route=%2Fwp%2Fv2%2Fmedia&parent=3242"}],"curies":[{"name":"wp","href":"https:\/\/api.w.org\/{rel}","templated":true}]}}