{"id":3173,"date":"2013-06-23T23:56:48","date_gmt":"2013-06-24T03:56:48","guid":{"rendered":"http:\/\/www.acusticauach.cl\/?page_id=3173"},"modified":"2019-11-11T09:08:32","modified_gmt":"2019-11-11T12:08:32","slug":"2o-concurso-de-bandas-escolares-2012","status":"publish","type":"page","link":"https:\/\/www.acusticauach.cl\/?page_id=3173","title":{"rendered":"2\u00b0 Concurso de Bandas 2012"},"content":{"rendered":"<p><a href=\"https:\/\/www.acusticauach.cl\/wp-content\/uploads\/2012\/10\/afichebandas-OK.jpg\"><img decoding=\"async\" class=\"alignright\" src=\"https:\/\/www.acusticauach.cl\/wp-content\/uploads\/2012\/10\/afichebandas-OK.jpg\" alt=\"afichebandas OK\" width=\"114\" height=\"277\"><\/a> Por segundo a\u00f1o consecutivo la Escuela de Ingenier\u00eda Civil Ac\u00fastica de la Universidad Austral de Chile invit\u00f3 a todos los estudiantes secundarios del pa\u00eds a participar en una nueva versi\u00f3n del Concurso de Bandas Escolares 2012. El concurso estaba dirigido a bandas y solistas de todo Chile, que sean estudiantes regulares de ense\u00f1anza media y que posean alg\u00fan demo o canci\u00f3n in\u00e9dita de su propia autoridad.<\/p>\n<h5><strong>Ganadores<\/strong><\/h5>\n<p>De las diez bandas concursantes, el primer lugar lo obtuvo la banda FONTECHA con su canci\u00f3n \u201cNo Pienses\u201d, pertenecientes al colegio Pedro de Valdivia Agustinas de Santiago. El segundo lugar fue para la banda PSEUDONIMOS con la canci\u00f3n \u201cReflejos\u201d, del colegio Santo Tom\u00e1s de \u00d1u\u00f1oa, tambi\u00e9n de Santiago. El tercer lugar es la banda CODEXUM y la canci\u00f3n \u201cOmen\u201d, del colegio Salesiano de Concepci\u00f3n.<\/p>\n<div><\/div>\n<p><img decoding=\"async\" class=\"aligncenter size-full wp-image-3192\" src=\"https:\/\/www.acusticauach.cl\/wp-content\/uploads\/2013\/06\/recorte_afiche_2012b.jpeg\" alt=\"recorte_afiche_2012b\" width=\"800\" height=\"267\" srcset=\"https:\/\/www.acusticauach.cl\/wp-content\/uploads\/2013\/06\/recorte_afiche_2012b.jpeg 800w, https:\/\/www.acusticauach.cl\/wp-content\/uploads\/2013\/06\/recorte_afiche_2012b-300x100.jpeg 300w, https:\/\/www.acusticauach.cl\/wp-content\/uploads\/2013\/06\/recorte_afiche_2012b-700x233.jpeg 700w, https:\/\/www.acusticauach.cl\/wp-content\/uploads\/2013\/06\/recorte_afiche_2012b-500x166.jpeg 500w\" sizes=\"(max-width: 800px) 100vw, 800px\" \/><\/p>\n<p><a href=\"https:\/\/www.acusticauach.cl\/wp-content\/uploads\/2012\/10\/afichebandas-OK.jpg\" target=\"_blank\" rel=\"noopener noreferrer\"><strong>Afiche del concurso<\/strong><\/a><\/p>\n<h5><strong>Fotograf\u00edas<\/strong><\/h5>\n<p>Galer\u00eda de Fotograf\u00edas de la FONTECHA, banda ganadora grabando en el Estudio de Grabaci\u00f3n:<\/p>\n<p><a href=\"https:\/\/www.flickr.com\/photos\/acusticauach\/sets\/72157689522619021\/\" target=\"_blank\" rel=\"noopener noreferrer\"><img decoding=\"async\" class=\"aligncenter size-full wp-image-9353\" src=\"https:\/\/www.acusticauach.cl\/wp-content\/uploads\/2017\/11\/flickr-app-fotografia.jpg\" alt=\"\" width=\"421\" height=\"171\" srcset=\"https:\/\/www.acusticauach.cl\/wp-content\/uploads\/2017\/11\/flickr-app-fotografia.jpg 421w, https:\/\/www.acusticauach.cl\/wp-content\/uploads\/2017\/11\/flickr-app-fotografia-300x122.jpg 300w\" sizes=\"(max-width: 421px) 100vw, 421px\" \/><\/a><\/p>\n<p><a title=\"2\u00b0 Concurso de Bandas 2012\" href=\"https:\/\/www.flickr.com\/photos\/acusticauach\/albums\/72157689522619021\" data-flickr-embed=\"true\" data-header=\"true\" data-footer=\"true\"><img decoding=\"async\" class=\"aligncenter\" src=\"https:\/\/live.staticflickr.com\/4681\/38147765875_3ea5f1270f_q.jpg\" alt=\"2\u00b0 Concurso de Bandas 2012\" width=\"300\" height=\"300\"><\/a><script async=\"\" src=\"\/\/embedr.flickr.com\/assets\/client-code.js\" charset=\"utf-8\"><\/script><\/p>\n<p style=\"text-align: center;\"><img decoding=\"async\" class=\"aligncenter wp-image-3186\" src=\"https:\/\/www.acusticauach.cl\/wp-content\/uploads\/2013\/06\/GRABANDO-FONTECHA_01.jpg\" alt=\"(Stockchile \/ Alejandro Sotomayor)\" width=\"640\" height=\"214\" srcset=\"https:\/\/www.acusticauach.cl\/wp-content\/uploads\/2013\/06\/GRABANDO-FONTECHA_01.jpg 800w, https:\/\/www.acusticauach.cl\/wp-content\/uploads\/2013\/06\/GRABANDO-FONTECHA_01-300x100.jpg 300w, https:\/\/www.acusticauach.cl\/wp-content\/uploads\/2013\/06\/GRABANDO-FONTECHA_01-700x233.jpg 700w, https:\/\/www.acusticauach.cl\/wp-content\/uploads\/2013\/06\/GRABANDO-FONTECHA_01-500x166.jpg 500w\" sizes=\"(max-width: 640px) 100vw, 640px\" \/><\/p>\n<h5><strong>Audios<\/strong><\/h5>\n<p>Grabaci\u00f3n de <strong>Fontecha<\/strong>, las canciones grabadas en el Estudio de Grabaci\u00f3n de AcusticaUACh:<\/p>\n<h5><strong>Tema: Dignie (Banda Fontecha)<\/strong><\/h5>\n<audio class=\"wp-audio-shortcode\" id=\"audio-3173-1\" preload=\"none\" style=\"width: 100%;\" controls=\"controls\"><source type=\"audio\/mpeg\" src=\"https:\/\/www.acusticauach.cl\/wp-content\/uploads\/2013\/06\/Dignie.mp3?_=1\" \/><a href=\"https:\/\/www.acusticauach.cl\/wp-content\/uploads\/2013\/06\/Dignie.mp3\">https:\/\/www.acusticauach.cl\/wp-content\/uploads\/2013\/06\/Dignie.mp3<\/a><\/audio>\n<h5><strong>Tema: No Pienses (Banda Fontecha)<\/strong><\/h5>\n<audio class=\"wp-audio-shortcode\" id=\"audio-3173-2\" preload=\"none\" style=\"width: 100%;\" controls=\"controls\"><source type=\"audio\/mpeg\" src=\"https:\/\/www.acusticauach.cl\/wp-content\/uploads\/2013\/06\/No-Pienses.mp3?_=2\" \/><a href=\"https:\/\/www.acusticauach.cl\/wp-content\/uploads\/2013\/06\/No-Pienses.mp3\">https:\/\/www.acusticauach.cl\/wp-content\/uploads\/2013\/06\/No-Pienses.mp3<\/a><\/audio>\n<h5><strong>Video<\/strong><\/h5>\n<p>En el canal de<a href=\"http:\/\/youtu.be\/SDNqQJhPPf4\" target=\"_blank\" rel=\"noopener noreferrer\"> Youtube\/AcusticaUACh<\/a>, est\u00e1 el video promocional de este concurso, y los videos con las bandas concursantes.<\/p>\n<p><span style=\"color: #ffffff;\">.<\/span><br \/>\n<iframe src=\"\/\/www.youtube.com\/embed\/SDNqQJhPPf4\" width=\"640\" height=\"360\" frameborder=\"0\" allowfullscreen=\"allowfullscreen\"><\/iframe><\/p>\n<h5><strong>Prensa<\/strong><br \/>\n<img decoding=\"async\" class=\"aligncenter size-full wp-image-3197\" src=\"https:\/\/www.acusticauach.cl\/wp-content\/uploads\/2013\/06\/recorte_noticia_2012.jpg\" alt=\"recorte_noticia_2012\" width=\"800\" height=\"267\" srcset=\"https:\/\/www.acusticauach.cl\/wp-content\/uploads\/2013\/06\/recorte_noticia_2012.jpg 800w, https:\/\/www.acusticauach.cl\/wp-content\/uploads\/2013\/06\/recorte_noticia_2012-300x100.jpg 300w, https:\/\/www.acusticauach.cl\/wp-content\/uploads\/2013\/06\/recorte_noticia_2012-700x233.jpg 700w, https:\/\/www.acusticauach.cl\/wp-content\/uploads\/2013\/06\/recorte_noticia_2012-500x166.jpg 500w\" sizes=\"(max-width: 800px) 100vw, 800px\" \/><\/h5>\n<p>Notas de prensa sobre el concurso:<\/p>\n<ul>\n<li><a href=\"https:\/\/www.acusticauach.cl\/?p=1758\">Prestaci\u00f3n&nbsp;2o Concurso de Bandas 2012<\/a><\/li>\n<li><a href=\"http:\/\/noticias.uach.cl\/principal.php?pag=noticia-externo&amp;cod=53493\" target=\"_blank\" rel=\"noopener noreferrer\">Demuestra tu Talento Musical en el 2\u00b0 Concurso de Bandas Escolares Ac\u00fastica UACh 2012<\/a><\/li>\n<li><a href=\"https:\/\/www.acusticauach.cl\/?p=2496\">Comenz\u00f3 la evaluaci\u00f3n del Concurso de Bandas Escolares Ac\u00fastica UACh 2012<\/a><\/li>\n<li><a href=\"https:\/\/www.acusticauach.cl\/?p=2569\">Bandas Ganadoras son de Santiago y Concepci\u00f3n<\/a><\/li>\n<li><a href=\"https:\/\/www.acusticauach.cl\/?p=2638\">Fontecha gan\u00f3 el 2\u00ba Concurso de Bandas Escolares Ac\u00fasticaUACh 2012<\/a>&nbsp;(<a href=\"http:\/\/noticias.uach.cl\/principal.php?pag=noticia-externo&amp;cod=56712\" target=\"_blank\" rel=\"noopener noreferrer\">en Noticia UACh<\/a>)<\/li>\n<li><a href=\"https:\/\/www.acusticauach.cl\/?p=2747\">Fontecha y su paso por Valdivia<\/a>&nbsp;(<a href=\"http:\/\/noticias.uach.cl\/principal.php?pag=noticia-externo&amp;cod=56712\" target=\"_blank\" rel=\"noopener noreferrer\">en Noticias UACh<\/a>)<\/li>\n<\/ul>\n<h5><strong>Jurado<\/strong><\/h5>\n<p>El jurado en esta segunda versi\u00f3n&nbsp;fue integrado por:<\/p>\n<ol>\n<li><strong><a href=\"http:\/\/www.miguelbarriga.cl\/\" target=\"_blank\" rel=\"noopener noreferrer\">Miguel Barriga<\/a><\/strong>, destacado m\u00fasico valdiviano, artista con 25 a\u00f1os de carrera e integrante de Sexual Democracia;<\/li>\n<li><strong><a href=\"http:\/\/www.claudiusrieth.com\/blog\/Home.html\" target=\"_blank\" rel=\"noopener noreferrer\">Claudius Rieth<\/a><\/strong>, Ingeniero Ac\u00fastico UACh, due\u00f1o de <a href=\"http:\/\/www.estudiostriana.cl\/el-equipo\/claudius-rieth\/\" target=\"_blank\" rel=\"noopener noreferrer\">Estudios Triana<\/a>, m\u00fasico y productor de bandas en las que destacan Los Ex, Carolina Nissen, Miss Garrison, Inti Illimani Hist\u00f3rico, Leo Quinteros, entre otros.<\/li>\n<li><strong><a href=\"https:\/\/es.wikipedia.org\/wiki\/Camilo_Salinas\" target=\"_blank\" rel=\"noopener noreferrer\">Camilo Salinas<\/a><\/strong>, quien ha sido m\u00fasico del grupo Pettinellis, Los Tetas y Mauricio Redol\u00e9s, Los Tres, Angel Parra Tr\u00edo, cuarteto Gonz\u00e1lez, los Asistentes, Chico Trujillo, Inti-Illimani y con proyectos propios como Doce Monos y Los Bipolares (adem\u00e1s es reconocido por m\u00fasica de documentales, pel\u00edculas y series de televisi\u00f3n, como la exitosa producci\u00f3n de Canal 13, Los 80).<\/li>\n<li><strong><a href=\"https:\/\/www.facebook.com\/Laratablueserasur\" target=\"_blank\" rel=\"noopener noreferrer\">Javier Aravena<\/a><\/strong>, m\u00fasico, cantante y compositor de la destacada banda nacional \u201cLa Rata Bluesera\u201d<\/li>\n<li><strong><a href=\"https:\/\/www.acusticauach.cl\/?page_id=528\">Jorge C\u00e1rdenas<\/a><\/strong>, Ingeniero Ac\u00fastico y docente del Instituto de Ac\u00fastica UACh.<\/li>\n<\/ol>\n<h5><strong>Concursos Anteriores<\/strong><\/h5>\n<p><strong><a href=\"https:\/\/www.acusticauach.cl\/?page_id=4642\">Concurso de Bandas Escolares (Principal)<\/a><\/strong><\/p>\n<ul id=\"menu-concursobandas\" class=\"menu\">\n<li class=\"menu-item menu-item-type-post_type menu-item-object-page menu-item-6559\"><a href=\"https:\/\/www.acusticauach.cl\/?page_id=11030\">8\u00b0 Concurso de Bandas 2018<\/a><\/li>\n<li class=\"menu-item menu-item-type-post_type menu-item-object-page menu-item-6559\"><a href=\"https:\/\/www.acusticauach.cl\/?page_id=9482\">7\u00b0 Concurso de Bandas 2017<\/a><\/li>\n<li class=\"menu-item menu-item-type-post_type menu-item-object-page menu-item-6559\"><a href=\"https:\/\/www.acusticauach.cl\/?page_id=9175\">6\u00b0 Concurso de Bandas 2016<\/a><\/li>\n<li id=\"menu-item-6559\" class=\"menu-item menu-item-type-post_type menu-item-object-page menu-item-6559\"><a href=\"https:\/\/www.acusticauach.cl\/?page_id=6548\">5\u00b0 Concurso de Bandas 2015<\/a><\/li>\n<li id=\"menu-item-4637\" class=\"menu-item menu-item-type-post_type menu-item-object-page menu-item-4637\"><a href=\"https:\/\/www.acusticauach.cl\/?page_id=4144\">4o Concurso de Bandas 2014<\/a><\/li>\n<li id=\"menu-item-4640\" class=\"menu-item menu-item-type-post_type menu-item-object-page menu-item-4640\"><a href=\"https:\/\/www.acusticauach.cl\/?page_id=3162\">3er Concurso de Bandas 2013<\/a><\/li>\n<li id=\"menu-item-4639\" class=\"menu-item menu-item-type-post_type menu-item-object-page menu-item-4639\"><a href=\"https:\/\/www.acusticauach.cl\/?page_id=3173\">2o Concurso de Bandas 2012<\/a><\/li>\n<li id=\"menu-item-4638\" class=\"menu-item menu-item-type-post_type menu-item-object-page menu-item-4638\"><a href=\"https:\/\/www.acusticauach.cl\/?page_id=3242\">1er Concurso de Bandas 2011<\/a><\/li>\n<\/ul>\n","protected":false},"excerpt":{"rendered":"<p>Por segundo a\u00f1o consecutivo la Escuela de Ingenier\u00eda Civil Ac\u00fastica de la Universidad Austral de Chile invit\u00f3 a todos los estudiantes secundarios del pa\u00eds a participar en una nueva versi\u00f3n del Concurso de Bandas Escolares 2012. El concurso estaba dirigido a bandas y solistas de todo Chile, que sean estudiantes regulares de ense\u00f1anza media y [&hellip;]<\/p>\n","protected":false},"author":2,"featured_media":1360,"parent":4642,"menu_order":7,"comment_status":"closed","ping_status":"closed","template":"","meta":{"footnotes":""},"class_list":["post-3173","page","type-page","status-publish","has-post-thumbnail","hentry"],"_links":{"self":[{"href":"https:\/\/www.acusticauach.cl\/index.php?rest_route=\/wp\/v2\/pages\/3173","targetHints":{"allow":["GET"]}}],"collection":[{"href":"https:\/\/www.acusticauach.cl\/index.php?rest_route=\/wp\/v2\/pages"}],"about":[{"href":"https:\/\/www.acusticauach.cl\/index.php?rest_route=\/wp\/v2\/types\/page"}],"author":[{"embeddable":true,"href":"https:\/\/www.acusticauach.cl\/index.php?rest_route=\/wp\/v2\/users\/2"}],"replies":[{"embeddable":true,"href":"https:\/\/www.acusticauach.cl\/index.php?rest_route=%2Fwp%2Fv2%2Fcomments&post=3173"}],"version-history":[{"count":0,"href":"https:\/\/www.acusticauach.cl\/index.php?rest_route=\/wp\/v2\/pages\/3173\/revisions"}],"up":[{"embeddable":true,"href":"https:\/\/www.acusticauach.cl\/index.php?rest_route=\/wp\/v2\/pages\/4642"}],"wp:featuredmedia":[{"embeddable":true,"href":"https:\/\/www.acusticauach.cl\/index.php?rest_route=\/wp\/v2\/media\/1360"}],"wp:attachment":[{"href":"https:\/\/www.acusticauach.cl\/index.php?rest_route=%2Fwp%2Fv2%2Fmedia&parent=3173"}],"curies":[{"name":"wp","href":"https:\/\/api.w.org\/{rel}","templated":true}]}}