{"id":3087,"date":"2013-05-30T23:13:03","date_gmt":"2013-05-31T03:13:03","guid":{"rendered":"http:\/\/www.acusticauach.cl\/?page_id=3087"},"modified":"2019-10-23T20:06:19","modified_gmt":"2019-10-23T23:06:19","slug":"generaciones","status":"publish","type":"page","link":"https:\/\/www.acusticauach.cl\/?page_id=3087","title":{"rendered":"Generaciones"},"content":{"rendered":"<h5><strong>Fotograf\u00eda de estudiantes por a\u00f1o de ingreso: \u00abPromociones\u00bb o \u00abGeneraciones\u00bb<\/strong><\/h5>\n<table border=\"1\" cellspacing=\"0\" cellpadding=\"0\">\n<tbody>\n<tr>\n<td valign=\"top\" width=\"100\"><strong>Promoci\u00f3n 2016<\/strong><\/td>\n<td valign=\"top\" width=\"500\"><a href=\"https:\/\/www.acusticauach.cl\/wp-content\/uploads\/2013\/05\/PROMOCION_2016_ICA_V3.jpg\" target=\"_blank\" rel=\"noopener noreferrer\"><img decoding=\"async\" class=\"aligncenter wp-image-8103 size-full\" src=\"https:\/\/www.acusticauach.cl\/wp-content\/uploads\/2013\/05\/PROMOCION_2016_ICA_V3.jpg\" width=\"2400\" height=\"1601\" srcset=\"https:\/\/www.acusticauach.cl\/wp-content\/uploads\/2013\/05\/PROMOCION_2016_ICA_V3.jpg 2400w, https:\/\/www.acusticauach.cl\/wp-content\/uploads\/2013\/05\/PROMOCION_2016_ICA_V3-300x200.jpg 300w, https:\/\/www.acusticauach.cl\/wp-content\/uploads\/2013\/05\/PROMOCION_2016_ICA_V3-768x512.jpg 768w, https:\/\/www.acusticauach.cl\/wp-content\/uploads\/2013\/05\/PROMOCION_2016_ICA_V3-1024x683.jpg 1024w, https:\/\/www.acusticauach.cl\/wp-content\/uploads\/2013\/05\/PROMOCION_2016_ICA_V3-700x467.jpg 700w, https:\/\/www.acusticauach.cl\/wp-content\/uploads\/2013\/05\/PROMOCION_2016_ICA_V3-500x334.jpg 500w\" sizes=\"(max-width: 2400px) 100vw, 2400px\" \/><\/a><\/td>\n<\/tr>\n<tr>\n<td valign=\"top\" width=\"100\"><strong>Promoci\u00f3n 2015<\/strong><\/td>\n<td valign=\"top\" width=\"500\"><a href=\"https:\/\/www.acusticauach.cl\/wp-content\/uploads\/2013\/05\/Generaci\u00f3n-2015_Ac\u00fastica-UACh_v4.jpg\" target=\"_blank\" rel=\"noopener noreferrer\"><img decoding=\"async\" class=\"aligncenter wp-image-5785\" src=\"https:\/\/www.acusticauach.cl\/wp-content\/uploads\/2013\/05\/Generaci\u00f3n-2015_Ac\u00fastica-UACh_v4.jpg\" alt=\"\" width=\"500\" height=\"333\" srcset=\"https:\/\/www.acusticauach.cl\/wp-content\/uploads\/2013\/05\/Generaci\u00f3n-2015_Ac\u00fastica-UACh_v4.jpg 3200w, https:\/\/www.acusticauach.cl\/wp-content\/uploads\/2013\/05\/Generaci\u00f3n-2015_Ac\u00fastica-UACh_v4-300x200.jpg 300w, https:\/\/www.acusticauach.cl\/wp-content\/uploads\/2013\/05\/Generaci\u00f3n-2015_Ac\u00fastica-UACh_v4-1024x682.jpg 1024w, https:\/\/www.acusticauach.cl\/wp-content\/uploads\/2013\/05\/Generaci\u00f3n-2015_Ac\u00fastica-UACh_v4-700x466.jpg 700w, https:\/\/www.acusticauach.cl\/wp-content\/uploads\/2013\/05\/Generaci\u00f3n-2015_Ac\u00fastica-UACh_v4-500x333.jpg 500w\" sizes=\"(max-width: 500px) 100vw, 500px\" \/><\/a><\/td>\n<\/tr>\n<tr>\n<td valign=\"top\" width=\"100\"><strong>Promoci\u00f3n 2014<\/strong><\/td>\n<td valign=\"top\" width=\"500\"><a href=\"https:\/\/www.acusticauach.cl\/wp-content\/uploads\/2013\/05\/PROMOCION_2014-ICA_V2.jpg\" target=\"_blank\" rel=\"noopener noreferrer\"><img decoding=\"async\" class=\"aligncenter wp-image-3987\" src=\"https:\/\/www.acusticauach.cl\/wp-content\/uploads\/2013\/05\/PROMOCION_2014-ICA_V2.jpg\" alt=\"PROMOCION_2014-ICA_V2\" width=\"500\" height=\"333\" srcset=\"https:\/\/www.acusticauach.cl\/wp-content\/uploads\/2013\/05\/PROMOCION_2014-ICA_V2.jpg 3200w, https:\/\/www.acusticauach.cl\/wp-content\/uploads\/2013\/05\/PROMOCION_2014-ICA_V2-300x199.jpg 300w, https:\/\/www.acusticauach.cl\/wp-content\/uploads\/2013\/05\/PROMOCION_2014-ICA_V2-1024x682.jpg 1024w, https:\/\/www.acusticauach.cl\/wp-content\/uploads\/2013\/05\/PROMOCION_2014-ICA_V2-700x466.jpg 700w, https:\/\/www.acusticauach.cl\/wp-content\/uploads\/2013\/05\/PROMOCION_2014-ICA_V2-500x333.jpg 500w\" sizes=\"(max-width: 500px) 100vw, 500px\" \/><\/a><\/td>\n<\/tr>\n<tr>\n<td valign=\"top\" width=\"100\"><strong>Promoci\u00f3n 2013<\/strong><\/td>\n<td valign=\"top\" width=\"500\"><a style=\"line-height: 24px; color: #ff4b33;\" href=\"https:\/\/www.acusticauach.cl\/wp-content\/uploads\/2013\/05\/2013.jpg\" target=\"_blank\" rel=\"noopener noreferrer\"><img decoding=\"async\" class=\"aligncenter wp-image-3089\" src=\"https:\/\/www.acusticauach.cl\/wp-content\/uploads\/2013\/05\/2013.jpg\" alt=\"2013\" width=\"500\" height=\"343\" srcset=\"https:\/\/www.acusticauach.cl\/wp-content\/uploads\/2013\/05\/2013.jpg 1000w, https:\/\/www.acusticauach.cl\/wp-content\/uploads\/2013\/05\/2013-300x205.jpg 300w, https:\/\/www.acusticauach.cl\/wp-content\/uploads\/2013\/05\/2013-700x480.jpg 700w, https:\/\/www.acusticauach.cl\/wp-content\/uploads\/2013\/05\/2013-500x343.jpg 500w\" sizes=\"(max-width: 500px) 100vw, 500px\" \/><\/a><\/td>\n<\/tr>\n<tr>\n<td valign=\"top\" width=\"100\"><strong>Promoci\u00f3n 2012<\/strong><\/td>\n<td valign=\"top\" width=\"500\"><a href=\"https:\/\/www.acusticauach.cl\/wp-content\/uploads\/2013\/05\/2012.jpg\" target=\"_blank\" rel=\"noopener noreferrer\"><img decoding=\"async\" class=\"aligncenter wp-image-3102\" src=\"https:\/\/www.acusticauach.cl\/wp-content\/uploads\/2013\/05\/2012.jpg\" alt=\"2012\" width=\"500\" height=\"343\" srcset=\"https:\/\/www.acusticauach.cl\/wp-content\/uploads\/2013\/05\/2012.jpg 1000w, https:\/\/www.acusticauach.cl\/wp-content\/uploads\/2013\/05\/2012-300x205.jpg 300w, https:\/\/www.acusticauach.cl\/wp-content\/uploads\/2013\/05\/2012-700x480.jpg 700w, https:\/\/www.acusticauach.cl\/wp-content\/uploads\/2013\/05\/2012-500x343.jpg 500w\" sizes=\"(max-width: 500px) 100vw, 500px\" \/><\/a><\/td>\n<\/tr>\n<tr>\n<td valign=\"top\" width=\"100\"><strong>Promoci\u00f3n 2011<\/strong><\/td>\n<td valign=\"top\" width=\"500\"><a style=\"color: #ff4b33; line-height: 24px;\" href=\"https:\/\/www.acusticauach.cl\/wp-content\/uploads\/2013\/05\/2011.jpg\" target=\"_blank\" rel=\"noopener noreferrer\"><img decoding=\"async\" class=\"aligncenter wp-image-3101\" src=\"https:\/\/www.acusticauach.cl\/wp-content\/uploads\/2013\/05\/2011.jpg\" alt=\"2011\" width=\"500\" height=\"339\" srcset=\"https:\/\/www.acusticauach.cl\/wp-content\/uploads\/2013\/05\/2011.jpg 1000w, https:\/\/www.acusticauach.cl\/wp-content\/uploads\/2013\/05\/2011-300x203.jpg 300w, https:\/\/www.acusticauach.cl\/wp-content\/uploads\/2013\/05\/2011-700x474.jpg 700w, https:\/\/www.acusticauach.cl\/wp-content\/uploads\/2013\/05\/2011-500x339.jpg 500w\" sizes=\"(max-width: 500px) 100vw, 500px\" \/><\/a><\/td>\n<\/tr>\n<tr>\n<td valign=\"top\" width=\"100\"><strong>Promoci\u00f3n 2010<\/strong><\/td>\n<td valign=\"top\" width=\"500\"><a href=\"https:\/\/www.acusticauach.cl\/wp-content\/uploads\/2013\/05\/2010.jpg\" target=\"_blank\" rel=\"noopener noreferrer\"><img decoding=\"async\" class=\"aligncenter wp-image-3100\" src=\"https:\/\/www.acusticauach.cl\/wp-content\/uploads\/2013\/05\/2010.jpg\" alt=\"2010\" width=\"500\" height=\"333\" srcset=\"https:\/\/www.acusticauach.cl\/wp-content\/uploads\/2013\/05\/2010.jpg 1000w, https:\/\/www.acusticauach.cl\/wp-content\/uploads\/2013\/05\/2010-300x199.jpg 300w, https:\/\/www.acusticauach.cl\/wp-content\/uploads\/2013\/05\/2010-700x465.jpg 700w, https:\/\/www.acusticauach.cl\/wp-content\/uploads\/2013\/05\/2010-500x332.jpg 500w\" sizes=\"(max-width: 500px) 100vw, 500px\" \/><\/a><\/td>\n<\/tr>\n<tr>\n<td valign=\"top\" width=\"100\"><strong>Promoci\u00f3n 2009<\/strong><\/td>\n<td valign=\"top\" width=\"500\"><a style=\"color: #ff4b33; line-height: 24px;\" href=\"https:\/\/www.acusticauach.cl\/wp-content\/uploads\/2013\/05\/2009.jpg\" target=\"_blank\" rel=\"noopener noreferrer\"><img decoding=\"async\" class=\"aligncenter wp-image-3099\" src=\"https:\/\/www.acusticauach.cl\/wp-content\/uploads\/2013\/05\/2009.jpg\" alt=\"2009\" width=\"500\" height=\"344\" srcset=\"https:\/\/www.acusticauach.cl\/wp-content\/uploads\/2013\/05\/2009.jpg 1000w, https:\/\/www.acusticauach.cl\/wp-content\/uploads\/2013\/05\/2009-300x206.jpg 300w, https:\/\/www.acusticauach.cl\/wp-content\/uploads\/2013\/05\/2009-700x480.jpg 700w, https:\/\/www.acusticauach.cl\/wp-content\/uploads\/2013\/05\/2009-500x343.jpg 500w\" sizes=\"(max-width: 500px) 100vw, 500px\" \/><\/a><\/td>\n<\/tr>\n<tr>\n<td valign=\"top\" width=\"150\"><strong>Promoci\u00f3n 2008<\/strong><\/td>\n<td valign=\"top\" width=\"500\">\u00a0<a href=\"https:\/\/www.acusticauach.cl\/wp-content\/uploads\/2013\/05\/2008.jpg\" target=\"_blank\" rel=\"noopener noreferrer\"><img decoding=\"async\" class=\"aligncenter wp-image-3098\" src=\"https:\/\/www.acusticauach.cl\/wp-content\/uploads\/2013\/05\/2008.jpg\" alt=\"2008\" width=\"500\" height=\"344\" srcset=\"https:\/\/www.acusticauach.cl\/wp-content\/uploads\/2013\/05\/2008.jpg 1000w, https:\/\/www.acusticauach.cl\/wp-content\/uploads\/2013\/05\/2008-300x206.jpg 300w, https:\/\/www.acusticauach.cl\/wp-content\/uploads\/2013\/05\/2008-700x481.jpg 700w, https:\/\/www.acusticauach.cl\/wp-content\/uploads\/2013\/05\/2008-500x344.jpg 500w\" sizes=\"(max-width: 500px) 100vw, 500px\" \/><\/a><\/td>\n<\/tr>\n<tr>\n<td valign=\"top\" width=\"100\"><strong>Promoci\u00f3n 2007<\/strong><\/td>\n<td valign=\"top\" width=\"500\"><\/td>\n<\/tr>\n<tr>\n<td valign=\"top\" width=\"100\"><strong>Promoci\u00f3n 2006<\/strong><\/td>\n<td valign=\"top\" width=\"500\">\u00a0<a href=\"https:\/\/www.acusticauach.cl\/wp-content\/uploads\/2013\/05\/2006.jpg\" target=\"_blank\" rel=\"noopener noreferrer\"><img decoding=\"async\" class=\"aligncenter wp-image-3097\" src=\"https:\/\/www.acusticauach.cl\/wp-content\/uploads\/2013\/05\/2006.jpg\" alt=\"2006\" width=\"500\" height=\"348\" srcset=\"https:\/\/www.acusticauach.cl\/wp-content\/uploads\/2013\/05\/2006.jpg 1000w, https:\/\/www.acusticauach.cl\/wp-content\/uploads\/2013\/05\/2006-300x208.jpg 300w, https:\/\/www.acusticauach.cl\/wp-content\/uploads\/2013\/05\/2006-700x486.jpg 700w, https:\/\/www.acusticauach.cl\/wp-content\/uploads\/2013\/05\/2006-500x347.jpg 500w\" sizes=\"(max-width: 500px) 100vw, 500px\" \/><\/a><\/td>\n<\/tr>\n<tr>\n<td valign=\"top\" width=\"100\"><strong>Promoci\u00f3n 2005<\/strong><\/td>\n<td valign=\"top\" width=\"500\">\u00a0<a href=\"https:\/\/www.acusticauach.cl\/wp-content\/uploads\/2013\/05\/2005.jpg\" target=\"_blank\" rel=\"noopener noreferrer\"><img decoding=\"async\" class=\"aligncenter wp-image-3096\" src=\"https:\/\/www.acusticauach.cl\/wp-content\/uploads\/2013\/05\/2005.jpg\" alt=\"2005\" width=\"500\" height=\"335\" srcset=\"https:\/\/www.acusticauach.cl\/wp-content\/uploads\/2013\/05\/2005.jpg 1000w, https:\/\/www.acusticauach.cl\/wp-content\/uploads\/2013\/05\/2005-300x200.jpg 300w, https:\/\/www.acusticauach.cl\/wp-content\/uploads\/2013\/05\/2005-700x468.jpg 700w, https:\/\/www.acusticauach.cl\/wp-content\/uploads\/2013\/05\/2005-500x334.jpg 500w\" sizes=\"(max-width: 500px) 100vw, 500px\" \/><\/a><\/td>\n<\/tr>\n<tr>\n<td valign=\"top\" width=\"100\"><strong>Promoci\u00f3n 2004<\/strong><\/td>\n<td valign=\"top\" width=\"500\">\u00a0<a href=\"https:\/\/www.acusticauach.cl\/wp-content\/uploads\/2013\/05\/2004.jpg\" target=\"_blank\" rel=\"noopener noreferrer\"><img decoding=\"async\" class=\"aligncenter wp-image-3095\" src=\"https:\/\/www.acusticauach.cl\/wp-content\/uploads\/2013\/05\/2004.jpg\" alt=\"2004\" width=\"500\" height=\"338\" srcset=\"https:\/\/www.acusticauach.cl\/wp-content\/uploads\/2013\/05\/2004.jpg 1000w, https:\/\/www.acusticauach.cl\/wp-content\/uploads\/2013\/05\/2004-300x202.jpg 300w, https:\/\/www.acusticauach.cl\/wp-content\/uploads\/2013\/05\/2004-700x472.jpg 700w, https:\/\/www.acusticauach.cl\/wp-content\/uploads\/2013\/05\/2004-500x337.jpg 500w\" sizes=\"(max-width: 500px) 100vw, 500px\" \/><\/a><\/td>\n<\/tr>\n<tr>\n<td valign=\"top\" width=\"100\"><strong>Promoci\u00f3n 2003 &#8211; F\u00fatbol<\/strong><\/td>\n<td valign=\"top\" width=\"500\">\u00a0<a href=\"https:\/\/www.acusticauach.cl\/wp-content\/uploads\/2013\/05\/2003_FUTBOL.jpg\" target=\"_blank\" rel=\"noopener noreferrer\"><img decoding=\"async\" class=\"aligncenter wp-image-3094\" src=\"https:\/\/www.acusticauach.cl\/wp-content\/uploads\/2013\/05\/2003_FUTBOL.jpg\" alt=\"2003_FUTBOL\" width=\"500\" height=\"329\" srcset=\"https:\/\/www.acusticauach.cl\/wp-content\/uploads\/2013\/05\/2003_FUTBOL.jpg 1000w, https:\/\/www.acusticauach.cl\/wp-content\/uploads\/2013\/05\/2003_FUTBOL-300x197.jpg 300w, https:\/\/www.acusticauach.cl\/wp-content\/uploads\/2013\/05\/2003_FUTBOL-700x460.jpg 700w, https:\/\/www.acusticauach.cl\/wp-content\/uploads\/2013\/05\/2003_FUTBOL-500x329.jpg 500w\" sizes=\"(max-width: 500px) 100vw, 500px\" \/><\/a><\/td>\n<\/tr>\n<tr>\n<td valign=\"top\" width=\"100\"><strong>Promoci\u00f3n 2003<\/strong><\/td>\n<td valign=\"top\" width=\"500\">\u00a0<a href=\"https:\/\/www.acusticauach.cl\/wp-content\/uploads\/2013\/05\/2003.jpg\" target=\"_blank\" rel=\"noopener noreferrer\"><img decoding=\"async\" class=\"aligncenter wp-image-3093\" src=\"https:\/\/www.acusticauach.cl\/wp-content\/uploads\/2013\/05\/2003.jpg\" alt=\"2003\" width=\"500\" height=\"354\" srcset=\"https:\/\/www.acusticauach.cl\/wp-content\/uploads\/2013\/05\/2003.jpg 1000w, https:\/\/www.acusticauach.cl\/wp-content\/uploads\/2013\/05\/2003-300x212.jpg 300w, https:\/\/www.acusticauach.cl\/wp-content\/uploads\/2013\/05\/2003-700x495.jpg 700w, https:\/\/www.acusticauach.cl\/wp-content\/uploads\/2013\/05\/2003-500x354.jpg 500w\" sizes=\"(max-width: 500px) 100vw, 500px\" \/><\/a><\/td>\n<\/tr>\n<tr>\n<td valign=\"top\" width=\"100\"><strong>Promoci\u00f3n 2002<\/strong><\/td>\n<td valign=\"top\" width=\"500\">\u00a0<a href=\"https:\/\/www.acusticauach.cl\/wp-content\/uploads\/2013\/05\/2002.jpg\" target=\"_blank\" rel=\"noopener noreferrer\"><img decoding=\"async\" class=\"aligncenter wp-image-3092\" src=\"https:\/\/www.acusticauach.cl\/wp-content\/uploads\/2013\/05\/2002.jpg\" alt=\"2002\" width=\"500\" height=\"338\" srcset=\"https:\/\/www.acusticauach.cl\/wp-content\/uploads\/2013\/05\/2002.jpg 1000w, https:\/\/www.acusticauach.cl\/wp-content\/uploads\/2013\/05\/2002-300x202.jpg 300w, https:\/\/www.acusticauach.cl\/wp-content\/uploads\/2013\/05\/2002-700x472.jpg 700w, https:\/\/www.acusticauach.cl\/wp-content\/uploads\/2013\/05\/2002-500x337.jpg 500w\" sizes=\"(max-width: 500px) 100vw, 500px\" \/><\/a><\/td>\n<\/tr>\n<tr>\n<td valign=\"top\" width=\"100\"><strong>Promoci\u00f3n 2001<\/strong><\/td>\n<td valign=\"top\" width=\"500\">\u00a0<a href=\"https:\/\/www.acusticauach.cl\/wp-content\/uploads\/2013\/05\/2001.jpg\" target=\"_blank\" rel=\"noopener noreferrer\"><img decoding=\"async\" class=\"aligncenter wp-image-3091\" src=\"https:\/\/www.acusticauach.cl\/wp-content\/uploads\/2013\/05\/2001.jpg\" alt=\"2001\" width=\"500\" height=\"336\" srcset=\"https:\/\/www.acusticauach.cl\/wp-content\/uploads\/2013\/05\/2001.jpg 1000w, https:\/\/www.acusticauach.cl\/wp-content\/uploads\/2013\/05\/2001-300x201.jpg 300w, https:\/\/www.acusticauach.cl\/wp-content\/uploads\/2013\/05\/2001-700x470.jpg 700w, https:\/\/www.acusticauach.cl\/wp-content\/uploads\/2013\/05\/2001-500x336.jpg 500w\" sizes=\"(max-width: 500px) 100vw, 500px\" \/><\/a><\/td>\n<\/tr>\n<tr>\n<td valign=\"top\" width=\"100\"><strong>Promoci\u00f3n 2000<\/strong><\/td>\n<td valign=\"top\" width=\"500\">\u00a0<a href=\"https:\/\/www.acusticauach.cl\/wp-content\/uploads\/2013\/05\/2000.jpg\" target=\"_blank\" rel=\"noopener noreferrer\"><img decoding=\"async\" class=\"aligncenter wp-image-3090\" src=\"https:\/\/www.acusticauach.cl\/wp-content\/uploads\/2013\/05\/2000.jpg\" alt=\"2000\" width=\"500\" height=\"323\" srcset=\"https:\/\/www.acusticauach.cl\/wp-content\/uploads\/2013\/05\/2000.jpg 1000w, https:\/\/www.acusticauach.cl\/wp-content\/uploads\/2013\/05\/2000-300x193.jpg 300w, https:\/\/www.acusticauach.cl\/wp-content\/uploads\/2013\/05\/2000-700x451.jpg 700w, https:\/\/www.acusticauach.cl\/wp-content\/uploads\/2013\/05\/2000-500x322.jpg 500w\" sizes=\"(max-width: 500px) 100vw, 500px\" \/><\/a><\/td>\n<\/tr>\n<\/tbody>\n<\/table>\n","protected":false},"excerpt":{"rendered":"<p>Fotograf\u00eda de estudiantes por a\u00f1o de ingreso: \u00abPromociones\u00bb o \u00abGeneraciones\u00bb Promoci\u00f3n 2016 Promoci\u00f3n 2015 Promoci\u00f3n 2014 Promoci\u00f3n 2013 Promoci\u00f3n 2012 Promoci\u00f3n 2011 Promoci\u00f3n 2010 Promoci\u00f3n 2009 Promoci\u00f3n 2008 \u00a0 Promoci\u00f3n 2007 Promoci\u00f3n 2006 \u00a0 Promoci\u00f3n 2005 \u00a0 Promoci\u00f3n 2004 \u00a0 Promoci\u00f3n 2003 &#8211; F\u00fatbol \u00a0 Promoci\u00f3n 2003 \u00a0 Promoci\u00f3n 2002 \u00a0 Promoci\u00f3n 2001 \u00a0 Promoci\u00f3n [&hellip;]<\/p>\n","protected":false},"author":2,"featured_media":3090,"parent":0,"menu_order":0,"comment_status":"closed","ping_status":"closed","template":"","meta":{"footnotes":""},"class_list":["post-3087","page","type-page","status-publish","has-post-thumbnail","hentry"],"_links":{"self":[{"href":"https:\/\/www.acusticauach.cl\/index.php?rest_route=\/wp\/v2\/pages\/3087","targetHints":{"allow":["GET"]}}],"collection":[{"href":"https:\/\/www.acusticauach.cl\/index.php?rest_route=\/wp\/v2\/pages"}],"about":[{"href":"https:\/\/www.acusticauach.cl\/index.php?rest_route=\/wp\/v2\/types\/page"}],"author":[{"embeddable":true,"href":"https:\/\/www.acusticauach.cl\/index.php?rest_route=\/wp\/v2\/users\/2"}],"replies":[{"embeddable":true,"href":"https:\/\/www.acusticauach.cl\/index.php?rest_route=%2Fwp%2Fv2%2Fcomments&post=3087"}],"version-history":[{"count":0,"href":"https:\/\/www.acusticauach.cl\/index.php?rest_route=\/wp\/v2\/pages\/3087\/revisions"}],"wp:featuredmedia":[{"embeddable":true,"href":"https:\/\/www.acusticauach.cl\/index.php?rest_route=\/wp\/v2\/media\/3090"}],"wp:attachment":[{"href":"https:\/\/www.acusticauach.cl\/index.php?rest_route=%2Fwp%2Fv2%2Fmedia&parent=3087"}],"curies":[{"name":"wp","href":"https:\/\/api.w.org\/{rel}","templated":true}]}}