{"id":2998,"date":"2013-05-14T10:33:51","date_gmt":"2013-05-14T14:33:51","guid":{"rendered":"http:\/\/www.acusticauach.cl\/?page_id=2998"},"modified":"2024-07-01T01:50:40","modified_gmt":"2024-07-01T05:50:40","slug":"asesorias","status":"publish","type":"page","link":"https:\/\/www.acusticauach.cl\/?page_id=2998","title":{"rendered":"Asistencias T\u00e9cnicas"},"content":{"rendered":"<h5><strong><span style=\"color: #282828; font-family: Montserrat, sans-serif; font-size: 34px;\">Asesor\u00edas T\u00e9cnicas, servicios y proyectos profesionales.<\/span><\/strong><\/h5>\n<ol>\n<li>2024-2025 Asesor\u00eda T\u00e9cnica en \u00abActualizaci\u00f3n y evaluaci\u00f3n de los niveles de ruido en la comuna de Coronel\u00bb, Ficha licitaci\u00f3n:\u2002N\u00b0608897-109-LE23. Proyecto ejecutado por la empresa Ac\u00fastica Austral para la Subsecretaria del Medio Ambiente. Participaci\u00f3n en asesor\u00eda especializada e instrumental avanzado para el estudio, en base a convenio vigente.<\/li>\n<li>2020 Asesor\u00eda T\u00e9cnica en \u201cAntecedentes para la Revisi\u00f3n del DS 38\/11 del MMA, ID 60889797LP19\u201d. Proyecto ejecutado por la empresa Ac\u00fastica Austral para el Ministerio del Medio Ambiente. Participaci\u00f3n en asesor\u00eda especializada para el estudio, en base a convenio vigente.<\/li>\n<li>2020 Evaluaci\u00f3n de Impacto Ac\u00fastico de Sistema de Disuaci\u00f3n Ac\u00fastica Sealfence. OTAQ Chile Spa.<\/li>\n<li>2020 Asesoria T\u00e9cnica para Producci\u00f3n Musical Banda \u00abLa Teruka\u00bb. Estudio de grabaci\u00f3n Siegfried Erber, Valdivia.<\/li>\n<li>2019 Asesoria T\u00e9cnica Proyecto Mapa de Ruido de Ruta 5 norte\/sur, tramo concesionado. Licitaci\u00f3n ID 608897 54 lq18. Proyecto ejecutado por la empresa Ac\u00fastica Austral para el Ministerio del Medio Ambiente. Participaci\u00f3n en asesor\u00eda especializada e instrumental avanzado para el estudio, en base a convenio vigente.<\/li>\n<li>2019 Mediciones Linea de Base Submarina. Gerard Ing. Ac\u00fastica SpA<\/li>\n<li>2019 Mediciones L\u00ednea de Base Submarina. Prosac SpA.<\/li>\n<li>2019 Grabaci\u00f3n del Album \u201cBirds of Our Abyss\u201d Benjam\u00edn Vergara &amp; Ben Bennett. Sello Orbit577 New York, New York. Released August 7, 2020.<\/li>\n<li>2019 Grabaci\u00f3n, mezcla y mastering de la producci\u00f3n musical, \u201cPianismo Latinoamericano Vol I\u201c. Obra para piano interpretada por Cristina Rodriguez Silva. Estudio de grabaci\u00f3n Siegfried Erber<\/li>\n<li>2019 Producci\u00f3n t\u00e9cnica para VI Festival Relincha m\u00fasicas experimentales. UACh.<\/li>\n<li>2019 Grabaci\u00f3n para Disco de Vinilo &#8211; Benjam\u00edn Vergara &amp; Fred Frith. Estudio de grabaci\u00f3n Siegfried Erber, Valdivia.<\/li>\n<li>2019. Producci\u00f3n t\u00e9cnica para grabaci\u00f3n de la banda \u201cDel monte al mar\u201d. Estudio de grabaci\u00f3n Siegfried Erber, Valdivia.<\/li>\n<li>2019 Mediciones con c\u00e1mara ac\u00fastica para COFAMA S.A. Proyecto ejecutado bajo convenio de colaboraci\u00f3n vigente.<\/li>\n<li>2018 Grabaci\u00f3n de concierto de la Orquesta Regional de Valdivia. Catedral de Valdivia.<\/li>\n<li>2018 Grabaci\u00f3n y mezcla de sonido de la producci\u00f3n musical en CD Audio \u201cLisergico\u201c. Obra musical interpretada por la Banda TheMentes. Estudio de grabaci\u00f3n Siegfried Erber, Valdivia<\/li>\n<li>2018 Refuerzo sonoro para V festival Relincha, m\u00fasicas experimentales. MAC Uach.<\/li>\n<li>2018 Grabaci\u00f3n Concierto de la Orquesta Filarm\u00f3nica de los R\u00edos. Agosto 2018<\/li>\n<li>2018 Grabaci\u00f3n de audio para video \u201cClarinet Quartet\u201d, Centro cultural El Austral, Valdivia.<\/li>\n<li>2018 Grabaci\u00f3n de todos los tracks de la producci\u00f3n musical \u201cDanza Circular\u201d de la Banda Malicia. Estudio de grabaci\u00f3n Siegfried Erber. Discos Tue-Tue 2018.<\/li>\n<li>2018 Refuerzo Sonoro Concierto Bafuach 39 a\u00f1os. Sala Aula Magna UACH.<\/li>\n<li>2018 Producci\u00f3n t\u00e9cnica para la grabaci\u00f3n sonora de la pieza musical \u201cVersi\u00f3n Sinf\u00f3nica canci\u00f3n \u00abSanta Luc\u00eda\u00bb de La Rata Bluesera. Sala Aula Magna UACH. Estudios Triana.<\/li>\n<li>2018 Medici\u00f3n de Factor de P\u00e9rdida por Amortiguamiento seg\u00fan standard MS200-39 para muestras de l\u00e1minas asf\u00e1lticas. Chova del Ecuador S.A. Ecuador.<\/li>\n<li>2018 Refuerzo Sonoro concierto de Fred Frith. Sala F\u00e9lix Mart\u00ednez UACH.<\/li>\n<li>2017 Producci\u00f3n t\u00e9cnica para grabaci\u00f3n de la banda Combo Chavela. Estudio de grabaci\u00f3n Siegfried Erber, Valdivia.<\/li>\n<li>2017 Producci\u00f3n t\u00e9cnica para grabaci\u00f3n de la banda La Teruka. Estudio de grabaci\u00f3n Siegfried Erber, Valdivia.<\/li>\n<li>2017 Medici\u00f3n de \u00cdndice de Reducci\u00f3n Sonora para tabiques seg\u00fan norma ISO-140. Kopal Construcciones y servicios.<\/li>\n<li>2017 Refuerzo sonoro para IV Festival Relincha, m\u00fasicas experimentales. MAC UACH.<\/li>\n<li>2017 Medici\u00f3n de \u00cdndice de Reducci\u00f3n Sonora para panel prefabricado con marcos de madera y n\u00facleo de paja seg\u00fan norma ISO-140.C\u00f3digo de proyecto: 15 PIRE 455677. MULCH Ltda.<\/li>\n<li>2016 Refuerzo sonoro para el escenario Torre\u00f3n. Fluvial 2016.<\/li>\n<li>2016 Refuerzo sonoro para III Festival Relincha, m\u00fasicas experimentales. MAC UACH.<\/li>\n<li>2016 Grabaci\u00f3n, mezcla de sonido y master de la producci\u00f3n musical en CD Audio \u201cVivencias de Luz y Sombra al Sur del Mundo\u201c. Obra musical interpretada por el guitarrista Andr\u00e9s Tapia. Financiada por el Fondo para la M\u00fasica. Estudio de grabaci\u00f3n Siegfried Erber, Valdivia.<\/li>\n<li>2016 Grabaci\u00f3n de voz principal para 9 de las 10 canciones que contiene el Disco \u201cEl Viaje\u201d de la banda \u201cLa Rata Bluesera\u201d. Estudio de grabaci\u00f3n Siegfried Erber, Valdivia.<\/li>\n<li>2016 Medici\u00f3n de Factor de P\u00e9rdida por Amortiguamiento seg\u00fan standard MS200-39. Chova del Ecuador S.A. Ecuador.<\/li>\n<li>2015.\u00a0Concierto al aire libre de Orquesta CIFAN. Organizado por el colegio m\u00e9dico. Paseo Libertad, Valdivia.<\/li>\n<li>2015. Estudio de ruido en l\u00edneas de astillado de la Planta Celulosa Arauco y Constituci\u00f3n S.A. Planta Valdivia.<\/li>\n<li>2015.\u00a0VI Feria de la Biodiversidad. 20 al 22 de Noviembre. Costanera Cultural, Valdivia.<\/li>\n<li>2015.\u00a0Grabaci\u00f3n EP Banda Los Jocks. Estudio de grabaci\u00f3n Siegfried Erber, Valdivia.<\/li>\n<li>2014. Medici\u00f3n de coeficiente de absorci\u00f3n \u201cResonador ranurado\u201d. Soluciones termoac\u00fasticas Ltda. Talca.<\/li>\n<li>2014. Medici\u00f3n de coeficiente de absorci\u00f3n sonora (ISO-354) para Panel Difusor Gauss 25. Soluciones termoac\u00fasticas Ltda. Talca.<\/li>\n<li>2014. Estudio de emisiones de ruido producido por Planta Cartulinas Valdivia. Cartulina CMPC S.A.<\/li>\n<li>2014. Estudio de emisiones de ruido producido por la Planta Celulosa Arauco y Constituci\u00f3n S.A.Valdivia.<\/li>\n<li>2014 Mapas de ruido en Planta Cartulinas, CMPC S.A., VALDIVIA.<\/li>\n<li>2014. Medici\u00f3n in-situ de \u00edndice de reducci\u00f3n sonora. Inmobiliaria Calle-Calle. Valdivia.<\/li>\n<li>2013 Estudio de emisiones de ruido producido por la Planta Celulosa Arauco y Constituci\u00f3n S.A. Planta Valdivia.<\/li>\n<li>2013 Estudio de emisiones de ruido producido por Planta Cartulinas Valdivia. Cartulina CMPC S.A.<\/li>\n<li>2013 Medici\u00f3n de Coeficiente de absorci\u00f3n Sonora seg\u00fan ISO-354 e \u00edndice de reducci\u00f3n sonora ISO140, para insonorizante de motor panel dash interior, proyecto Kia Cerato. Alfinsa S.A. Quito, Ecuador.<\/li>\n<li>2012 Estudio de emisiones de ruido producido por sistema extractor de aire. Cl\u00ednica Alemana Valdivia.<\/li>\n<li>2012 Medici\u00f3n de Factor de P\u00e9rdida por Amortiguamiento seg\u00fan standard MS200-39 para muestras de l\u00e1minas asf\u00e1lticas. Chova del ecuador S.A. Sangolqu\u00ed, Ecuador<\/li>\n<li>2012 Medici\u00f3n de Factor de P\u00e9rdida por Amortiguamiento seg\u00fan standard MS200-39. Insonorizante de motor proyecto Kia Cerato. Alfinsa S.A. Quito, Ecuador.<\/li>\n<li>2009 Medici\u00f3n de \u00cdndice de Reducci\u00f3n Sonora y Coeficiente de absorci\u00f3n Sonora seg\u00fan normas ISO-140 e ISO-354. Alfombras Industriales Alfinsa S.A. Quito. Ecuador.<\/li>\n<li>2009 Medici\u00f3n de Coeficiente de absorci\u00f3n Sonora seg\u00fan norma ASTM E 1040-08. Alfombras Industriales Alfinsa S.A. Quito. Ecuador.<\/li>\n<li>2006 Medici\u00f3n de Inteligibilidad de la palabra en aula edificio ESE. Universidad de Los Andes. Santiago.<\/li>\n<li>2006 Estudio de niveles de ruido. Compa\u00f1\u00eda Manufacturera de Papeles y Cartones S.A. Valdivia.<\/li>\n<li>2006 Proyecto Ac\u00fastico escuela de m\u00fasica Juan Sebastian Bach. Valdivia<\/li>\n<li>2005 Mediciones de niveles de recepcion en dispositivos de comunicaci\u00f3n inal\u00e1mbricos. Telefonica del sur S.A. Valdivia.<\/li>\n<li>2005 Asesor\u00eda \u201cEspecificaciones t\u00e9cnicas acondicionamiento ac\u00fastico Plaza de la Ciudadan\u00eda\u201d. Sociedad Concesionaria Plaza de la Ciudadan\u00eda S.A. Santiago.<\/li>\n<li>2005\u00a0Asesor\u00edas\u00a0Ac\u00fastica edificio ESE de la Universidad de Los Andes. Santiago.<\/li>\n<li>2004 Dise\u00f1o de pantallas ac\u00fasticas para autopista Los Libertadores. Sociedad Concesionaria Autopista Los Libertadores S.A. Santiago.<\/li>\n<li>2004 Estudio de impacto ac\u00fastico proyecto ampliaci\u00f3n planta cartulinas Valdivia. Compa\u00f1\u00eda Manufacturera de Papeles y Cartones S.A.<\/li>\n<li>2003 Dise\u00f1o Ac\u00fastico Capilla Parque San Pedro, Concepci\u00f3n.<\/li>\n<li>2003 Dise\u00f1o Anfiteatro Las Brisas de Santo Domingo, Santo Domingo.<\/li>\n<li>2003 Dise\u00f1o Ac\u00fastico en proyecto de arquitectura \u201cCasa de la Cultura de Curacaut\u00edn\u201d, Municipalidad de Curacaut\u00edn.<\/li>\n<li>2003 Asesor\u00eda ac\u00fastica para pericia fonoaudiol\u00f3gica Defensor\u00eda Penal P\u00fablica III Regi\u00f3n Atacama, Copiapo.<\/li>\n<li>2003 Estudio de los altavoces para un sistema electroac\u00fastico en t\u00fanel de autopista costanera norte. Santiago.<\/li>\n<li>2003 Estudio ac\u00fastico de vibraciones y ruido para el proyecto de ampliaci\u00f3n de las instalaciones del teatro municipal de Santiago. Ilustre Municipalidad de Santiago.<\/li>\n<li>2002 Proyecto control de ruido y mejoramiento renovaci\u00f3n de aire nave Electro- Winning, Compa\u00f1\u00eda Minera Do\u00f1a In\u00e9s de Collahuasi, SCM, Iquique.<\/li>\n<li>2002 Diagn\u00f3stico ac\u00fastico del Teatro Oriente y propuestas de acondicionamiento para adecuarla a una sala de conciertos, Fundaci\u00f3n Beethoven, Santiago.<\/li>\n<li>2002 Proyecto Construcci\u00f3n Teatro Municipal de Casablanca, Casablanca.<\/li>\n<li>2002 Asesor\u00eda aislamiento ac\u00fastico Viviendas Geosal, Inmobiliaria Geosal S.A., Santiago.<\/li>\n<li>2002 Auditor\u00eda de evaluaci\u00f3n ac\u00fastica Edificio El Golf de mediciones realizadas por IDIEM para SALFA, Santiago.<\/li>\n<li>2002 Estudio de niveles de ruido para fuentes fijas, Sociedad Inversiones Austral S.A., Valdivia.<\/li>\n<li>2002 Estudio y soluci\u00f3n del ruido ambiente en salas de clases Colegio San Luis de Alba, Valdivia.<\/li>\n<li>2001 Estudio de niveles de ruido para fuentes fijas, Rest. Alimenticios Apache Ltda., Osorno.<\/li>\n<li>2001 Elaboraci\u00f3n de l\u00ednea base de ruido en Sector Alto Baguales, Sistemas de Transmisi\u00f3n del Sur S.A., STS, Coyhaique.<\/li>\n<li>2001 Consultor\u00eda Ac\u00fastica patio techado y gimnasio del Instituto Alem\u00e1n de Puerto Montt, Puerto Montt.<\/li>\n<li>2001 Dise\u00f1o Ac\u00fastico, Universidad de Los Andes, Santiago.<\/li>\n<li>2001 Estudio de ruido industrial en Edificio de Electro-Obtenci\u00f3n, Compa\u00f1\u00eda Minera Do\u00f1a In\u00e9s de Collahuasi, SCM, Iquique.<\/li>\n<li>2000 Proyecto aislamiento ac\u00fastico, acondicionamiento ac\u00fastico y dise\u00f1o del sistema audio visual de la Sala Multiprop\u00f3sito del Hotel Caba\u00f1as Los Alerces, Puerto Varas.<\/li>\n<li>2000 Evaluaci\u00f3n del clima ac\u00fastico en Planta Concentradora, Compa\u00f1\u00eda Minera Do\u00f1a In\u00e9s de Collahuasi, SCM, Iquique.<\/li>\n<li>2000 Estudio de niveles de ruido para fuentes fijas en localidad de Los Pellines, Concesi\u00f3n de Los Lagos S.A., San Pablo.<\/li>\n<li>2000 Estudio de niveles de ruido para fuentes fijas en Subestaci\u00f3n Panguipulli, Sistemas de Transmisi\u00f3n del Sur S.A., STS, Panguipulli.<\/li>\n<li>2000 Acondicionamiento Ac\u00fastico del Teatro Independencia de la Provincia de Mendoza, Ministerio del Ambiente y Obras P\u00fablicas, Mendoza, Argentina.<\/li>\n<li>1999 Evaluaci\u00f3n de niveles de ruido en Aeropuerto El Tepual, Puerto Montt.<\/li>\n<li>1999 Aislamiento ac\u00fastico en Centro de Convenciones de la Ilustre Municipalidad de Puerto Varas, Puerto Varas.<\/li>\n<li>1999 Medici\u00f3n de \u00edndices de contaminaci\u00f3n ac\u00fastica en la ciudad de Temuco, CONAMA, Temuco.<\/li>\n<li>1998 Proyecto de aislamiento ac\u00fastico en Pub Restor\u00e1n Gambrinus, Osorno.<\/li>\n<li>1998 Estudio Impacto de ruido en Planta Procesadora de Alimentos congelados propiedad de Toralla S.A., Chilo\u00e9.<\/li>\n<li>1998 Dise\u00f1o de sistema electroac\u00fastico para el Hospital Base de Osorno, Osorno.<\/li>\n<li>1997 Asesor\u00eda en el estudio de impacto ambiental de la Planta de Tratamiento de Aguas Servidas, Aguasd\u00e9cima S.A., Valdivia.<\/li>\n<li>1997 Estudio y evaluaci\u00f3n de los equipos de protecci\u00f3n auditiva usados en la Divisi\u00f3n Andina, CODELCO Chile, Los Andes.<\/li>\n<li>1995 Estudio de contaminaci\u00f3n ac\u00fastica en Planta de Maderas Prensadas Cholgu\u00e1n S.A. y Aserraderos Cholgu\u00e1n S.A., Concepci\u00f3n.<\/li>\n<li>1994 Proyecto Dise\u00f1o e implementaci\u00f3n de sistema electroac\u00fastico para la Ilustre Municipalidad de Valdivia, Valdivia.<\/li>\n<li>1992 Asesor\u00eda en Control de Ruido para Oficinas de bodega y despacho, MASISA S.A., Planta Chumpullo, Valdivia.<\/li>\n<li>1990 Estudio de contaminaci\u00f3n ac\u00fastica y de vibraciones en Moto Nave Terra Australis, Navimag S.A., Talcahuano.<\/li>\n<\/ol>\n","protected":false},"excerpt":{"rendered":"<p>Asesor\u00edas T\u00e9cnicas, servicios y proyectos profesionales. 2024-2025 Asesor\u00eda T\u00e9cnica en \u00abActualizaci\u00f3n y evaluaci\u00f3n de los niveles de ruido en la comuna de Coronel\u00bb, Ficha licitaci\u00f3n:\u2002N\u00b0608897-109-LE23. Proyecto ejecutado por la empresa Ac\u00fastica Austral para la Subsecretaria del Medio Ambiente. Participaci\u00f3n en asesor\u00eda especializada e instrumental avanzado para el estudio, en base a convenio vigente. 2020 Asesor\u00eda [&hellip;]<\/p>\n","protected":false},"author":2,"featured_media":3000,"parent":0,"menu_order":0,"comment_status":"closed","ping_status":"closed","template":"","meta":{"footnotes":""},"class_list":["post-2998","page","type-page","status-publish","has-post-thumbnail","hentry"],"_links":{"self":[{"href":"https:\/\/www.acusticauach.cl\/index.php?rest_route=\/wp\/v2\/pages\/2998","targetHints":{"allow":["GET"]}}],"collection":[{"href":"https:\/\/www.acusticauach.cl\/index.php?rest_route=\/wp\/v2\/pages"}],"about":[{"href":"https:\/\/www.acusticauach.cl\/index.php?rest_route=\/wp\/v2\/types\/page"}],"author":[{"embeddable":true,"href":"https:\/\/www.acusticauach.cl\/index.php?rest_route=\/wp\/v2\/users\/2"}],"replies":[{"embeddable":true,"href":"https:\/\/www.acusticauach.cl\/index.php?rest_route=%2Fwp%2Fv2%2Fcomments&post=2998"}],"version-history":[{"count":0,"href":"https:\/\/www.acusticauach.cl\/index.php?rest_route=\/wp\/v2\/pages\/2998\/revisions"}],"wp:featuredmedia":[{"embeddable":true,"href":"https:\/\/www.acusticauach.cl\/index.php?rest_route=\/wp\/v2\/media\/3000"}],"wp:attachment":[{"href":"https:\/\/www.acusticauach.cl\/index.php?rest_route=%2Fwp%2Fv2%2Fmedia&parent=2998"}],"curies":[{"name":"wp","href":"https:\/\/api.w.org\/{rel}","templated":true}]}}