{"id":2963,"date":"2013-05-05T22:01:56","date_gmt":"2013-05-06T02:01:56","guid":{"rendered":"http:\/\/www.acusticauach.cl\/?page_id=2963"},"modified":"2013-05-06T17:22:20","modified_gmt":"2013-05-06T21:22:20","slug":"gabriel-brncic-isaza","status":"publish","type":"page","link":"https:\/\/www.acusticauach.cl\/?page_id=2963","title":{"rendered":"Visita del compositor Gabriel Brncic Isaza"},"content":{"rendered":"<h2><a href=\"https:\/\/www.acusticauach.cl\/wp-content\/uploads\/2013\/05\/BANNER_GABRIEL_WEB03.jpg\"><img decoding=\"async\" class=\"aligncenter size-full wp-image-2965\" alt=\"BANNER_GABRIEL_WEB03\" src=\"https:\/\/www.acusticauach.cl\/wp-content\/uploads\/2013\/05\/BANNER_GABRIEL_WEB03.jpg\" width=\"571\" height=\"335\" srcset=\"https:\/\/www.acusticauach.cl\/wp-content\/uploads\/2013\/05\/BANNER_GABRIEL_WEB03.jpg 571w, https:\/\/www.acusticauach.cl\/wp-content\/uploads\/2013\/05\/BANNER_GABRIEL_WEB03-300x176.jpg 300w, https:\/\/www.acusticauach.cl\/wp-content\/uploads\/2013\/05\/BANNER_GABRIEL_WEB03-500x293.jpg 500w\" sizes=\"(max-width: 571px) 100vw, 571px\" \/><\/a><\/h2>\n<h2><span style=\"font-size: 16px;\">Gabriel Brncic nace en Chile en 1942, es compositor, pedagogo y especialista en tecnolog\u00eda y m\u00fasica electroac\u00fastica y actualmente reconocido como una figura clave y la de mayor peso en la escena musical de vanguardia.<\/span><\/h2>\n<p>Estudi\u00f3 viol\u00edn y oboe en el Conservatorio Nacional, y composici\u00f3n con Gustavo Becerra-Schmidt en la Facultad de Artes Musicales y de la Representaci\u00f3n de la Universidad de Chile en donde se licencia en composici\u00f3n. Adem\u00e1s de m\u00fasica, tambi\u00e9n realiz\u00f3 estudios iniciales de ingenier\u00eda, lo que ayuda a explicar su temprano inter\u00e9s por la m\u00fasica electroac\u00fastica y por la composici\u00f3n con algoritmos, as\u00ed como sus estudios como instrumentista de viol\u00edn, viola y oboe, ayudan a entender su inter\u00e9s por la investigaci\u00f3n en nuevas t\u00e9cnicas de ejecuci\u00f3n instrumental. Fue obo\u00edsta de las orquestas de La Serena, Concepci\u00f3n y Sinf\u00f3nica de Chile.<\/p>\n<p>Finaliz\u00f3 sus estudios en el Instituto Torcuato di Tella becado por el CLAEM (Centro Latinoamericano de Altos Estudios Musicales) en Buenos Aires, donde inici\u00f3 su carrera como int\u00e9rprete y compositor. En el a\u00f1o 1974 se exili\u00f3 a Europa y, desde entonces, reside en Barcelona.<\/p>\n<p>La trayectoria de medio siglo de Gabriel Brncic trasciende Europa, gracias al impulso que le dio a la electroac\u00fastica con su trabajo en el Laboratorio Phonos de Barcelona, posee m\u00e1s de 200 obras, incluida \u201cChile f\u00e9rtil provincia\u201d con la cual gan\u00f3 el Festival de Bourges en el 85.<\/p>\n<p>\u201cA medida que avanz\u00f3 la acci\u00f3n de la radio y de la industria discogr\u00e1fica, la cultura musical sufri\u00f3 un trastorno. El auditor medio comenz\u00f3 a poseer, quiera o no quiera, una serie de im\u00e1genes auditivas que tarde o temprano operar\u00edan en su sistema mundo\u201d, afirma Brncic.<\/p>\n<p>Entre los d\u00edas 6 y 9 de mayo dictar\u00e1 el encuentro-taller \u00bfQu\u00e9 es la composici\u00f3n musical?, curso dirigido, principalmente, a estudiantes del Conservatorio de M\u00fasica y de Ingenier\u00eda Civil Ac\u00fastica, la cita es en la sala Sergio Pineda del Conservatorio, ubicado en General Lagos #1107.<\/p>\n<p>Adem\u00e1s, para el mi\u00e9rcoles 8 de mayo, a las 20 horas en el Teatro Lord Cochrane, se program\u00f3 un concierto, enmarcado en los cincuenta a\u00f1os de creaci\u00f3n musical del compositor chileno Gabriel Brncic Isaza.<\/p>\n<p>El programa del evento incluye: cor\u00e9utica (electroac\u00fastica), coral-retrato (electroac\u00fastica\/voz), clarinen tres (clarinete bajo y electroac\u00fastica), violoncello-concert (a Joan Mir\u00f3), estreno en Chile, concierto g\u00f3tico (parte 2: sue\u00f1o de oboe) y quodlibet IV versi\u00f3n 8, dedicado a Ximena Cabello y estreno absoluto en el pa\u00eds.<\/p>\n<p>Las actividades de Gabriel Brncic en Valdivia finalizan el viernes 10 de mayo, a las 11:30 horas, con la conferencia \u201cNueva dimensi\u00f3n del sonido en la sociedad actual\u201d, actividad que se realizar\u00e1 en la Sala de Humanidades de la Facultad de Filosof\u00eda y Humanidades.<\/p>\n<p><a href=\"https:\/\/www.acusticauach.cl\/wp-content\/uploads\/2013\/05\/CONCIERTO_GABRIEL-BRNCIC-20.jpg\"><img decoding=\"async\" class=\"aligncenter size-full wp-image-2993\" alt=\"CONCIERTO_GABRIEL-BRNCIC 20\" src=\"https:\/\/www.acusticauach.cl\/wp-content\/uploads\/2013\/05\/CONCIERTO_GABRIEL-BRNCIC-20.jpg\" width=\"1000\" height=\"763\" srcset=\"https:\/\/www.acusticauach.cl\/wp-content\/uploads\/2013\/05\/CONCIERTO_GABRIEL-BRNCIC-20.jpg 1000w, https:\/\/www.acusticauach.cl\/wp-content\/uploads\/2013\/05\/CONCIERTO_GABRIEL-BRNCIC-20-300x228.jpg 300w, https:\/\/www.acusticauach.cl\/wp-content\/uploads\/2013\/05\/CONCIERTO_GABRIEL-BRNCIC-20-700x534.jpg 700w, https:\/\/www.acusticauach.cl\/wp-content\/uploads\/2013\/05\/CONCIERTO_GABRIEL-BRNCIC-20-500x381.jpg 500w\" sizes=\"(max-width: 1000px) 100vw, 1000px\" \/><\/a><\/p>\n<p><strong>CONCIERTO<\/strong><\/p>\n<p>Cincuenta a\u00f1os de Creaci\u00f3n Musical del compositor chileno Gabriel Brncic<br \/>\nMi\u00e9rcoles 8 de Mayo 2013 a las 20 horas. Gratis. Teatro Lord Cochrane<\/p>\n<p><strong>CHARLAS<\/strong><\/p>\n<p>\u00abSonido y M\u00fasica Electroac\u00fastica\u00bb, viernes 10 de mayo a las 16:00 hrs, Auditorio Pabell\u00f3n Docente, Facultad de Ciencias de la Ingenier\u00eda.<\/p>\n<p>\u201cNueva dimensi\u00f3n del sonido en la sociedad actual\u201d, viernes 10 de mayo, a las 11:30 horas, Sala de Humanidades de la Facultad de Filosof\u00eda y Humanidades.<\/p>\n<p><strong>CURSO<\/strong><\/p>\n<p>\u00bfQu\u00e9 es la Composici\u00f3n Musical?. 6, 7 y 9 de mayo. Gratuito abierto a estudiantes del Conservatorio de M\u00fasica y de Ingenier\u00eda Civil Ac\u00fastica.Inscripciones: comusica@uach.cl tel.213813<\/p>\n","protected":false},"excerpt":{"rendered":"<p>Gabriel Brncic nace en Chile en 1942, es compositor, pedagogo y especialista en tecnolog\u00eda y m\u00fasica electroac\u00fastica y actualmente reconocido como una figura clave y la de mayor peso en la escena musical de vanguardia. Estudi\u00f3 viol\u00edn y oboe en el Conservatorio Nacional, y composici\u00f3n con Gustavo Becerra-Schmidt en la Facultad de Artes Musicales y [&hellip;]<\/p>\n","protected":false},"author":2,"featured_media":0,"parent":6,"menu_order":0,"comment_status":"closed","ping_status":"closed","template":"","meta":{"footnotes":""},"class_list":["post-2963","page","type-page","status-publish","hentry"],"_links":{"self":[{"href":"https:\/\/www.acusticauach.cl\/index.php?rest_route=\/wp\/v2\/pages\/2963","targetHints":{"allow":["GET"]}}],"collection":[{"href":"https:\/\/www.acusticauach.cl\/index.php?rest_route=\/wp\/v2\/pages"}],"about":[{"href":"https:\/\/www.acusticauach.cl\/index.php?rest_route=\/wp\/v2\/types\/page"}],"author":[{"embeddable":true,"href":"https:\/\/www.acusticauach.cl\/index.php?rest_route=\/wp\/v2\/users\/2"}],"replies":[{"embeddable":true,"href":"https:\/\/www.acusticauach.cl\/index.php?rest_route=%2Fwp%2Fv2%2Fcomments&post=2963"}],"version-history":[{"count":0,"href":"https:\/\/www.acusticauach.cl\/index.php?rest_route=\/wp\/v2\/pages\/2963\/revisions"}],"up":[{"embeddable":true,"href":"https:\/\/www.acusticauach.cl\/index.php?rest_route=\/wp\/v2\/pages\/6"}],"wp:attachment":[{"href":"https:\/\/www.acusticauach.cl\/index.php?rest_route=%2Fwp%2Fv2%2Fmedia&parent=2963"}],"curies":[{"name":"wp","href":"https:\/\/api.w.org\/{rel}","templated":true}]}}