{"id":2091,"date":"2012-10-23T18:34:08","date_gmt":"2012-10-23T21:34:08","guid":{"rendered":"http:\/\/www.acusticauach.cl\/?page_id=2091"},"modified":"2019-10-24T21:51:43","modified_gmt":"2019-10-25T00:51:43","slug":"2091-2","status":"publish","type":"page","link":"https:\/\/www.acusticauach.cl\/?page_id=2091","title":{"rendered":"Plan de Estudios 2017"},"content":{"rendered":"<p><img decoding=\"async\" class=\"wp-image-7949\" src=\"https:\/\/www.acusticauach.cl\/wp-content\/uploads\/2012\/10\/Ban_Acustica_50-a\u00f1os_02.jpg\" width=\"700\" height=\"237\" srcset=\"https:\/\/www.acusticauach.cl\/wp-content\/uploads\/2012\/10\/Ban_Acustica_50-a\u00f1os_02.jpg 1000w, https:\/\/www.acusticauach.cl\/wp-content\/uploads\/2012\/10\/Ban_Acustica_50-a\u00f1os_02-300x101.jpg 300w, https:\/\/www.acusticauach.cl\/wp-content\/uploads\/2012\/10\/Ban_Acustica_50-a\u00f1os_02-768x260.jpg 768w, https:\/\/www.acusticauach.cl\/wp-content\/uploads\/2012\/10\/Ban_Acustica_50-a\u00f1os_02-700x237.jpg 700w, https:\/\/www.acusticauach.cl\/wp-content\/uploads\/2012\/10\/Ban_Acustica_50-a\u00f1os_02-500x169.jpg 500w\" sizes=\"(max-width: 700px) 100vw, 700px\" \/><\/p>\n<p style=\"text-align: center;\"><strong><span style=\"line-height: 24px;\">[special_font size=\u00bb32&#8243; unit=\u00bbpx\u00bb]\u00a1Nuevo! Plan de estudios 2017 &#8211; Curr\u00edculum Innovado[\/special_font]<\/span><\/strong><\/p>\n<table width=\"100%\">\n<tbody>\n<tr>\n<td width=\"49%\"><strong>I SEMESTRE<\/strong><\/td>\n<td width=\"50%\"><strong>II SEMESTRE<\/strong><\/td>\n<\/tr>\n<tr>\n<td width=\"49%\">MUSISONOLOG\u00cdA<\/td>\n<td width=\"50%\">TALLER DE SONIDO<\/td>\n<\/tr>\n<tr>\n<td width=\"49%\">TALLER DE INTRODUCCI\u00d3N A LA AC\u00daSTICA<\/td>\n<td width=\"50%\">\u00c1LGEBRA LINEAL PARA INGENIER\u00cdA<\/td>\n<\/tr>\n<tr>\n<td width=\"49%\">\u00c1LGEBRA PARA INGENIER\u00cdA<\/td>\n<td width=\"50%\">C\u00c1LCULO EN UNA VARIABLE<\/td>\n<\/tr>\n<tr>\n<td width=\"49%\">GEOMETR\u00cdA PARA INGENIER\u00cdA<\/td>\n<td width=\"50%\">F\u00cdSICA: MEC\u00c1NICA<\/td>\n<\/tr>\n<tr>\n<td width=\"49%\">QU\u00cdMICA PARA INGENIER\u00cdA<\/td>\n<td width=\"50%\">COMUNICACI\u00d3N IDIOMA INGL\u00c9S<\/td>\n<\/tr>\n<tr>\n<td width=\"49%\">COMUNICACI\u00d3N IDIOMA ESPA\u00d1OL<\/td>\n<td width=\"50%\">EDUCACI\u00d3N F\u00cdSICA Y SALUD<\/td>\n<\/tr>\n<tr>\n<td width=\"49%\"><\/td>\n<td width=\"50%\">PROGRAMACI\u00d3N<\/td>\n<\/tr>\n<\/tbody>\n<\/table>\n<p>&nbsp;<\/p>\n<table width=\"100%\">\n<tbody>\n<tr>\n<td width=\"293\"><strong>III SEMESTRE<\/strong><\/td>\n<td width=\"296\"><strong>IV SEMESTRE<\/strong><\/td>\n<\/tr>\n<tr>\n<td width=\"293\">LENGUAJE Y ENTRENAMIENTO AUDITIVO MUSICAL B\u00c1SICO<\/td>\n<td width=\"296\">LENGUAJE Y ENTRENAMIENTO AUDITIVO MUSICAL<\/td>\n<\/tr>\n<tr>\n<td width=\"293\">TALLER DE INTRODUCCI\u00d3N AL AUDIO PROFESIONAL<\/td>\n<td width=\"296\">TALLER DE SONIDO CREATIVO<\/td>\n<\/tr>\n<tr>\n<td width=\"293\">ECUACIONES DIFERENCIALES PARA INGENIER\u00cdA<\/td>\n<td width=\"296\">TALLER DE AC\u00daSTICA<\/td>\n<\/tr>\n<tr>\n<td width=\"293\">C\u00c1LCULO EN VARIAS VARIABLES<\/td>\n<td width=\"296\">M\u00c9TODOS NUM\u00c9RICOS PARA INGENIER\u00cdA<\/td>\n<\/tr>\n<tr>\n<td width=\"293\">F\u00cdSICA: ONDAS Y ELECTROMAGNETISMO<\/td>\n<td width=\"296\">F\u00cdSICA: FLUIDOS Y TERMODIN\u00c1MICA<\/td>\n<\/tr>\n<tr>\n<td width=\"293\">OPTATIVO DE FORMACI\u00d3N GENERAL 1<\/td>\n<td width=\"296\">ESTAD\u00cdSTICA Y PROBABILIDADES PARA INGENIER\u00cdA<\/td>\n<\/tr>\n<\/tbody>\n<\/table>\n<p>&nbsp;<\/p>\n<table width=\"100%\">\n<tbody>\n<tr>\n<td width=\"293\"><strong>V SEMESTRE<\/strong><\/td>\n<td width=\"296\"><strong>VI SEMESTRE<\/strong><\/td>\n<\/tr>\n<tr>\n<td width=\"293\">FUNDAMENTOS DE AC\u00daSTICA<\/td>\n<td width=\"296\">CONTROL DE RUIDO<\/td>\n<\/tr>\n<tr>\n<td width=\"293\">INTRODUCCI\u00d3N A LA ARMON\u00cdA TRADICIONAL Y MODERNA<\/td>\n<td width=\"296\">ELECTROAC\u00daSTICA<\/td>\n<\/tr>\n<tr>\n<td width=\"293\">PROCESAMIENTO DIGITAL DE SE\u00d1ALES<\/td>\n<td width=\"296\">SONIDO PARA IMAGEN<\/td>\n<\/tr>\n<tr>\n<td width=\"293\">TALLER AUDIOVISUAL<\/td>\n<td width=\"296\">T\u00c9CNICAS DE ESCUCHA Y CULTURA MUSICAL<\/td>\n<\/tr>\n<tr>\n<td width=\"293\">AN\u00c1LISIS DE CIRCUITOS<\/td>\n<td width=\"296\">HERRAMIENTAS CAD PARA INGENIER\u00cdA<\/td>\n<\/tr>\n<tr>\n<td width=\"293\"><\/td>\n<td width=\"296\">OPTATIVO DE ESPECIALIZACI\u00d3N I<\/td>\n<\/tr>\n<\/tbody>\n<\/table>\n<p>&nbsp;<\/p>\n<table width=\"100%\">\n<tbody>\n<tr>\n<td width=\"293\"><strong>VII SEMESTRE<\/strong><\/td>\n<td width=\"296\"><strong>VIII SEMESTRE<\/strong><\/td>\n<\/tr>\n<tr>\n<td width=\"293\">GIRA TEMPRANA DE ESTUDIO<\/td>\n<td width=\"296\">AC\u00daSTICA AMBIENTAL<\/td>\n<\/tr>\n<tr>\n<td width=\"293\">AISLAMIENTO Y AN\u00c1LISIS DE VIBRACIONES<\/td>\n<td width=\"296\">ULTRASONIDO<\/td>\n<\/tr>\n<tr>\n<td width=\"293\">REFUERZO SONORO<\/td>\n<td width=\"296\">T\u00c9CNICAS DE GRABACI\u00d3N Y POSTPRODUCCI\u00d3N<\/td>\n<\/tr>\n<tr>\n<td width=\"293\">AC\u00daSTICA ARQUITECT\u00d3NICA<\/td>\n<td width=\"296\">TALLER DE VIBRACIONES<\/td>\n<\/tr>\n<tr>\n<td width=\"293\">T\u00c9CNICAS DE GRABACI\u00d3N<\/td>\n<td width=\"296\">GESTI\u00d3N DE PROYECTOS<\/td>\n<\/tr>\n<tr>\n<td width=\"293\">TALLER DE ADMINISTRACI\u00d3N Y EMPRENDIMIENTO<\/td>\n<td width=\"296\">OPTATIVO DE ESPECIALIZACI\u00d3N II<\/td>\n<\/tr>\n<\/tbody>\n<\/table>\n<p>&nbsp;<\/p>\n<table width=\"100%\">\n<tbody>\n<tr>\n<td width=\"293\"><strong>IX SEMESTRE<\/strong><\/td>\n<td width=\"296\"><strong>X SEMESTRE<\/strong><\/td>\n<\/tr>\n<tr>\n<td width=\"293\">PROYECTO AC\u00daSTICO: AC\u00daSTICA AMBIENTAL<\/td>\n<td width=\"296\">PROYECTO AC\u00daSTICO: RUIDO Y VIBRACIONES<\/td>\n<\/tr>\n<tr>\n<td width=\"293\">PROYECTO AC\u00daSTICO: REFUERZO SONORO<\/td>\n<td width=\"296\">PROYECTO AC\u00daSTICO: ACONDICIONAMIENTO AC\u00daSTICO<\/td>\n<\/tr>\n<tr>\n<td width=\"293\">PR\u00c1CTICA DE REFUERZO SONORO<\/td>\n<td width=\"296\">GIRA DE ESTUDIO<\/td>\n<\/tr>\n<tr>\n<td width=\"293\">EFICIENCIA ENERG\u00c9TICA Y CALIDAD AMBIENTAL EN LA EDIFICACI\u00d3N<\/td>\n<td width=\"296\">TALLER DE CREATIVIDAD E INNOVACI\u00d3N<\/td>\n<\/tr>\n<tr>\n<td width=\"293\">OPTATIVO DE PROFUNDIZACI\u00d3N I<\/td>\n<td width=\"296\">OPTATIVO DE PROFUNDIZACI\u00d3N II<\/td>\n<\/tr>\n<tr>\n<td width=\"293\"><\/td>\n<td width=\"296\"><\/td>\n<\/tr>\n<\/tbody>\n<\/table>\n<p>&nbsp;<\/p>\n<table width=\"49%\">\n<tbody>\n<tr>\n<td width=\"293\"><strong>XI SEMESTRE<\/strong><\/td>\n<\/tr>\n<tr>\n<td width=\"293\">PR\u00c1CTICA PROFESIONAL (a)<\/td>\n<\/tr>\n<tr>\n<td width=\"293\">PR\u00c1CTICA PROFESIONAL<\/td>\n<\/tr>\n<tr>\n<td width=\"293\">PROYECTO DE T\u00cdTULO (a)<\/td>\n<\/tr>\n<tr>\n<td width=\"293\">TRABAJO DE T\u00cdTULO (b)<\/td>\n<\/tr>\n<tr>\n<td width=\"293\"><\/td>\n<\/tr>\n<tr>\n<td width=\"293\"><\/td>\n<\/tr>\n<\/tbody>\n<\/table>\n<p>&nbsp;<\/p>\n<div style=\"text-align: left;\" align=\"center\">\n<p><strong>Requisitos de Bachiller:<\/strong><br \/>\n&#8211; LOS CUATRO PRIMEROS SEMESTRES DEL PLAN DE ESTUDIOS APROBADOS<br \/>\n<strong>Requisitos de Licenciatura :<\/strong><br \/>\n&#8211; LOS OCHO PRIMEROS SEMESTRES DEL PLAN DE ESTUDIOS APROBADOS<br \/>\n<strong>Requisitos de Titulaci\u00f3n :<\/strong><br \/>\n&#8211; PLAN DE ESTUDIOS APROBADO.<\/p>\n<h2><strong>ALTERNATIVAS DE TITULACI\u00d3N<\/strong><\/h2>\n<p>El plan de estudios contempla tres alternativas de titulaci\u00f3n durante el 11\u00ba semestre de la carrera:<br \/>\na) La primera alternativa es la realizaci\u00f3n de las asignaturas Proyecto de T\u00edtulo y Pr\u00e1ctica Profesional.<br \/>\nb) La segunda alternativa corresponde a la realizaci\u00f3n de un Trabajo de T\u00edtulo y Pr\u00e1ctica Profesional.<br \/>\nc) La tercera alternativa considera la vinculaci\u00f3n con un programa de Magister y est\u00e1 orientada a estudiantes que desean profundizar conocimientos en un \u00e1rea espec\u00edfica a trav\u00e9s de un postgrado. Contempla las asignaturas Tesina, Pr\u00e1ctica Profesional y Optativo de Profundizaci\u00f3n.<\/p>\n<p><strong><a href=\"http:\/\/www.uach.cl\/dw\/admision\/plandeestudio.php?car=1730\" target=\"_blank\" rel=\"noopener noreferrer\">[info]Ver Plan de Estudios en la P\u00e1gina Web Oficial de la Universidad Austral de Chile[\/info]<\/a><\/strong><\/p>\n<p><a href=\"https:\/\/www.acusticauach.cl\/?page_id=103\"><strong>\u00a0\u00a0[info]Perfil de egreso de la carrera[\/info]<\/strong><\/a><\/p>\n<p><a href=\"https:\/\/www.acusticauach.cl\/?page_id=6758\"><strong>[info]Vinculaci\u00f3n con Programa de Mag\u00edster en Ac\u00fastica y Vibraciones[\/info]<\/strong><\/a><\/p>\n<\/div>\n","protected":false},"excerpt":{"rendered":"<p>[special_font size=\u00bb32&#8243; unit=\u00bbpx\u00bb]\u00a1Nuevo! Plan de estudios 2017 &#8211; Curr\u00edculum Innovado[\/special_font] I SEMESTRE II SEMESTRE MUSISONOLOG\u00cdA TALLER DE SONIDO TALLER DE INTRODUCCI\u00d3N A LA AC\u00daSTICA \u00c1LGEBRA LINEAL PARA INGENIER\u00cdA \u00c1LGEBRA PARA INGENIER\u00cdA C\u00c1LCULO EN UNA VARIABLE GEOMETR\u00cdA PARA INGENIER\u00cdA F\u00cdSICA: MEC\u00c1NICA QU\u00cdMICA PARA INGENIER\u00cdA COMUNICACI\u00d3N IDIOMA INGL\u00c9S COMUNICACI\u00d3N IDIOMA ESPA\u00d1OL EDUCACI\u00d3N F\u00cdSICA Y SALUD PROGRAMACI\u00d3N &nbsp; [&hellip;]<\/p>\n","protected":false},"author":2,"featured_media":0,"parent":63,"menu_order":0,"comment_status":"closed","ping_status":"closed","template":"","meta":{"footnotes":""},"class_list":["post-2091","page","type-page","status-publish","hentry"],"_links":{"self":[{"href":"https:\/\/www.acusticauach.cl\/index.php?rest_route=\/wp\/v2\/pages\/2091","targetHints":{"allow":["GET"]}}],"collection":[{"href":"https:\/\/www.acusticauach.cl\/index.php?rest_route=\/wp\/v2\/pages"}],"about":[{"href":"https:\/\/www.acusticauach.cl\/index.php?rest_route=\/wp\/v2\/types\/page"}],"author":[{"embeddable":true,"href":"https:\/\/www.acusticauach.cl\/index.php?rest_route=\/wp\/v2\/users\/2"}],"replies":[{"embeddable":true,"href":"https:\/\/www.acusticauach.cl\/index.php?rest_route=%2Fwp%2Fv2%2Fcomments&post=2091"}],"version-history":[{"count":0,"href":"https:\/\/www.acusticauach.cl\/index.php?rest_route=\/wp\/v2\/pages\/2091\/revisions"}],"up":[{"embeddable":true,"href":"https:\/\/www.acusticauach.cl\/index.php?rest_route=\/wp\/v2\/pages\/63"}],"wp:attachment":[{"href":"https:\/\/www.acusticauach.cl\/index.php?rest_route=%2Fwp%2Fv2%2Fmedia&parent=2091"}],"curies":[{"name":"wp","href":"https:\/\/api.w.org\/{rel}","templated":true}]}}