{"id":2038,"date":"2012-10-20T09:38:24","date_gmt":"2012-10-20T12:38:24","guid":{"rendered":"http:\/\/www.acusticauach.cl\/?page_id=2038"},"modified":"2023-09-25T15:57:42","modified_gmt":"2023-09-25T18:57:42","slug":"instituto-de-acustica","status":"publish","type":"page","link":"https:\/\/www.acusticauach.cl\/?page_id=2038","title":{"rendered":"Instituto de Ac\u00fastica"},"content":{"rendered":"<h5><strong>1. Historia y reconocimiento nacional e internacional<\/strong><\/h5>\n<p>En <a title=\"Panor\u00e1mica Valdivia\" href=\"https:\/\/www.acusticauach.cl\/?page_id=120\">Valdivia<\/a>, en el <a title=\"Panor\u00e1mica del Campus\" href=\"https:\/\/www.acusticauach.cl\/?page_id=112\">Campus Miraflores<\/a>, perteneciente a la <a title=\"Facultad de Cs. de la Ingenier\u00eda UACh\" href=\"https:\/\/www.acusticauach.cl\/?page_id=1558\">Facultad de Ciencias de la Ingenier\u00eda<\/a> de la <a title=\"Universidad Austral de Chile UACh\" href=\"https:\/\/www.acusticauach.cl\/?page_id=684\">Universidad Austral de Chile<\/a>, est\u00e1 el Instituto de Ac\u00fastica. Corresponde a la unidad acad\u00e9mica que\u00a0re\u00fane\u00a0a los profesores de la especialidad de ac\u00fastica de la universidad. Una reconocida trayectoria al servicio de la docencia y el desarrollo cient\u00edfico y tecnol\u00f3gico, marcan un camino constante de avance en la comprensi\u00f3n y control de los fen\u00f3menos ac\u00fasticos.<\/p>\n<p>Nuestro Instituto ha ganado un prestigio internacional a trav\u00e9s de los a\u00f1os. La Universidad Austral de Chile en Valdivia, es reconocida internacionalmente como un punto de desarrollo de la Ingenier\u00eda Ac\u00fastica. Estudiantes de Colombia, Ecuador, Venezuela, Argentina, Per\u00fa, Bolivia, Paraguay, Rep\u00fablica Dominicana, Brasil y Alemania, han elegido nuestra universidad para formarse profesionalmente en el \u00e1rea de la Ingenier\u00eda Ac\u00fastica.<\/p>\n<p>Cada d\u00eda son mayores las exigencias de una sociedad en desarrollo, que se hace consciente de los problemas vinculados a la ac\u00fastica. El Instituto est\u00e1 a la cabeza del desarrollo de la especialidad en Chile, nuestra trayectoria y experiencia se refleja en la realizaci\u00f3n de Investigaci\u00f3n, Tesis de Grado y Asesor\u00edas, considerando diversos temas como Aislamiento y Acondicionamiento Ac\u00fastico, Control de Ruido y Vibraciones, Ac\u00fastica Ambiental, Predicci\u00f3n de Emisiones de Ruido, Seguridad Industrial, An\u00e1lisis de Se\u00f1ales, Dise\u00f1o e Instalaci\u00f3n de Sistemas de Audio, Grabaci\u00f3n Sonora, Post-Producci\u00f3n de Audio, etc.<\/p>\n<p>Actualmente, el Instituto de Ac\u00fastica cuenta con un equipo de acad\u00e9micos del m\u00e1s alto nivel, e imparten las asignaturas de especialidad a la carrera de <a title=\"Ingenier\u00eda Civil Ac\u00fastica\" href=\"https:\/\/www.acusticauach.cl\/?page_id=63\">Ingenier\u00eda Civil Ac\u00fastica<\/a>, el <a title=\"Mag\u00edster en Ac\u00fastica y Vibraciones\" href=\"https:\/\/www.acusticauach.cl\/?page_id=164\">Mag\u00edster en Ac\u00fastica y Vibraciones<\/a> y realiza proyectos, investigaci\u00f3n y servicios en ac\u00fastica.<\/p>\n<h5><strong>2. Visi\u00f3n<\/strong><\/h5>\n<p style=\"text-align: justify;\">Ser un referente de excelencia a nivel nacional e internacional en la docencia e investigaci\u00f3n en ac\u00fastica y sonido, vinculado con la comunidad, el sector productivo e instituciones de educaci\u00f3n superior en el pa\u00eds y el extranjero.<\/p>\n<h5><strong>3. Misi\u00f3n<\/strong><\/h5>\n<p style=\"text-align: justify;\">Contribuir con excelencia y calidad al desarrollo de la ac\u00fastica y el sonido generando conocimiento a trav\u00e9s de la docencia, investigaci\u00f3n cient\u00edfica, tecnol\u00f3gica, art\u00edstica y de vinculaci\u00f3n con el medio, aportando al progreso de la sociedad y al desarrollo sostenible del entorno.<\/p>\n<h5><strong>4. Valores<\/strong><\/h5>\n<ol>\n<li style=\"text-align: justify;\">Excelencia y calidad.<\/li>\n<li style=\"text-align: justify;\">Compromiso y responsabilidad.<\/li>\n<li style=\"text-align: justify;\">Respeto e integridad.<\/li>\n<\/ol>\n<p style=\"text-align: justify;\">El Instituto adhiere y se compromete con los valores corporativos, en un ambiente de libertad, respeto y tolerancia, para contribuir a la formaci\u00f3n integral de profesionales en nuestro pa\u00eds, mediante proyectos tecnol\u00f3gicos, sociales y empresariales.<\/p>\n<h5><strong>5. Resumen de\u00a0Principales L\u00edneas de Acci\u00f3n 2016-2019<\/strong><\/h5>\n<ul>\n<li style=\"text-align: justify;\">Desarrollar un nuevo Plan Estrat\u00e9gico del Instituto, en concordancia con los planes estrat\u00e9gicos de la UACh y la Facultad.<\/li>\n<li style=\"text-align: justify;\">Apoyar a la Escuela de Ingenier\u00eda Civil Ac\u00fastica, participando activamente en el proceso de difusi\u00f3n de la carrera.<\/li>\n<li style=\"text-align: justify;\">Apoyar a la Escuela de Graduados de la FCI en todas las acciones administrativas que correspondan para la acreditaci\u00f3n del Programa de Mag\u00edster en Ac\u00fastica y Vibraciones.<\/li>\n<li style=\"text-align: justify;\">Realizar las acciones necesarias para mantener o incrementar la cantidad de publicaciones y presentaciones a congresos.<\/li>\n<li style=\"text-align: justify;\">Apoyar la realizaci\u00f3n y difusi\u00f3n de seminarios, charlas y conferencias destinadas a la comunidad universitaria y externa.<\/li>\n<li style=\"text-align: justify;\">Realizar las gestiones para incrementar los espacios de infraestructura b\u00e1sica, para mejorar las condiciones de trabajo de los acad\u00e9micos y los servicios docentes de pre y postgrado.<\/li>\n<li style=\"text-align: justify;\">Realizar acciones tendientes a internacionalizar la actividad del Instituto, mediante convenios de cooperaci\u00f3n, proyectos de investigaci\u00f3n conjuntos, profesores, estudiantes e investigadores visitantes, dictaci\u00f3n de seminarios por expertos extranjeros, participaci\u00f3n de acad\u00e9micos extranjeros en el programa de mag\u00edster, etc.<\/li>\n<li style=\"text-align: justify;\">Realizar las acciones que permitan mantener la buena evaluaci\u00f3n de los acad\u00e9micos del Instituto en las encuestas de los estudiantes.<\/li>\n<li style=\"text-align: justify;\">Cooperar en el mantenimiento de la p\u00e1gina web de Ac\u00fasticaUach, aportando regularmente con noticias de nuestra actividad acad\u00e9mica.<\/li>\n<\/ul>\n<h5><strong>6. Objetivos Estrat\u00e9gicos (Plan Estrat\u00e9gico del Instituto de Ac\u00fastica\u00a02018-2020)<\/strong><\/h5>\n<ul>\n<li style=\"text-align: justify;\">OE1: Determinar la planta acad\u00e9mica y administrativa del Instituto.<\/li>\n<li style=\"text-align: justify;\">OE2: Asegurar la calidad de la docencia de pregrado del Instituto.<\/li>\n<li style=\"text-align: justify;\">OE3: Fortalecer la docencia de postgrado.<\/li>\n<li style=\"text-align: justify;\">OE4: Consolidar la investigaci\u00f3n y el desarrollo de la ingenier\u00eda ac\u00fastica e impulsar la innovaci\u00f3n y el emprendimiento, recogiendo las necesidades de la industria, las empresas p\u00fablicas y la sociedad.<\/li>\n<li style=\"text-align: justify;\">OE5: Fortalecer la vinculaci\u00f3n con el medio externo y reforzar la internacionalizaci\u00f3n del Instituto.<\/li>\n<li style=\"text-align: justify;\">OE6: Fortalecer la calidad de vida y relaciones personales al interior del Instituto.<\/li>\n<li style=\"text-align: justify;\">OE7: Promover y establecer en los futuros profesionales una conciencia y cultura de la sustentabilidad.<\/li>\n<\/ul>\n<p><strong><a href=\"https:\/\/www.acusticauach.cl\/wp-content\/uploads\/2012\/10\/PLAN-ESTRATEGICO-INSTITUTO-DE-AC\u00daSTICA-2018_2020_final.pdf\" target=\"_blank\" rel=\"noopener noreferrer\">PLAN ESTRATEGICO INSTITUTO DE AC\u00daSTICA 2018_2020<\/a><\/strong><\/p>\n<h5><strong>7. Contacto del Instituto de Ac\u00fastica UACh<\/strong><\/h5>\n<h2><img decoding=\"async\" class=\"size-full wp-image-2044 aligncenter\" title=\"Instituto de Acustica\" src=\"https:\/\/www.acusticauach.cl\/wp-content\/uploads\/2012\/10\/Instituto-de-Acustica.jpg\" alt=\"\" width=\"700\" height=\"350\" srcset=\"https:\/\/www.acusticauach.cl\/wp-content\/uploads\/2012\/10\/Instituto-de-Acustica.jpg 700w, https:\/\/www.acusticauach.cl\/wp-content\/uploads\/2012\/10\/Instituto-de-Acustica-300x150.jpg 300w, https:\/\/www.acusticauach.cl\/wp-content\/uploads\/2012\/10\/Instituto-de-Acustica-500x250.jpg 500w\" sizes=\"(max-width: 700px) 100vw, 700px\" \/><\/h2>\n<hr \/>\n<p style=\"text-align: left;\"><strong>Director de Instituto de Ac\u00fastica<\/strong><\/p>\n<p style=\"text-align: left;\">Dr. Felipe Otondo<\/p>\n<p style=\"text-align: left;\">Fono\/Fax: 56 63 2221339<\/p>\n<p style=\"text-align: left;\">e-mail: <a href=\"mailto:felipe.otondo@uach.cl\">felipe.otondo@uach.cl<\/a><\/p>\n<p><span style=\"color: #ffffff;\">.<\/span><\/p>\n<hr \/>\n<p>&nbsp;<\/p>\n<p style=\"text-align: left;\"><strong>Secretaria de Instituto de Ac\u00fastica<\/strong><\/p>\n<p style=\"text-align: left;\"><a href=\"https:\/\/www.acusticauach.cl\/?page_id=583\">Alexia R\u00edos A.<\/a><\/p>\n<p style=\"text-align: left;\">Fono\/Fax: 56 63 2221339<\/p>\n<p style=\"text-align: left;\">e-mail: acustica@uach.cl<span style=\"color: #ffffff;\">.<\/span><\/p>\n<p><span style=\"color: #ffffff;\">.<\/span><\/p>\n<hr \/>\n<h5><strong>8. Principal actividad del Instituto de Ac\u00fastica UACh<\/strong><\/h5>\n<h5 style=\"padding-left: 30px;\"><strong>Docencia<\/strong><\/h5>\n<ul>\n<li><a title=\"Profesores de Ac\u00fastica\" href=\"https:\/\/www.acusticauach.cl\/?page_id=139\">Profesores que forman el Instituto de Ac\u00fastica<\/a><\/li>\n<li><a title=\"Asignaturas de Ac\u00fastica\" href=\"https:\/\/www.acusticauach.cl\/?page_id=131\">Asignaturas de ac\u00fastica de pregrado<\/a><\/li>\n<li><a title=\"Ingenier\u00eda Civil Ac\u00fastica\" href=\"https:\/\/www.acusticauach.cl\/?page_id=63\">Carrera de Ingenier\u00eda Civil Ac\u00fastica<\/a><\/li>\n<li><a title=\"Mag\u00edster en Ac\u00fastica y Vibraciones\" href=\"https:\/\/www.acusticauach.cl\/?page_id=164\">Magister en Ac\u00fastica y Vibraciones<\/a><\/li>\n<li><a title=\"Mag\u00edster en Ac\u00fastica y Vibraciones\" href=\"https:\/\/www.acusticauach.cl\/?page_id=15087\">Diplomado en Ac\u00fastica Ambiental (OnLine)<\/a><\/li>\n<\/ul>\n<h5 style=\"padding-left: 30px;\"><strong>Investigaci\u00f3n<\/strong>:<\/h5>\n<ul id=\"menu-investigacion\" style=\"padding-left: 60px;\">\n<li id=\"menu-item-641\" style=\"padding-left: 60px;\"><a href=\"https:\/\/www.acusticauach.cl\/?page_id=394\">Proyectos<\/a><\/li>\n<li id=\"menu-item-645\" style=\"padding-left: 60px;\"><a href=\"https:\/\/www.acusticauach.cl\/?page_id=438\">Publicaciones ISI<\/a><\/li>\n<li id=\"menu-item-646\" style=\"padding-left: 60px;\"><a href=\"https:\/\/www.acusticauach.cl\/?page_id=421\">Publicaciones no ISI<\/a><\/li>\n<li id=\"menu-item-643\" style=\"padding-left: 60px;\"><a href=\"https:\/\/www.acusticauach.cl\/?page_id=423\">Congresos<\/a><\/li>\n<li id=\"menu-item-644\" style=\"padding-left: 60px;\"><a href=\"https:\/\/www.acusticauach.cl\/?page_id=426\">Libros<\/a><\/li>\n<\/ul>\n<p><a title=\"Escuela de Ing. Civil Ac\u00fastica\" href=\"https:\/\/www.acusticauach.cl\/?page_id=2932\"><strong>Carrera de Ingenier\u00eda Civil Ac\u00fastica<\/strong><\/a><\/p>\n<p><a title=\"Escuela de Ing. Civil Ac\u00fastica\" href=\"https:\/\/www.acusticauach.cl\/?page_id=164\"><strong>Mag\u00edster en Ac\u00fastica y Vibraciones<\/strong><\/a><\/p>\n<p><strong><a href=\"https:\/\/www.acusticauach.cl\/?page_id=15087\" target=\"_blank\" rel=\"noopener\">Diplomado en Ac\u00fastica Ambiental (OnLine)<\/a><\/strong><\/p>\n<p>&nbsp;<\/p>\n","protected":false},"excerpt":{"rendered":"<p>1. Historia y reconocimiento nacional e internacional En Valdivia, en el Campus Miraflores, perteneciente a la Facultad de Ciencias de la Ingenier\u00eda de la Universidad Austral de Chile, est\u00e1 el Instituto de Ac\u00fastica. Corresponde a la unidad acad\u00e9mica que\u00a0re\u00fane\u00a0a los profesores de la especialidad de ac\u00fastica de la universidad. Una reconocida trayectoria al servicio de [&hellip;]<\/p>\n","protected":false},"author":2,"featured_media":12068,"parent":0,"menu_order":0,"comment_status":"closed","ping_status":"closed","template":"","meta":{"footnotes":""},"class_list":["post-2038","page","type-page","status-publish","has-post-thumbnail","hentry"],"_links":{"self":[{"href":"https:\/\/www.acusticauach.cl\/index.php?rest_route=\/wp\/v2\/pages\/2038","targetHints":{"allow":["GET"]}}],"collection":[{"href":"https:\/\/www.acusticauach.cl\/index.php?rest_route=\/wp\/v2\/pages"}],"about":[{"href":"https:\/\/www.acusticauach.cl\/index.php?rest_route=\/wp\/v2\/types\/page"}],"author":[{"embeddable":true,"href":"https:\/\/www.acusticauach.cl\/index.php?rest_route=\/wp\/v2\/users\/2"}],"replies":[{"embeddable":true,"href":"https:\/\/www.acusticauach.cl\/index.php?rest_route=%2Fwp%2Fv2%2Fcomments&post=2038"}],"version-history":[{"count":0,"href":"https:\/\/www.acusticauach.cl\/index.php?rest_route=\/wp\/v2\/pages\/2038\/revisions"}],"wp:featuredmedia":[{"embeddable":true,"href":"https:\/\/www.acusticauach.cl\/index.php?rest_route=\/wp\/v2\/media\/12068"}],"wp:attachment":[{"href":"https:\/\/www.acusticauach.cl\/index.php?rest_route=%2Fwp%2Fv2%2Fmedia&parent=2038"}],"curies":[{"name":"wp","href":"https:\/\/api.w.org\/{rel}","templated":true}]}}