{"id":195,"date":"2012-09-01T22:47:58","date_gmt":"2012-09-02T02:47:58","guid":{"rendered":"http:\/\/190.114.255.83\/~acustic1\/?page_id=195"},"modified":"2019-10-21T21:39:02","modified_gmt":"2019-10-22T00:39:02","slug":"laboratorios-de-computacion","status":"publish","type":"page","link":"https:\/\/www.acusticauach.cl\/?page_id=195","title":{"rendered":"Laboratorios de computaci\u00f3n"},"content":{"rendered":"<p style=\"text-align: justify;\">Cursos como Procesamiento Digital de Se\u00f1ales requieren de equipamiento adecuado para realizar las diferentes actividades de aprendizaje. La Facultad de Ciencias de la Ingenier\u00eda dispone de laboratorios de computaci\u00f3n adecuados al desarrollo de las actividades docentes que implican necesariamente la utilizaci\u00f3n de software especializado. Todos los PC est\u00e1n conectados a Internet y tienen instalados el siguiente software licenciado para ingenier\u00eda: Auto CAD 2000, Microsoft Office, ORACLE, Visio2000, Delphi 4.0, Visual Basic, Microsoft Project, Derive 4.0, Avwin 98, MatLab y los software ProEngineer y ANSYS para elementos finitos. Adem\u00e1s, los edificios y su periferia cuentan con acceso inal\u00e1mbrico tanto a tecnolog\u00eda WiFi como VoIP con equipos Cisco.<\/p>\n","protected":false},"excerpt":{"rendered":"<p>Cursos como Procesamiento Digital de Se\u00f1ales requieren de equipamiento adecuado para realizar las diferentes actividades de aprendizaje. La Facultad de Ciencias de la Ingenier\u00eda dispone de laboratorios de computaci\u00f3n adecuados al desarrollo de las actividades docentes que implican necesariamente la utilizaci\u00f3n de software especializado. Todos los PC est\u00e1n conectados a Internet y tienen instalados el [&hellip;]<\/p>\n","protected":false},"author":1,"featured_media":2509,"parent":0,"menu_order":0,"comment_status":"closed","ping_status":"closed","template":"","meta":{"footnotes":""},"class_list":["post-195","page","type-page","status-publish","has-post-thumbnail","hentry"],"_links":{"self":[{"href":"https:\/\/www.acusticauach.cl\/index.php?rest_route=\/wp\/v2\/pages\/195","targetHints":{"allow":["GET"]}}],"collection":[{"href":"https:\/\/www.acusticauach.cl\/index.php?rest_route=\/wp\/v2\/pages"}],"about":[{"href":"https:\/\/www.acusticauach.cl\/index.php?rest_route=\/wp\/v2\/types\/page"}],"author":[{"embeddable":true,"href":"https:\/\/www.acusticauach.cl\/index.php?rest_route=\/wp\/v2\/users\/1"}],"replies":[{"embeddable":true,"href":"https:\/\/www.acusticauach.cl\/index.php?rest_route=%2Fwp%2Fv2%2Fcomments&post=195"}],"version-history":[{"count":0,"href":"https:\/\/www.acusticauach.cl\/index.php?rest_route=\/wp\/v2\/pages\/195\/revisions"}],"wp:featuredmedia":[{"embeddable":true,"href":"https:\/\/www.acusticauach.cl\/index.php?rest_route=\/wp\/v2\/media\/2509"}],"wp:attachment":[{"href":"https:\/\/www.acusticauach.cl\/index.php?rest_route=%2Fwp%2Fv2%2Fmedia&parent=195"}],"curies":[{"name":"wp","href":"https:\/\/api.w.org\/{rel}","templated":true}]}}