{"id":193,"date":"2012-09-01T22:47:30","date_gmt":"2012-09-02T02:47:30","guid":{"rendered":"http:\/\/190.114.255.83\/~acustic1\/?page_id=193"},"modified":"2023-10-07T16:54:05","modified_gmt":"2023-10-07T19:54:05","slug":"laboratorio-de-modelaciones-acusticas","status":"publish","type":"page","link":"https:\/\/www.acusticauach.cl\/?page_id=193","title":{"rendered":"Laboratorio de modelaciones ac\u00fasticas"},"content":{"rendered":"<p style=\"text-align: justify;\">El desarrollo tecnol\u00f3gico de los \u00faltimos a\u00f1os ha aumentado considerablemente las posibilidades de resolver distintos problemas de ingenier\u00eda mediante la utilizaci\u00f3n de software adecuado. El dominio de herramientas de programaci\u00f3n aplicadas al desarrollo cient\u00edfico y tecnol\u00f3gico juega un rol fundamental en el Ingeniero. Para apoyar las actividades de aprendizaje y desarrollo de software de los estudiantes hemos habilitado un laboratorio de computaci\u00f3n exclusivo del Instituto de Ac\u00fastica. El laboratorio cuenta con computadores, hardware (sistemas de adquisici\u00f3n de datos de alta resoluci\u00f3n) y software licenciado (Matlab, ToolBox Signal Analisis, ToolBox Data Acquisition, Predictor &#8211; Lima, BK Connect, CadnaA, INM, Insul, Ease) adecuados al desarrollo de programas aplicados a la Ingenier\u00eda Ac\u00fastica.<\/p>\n<p style=\"text-align: justify;\"><a href=\"https:\/\/www.bksv.com\/en\/products\/environment-management\/environmental-noise-mapping-and-prediction\/predictor-lima-7810\" target=\"_blank\" rel=\"noopener noreferrer\"><img decoding=\"async\" class=\"aligncenter wp-image-6770\" src=\"https:\/\/www.acusticauach.cl\/wp-content\/uploads\/2012\/09\/bruel-300x248.png\" alt=\"bruel\" width=\"240\" height=\"197\" \/><\/a><\/p>\n<p style=\"text-align: center;\"><a href=\"https:\/\/www.google.com\/url?sa=t&amp;rct=j&amp;q=&amp;esrc=s&amp;source=web&amp;cd=&amp;cad=rja&amp;uact=8&amp;ved=2ahUKEwiD44P-1OSBAxWMP7kGHa0yCV4QFnoECBYQAQ&amp;url=https%3A%2F%2Frosap.ntl.bts.gov%2Fview%2Fdot%2F12187&amp;usg=AOvVaw3Hd9sUEEP1Yg_rwHxHktIL&amp;opi=89978449\" target=\"_blank\" rel=\"noopener\"><img decoding=\"async\" class=\"aligncenter wp-image-15999 size-medium\" src=\"https:\/\/www.acusticauach.cl\/wp-content\/uploads\/2023\/10\/bk-connect-laptop-300x206.png\" alt=\"\" width=\"300\" height=\"206\" srcset=\"https:\/\/www.acusticauach.cl\/wp-content\/uploads\/2023\/10\/bk-connect-laptop-300x206.png 300w, https:\/\/www.acusticauach.cl\/wp-content\/uploads\/2023\/10\/bk-connect-laptop-125x86.png 125w, https:\/\/www.acusticauach.cl\/wp-content\/uploads\/2023\/10\/bk-connect-laptop-75x51.png 75w, https:\/\/www.acusticauach.cl\/wp-content\/uploads\/2023\/10\/bk-connect-laptop.png 373w\" sizes=\"(max-width: 300px) 100vw, 300px\" \/><br \/>\n<img decoding=\"async\" class=\"aligncenter wp-image-16001 size-full\" src=\"https:\/\/www.acusticauach.cl\/wp-content\/uploads\/2023\/10\/inm.jpeg\" alt=\"\" width=\"197\" height=\"256\" srcset=\"https:\/\/www.acusticauach.cl\/wp-content\/uploads\/2023\/10\/inm.jpeg 197w, https:\/\/www.acusticauach.cl\/wp-content\/uploads\/2023\/10\/inm-96x125.jpeg 96w, https:\/\/www.acusticauach.cl\/wp-content\/uploads\/2023\/10\/inm-58x75.jpeg 58w\" sizes=\"(max-width: 197px) 100vw, 197px\" \/><\/a><\/p>\n<p style=\"text-align: center;\"><a href=\"https:\/\/www.datakustik.com\/products\/cadnaa\/cadnaa\" target=\"_blank\" rel=\"noopener\"><img decoding=\"async\" class=\"aligncenter wp-image-16000 size-full\" src=\"https:\/\/www.acusticauach.cl\/wp-content\/uploads\/2023\/10\/cadnaa.png\" alt=\"\" width=\"242\" height=\"175\" srcset=\"https:\/\/www.acusticauach.cl\/wp-content\/uploads\/2023\/10\/cadnaa.png 242w, https:\/\/www.acusticauach.cl\/wp-content\/uploads\/2023\/10\/cadnaa-125x90.png 125w, https:\/\/www.acusticauach.cl\/wp-content\/uploads\/2023\/10\/cadnaa-75x54.png 75w\" sizes=\"(max-width: 242px) 100vw, 242px\" \/><\/a><\/p>\n<p style=\"text-align: justify;\"><a href=\"http:\/\/www.rahe-kraft.de\/rk\/en\/software\/insul\/\" target=\"_blank\" rel=\"noopener noreferrer\"><img decoding=\"async\" class=\"aligncenter wp-image-6774\" src=\"https:\/\/www.acusticauach.cl\/wp-content\/uploads\/2012\/09\/INSUL.png\" alt=\"INSUL\" width=\"257\" height=\"113\" srcset=\"https:\/\/www.acusticauach.cl\/wp-content\/uploads\/2012\/09\/INSUL.png 300w, https:\/\/www.acusticauach.cl\/wp-content\/uploads\/2012\/09\/INSUL-298x132.png 298w, https:\/\/www.acusticauach.cl\/wp-content\/uploads\/2012\/09\/INSUL-228x100.png 228w\" sizes=\"(max-width: 257px) 100vw, 257px\" \/><\/a><\/p>\n<p style=\"text-align: justify;\"><a href=\"http:\/\/ease.afmg.eu\/\" target=\"_blank\" rel=\"noopener noreferrer\"><img decoding=\"async\" class=\"aligncenter wp-image-6773\" src=\"https:\/\/www.acusticauach.cl\/wp-content\/uploads\/2012\/09\/EASE_Splash-neu-b63e9b6b.png\" alt=\"EASE_Splash neu-b63e9b6b\" width=\"252\" height=\"156\" \/><\/a><\/p>\n","protected":false},"excerpt":{"rendered":"<p>El desarrollo tecnol\u00f3gico de los \u00faltimos a\u00f1os ha aumentado considerablemente las posibilidades de resolver distintos problemas de ingenier\u00eda mediante la utilizaci\u00f3n de software adecuado. El dominio de herramientas de programaci\u00f3n aplicadas al desarrollo cient\u00edfico y tecnol\u00f3gico juega un rol fundamental en el Ingeniero. Para apoyar las actividades de aprendizaje y desarrollo de software de los [&hellip;]<\/p>\n","protected":false},"author":1,"featured_media":16010,"parent":0,"menu_order":0,"comment_status":"closed","ping_status":"closed","template":"","meta":{"footnotes":""},"class_list":["post-193","page","type-page","status-publish","has-post-thumbnail","hentry"],"_links":{"self":[{"href":"https:\/\/www.acusticauach.cl\/index.php?rest_route=\/wp\/v2\/pages\/193","targetHints":{"allow":["GET"]}}],"collection":[{"href":"https:\/\/www.acusticauach.cl\/index.php?rest_route=\/wp\/v2\/pages"}],"about":[{"href":"https:\/\/www.acusticauach.cl\/index.php?rest_route=\/wp\/v2\/types\/page"}],"author":[{"embeddable":true,"href":"https:\/\/www.acusticauach.cl\/index.php?rest_route=\/wp\/v2\/users\/1"}],"replies":[{"embeddable":true,"href":"https:\/\/www.acusticauach.cl\/index.php?rest_route=%2Fwp%2Fv2%2Fcomments&post=193"}],"version-history":[{"count":0,"href":"https:\/\/www.acusticauach.cl\/index.php?rest_route=\/wp\/v2\/pages\/193\/revisions"}],"wp:featuredmedia":[{"embeddable":true,"href":"https:\/\/www.acusticauach.cl\/index.php?rest_route=\/wp\/v2\/media\/16010"}],"wp:attachment":[{"href":"https:\/\/www.acusticauach.cl\/index.php?rest_route=%2Fwp%2Fv2%2Fmedia&parent=193"}],"curies":[{"name":"wp","href":"https:\/\/api.w.org\/{rel}","templated":true}]}}