{"id":191,"date":"2012-09-01T22:46:59","date_gmt":"2012-09-02T02:46:59","guid":{"rendered":"http:\/\/190.114.255.83\/~acustic1\/?page_id=191"},"modified":"2019-10-21T21:35:07","modified_gmt":"2019-10-22T00:35:07","slug":"laboratorio-audio-y-video","status":"publish","type":"page","link":"https:\/\/www.acusticauach.cl\/?page_id=191","title":{"rendered":"Laboratorio Audio y Video"},"content":{"rendered":"<p style=\"text-align: justify;\">Debido al alto inter\u00e9s de nuestros estudiantes por desarrollar actividades ligadas al audio en los primeros a\u00f1os de estudio, hemos implementado un nuevo laboratorio de edici\u00f3n y post-producci\u00f3n de uso exclusivo para estudiantes. El laboratorio cuenta con computadores e interfaces que permiten a los estudiantes editar producciones musicales, as\u00ed como realizar post-producci\u00f3n de audio para video y edici\u00f3n de video. Dado que actualmente existe software y hardware de edici\u00f3n basados tanto en sistema Mac como PC, hemos decidido incluir en este laboratorio ambas plataformas, de esta manera el estudiante tiene la posibilidad de conocer y practicar con ambos sistemas, logrando acumular una mejor y mayor experiencia en el tema.<\/p>\n","protected":false},"excerpt":{"rendered":"<p>Debido al alto inter\u00e9s de nuestros estudiantes por desarrollar actividades ligadas al audio en los primeros a\u00f1os de estudio, hemos implementado un nuevo laboratorio de edici\u00f3n y post-producci\u00f3n de uso exclusivo para estudiantes. El laboratorio cuenta con computadores e interfaces que permiten a los estudiantes editar producciones musicales, as\u00ed como realizar post-producci\u00f3n de audio para [&hellip;]<\/p>\n","protected":false},"author":1,"featured_media":976,"parent":0,"menu_order":0,"comment_status":"closed","ping_status":"closed","template":"","meta":{"footnotes":""},"class_list":["post-191","page","type-page","status-publish","has-post-thumbnail","hentry"],"_links":{"self":[{"href":"https:\/\/www.acusticauach.cl\/index.php?rest_route=\/wp\/v2\/pages\/191","targetHints":{"allow":["GET"]}}],"collection":[{"href":"https:\/\/www.acusticauach.cl\/index.php?rest_route=\/wp\/v2\/pages"}],"about":[{"href":"https:\/\/www.acusticauach.cl\/index.php?rest_route=\/wp\/v2\/types\/page"}],"author":[{"embeddable":true,"href":"https:\/\/www.acusticauach.cl\/index.php?rest_route=\/wp\/v2\/users\/1"}],"replies":[{"embeddable":true,"href":"https:\/\/www.acusticauach.cl\/index.php?rest_route=%2Fwp%2Fv2%2Fcomments&post=191"}],"version-history":[{"count":0,"href":"https:\/\/www.acusticauach.cl\/index.php?rest_route=\/wp\/v2\/pages\/191\/revisions"}],"wp:featuredmedia":[{"embeddable":true,"href":"https:\/\/www.acusticauach.cl\/index.php?rest_route=\/wp\/v2\/media\/976"}],"wp:attachment":[{"href":"https:\/\/www.acusticauach.cl\/index.php?rest_route=%2Fwp%2Fv2%2Fmedia&parent=191"}],"curies":[{"name":"wp","href":"https:\/\/api.w.org\/{rel}","templated":true}]}}