{"id":189,"date":"2012-09-01T22:45:53","date_gmt":"2012-09-02T02:45:53","guid":{"rendered":"http:\/\/190.114.255.83\/~acustic1\/?page_id=189"},"modified":"2019-10-24T15:32:14","modified_gmt":"2019-10-24T18:32:14","slug":"salas-anecoicas","status":"publish","type":"page","link":"https:\/\/www.acusticauach.cl\/?page_id=189","title":{"rendered":"Salas Anecoicas"},"content":{"rendered":"<p style=\"text-align: justify;\">En un espacio cerrado el sonido emitido por&nbsp;una fuente se refleja en las superficies (paredes, piso, cielo) gener\u00e1ndose una mezcla entre el sonido que proviene directamente de la fuente y el reflejado. Para estudiar correctamente el sonido radiado por una determinada fuente (altavoz, m\u00e1quina, motor, etc.) es necesario eliminar las reflexiones, lo cual se logra cubriendo las superficies interiores de la sala con un sistema de alta absorci\u00f3n sonora, de esta manera se tiene lo que se conoce como una sala anecoica.<\/p>\n<p><a href=\"https:\/\/www.acusticauach.cl\/wp-content\/uploads\/2012\/09\/Microfono-en-Sala-Anecoica-2.jpg\"><img decoding=\"async\" class=\"wp-image-1914 aligncenter\" src=\"https:\/\/www.acusticauach.cl\/wp-content\/uploads\/2012\/09\/Microfono-en-Sala-Anecoica-2.jpg\" alt=\"Microfono en Sala Anecoica 2\" width=\"720\" height=\"210\"><\/a><\/p>\n<p style=\"text-align: justify;\">\n<div style=\"text-align: justify;\">Para realizar distintos tipos de mediciones (directividad de parlantes, directividad de micr\u00f3fonos, radiaci\u00f3n de instrumentos musicales, potencia ac\u00fastica, efectos dedifracci\u00f3n del sonido, comportamiento de resonadores ac\u00fasticos, respuesta de frecuencia, etc), tanto para investigaci\u00f3n como para las actividades de aprendizaje de nuestros estudiantes, contamos con dos salas anecoicas completamente equipadas (micr\u00f3fonos de medici\u00f3n, son\u00f3metros y analizadores, amplificadores, sistemas de desplazamiento controlados por computador, Sistemas de adquisici\u00f3n de datos de alta resoluci\u00f3n, etc). El Instituto de Ac\u00fastica cuenta con dos c\u00e1maras anecoicas, de 26,32 m3 y 16,8 m3 \u00fatiles cada una.<\/div>\n<p><iframe src=\"https:\/\/www.youtube.com\/embed\/V2StBoLw8qg\" width=\"560\" height=\"315\" frameborder=\"0\" allowfullscreen=\"allowfullscreen\"><\/iframe><\/p>\n<p><a data-flickr-embed=\"true\" data-vr=\"true\" href=\"https:\/\/www.flickr.com\/photos\/acusticauach\/43735874162\/\" title=\"Laboratorios_360 by Acustica UACh, on Flickr\"><img decoding=\"async\" src=\"https:\/\/live.staticflickr.com\/1796\/43735874162_29c968091e_b.jpg\" width=\"1024\" height=\"512\" alt=\"Laboratorios_360\"><\/a><script async src=\"https:\/\/embedr.flickr.com\/assets\/client-code.js\" charset=\"utf-8\"><\/script><\/p>\n","protected":false},"excerpt":{"rendered":"<p>En un espacio cerrado el sonido emitido por&nbsp;una fuente se refleja en las superficies (paredes, piso, cielo) gener\u00e1ndose una mezcla entre el sonido que proviene directamente de la fuente y el reflejado. Para estudiar correctamente el sonido radiado por una determinada fuente (altavoz, m\u00e1quina, motor, etc.) es necesario eliminar las reflexiones, lo cual se logra [&hellip;]<\/p>\n","protected":false},"author":1,"featured_media":12073,"parent":0,"menu_order":0,"comment_status":"closed","ping_status":"closed","template":"","meta":{"footnotes":""},"class_list":["post-189","page","type-page","status-publish","has-post-thumbnail","hentry"],"_links":{"self":[{"href":"https:\/\/www.acusticauach.cl\/index.php?rest_route=\/wp\/v2\/pages\/189","targetHints":{"allow":["GET"]}}],"collection":[{"href":"https:\/\/www.acusticauach.cl\/index.php?rest_route=\/wp\/v2\/pages"}],"about":[{"href":"https:\/\/www.acusticauach.cl\/index.php?rest_route=\/wp\/v2\/types\/page"}],"author":[{"embeddable":true,"href":"https:\/\/www.acusticauach.cl\/index.php?rest_route=\/wp\/v2\/users\/1"}],"replies":[{"embeddable":true,"href":"https:\/\/www.acusticauach.cl\/index.php?rest_route=%2Fwp%2Fv2%2Fcomments&post=189"}],"version-history":[{"count":0,"href":"https:\/\/www.acusticauach.cl\/index.php?rest_route=\/wp\/v2\/pages\/189\/revisions"}],"wp:featuredmedia":[{"embeddable":true,"href":"https:\/\/www.acusticauach.cl\/index.php?rest_route=\/wp\/v2\/media\/12073"}],"wp:attachment":[{"href":"https:\/\/www.acusticauach.cl\/index.php?rest_route=%2Fwp%2Fv2%2Fmedia&parent=189"}],"curies":[{"name":"wp","href":"https:\/\/api.w.org\/{rel}","templated":true}]}}